{"id":15722,"date":"2023-05-29T10:17:41","date_gmt":"2023-05-29T08:17:41","guid":{"rendered":"https:\/\/agora-eoi.xtec.cat\/eoiterrassa\/?page_id=15722"},"modified":"2025-11-03T14:03:57","modified_gmt":"2025-11-03T13:03:57","slug":"catala","status":"publish","type":"page","link":"https:\/\/agora-eoi.xtec.cat\/eoiterrassa\/departaments\/catala\/","title":{"rendered":"Catal\u00e0"},"content":{"rendered":"\n<figure class=\"wp-block-table\"><table class=\"has-background\" style=\"background-color:#595fff38\"><tbody><tr><td><strong>Sandra Moscoso<\/strong>&nbsp;&nbsp;&nbsp;&nbsp;<br>Cap de departament<br><a href=\"mailto:smoscoso@eoiterrassa.cat\" target=\"_blank\" rel=\"noreferrer noopener\"><strong>smoscoso@eoiterrassa.cat<\/strong><\/a><\/td><td>dilluns<br>dimarts<br>dimecres<br>dijous<\/td><td>18:30-18:45<br>11:30-11:45<br>18:30-18:45<br>18:30-18:45<\/td><\/tr><tr><td><strong>Hidaya Hafdi<br><a href=\"mailto:ilopez@eoiterrassa.cat\">hhafdi@xtec.cat<\/a><\/strong><\/td><td>dilluns<br>dimarts<br>dimecres<br>dijous<\/td><td>11:30-11:45<br>18:30-18:45<br>11:30-11:45<br>18:15-18:30<\/td><\/tr><tr><td><strong>In\u00e9s L\u00f3pez<\/strong><br><strong><a href=\"mailto:ilopez@eoiterrassa.cat\">ilopez@eoiterrassa.cat<\/a><\/strong><\/td><td><\/td><td><\/td><\/tr><\/tbody><\/table><\/figure>\n\n\n\n<p><b>mail <\/b> <b> :<\/b><span style=\"color: #000000;\"><strong> dptcatala@eoiterrassa.cat <\/strong><\/span>(nom\u00e9s per a assumptes acad\u00e8mics). <\/p>\n\n\n\n<p>Per a assumptes administratius:<b> <\/b><strong>secretaria<span class=\"\">@eoiterrassa<\/span>.cat<\/strong><\/p>\n\n\n\n<p><\/p>\n\n\n\n<div class=\"wp-block-buttons is-layout-flex wp-block-buttons-is-layout-flex\">\n<div class=\"wp-block-button\"><a class=\"wp-block-button__link wp-element-button\" href=\"https:\/\/agora-eoi.xtec.cat\/eoiterrassa\/catala\/\">Enrere<\/a><\/div>\n<\/div>\n","protected":false},"excerpt":{"rendered":"<p>Sandra Moscoso&nbsp;&nbsp;&nbsp;&nbsp;Cap de departamentsmoscoso@eoiterrassa.cat dillunsdimartsdimecresdijous 18:30-18:4511:30-11:4518:30-18:4518:30-18:45 Hidaya Hafdihhafdi@xtec.cat dillunsdimartsdimecresdijous 11:30-11:4518:30-18:4511:30-11:4518:15-18:30 In\u00e9s L\u00f3pezilopez@eoiterrassa.cat mail : dptcatala@eoiterrassa.cat (nom\u00e9s per a assumptes acad\u00e8mics). Per a assumptes administratius: secretaria@eoiterrassa.cat<\/p>\n","protected":false},"author":1,"featured_media":0,"parent":9216,"menu_order":40,"comment_status":"closed","ping_status":"closed","template":"","meta":{"site-sidebar-layout":"default","site-content-layout":"","ast-site-content-layout":"default","site-content-style":"default","site-sidebar-style":"default","ast-global-header-display":"","ast-banner-title-visibility":"","ast-main-header-display":"","ast-hfb-above-header-display":"","ast-hfb-below-header-display":"","ast-hfb-mobile-header-display":"","site-post-title":"","ast-breadcrumbs-content":"","ast-featured-img":"","footer-sml-layout":"","theme-transparent-header-meta":"","adv-header-id-meta":"","stick-header-meta":"","header-above-stick-meta":"","header-main-stick-meta":"","header-below-stick-meta":"","astra-migrate-meta-layouts":"set","ast-page-background-enabled":"default","ast-page-background-meta":{"desktop":{"background-color":"var(--ast-global-color-4)","background-image":"","background-repeat":"repeat","background-position":"center center","background-size":"auto","background-attachment":"scroll","background-type":"","background-media":"","overlay-type":"","overlay-color":"","overlay-opacity":"","overlay-gradient":""},"tablet":{"background-color":"","background-image":"","background-repeat":"repeat","background-position":"center center","background-size":"auto","background-attachment":"scroll","background-type":"","background-media":"","overlay-type":"","overlay-color":"","overlay-opacity":"","overlay-gradient":""},"mobile":{"background-color":"","background-image":"","background-repeat":"repeat","background-position":"center center","background-size":"auto","background-attachment":"scroll","background-type":"","background-media":"","overlay-type":"","overlay-color":"","overlay-opacity":"","overlay-gradient":""}},"ast-content-background-meta":{"desktop":{"background-color":"var(--ast-global-color-5)","background-image":"","background-repeat":"repeat","background-position":"center center","background-size":"auto","background-attachment":"scroll","background-type":"","background-media":"","overlay-type":"","overlay-color":"","overlay-opacity":"","overlay-gradient":""},"tablet":{"background-color":"var(--ast-global-color-5)","background-image":"","background-repeat":"repeat","background-position":"center center","background-size":"auto","background-attachment":"scroll","background-type":"","background-media":"","overlay-type":"","overlay-color":"","overlay-opacity":"","overlay-gradient":""},"mobile":{"background-color":"var(--ast-global-color-5)","background-image":"","background-repeat":"repeat","background-position":"center center","background-size":"auto","background-attachment":"scroll","background-type":"","background-media":"","overlay-type":"","overlay-color":"","overlay-opacity":"","overlay-gradient":""}},"footnotes":""},"class_list":["post-15722","page","type-page","status-publish","hentry"],"post_mailing_queue_ids":[],"_links":{"self":[{"href":"https:\/\/agora-eoi.xtec.cat\/eoiterrassa\/wp-json\/wp\/v2\/pages\/15722","targetHints":{"allow":["GET"]}}],"collection":[{"href":"https:\/\/agora-eoi.xtec.cat\/eoiterrassa\/wp-json\/wp\/v2\/pages"}],"about":[{"href":"https:\/\/agora-eoi.xtec.cat\/eoiterrassa\/wp-json\/wp\/v2\/types\/page"}],"author":[{"embeddable":true,"href":"https:\/\/agora-eoi.xtec.cat\/eoiterrassa\/wp-json\/wp\/v2\/users\/1"}],"replies":[{"embeddable":true,"href":"https:\/\/agora-eoi.xtec.cat\/eoiterrassa\/wp-json\/wp\/v2\/comments?post=15722"}],"version-history":[{"count":6,"href":"https:\/\/agora-eoi.xtec.cat\/eoiterrassa\/wp-json\/wp\/v2\/pages\/15722\/revisions"}],"predecessor-version":[{"id":19696,"href":"https:\/\/agora-eoi.xtec.cat\/eoiterrassa\/wp-json\/wp\/v2\/pages\/15722\/revisions\/19696"}],"up":[{"embeddable":true,"href":"https:\/\/agora-eoi.xtec.cat\/eoiterrassa\/wp-json\/wp\/v2\/pages\/9216"}],"wp:attachment":[{"href":"https:\/\/agora-eoi.xtec.cat\/eoiterrassa\/wp-json\/wp\/v2\/media?parent=15722"}],"curies":[{"name":"wp","href":"https:\/\/api.w.org\/{rel}","templated":true}]}}