{"id":15701,"date":"2023-05-22T12:28:34","date_gmt":"2023-05-22T10:28:34","guid":{"rendered":"https:\/\/agora-eoi.xtec.cat\/eoiterrassa\/?page_id=15701"},"modified":"2023-05-24T09:12:18","modified_gmt":"2023-05-24T07:12:18","slug":"convalidacions-upc","status":"publish","type":"page","link":"https:\/\/agora-eoi.xtec.cat\/eoiterrassa\/serveis\/avantatges-destudiar-a-leoi-de-terrassa\/convalidacions-upc\/","title":{"rendered":"Convalidacions UPC"},"content":{"rendered":"<p>Els certificats de l&#8217;EOI s\u00f3n a la <a href=\"https:\/\/www.upc.edu\/slt\/ca\/certifica\/taulacertificats\" data-saferedirecturl=\"https:\/\/www.google.com\/url?q=https:\/\/www.upc.edu\/slt\/ca\/certifica\/taulacertificats&amp;source=gmail&amp;ust=1684393009789000&amp;usg=AOvVaw27rYIHAoL6r_GLV6-OrCPh\">Taula de certificats<\/a> del Consell Interuniversitari de Catalunya i tenen validesa oficial a la UPC per acreditar la compet\u00e8ncia en una tercera llengua.<\/p>\n<p>La UPC convalida cada certificat de l&#8217;EOI de nivell Intermedi B1 i B2, i de nivell avan\u00e7at C1 i C2 per 4 ECTS. Pel que fa als cursos de l&#8217;EOI d&#8217;angl\u00e8s, franc\u00e8s, alemany o itali\u00e0 dels nivells del MECR l&#8217;UPC convalida 1 ECTS per cada 10 hores que tingui el curs.<\/p>\n<p>M\u00e9s informaci\u00f3 a: <a href=\"https:\/\/www.upc.edu\/sga\/ca\/normatives\/procediments-administratius-i-de-gestio-economica-vinculats-a-la-nagrama.pdf\/view\">Procediments administratius vinculats a la Normativa acad\u00e8mica<\/a>.<\/p>\n","protected":false},"excerpt":{"rendered":"<p>Els certificats de l&#8217;EOI s\u00f3n a la Taula de certificats del Consell Interuniversitari de Catalunya i tenen validesa oficial a la UPC per acreditar la compet\u00e8ncia en una tercera llengua. La UPC convalida cada certificat de l&#8217;EOI de nivell Intermedi B1 i B2, i de nivell avan\u00e7at C1 i C2 per 4 ECTS. Pel que [&hellip;]<\/p>\n","protected":false},"author":1,"featured_media":0,"parent":15694,"menu_order":50,"comment_status":"closed","ping_status":"closed","template":"page-templates\/side-menu.php","meta":{"site-sidebar-layout":"default","site-content-layout":"","ast-site-content-layout":"","site-content-style":"default","site-sidebar-style":"default","ast-global-header-display":"","ast-banner-title-visibility":"","ast-main-header-display":"","ast-hfb-above-header-display":"","ast-hfb-below-header-display":"","ast-hfb-mobile-header-display":"","site-post-title":"","ast-breadcrumbs-content":"","ast-featured-img":"","footer-sml-layout":"","theme-transparent-header-meta":"","adv-header-id-meta":"","stick-header-meta":"","header-above-stick-meta":"","header-main-stick-meta":"","header-below-stick-meta":"","astra-migrate-meta-layouts":"default","ast-page-background-enabled":"default","ast-page-background-meta":{"desktop":{"background-color":"var(--ast-global-color-4)","background-image":"","background-repeat":"repeat","background-position":"center center","background-size":"auto","background-attachment":"scroll","background-type":"","background-media":"","overlay-type":"","overlay-color":"","overlay-opacity":"","overlay-gradient":""},"tablet":{"background-color":"","background-image":"","background-repeat":"repeat","background-position":"center center","background-size":"auto","background-attachment":"scroll","background-type":"","background-media":"","overlay-type":"","overlay-color":"","overlay-opacity":"","overlay-gradient":""},"mobile":{"background-color":"","background-image":"","background-repeat":"repeat","background-position":"center center","background-size":"auto","background-attachment":"scroll","background-type":"","background-media":"","overlay-type":"","overlay-color":"","overlay-opacity":"","overlay-gradient":""}},"ast-content-background-meta":{"desktop":{"background-color":"var(--ast-global-color-5)","background-image":"","background-repeat":"repeat","background-position":"center center","background-size":"auto","background-attachment":"scroll","background-type":"","background-media":"","overlay-type":"","overlay-color":"","overlay-opacity":"","overlay-gradient":""},"tablet":{"background-color":"var(--ast-global-color-5)","background-image":"","background-repeat":"repeat","background-position":"center center","background-size":"auto","background-attachment":"scroll","background-type":"","background-media":"","overlay-type":"","overlay-color":"","overlay-opacity":"","overlay-gradient":""},"mobile":{"background-color":"var(--ast-global-color-5)","background-image":"","background-repeat":"repeat","background-position":"center center","background-size":"auto","background-attachment":"scroll","background-type":"","background-media":"","overlay-type":"","overlay-color":"","overlay-opacity":"","overlay-gradient":""}},"footnotes":""},"class_list":["post-15701","page","type-page","status-publish","hentry"],"post_mailing_queue_ids":[],"_links":{"self":[{"href":"https:\/\/agora-eoi.xtec.cat\/eoiterrassa\/wp-json\/wp\/v2\/pages\/15701","targetHints":{"allow":["GET"]}}],"collection":[{"href":"https:\/\/agora-eoi.xtec.cat\/eoiterrassa\/wp-json\/wp\/v2\/pages"}],"about":[{"href":"https:\/\/agora-eoi.xtec.cat\/eoiterrassa\/wp-json\/wp\/v2\/types\/page"}],"author":[{"embeddable":true,"href":"https:\/\/agora-eoi.xtec.cat\/eoiterrassa\/wp-json\/wp\/v2\/users\/1"}],"replies":[{"embeddable":true,"href":"https:\/\/agora-eoi.xtec.cat\/eoiterrassa\/wp-json\/wp\/v2\/comments?post=15701"}],"version-history":[{"count":1,"href":"https:\/\/agora-eoi.xtec.cat\/eoiterrassa\/wp-json\/wp\/v2\/pages\/15701\/revisions"}],"predecessor-version":[{"id":15702,"href":"https:\/\/agora-eoi.xtec.cat\/eoiterrassa\/wp-json\/wp\/v2\/pages\/15701\/revisions\/15702"}],"up":[{"embeddable":true,"href":"https:\/\/agora-eoi.xtec.cat\/eoiterrassa\/wp-json\/wp\/v2\/pages\/15694"}],"wp:attachment":[{"href":"https:\/\/agora-eoi.xtec.cat\/eoiterrassa\/wp-json\/wp\/v2\/media?parent=15701"}],"curies":[{"name":"wp","href":"https:\/\/api.w.org\/{rel}","templated":true}]}}