{"id":15692,"date":"2023-05-22T12:24:15","date_gmt":"2023-05-22T10:24:15","guid":{"rendered":"https:\/\/agora-eoi.xtec.cat\/eoiterrassa\/?page_id=15692"},"modified":"2023-05-22T12:24:15","modified_gmt":"2023-05-22T10:24:15","slug":"descomptes-carnet-estudiant-de-leoi-terrassa","status":"publish","type":"page","link":"https:\/\/agora-eoi.xtec.cat\/eoiterrassa\/serveis\/avantatges-destudiar-a-leoi-de-terrassa\/descomptes-carnet-estudiant-de-leoi-terrassa\/","title":{"rendered":"Descomptes carnet estudiant de l&#8217;EOI Terrassa"},"content":{"rendered":"<p>Saps tots els avantatges i descomptes que tens amb el carnet d\u2019estudiant de l\u2019EOI a part de tenir acc\u00e9s al fons de la biblioteca de l\u2019escola?<\/p>\n<p><strong>T\u2019agrada anar al cinema?<\/strong><br \/>\nCinema Catalunya (https:\/\/cinemacatalunya.cat\/),\u00a0Carrer de Sant Pere, 9, 08221 Terrassa, Barcelona<\/p>\n<p>Descomptes:<\/p>\n<p>Dies laborables: 4,60\u20ac<br \/>\nTarifes de caps de setmana i festius: 5,50\u20ac<\/p>\n<p><strong>T\u2019agrada anar al teatre?<\/strong><\/p>\n<ul>\n<li>Terrassa Arts esc\u00e8niques (<a href=\"https:\/\/terrassaartsesceniques.cat\/entrades\/descomptes\/\">https:\/\/terrassaartsesceniques.cat\/<\/a> )<\/li>\n<li>Teatre Principal,\u00a0 Pla\u00e7a de Maragall, 2, 08221 Terrassa<\/li>\n<li>Teatre Alegria, Carrer de Gaud\u00ed, 15,\u00a008221 Terrassa<\/li>\n<\/ul>\n<p>Descompte del 25%. A l&#8217;hora d&#8217;accedir a la sala caldr\u00e0 que presenteu el carnet d&#8217;estudiant, si heu comprat en l\u00ednia. Si compreu presencialment a la taquilla de la Casa Soler i Palet o b\u00e9 directament a la taquilla del teatre tamb\u00e9 caldr\u00e0 acreditar el descompte en el moment de la compra.<\/p>\n","protected":false},"excerpt":{"rendered":"<p>Saps tots els avantatges i descomptes que tens amb el carnet d\u2019estudiant de l\u2019EOI a part de tenir acc\u00e9s al fons de la biblioteca de l\u2019escola? T\u2019agrada anar al cinema? Cinema Catalunya (https:\/\/cinemacatalunya.cat\/),\u00a0Carrer de Sant Pere, 9, 08221 Terrassa, Barcelona Descomptes: Dies laborables: 4,60\u20ac Tarifes de caps de setmana i festius: 5,50\u20ac T\u2019agrada anar al [&hellip;]<\/p>\n","protected":false},"author":1,"featured_media":0,"parent":15694,"menu_order":10,"comment_status":"closed","ping_status":"closed","template":"page-templates\/side-menu.php","meta":{"site-sidebar-layout":"default","site-content-layout":"","ast-site-content-layout":"","site-content-style":"default","site-sidebar-style":"default","ast-global-header-display":"","ast-banner-title-visibility":"","ast-main-header-display":"","ast-hfb-above-header-display":"","ast-hfb-below-header-display":"","ast-hfb-mobile-header-display":"","site-post-title":"","ast-breadcrumbs-content":"","ast-featured-img":"","footer-sml-layout":"","theme-transparent-header-meta":"","adv-header-id-meta":"","stick-header-meta":"","header-above-stick-meta":"","header-main-stick-meta":"","header-below-stick-meta":"","astra-migrate-meta-layouts":"default","ast-page-background-enabled":"default","ast-page-background-meta":{"desktop":{"background-color":"var(--ast-global-color-4)","background-image":"","background-repeat":"repeat","background-position":"center center","background-size":"auto","background-attachment":"scroll","background-type":"","background-media":"","overlay-type":"","overlay-color":"","overlay-opacity":"","overlay-gradient":""},"tablet":{"background-color":"","background-image":"","background-repeat":"repeat","background-position":"center center","background-size":"auto","background-attachment":"scroll","background-type":"","background-media":"","overlay-type":"","overlay-color":"","overlay-opacity":"","overlay-gradient":""},"mobile":{"background-color":"","background-image":"","background-repeat":"repeat","background-position":"center center","background-size":"auto","background-attachment":"scroll","background-type":"","background-media":"","overlay-type":"","overlay-color":"","overlay-opacity":"","overlay-gradient":""}},"ast-content-background-meta":{"desktop":{"background-color":"var(--ast-global-color-5)","background-image":"","background-repeat":"repeat","background-position":"center center","background-size":"auto","background-attachment":"scroll","background-type":"","background-media":"","overlay-type":"","overlay-color":"","overlay-opacity":"","overlay-gradient":""},"tablet":{"background-color":"var(--ast-global-color-5)","background-image":"","background-repeat":"repeat","background-position":"center center","background-size":"auto","background-attachment":"scroll","background-type":"","background-media":"","overlay-type":"","overlay-color":"","overlay-opacity":"","overlay-gradient":""},"mobile":{"background-color":"var(--ast-global-color-5)","background-image":"","background-repeat":"repeat","background-position":"center center","background-size":"auto","background-attachment":"scroll","background-type":"","background-media":"","overlay-type":"","overlay-color":"","overlay-opacity":"","overlay-gradient":""}},"footnotes":""},"class_list":["post-15692","page","type-page","status-publish","hentry"],"post_mailing_queue_ids":[],"_links":{"self":[{"href":"https:\/\/agora-eoi.xtec.cat\/eoiterrassa\/wp-json\/wp\/v2\/pages\/15692","targetHints":{"allow":["GET"]}}],"collection":[{"href":"https:\/\/agora-eoi.xtec.cat\/eoiterrassa\/wp-json\/wp\/v2\/pages"}],"about":[{"href":"https:\/\/agora-eoi.xtec.cat\/eoiterrassa\/wp-json\/wp\/v2\/types\/page"}],"author":[{"embeddable":true,"href":"https:\/\/agora-eoi.xtec.cat\/eoiterrassa\/wp-json\/wp\/v2\/users\/1"}],"replies":[{"embeddable":true,"href":"https:\/\/agora-eoi.xtec.cat\/eoiterrassa\/wp-json\/wp\/v2\/comments?post=15692"}],"version-history":[{"count":1,"href":"https:\/\/agora-eoi.xtec.cat\/eoiterrassa\/wp-json\/wp\/v2\/pages\/15692\/revisions"}],"predecessor-version":[{"id":15693,"href":"https:\/\/agora-eoi.xtec.cat\/eoiterrassa\/wp-json\/wp\/v2\/pages\/15692\/revisions\/15693"}],"up":[{"embeddable":true,"href":"https:\/\/agora-eoi.xtec.cat\/eoiterrassa\/wp-json\/wp\/v2\/pages\/15694"}],"wp:attachment":[{"href":"https:\/\/agora-eoi.xtec.cat\/eoiterrassa\/wp-json\/wp\/v2\/media?parent=15692"}],"curies":[{"name":"wp","href":"https:\/\/api.w.org\/{rel}","templated":true}]}}