{"id":15656,"date":"2023-05-15T11:16:03","date_gmt":"2023-05-15T09:16:03","guid":{"rendered":"https:\/\/agora-eoi.xtec.cat\/eoiterrassa\/?page_id=15656"},"modified":"2025-10-09T11:39:18","modified_gmt":"2025-10-09T09:39:18","slug":"horari-2","status":"publish","type":"page","link":"https:\/\/agora-eoi.xtec.cat\/eoiterrassa\/horari-2\/","title":{"rendered":"Modalitats de cursos"},"content":{"rendered":"\n<p>A l\u2019EOI Terrassa s&#8217;ofereixen cursos\u00a0<strong>presencial, semipresencial i semipresencial intensiu<\/strong><\/p>\n\n\n\n<p class=\"has-white-color has-text-color has-background has-link-color wp-elements-f0e2d76e694ea4217d2963c245269b9a\" style=\"background-color:#fb8f23\"><strong>CURSOS PRESENCIALS<\/strong><\/p>\n\n\n\n<p>La durada total del curs presencial s\u00f3n 130 hores, equivalent a 4 h 30 m setmanals. Hi ha dues sessions presencials a la setmana de 2 h 15 m.&nbsp;<\/p>\n\n\n\n<p class=\"has-white-color has-text-color has-background has-link-color wp-elements-71f495a2b17c6ca386c05bef67007f72\" style=\"background-color:#fb8f23\"><strong><strong>CURSOS SEMIPRESENCIALS<\/strong><\/strong><\/p>\n\n\n\n<p>La durada total del curs semipresencial s\u00f3n 130 hores, igual que un curs presencial, equivalent a 4 h 30 m setmanals. La part presencial del curs consta d\u2019una sessi\u00f3 presencial a la setmana de 2 h 15 m. La part no presencial \u00e9s tan important com la presencial i caldr\u00e0 dedicar-hi unes 2\u202fh 15 m m\u00e9s a la setmana. Sense aquesta dedicaci\u00f3 no es podr\u00e0 seguir el curs amb normalitat. La sessi\u00f3 no presencial es fa de manera aut\u00f2noma en l\u00ednia mitjan\u00e7ant la plataforma Moodle o Google Classroom amb material proporcionat pel professorat. Per fer aquesta part no presencial no cal connectar-se de manera sincr\u00f2nica. NO es tracta d\u2019una videotrucada en l\u00ednia ni enregistrada.&nbsp;Els cursos 100% presencials i semipresencials tenen el mateix preu p\u00fablic o taxa i ambd\u00f3s equivalen a un m\u00ednim de 130 hores lectives.&nbsp;<strong>Molt important:<\/strong>&nbsp;Cal estar familiaritzat amb les tecnologies i tenir un alt grau d\u2019autonomia per seguir un curs semipresencial de forma satisfact\u00f2ria.<\/p>\n\n\n\n<p><strong>RESPOSTES&nbsp;<\/strong>de l&#8217;alumnat de cursos semipresencials a la pregunta &#8220;Despr\u00e9s d&#8217;aquesta experi\u00e8ncia, qu\u00e8 li diries a alg\u00fa que est\u00e0 pensant a matricular-se&nbsp;a un curs semipresencial de B1 a l&#8217;EOI, per\u00f2 no ho t\u00e9 clar?&#8221;<\/p>\n\n\n\n<p>&#8211;&nbsp;Que permet conciliar feina i classes, que la c\u00e0rrega de feina a casa \u00e9s assumible i que&nbsp;les classes presencials s\u00f3n molt \u00fatils i amenes.<\/p>\n\n\n\n<p>&#8211;&nbsp;Ha d&#8217;estar disposat\/da a dedicar temps a casa.<\/p>\n\n\n\n<p>&#8211; Si tens uns m\u00ednims coneixements de tecnologia, endavant. Tot est\u00e0 molt b\u00e9 organitzat.<\/p>\n\n\n\n<p>&#8211; Necessites certa disciplina i ser constant, per\u00f2 \u00e9s una modalitat que a mi personalment em va molt b\u00e9. Si no hi hagu\u00e9s semipresencial, no podria continuar estudiant angl\u00e8s.<\/p>\n\n\n\n<p>&#8211; Que ha de tener un buen h\u00e1bito de estudio on line, ser estricto y constante en el estudio, idea que se debe extrapolar a todo estudio a distancia sea semi o on line.<\/p>\n\n\n\n<p>&#8211; Que es una forma muy pr\u00e1ctica de avanzar a un ritmo m\u00e1s autogestionable.<\/p>\n\n\n\n<p>&#8211; Para m\u00ed ha sido una experiencia de 10 aunque inicialmente hab\u00eda querido hacer un curso normal. Tuve la posibilidad de cambiar a un curso normal en medio del curso y decid\u00ed no hacerlo.<\/p>\n\n\n\n<p>&#8211; Que si no disposa de prou temps per anar dos dies a l&#8217;EOI \u00e9s una opci\u00f3 molt bona<\/p>\n\n\n\n<p>&#8211; \u00c9s una bona opci\u00f3 si ets constant. El dia presencial s&#8217;aprofita molt i les feines a casa estan molt guiades.<\/p>\n\n\n\n<p>&#8211; If someone is thinking about signing up for a semi-presential B1 course at the EOI but is unsure, I would definitely recommend it! Personally, my experience was really positive. The combination of online and in-person classes gave me a lot of flexibility, and I could learn at my own pace. The teacher is really supportive and always there to help when you need it. The materials are well-structured, which makes learning more enjoyable. Plus, being part of a group helps keep you motivated and you get to practice speaking with others, which is very important when learning a language. Overall, I think it&#8217;s a great&nbsp;option if you want to improve your skills while managing other responsibilities. Go for it!<\/p>\n\n\n\n<p>&#8211; Cada persona ha de valorar la proposta segons la seva disponibilitat, habilitats tecnol\u00f2giques i prefer\u00e8ncies . Aquesta opci\u00f3 permet anar treballant al teu ritme des de casa, per\u00f2 cal const\u00e0ncia i treball sistem\u00e0tic. Per a mi, \u00e9s una molt bona opci\u00f3.<\/p>\n\n\n\n<p class=\"has-white-color has-text-color has-background has-link-color wp-elements-9728440f0a52de9c741e814daa51e455\" style=\"background-color:#fb8f23\"><strong><strong>CURSOS SEMIPRESENCIALS INTENSIUS<\/strong><\/strong><\/p>\n\n\n\n<p>La durada total del curs intensiu semipresencial \u00e9s de 130 hores, igual que un curs regular. La part presencial del curs a l\u2019escola consta de dues sessions a la setmana de 2h 15m cada una, equivalent a 4h 30m setmanals.&nbsp;Caldr\u00e0 dedicar a casa, de forma aut\u00f2noma i asincr\u00f2nica, el mateix nombre d\u2019hores d\u2019estudi, per seguir el curs de forma satisfact\u00f2ria. Aquest treball es far\u00e0 &nbsp;mitjan\u00e7ant&nbsp;la plataforma Moodle o Google Classroom&nbsp;amb material proporcionat pel professor o per la professora.&nbsp;Per fer aquesta part no presencial no cal connectar-se de manera sincr\u00f2nica. NO es tracta d\u2019una videotrucada online ni enregistrada. &nbsp;<strong>Molt important:<\/strong>&nbsp;Cal estar familiaritzat amb les tecnologies i tenir un alt grau d\u2019autonomia per seguir un curs semipresencial de forma satisfact\u00f2ria.<\/p>\n","protected":false},"excerpt":{"rendered":"<p>A l\u2019EOI Terrassa s&#8217;ofereixen cursos\u00a0presencial, semipresencial i semipresencial intensiu CURSOS PRESENCIALS La durada total del curs presencial s\u00f3n 130 hores, equivalent a 4 h 30 m setmanals. Hi ha dues sessions presencials a la setmana de 2 h 15 m.&nbsp; CURSOS SEMIPRESENCIALS La durada total del curs semipresencial s\u00f3n 130 hores, igual que un curs [&hellip;]<\/p>\n","protected":false},"author":1,"featured_media":0,"parent":0,"menu_order":10,"comment_status":"closed","ping_status":"closed","template":"","meta":{"site-sidebar-layout":"default","site-content-layout":"","ast-site-content-layout":"default","site-content-style":"default","site-sidebar-style":"default","ast-global-header-display":"","ast-banner-title-visibility":"","ast-main-header-display":"","ast-hfb-above-header-display":"","ast-hfb-below-header-display":"","ast-hfb-mobile-header-display":"","site-post-title":"","ast-breadcrumbs-content":"","ast-featured-img":"","footer-sml-layout":"","theme-transparent-header-meta":"","adv-header-id-meta":"","stick-header-meta":"","header-above-stick-meta":"","header-main-stick-meta":"","header-below-stick-meta":"","astra-migrate-meta-layouts":"set","ast-page-background-enabled":"default","ast-page-background-meta":{"desktop":{"background-color":"var(--ast-global-color-4)","background-image":"","background-repeat":"repeat","background-position":"center center","background-size":"auto","background-attachment":"scroll","background-type":"","background-media":"","overlay-type":"","overlay-color":"","overlay-opacity":"","overlay-gradient":""},"tablet":{"background-color":"","background-image":"","background-repeat":"repeat","background-position":"center center","background-size":"auto","background-attachment":"scroll","background-type":"","background-media":"","overlay-type":"","overlay-color":"","overlay-opacity":"","overlay-gradient":""},"mobile":{"background-color":"","background-image":"","background-repeat":"repeat","background-position":"center center","background-size":"auto","background-attachment":"scroll","background-type":"","background-media":"","overlay-type":"","overlay-color":"","overlay-opacity":"","overlay-gradient":""}},"ast-content-background-meta":{"desktop":{"background-color":"var(--ast-global-color-5)","background-image":"","background-repeat":"repeat","background-position":"center center","background-size":"auto","background-attachment":"scroll","background-type":"","background-media":"","overlay-type":"","overlay-color":"","overlay-opacity":"","overlay-gradient":""},"tablet":{"background-color":"var(--ast-global-color-5)","background-image":"","background-repeat":"repeat","background-position":"center center","background-size":"auto","background-attachment":"scroll","background-type":"","background-media":"","overlay-type":"","overlay-color":"","overlay-opacity":"","overlay-gradient":""},"mobile":{"background-color":"var(--ast-global-color-5)","background-image":"","background-repeat":"repeat","background-position":"center center","background-size":"auto","background-attachment":"scroll","background-type":"","background-media":"","overlay-type":"","overlay-color":"","overlay-opacity":"","overlay-gradient":""}},"footnotes":""},"class_list":["post-15656","page","type-page","status-publish","hentry"],"post_mailing_queue_ids":[],"_links":{"self":[{"href":"https:\/\/agora-eoi.xtec.cat\/eoiterrassa\/wp-json\/wp\/v2\/pages\/15656","targetHints":{"allow":["GET"]}}],"collection":[{"href":"https:\/\/agora-eoi.xtec.cat\/eoiterrassa\/wp-json\/wp\/v2\/pages"}],"about":[{"href":"https:\/\/agora-eoi.xtec.cat\/eoiterrassa\/wp-json\/wp\/v2\/types\/page"}],"author":[{"embeddable":true,"href":"https:\/\/agora-eoi.xtec.cat\/eoiterrassa\/wp-json\/wp\/v2\/users\/1"}],"replies":[{"embeddable":true,"href":"https:\/\/agora-eoi.xtec.cat\/eoiterrassa\/wp-json\/wp\/v2\/comments?post=15656"}],"version-history":[{"count":6,"href":"https:\/\/agora-eoi.xtec.cat\/eoiterrassa\/wp-json\/wp\/v2\/pages\/15656\/revisions"}],"predecessor-version":[{"id":19286,"href":"https:\/\/agora-eoi.xtec.cat\/eoiterrassa\/wp-json\/wp\/v2\/pages\/15656\/revisions\/19286"}],"wp:attachment":[{"href":"https:\/\/agora-eoi.xtec.cat\/eoiterrassa\/wp-json\/wp\/v2\/media?parent=15656"}],"curies":[{"name":"wp","href":"https:\/\/api.w.org\/{rel}","templated":true}]}}