{"id":14987,"date":"2022-10-24T10:18:36","date_gmt":"2022-10-24T08:18:36","guid":{"rendered":"https:\/\/agora-eoi.xtec.cat\/eoiterrassa\/?page_id=14987"},"modified":"2025-01-08T09:14:14","modified_gmt":"2025-01-08T08:14:14","slug":"acces-biblioteca-usuari-extern","status":"publish","type":"page","link":"https:\/\/agora-eoi.xtec.cat\/eoiterrassa\/serveis\/acces-biblioteca-usuari-extern\/","title":{"rendered":"Acc\u00e9s biblioteca usuari extern"},"content":{"rendered":"<p>Tens ganes de llegir llibres o revistes en alemany, angl\u00e8s, \u00e0rab, franc\u00e8s o itali\u00e0, veure pel\u00b7l\u00edcules en versi\u00f3 original, trobar materials d&#8217;aprenentatge&#8230; per\u00f2 no ets alumne\/a de l\u2019escola? No passa res.<\/p>\n<p>Ara pots agafar material en pr\u00e9stec de la biblioteca Eusebi Cima de l&#8217;EOI Terrassa, encara que no siguis alumne\/a del centre.<\/p>\n<p>Primer has d\u2019emplenar aques<span style=\"color: #993300;\"><span style=\"color: #000000;\">t<\/span><strong><a href=\"https:\/\/forms.gle\/b7YLTozxPeskw2iv7\"><span style=\"text-decoration: underline;\"> formulari <\/span><\/a><\/strong><\/span>i pagar una quota anual de 10\u20ac.<\/p>\n<p>Un cop fet aix\u00f2, pots presentar-te a la nostra biblioteca amb el rebut de pagament. Consulta al\u00a0<a href=\"https:\/\/agora-eoi.xtec.cat\/eoiterrassa\/biblioteca\/biblioteca\/\" target=\"_blank\" rel=\"noopener\" data-saferedirecturl=\"https:\/\/www.google.com\/url?q=https:\/\/agora-eoi.xtec.cat\/eoiterrassa\/biblioteca\/biblioteca\/&amp;source=gmail&amp;ust=1666684136594000&amp;usg=AOvVaw3u3lJs7bH_YCTrjiEBv29d\">web<\/a>\u00a0els horaris d&#8217;obertura de la biblioteca.<\/p>\n<p>Endinsa&#8217;t al m\u00f3n dels idiomes!<\/p>\n","protected":false},"excerpt":{"rendered":"<p>Tens ganes de llegir llibres o revistes en alemany, angl\u00e8s, \u00e0rab, franc\u00e8s o itali\u00e0, veure pel\u00b7l\u00edcules en versi\u00f3 original, trobar materials d&#8217;aprenentatge&#8230; per\u00f2 no ets alumne\/a de l\u2019escola? No passa res. Ara pots agafar material en pr\u00e9stec de la biblioteca Eusebi Cima de l&#8217;EOI Terrassa, encara que no siguis alumne\/a del centre. Primer has d\u2019emplenar [&hellip;]<\/p>\n","protected":false},"author":1,"featured_media":0,"parent":15714,"menu_order":90,"comment_status":"closed","ping_status":"closed","template":"page-templates\/side-menu.php","meta":{"site-sidebar-layout":"default","site-content-layout":"","ast-site-content-layout":"","site-content-style":"default","site-sidebar-style":"default","ast-global-header-display":"","ast-banner-title-visibility":"","ast-main-header-display":"","ast-hfb-above-header-display":"","ast-hfb-below-header-display":"","ast-hfb-mobile-header-display":"","site-post-title":"","ast-breadcrumbs-content":"","ast-featured-img":"","footer-sml-layout":"","theme-transparent-header-meta":"","adv-header-id-meta":"","stick-header-meta":"","header-above-stick-meta":"","header-main-stick-meta":"","header-below-stick-meta":"","astra-migrate-meta-layouts":"default","ast-page-background-enabled":"default","ast-page-background-meta":{"desktop":{"background-color":"var(--ast-global-color-4)","background-image":"","background-repeat":"repeat","background-position":"center center","background-size":"auto","background-attachment":"scroll","background-type":"","background-media":"","overlay-type":"","overlay-color":"","overlay-opacity":"","overlay-gradient":""},"tablet":{"background-color":"","background-image":"","background-repeat":"repeat","background-position":"center center","background-size":"auto","background-attachment":"scroll","background-type":"","background-media":"","overlay-type":"","overlay-color":"","overlay-opacity":"","overlay-gradient":""},"mobile":{"background-color":"","background-image":"","background-repeat":"repeat","background-position":"center center","background-size":"auto","background-attachment":"scroll","background-type":"","background-media":"","overlay-type":"","overlay-color":"","overlay-opacity":"","overlay-gradient":""}},"ast-content-background-meta":{"desktop":{"background-color":"var(--ast-global-color-5)","background-image":"","background-repeat":"repeat","background-position":"center center","background-size":"auto","background-attachment":"scroll","background-type":"","background-media":"","overlay-type":"","overlay-color":"","overlay-opacity":"","overlay-gradient":""},"tablet":{"background-color":"var(--ast-global-color-5)","background-image":"","background-repeat":"repeat","background-position":"center center","background-size":"auto","background-attachment":"scroll","background-type":"","background-media":"","overlay-type":"","overlay-color":"","overlay-opacity":"","overlay-gradient":""},"mobile":{"background-color":"var(--ast-global-color-5)","background-image":"","background-repeat":"repeat","background-position":"center center","background-size":"auto","background-attachment":"scroll","background-type":"","background-media":"","overlay-type":"","overlay-color":"","overlay-opacity":"","overlay-gradient":""}},"footnotes":""},"class_list":["post-14987","page","type-page","status-publish","hentry"],"post_mailing_queue_ids":[],"_links":{"self":[{"href":"https:\/\/agora-eoi.xtec.cat\/eoiterrassa\/wp-json\/wp\/v2\/pages\/14987","targetHints":{"allow":["GET"]}}],"collection":[{"href":"https:\/\/agora-eoi.xtec.cat\/eoiterrassa\/wp-json\/wp\/v2\/pages"}],"about":[{"href":"https:\/\/agora-eoi.xtec.cat\/eoiterrassa\/wp-json\/wp\/v2\/types\/page"}],"author":[{"embeddable":true,"href":"https:\/\/agora-eoi.xtec.cat\/eoiterrassa\/wp-json\/wp\/v2\/users\/1"}],"replies":[{"embeddable":true,"href":"https:\/\/agora-eoi.xtec.cat\/eoiterrassa\/wp-json\/wp\/v2\/comments?post=14987"}],"version-history":[{"count":3,"href":"https:\/\/agora-eoi.xtec.cat\/eoiterrassa\/wp-json\/wp\/v2\/pages\/14987\/revisions"}],"predecessor-version":[{"id":15039,"href":"https:\/\/agora-eoi.xtec.cat\/eoiterrassa\/wp-json\/wp\/v2\/pages\/14987\/revisions\/15039"}],"up":[{"embeddable":true,"href":"https:\/\/agora-eoi.xtec.cat\/eoiterrassa\/wp-json\/wp\/v2\/pages\/15714"}],"wp:attachment":[{"href":"https:\/\/agora-eoi.xtec.cat\/eoiterrassa\/wp-json\/wp\/v2\/media?parent=14987"}],"curies":[{"name":"wp","href":"https:\/\/api.w.org\/{rel}","templated":true}]}}