{"id":14963,"date":"2022-10-17T13:11:38","date_gmt":"2022-10-17T11:11:38","guid":{"rendered":"https:\/\/agora-eoi.xtec.cat\/eoiterrassa\/?page_id=14963"},"modified":"2024-02-05T12:05:43","modified_gmt":"2024-02-05T11:05:43","slug":"tandem","status":"publish","type":"page","link":"https:\/\/agora-eoi.xtec.cat\/eoiterrassa\/serveis\/tandem\/","title":{"rendered":"Intercanvi ling\u00fc\u00edstic"},"content":{"rendered":"<p><a href=\"https:\/\/agora-eoi.xtec.cat\/eoiterrassa\/wp-content\/uploads\/usu2242\/2022\/10\/Diseno-sin-titulo.png\"><img loading=\"lazy\" decoding=\"async\" class=\"wp-image-14964 alignleft\" src=\"https:\/\/agora-eoi.xtec.cat\/eoiterrassa\/wp-content\/uploads\/usu2242\/2022\/10\/Diseno-sin-titulo.png\" alt=\"\" width=\"472\" height=\"472\" srcset=\"https:\/\/agora-eoi.xtec.cat\/eoiterrassa\/wp-content\/uploads\/usu2242\/2022\/10\/Diseno-sin-titulo.png 1080w, https:\/\/agora-eoi.xtec.cat\/eoiterrassa\/wp-content\/uploads\/usu2242\/2022\/10\/Diseno-sin-titulo-300x300.png 300w, https:\/\/agora-eoi.xtec.cat\/eoiterrassa\/wp-content\/uploads\/usu2242\/2022\/10\/Diseno-sin-titulo-1024x1024.png 1024w, https:\/\/agora-eoi.xtec.cat\/eoiterrassa\/wp-content\/uploads\/usu2242\/2022\/10\/Diseno-sin-titulo-150x150.png 150w, https:\/\/agora-eoi.xtec.cat\/eoiterrassa\/wp-content\/uploads\/usu2242\/2022\/10\/Diseno-sin-titulo-768x768.png 768w\" sizes=\"auto, (max-width: 472px) 100vw, 472px\" \/><\/a><\/p>\n<p><strong>Qu\u00e8 \u00e9s un t\u00e0ndem o intercanvi ling\u00fc\u00edstic?\u00a0<\/strong><\/p>\n<p>Un t\u00e0ndem \u00e9s un intercanvi ling\u00fc\u00edstic i una bona eina d&#8217;intercanvi cultural. \u00c9s l\u2019oportunitat de practicar diferents idiomes, con\u00e8ixer altres cultures i maneres de fer i pensar.\u00a0Es tracta d&#8217;una manera informal d&#8217;aprendre lleng\u00fces especialment \u00fatil per practicar la llengua oral.<\/p>\n<p><strong>Com es fa?<\/strong><\/p>\n<p>S\u00f3n unes sessions de conversa que cada parella gestiona lliurement. Dues persones (cara a cara o online) queden per practicar l&#8217;una la llengua de l&#8217;altra.<\/p>\n<p>Si t\u2019interessa formar part d\u2019un t\u00e0ndem ling\u00fc\u00edstic, hi ha dues maneres de fer-ho: pots omplir el formulari que trobar\u00e0s al plaf\u00f3 de la cafeteria o publicar un anun<span style=\"text-decoration: underline;\"><span style=\"color: #000000; text-decoration: underline;\">c<\/span><span style=\"color: #0000ff; text-decoration: underline;\"><span style=\"color: #000000; text-decoration: underline;\">i <\/span><\/span><strong><span style=\"color: #0000ff; text-decoration: underline;\"><a style=\"color: #0000ff; text-decoration: underline;\" href=\"https:\/\/padlet.com\/eoiterrassa\/tandem-intercanvis-ling-stics-un-t-ndem-s-un-intercanvi-ling-c5jev6j0w0hp40fh\" data-saferedirecturl=\"https:\/\/www.google.com\/url?q=https:\/\/padlet.com\/eoiterrassa\/tandem-intercanvis-ling-stics-un-t-ndem-s-un-intercanvi-ling-c5jev6j0w0hp40fh&amp;source=gmail&amp;ust=1679386996364000&amp;usg=AOvVaw2prl4FjrCgv5458kreXRsY\">AQU\u00cd<\/a><\/span><\/strong><\/span>\u00a0i\/o contacta amb qui creguis que et pots entendre .Pots fer aquestes pr\u00e0ctiques a la cafeteria de l\u2019escola.<\/p>\n<p><strong>Qui pot participar als t\u00e0ndems?<\/strong><\/p>\n<p>Qualsevol persona (sigui o no de l\u2019escola) que tingui ganes d\u2019aprendre o perfeccionar un idioma i de compartir idees, pensaments o cultura.<\/p>\n","protected":false},"excerpt":{"rendered":"<p>Qu\u00e8 \u00e9s un t\u00e0ndem o intercanvi ling\u00fc\u00edstic?\u00a0 Un t\u00e0ndem \u00e9s un intercanvi ling\u00fc\u00edstic i una bona eina d&#8217;intercanvi cultural. \u00c9s l\u2019oportunitat de practicar diferents idiomes, con\u00e8ixer altres cultures i maneres de fer i pensar.\u00a0Es tracta d&#8217;una manera informal d&#8217;aprendre lleng\u00fces especialment \u00fatil per practicar la llengua oral. Com es fa? S\u00f3n unes sessions de conversa [&hellip;]<\/p>\n","protected":false},"author":1,"featured_media":0,"parent":15714,"menu_order":50,"comment_status":"closed","ping_status":"closed","template":"page-templates\/side-menu.php","meta":{"site-sidebar-layout":"default","site-content-layout":"","ast-site-content-layout":"","site-content-style":"default","site-sidebar-style":"default","ast-global-header-display":"","ast-banner-title-visibility":"","ast-main-header-display":"","ast-hfb-above-header-display":"","ast-hfb-below-header-display":"","ast-hfb-mobile-header-display":"","site-post-title":"","ast-breadcrumbs-content":"","ast-featured-img":"","footer-sml-layout":"","theme-transparent-header-meta":"","adv-header-id-meta":"","stick-header-meta":"","header-above-stick-meta":"","header-main-stick-meta":"","header-below-stick-meta":"","astra-migrate-meta-layouts":"default","ast-page-background-enabled":"default","ast-page-background-meta":{"desktop":{"background-color":"var(--ast-global-color-4)","background-image":"","background-repeat":"repeat","background-position":"center center","background-size":"auto","background-attachment":"scroll","background-type":"","background-media":"","overlay-type":"","overlay-color":"","overlay-opacity":"","overlay-gradient":""},"tablet":{"background-color":"","background-image":"","background-repeat":"repeat","background-position":"center center","background-size":"auto","background-attachment":"scroll","background-type":"","background-media":"","overlay-type":"","overlay-color":"","overlay-opacity":"","overlay-gradient":""},"mobile":{"background-color":"","background-image":"","background-repeat":"repeat","background-position":"center center","background-size":"auto","background-attachment":"scroll","background-type":"","background-media":"","overlay-type":"","overlay-color":"","overlay-opacity":"","overlay-gradient":""}},"ast-content-background-meta":{"desktop":{"background-color":"var(--ast-global-color-5)","background-image":"","background-repeat":"repeat","background-position":"center center","background-size":"auto","background-attachment":"scroll","background-type":"","background-media":"","overlay-type":"","overlay-color":"","overlay-opacity":"","overlay-gradient":""},"tablet":{"background-color":"var(--ast-global-color-5)","background-image":"","background-repeat":"repeat","background-position":"center center","background-size":"auto","background-attachment":"scroll","background-type":"","background-media":"","overlay-type":"","overlay-color":"","overlay-opacity":"","overlay-gradient":""},"mobile":{"background-color":"var(--ast-global-color-5)","background-image":"","background-repeat":"repeat","background-position":"center center","background-size":"auto","background-attachment":"scroll","background-type":"","background-media":"","overlay-type":"","overlay-color":"","overlay-opacity":"","overlay-gradient":""}},"footnotes":""},"class_list":["post-14963","page","type-page","status-publish","hentry"],"post_mailing_queue_ids":[],"_links":{"self":[{"href":"https:\/\/agora-eoi.xtec.cat\/eoiterrassa\/wp-json\/wp\/v2\/pages\/14963","targetHints":{"allow":["GET"]}}],"collection":[{"href":"https:\/\/agora-eoi.xtec.cat\/eoiterrassa\/wp-json\/wp\/v2\/pages"}],"about":[{"href":"https:\/\/agora-eoi.xtec.cat\/eoiterrassa\/wp-json\/wp\/v2\/types\/page"}],"author":[{"embeddable":true,"href":"https:\/\/agora-eoi.xtec.cat\/eoiterrassa\/wp-json\/wp\/v2\/users\/1"}],"replies":[{"embeddable":true,"href":"https:\/\/agora-eoi.xtec.cat\/eoiterrassa\/wp-json\/wp\/v2\/comments?post=14963"}],"version-history":[{"count":5,"href":"https:\/\/agora-eoi.xtec.cat\/eoiterrassa\/wp-json\/wp\/v2\/pages\/14963\/revisions"}],"predecessor-version":[{"id":16601,"href":"https:\/\/agora-eoi.xtec.cat\/eoiterrassa\/wp-json\/wp\/v2\/pages\/14963\/revisions\/16601"}],"up":[{"embeddable":true,"href":"https:\/\/agora-eoi.xtec.cat\/eoiterrassa\/wp-json\/wp\/v2\/pages\/15714"}],"wp:attachment":[{"href":"https:\/\/agora-eoi.xtec.cat\/eoiterrassa\/wp-json\/wp\/v2\/media?parent=14963"}],"curies":[{"name":"wp","href":"https:\/\/api.w.org\/{rel}","templated":true}]}}