{"id":14569,"date":"2022-06-21T09:39:36","date_gmt":"2022-06-21T07:39:36","guid":{"rendered":"https:\/\/agora-eoi.xtec.cat\/eoiterrassa\/?page_id=14569"},"modified":"2025-07-15T13:01:21","modified_gmt":"2025-07-15T11:01:21","slug":"programa-piaprofessorat","status":"publish","type":"page","link":"https:\/\/agora-eoi.xtec.cat\/eoiterrassa\/matricula-2\/matricula\/programa-piaprofessorat\/","title":{"rendered":"Programa PIA+ (per a docents en actiu)"},"content":{"rendered":"<p><strong>INFORMACI\u00d3 SOBRE EL PROGRAMA PIA+<br \/>\n<\/strong>El programa PIA+ \u00e9s un programa del Departament d&#8217;Educaci\u00f3 per a la millora de la compet\u00e8ncia comunicativa en llengua estrangera del professorat no universitari de centres educatius finan\u00e7ats amb fons p\u00fablics. Permet que el professorat matriculat en un curs de llengua d\u2019una Escola Oficial d\u2019Idiomes (EOI) o de l\u2019Institut Obert de Catalunya (IOC) pugui sol\u00b7licitar la <strong>devoluci\u00f3 de l\u2019ingr\u00e9s de l\u2019import base\u00a0de la matr\u00edcula. La devoluci\u00f3 es fa efectiva pr\u00e8via obtenci\u00f3 de la qualificaci\u00f3 d\u2019aprovat (APTE) o de certificat d\u2019aprofitament (matr\u00edcula d\u2019actualitzaci\u00f3).<\/strong>\u00a0La devoluci\u00f3 no inclou els costos de material,\u00a0d\u2019acc\u00e9s a plataformes digitals, d\u2019expedici\u00f3 de t\u00edtols ni les penalitzacions per repetici\u00f3 de curs, si\u00a0escau.<\/p>\n<p><strong>El retorn de l\u2019import de matr\u00edcula nom\u00e9s es pot sol\u00b7licitar per un curs i per una llengua en concret<\/strong>.<br \/>\nEl curs ha de tenir car\u00e0cter extensiu en el cas de les EOI (no s\u2019hi inclouen, per tant, els cursos d\u2019estiu)\u00a0o b\u00e9 car\u00e0cter semestral en el cas de l\u2019IOC.<\/p>\n<p><strong>Destinataris: <\/strong>professorat en actiu de centres p\u00fablics, concertats i municipals.<strong><br \/>\n<\/strong>Tamb\u00e9 hi poden participar els docents dels serveis territorials d\u2019Educaci\u00f3, del Consorci d\u2019Educaci\u00f3 de Barcelona, de les unitats de serveis centrals del Departament d\u2019Educaci\u00f3, aix\u00ed com els inspectors i inspectores en actiu.<br \/>\n<strong>A partir del curs 2024-2025, s\u2019hi poden acollir els auxiliars de conversa del Programa d\u2019Auxiliars de Conversa que gestiona el Departament d\u2019Educaci\u00f3 i el professorat visitant de programes de col\u00b7laboraci\u00f3 institucional (Llengua \u00c0rab i Cultura Marroquina, Llengua i Cultura Portugueses, Llengua i Cultura Romaneses). En aquests casos, la petici\u00f3 es pot fer\u00a0exclusivament per a la llengua catalana (nivells A1, A2, B1).<\/strong><\/p>\n<p><strong><br \/>\nLleng\u00fces i cursos:<br \/>\n<\/strong>El docent pot demanar el retorn de l\u2019import base de la matr\u00edcula per a les lleng\u00fces i cursos seg\u00fcents:<\/p>\n<p>1. Angl\u00e8s: cursos EOI: B2.1, B2.2, C1, C2.1 i C2.2<br \/>\n2. Alemany, franc\u00e8s, itali\u00e0, xin\u00e8s, \u00e0rab, rus i japon\u00e8s: cursos EOI: tots els nivells a partir d\u2019A1<br \/>\n3. Catal\u00e0: cursos EOI: C2 i <span style=\"background-color: rgba(0, 0, 0, 0); font-size: 1rem; font-weight: inherit;\">A1, A2, B1 (exclusivament en els casos dels auxiliars de conversa i el professorat visitant de programes de col\u00b7laboraci\u00f3 institucional esmentats en l\u2019apartat\u00a0<\/span><em style=\"background-color: rgba(0, 0, 0, 0); font-size: 1rem; font-weight: inherit;\">destinataris<\/em><span style=\"background-color: rgba(0, 0, 0, 0); font-size: 1rem; font-weight: inherit;\">)<\/span><\/p>\n<p><strong>Requisits:<\/strong><br \/>\n\u2013 Ser docent i estar en actiu en un centre p\u00fablic, concertat o municipal<br \/>\n\u2013 Disposar de correu xtec<\/p>\n<p><strong>Actualitzaci\u00f3 de matr\u00edcula EOI<br \/>\n<\/strong>Els docents que disposin d\u2019un t\u00edtol oficial expedit per una EOI o b\u00e9 per l\u2019IOC abans del 2020 i que vulguin actualitzar els coneixements d\u2019aquella llengua poden inscriure\u2019s en la modalitat \u201cmatr\u00edcula d\u2019actualitzaci\u00f3\u201d. Aquesta modalitat permet la inscripci\u00f3 a les mateixes lleng\u00fces i nivells esmentats en els punts 1, 2 i 3.<\/p>\n<h6><strong>No us oblideu de comunicar a secretaria que voleu formar part del programa PIA+<\/strong><\/h6>\n<p>M\u00e9s informaci\u00f3 del Programa PIA+\u00a0<a href=\"https:\/\/xtec.gencat.cat\/ca\/formacio\/formaciogeneralprofessorat\/llengues\/programa-pia\/programa-pia-2024-2025\/\"><strong>AQU\u00cd<\/strong><\/a><\/p>\n","protected":false},"excerpt":{"rendered":"<p>INFORMACI\u00d3 SOBRE EL PROGRAMA PIA+ El programa PIA+ \u00e9s un programa del Departament d&#8217;Educaci\u00f3 per a la millora de la compet\u00e8ncia comunicativa en llengua estrangera del professorat no universitari de centres educatius finan\u00e7ats amb fons p\u00fablics. Permet que el professorat matriculat en un curs de llengua d\u2019una Escola Oficial d\u2019Idiomes (EOI) o de l\u2019Institut Obert [&hellip;]<\/p>\n","protected":false},"author":1,"featured_media":0,"parent":11864,"menu_order":90,"comment_status":"closed","ping_status":"closed","template":"","meta":{"site-sidebar-layout":"default","site-content-layout":"","ast-site-content-layout":"default","site-content-style":"default","site-sidebar-style":"default","ast-global-header-display":"","ast-banner-title-visibility":"","ast-main-header-display":"","ast-hfb-above-header-display":"","ast-hfb-below-header-display":"","ast-hfb-mobile-header-display":"","site-post-title":"","ast-breadcrumbs-content":"","ast-featured-img":"","footer-sml-layout":"","theme-transparent-header-meta":"","adv-header-id-meta":"","stick-header-meta":"","header-above-stick-meta":"","header-main-stick-meta":"","header-below-stick-meta":"","astra-migrate-meta-layouts":"set","ast-page-background-enabled":"default","ast-page-background-meta":{"desktop":{"background-color":"var(--ast-global-color-4)","background-image":"","background-repeat":"repeat","background-position":"center center","background-size":"auto","background-attachment":"scroll","background-type":"","background-media":"","overlay-type":"","overlay-color":"","overlay-opacity":"","overlay-gradient":""},"tablet":{"background-color":"","background-image":"","background-repeat":"repeat","background-position":"center center","background-size":"auto","background-attachment":"scroll","background-type":"","background-media":"","overlay-type":"","overlay-color":"","overlay-opacity":"","overlay-gradient":""},"mobile":{"background-color":"","background-image":"","background-repeat":"repeat","background-position":"center center","background-size":"auto","background-attachment":"scroll","background-type":"","background-media":"","overlay-type":"","overlay-color":"","overlay-opacity":"","overlay-gradient":""}},"ast-content-background-meta":{"desktop":{"background-color":"var(--ast-global-color-5)","background-image":"","background-repeat":"repeat","background-position":"center center","background-size":"auto","background-attachment":"scroll","background-type":"","background-media":"","overlay-type":"","overlay-color":"","overlay-opacity":"","overlay-gradient":""},"tablet":{"background-color":"var(--ast-global-color-5)","background-image":"","background-repeat":"repeat","background-position":"center center","background-size":"auto","background-attachment":"scroll","background-type":"","background-media":"","overlay-type":"","overlay-color":"","overlay-opacity":"","overlay-gradient":""},"mobile":{"background-color":"var(--ast-global-color-5)","background-image":"","background-repeat":"repeat","background-position":"center center","background-size":"auto","background-attachment":"scroll","background-type":"","background-media":"","overlay-type":"","overlay-color":"","overlay-opacity":"","overlay-gradient":""}},"footnotes":""},"class_list":["post-14569","page","type-page","status-publish","hentry"],"post_mailing_queue_ids":[],"_links":{"self":[{"href":"https:\/\/agora-eoi.xtec.cat\/eoiterrassa\/wp-json\/wp\/v2\/pages\/14569","targetHints":{"allow":["GET"]}}],"collection":[{"href":"https:\/\/agora-eoi.xtec.cat\/eoiterrassa\/wp-json\/wp\/v2\/pages"}],"about":[{"href":"https:\/\/agora-eoi.xtec.cat\/eoiterrassa\/wp-json\/wp\/v2\/types\/page"}],"author":[{"embeddable":true,"href":"https:\/\/agora-eoi.xtec.cat\/eoiterrassa\/wp-json\/wp\/v2\/users\/1"}],"replies":[{"embeddable":true,"href":"https:\/\/agora-eoi.xtec.cat\/eoiterrassa\/wp-json\/wp\/v2\/comments?post=14569"}],"version-history":[{"count":6,"href":"https:\/\/agora-eoi.xtec.cat\/eoiterrassa\/wp-json\/wp\/v2\/pages\/14569\/revisions"}],"predecessor-version":[{"id":18880,"href":"https:\/\/agora-eoi.xtec.cat\/eoiterrassa\/wp-json\/wp\/v2\/pages\/14569\/revisions\/18880"}],"up":[{"embeddable":true,"href":"https:\/\/agora-eoi.xtec.cat\/eoiterrassa\/wp-json\/wp\/v2\/pages\/11864"}],"wp:attachment":[{"href":"https:\/\/agora-eoi.xtec.cat\/eoiterrassa\/wp-json\/wp\/v2\/media?parent=14569"}],"curies":[{"name":"wp","href":"https:\/\/api.w.org\/{rel}","templated":true}]}}