{"id":14490,"date":"2022-06-08T18:51:22","date_gmt":"2022-06-08T16:51:22","guid":{"rendered":"https:\/\/agora-eoi.xtec.cat\/eoiterrassa\/?page_id=14490"},"modified":"2025-09-22T10:31:46","modified_gmt":"2025-09-22T08:31:46","slug":"matricula-dactualitzacio","status":"publish","type":"page","link":"https:\/\/agora-eoi.xtec.cat\/eoiterrassa\/matricula-2\/matricula\/matricula-dactualitzacio\/","title":{"rendered":"Matr\u00edcula d\u2019actualitzaci\u00f3"},"content":{"rendered":"\n<p>Les persones que ja hagin cursat i superat amb anterioritat cursos de les escoles oficials d&#8217;idiomes, i que vulguin actualitzar-ne els coneixements, poden sol\u00b7licitar matricular-se en l&#8217;\u00faltim curs aprovat o en qualsevol dels cursos inferiors.<\/p>\n\n\n\n<p>La sol\u00b7licitud per a aquest tipus de matr\u00edcula s\u2019ha de presentar al centre&nbsp;<strong>una vegada finalitzat el per\u00edode d\u2019admissi\u00f3<\/strong>, i nom\u00e9s s\u2019admet si hi ha vacants en el curs i l\u2019idioma sol\u00b7licitat. La sol\u00b7licitud \u00e9s valida \u00fanicament per al curs acad\u00e8mic en qu\u00e8 se sol\u00b7licita i s\u2019ha de tornar a presentar per a cursos acad\u00e8mics posteriors, si l\u2019alumne o alumna vol.<\/p>\n\n\n\n<p>Aquest tipus de matr\u00edcula no t\u00e9 efectes acad\u00e8mics ni dona lloc a cap certificat oficial. La qualificaci\u00f3 que es fa constar a l\u2019expedient acad\u00e8mic de l\u2019alumne o alumna \u00e9s de <strong>\u201cno qualificat\/ada\u201d.<\/strong><\/p>\n\n\n\n<p>Els alumnes en aquesta situaci\u00f3 acad\u00e8mica no tenen dret a sol\u00b7licitar una nova expedici\u00f3 del certificat obtingut anteriorment, per\u00f2 poden rebre un certificat d\u2019aprofitament si tenen un 65% d\u2019assist\u00e8ncia.<\/p>\n\n\n\n<p>Pel que fa al preu del servei, aquests alumnes han de pagar la taxa o el preu p\u00fablic corresponent, sense penalitzaci\u00f3 per repetici\u00f3.<\/p>\n\n\n\n<p>Durant un mateix curs acad\u00e8mic no es pot simultaniejar una matr\u00edcula ordin\u00e0ria als ensenyaments presencials amb una matr\u00edcula d\u2019actualitzaci\u00f3 del mateix idioma.<\/p>\n\n\n\n<p><strong><u>Els alumnes de matr\u00edcula d\u2019actualitzaci\u00f3 no passen al seg\u00fcent curs per defecte. Si volen accedir a un curs superior, han de fer preinscripci\u00f3 i matr\u00edcula com alumne nou al setembre.<\/u><\/strong><\/p>\n\n\n\n<p>COM SOL\u00b7LICITAR LA MATR\u00cdCULA D&#8217;ACTUALITZACI\u00d3:<\/p>\n\n\n\n<p>&nbsp;Per sol\u00b7licitar la matr\u00edcula d\u2019actualitzaci\u00f3 heu d\u2019omplir el seg\u00fcent formulari que s\u2019obrir\u00e0 <strong>el 22 de setembre de 2025 a les 10:00<\/strong>.<\/p>\n\n\n\n<p>Les sol\u00b7licituds s\u2019atendran per ordre d\u2019entrada i l\u2019escola es posar\u00e0 en contacte amb els sol\u00b7licitants a partir del 30 de setembre de 2025 per correu electr\u00f2nic.<\/p>\n\n\n\n<p>Formulari de sol\u00b7licitud de matr\u00edcula d\u2019actualitzaci\u00f3: <a href=\"https:\/\/docs.google.com\/forms\/d\/e\/1FAIpQLSeg517c7-7IKb6ehKcZ76JB8pUkPHEo9uhscvM_2job9VSP6Q\/viewform?usp=preview\">AQU\u00cd <\/a><\/p>\n\n\n\n<p><\/p>\n\n\n\n<p><\/p>\n","protected":false},"excerpt":{"rendered":"<p>Les persones que ja hagin cursat i superat amb anterioritat cursos de les escoles oficials d&#8217;idiomes, i que vulguin actualitzar-ne els coneixements, poden sol\u00b7licitar matricular-se en l&#8217;\u00faltim curs aprovat o en qualsevol dels cursos inferiors. La sol\u00b7licitud per a aquest tipus de matr\u00edcula s\u2019ha de presentar al centre&nbsp;una vegada finalitzat el per\u00edode d\u2019admissi\u00f3, i nom\u00e9s [&hellip;]<\/p>\n","protected":false},"author":1,"featured_media":0,"parent":11864,"menu_order":100,"comment_status":"closed","ping_status":"closed","template":"","meta":{"site-sidebar-layout":"default","site-content-layout":"","ast-site-content-layout":"default","site-content-style":"default","site-sidebar-style":"default","ast-global-header-display":"","ast-banner-title-visibility":"","ast-main-header-display":"","ast-hfb-above-header-display":"","ast-hfb-below-header-display":"","ast-hfb-mobile-header-display":"","site-post-title":"","ast-breadcrumbs-content":"","ast-featured-img":"","footer-sml-layout":"","theme-transparent-header-meta":"","adv-header-id-meta":"","stick-header-meta":"","header-above-stick-meta":"","header-main-stick-meta":"","header-below-stick-meta":"","astra-migrate-meta-layouts":"set","ast-page-background-enabled":"default","ast-page-background-meta":{"desktop":{"background-color":"var(--ast-global-color-4)","background-image":"","background-repeat":"repeat","background-position":"center center","background-size":"auto","background-attachment":"scroll","background-type":"","background-media":"","overlay-type":"","overlay-color":"","overlay-opacity":"","overlay-gradient":""},"tablet":{"background-color":"","background-image":"","background-repeat":"repeat","background-position":"center center","background-size":"auto","background-attachment":"scroll","background-type":"","background-media":"","overlay-type":"","overlay-color":"","overlay-opacity":"","overlay-gradient":""},"mobile":{"background-color":"","background-image":"","background-repeat":"repeat","background-position":"center center","background-size":"auto","background-attachment":"scroll","background-type":"","background-media":"","overlay-type":"","overlay-color":"","overlay-opacity":"","overlay-gradient":""}},"ast-content-background-meta":{"desktop":{"background-color":"var(--ast-global-color-5)","background-image":"","background-repeat":"repeat","background-position":"center center","background-size":"auto","background-attachment":"scroll","background-type":"","background-media":"","overlay-type":"","overlay-color":"","overlay-opacity":"","overlay-gradient":""},"tablet":{"background-color":"var(--ast-global-color-5)","background-image":"","background-repeat":"repeat","background-position":"center center","background-size":"auto","background-attachment":"scroll","background-type":"","background-media":"","overlay-type":"","overlay-color":"","overlay-opacity":"","overlay-gradient":""},"mobile":{"background-color":"var(--ast-global-color-5)","background-image":"","background-repeat":"repeat","background-position":"center center","background-size":"auto","background-attachment":"scroll","background-type":"","background-media":"","overlay-type":"","overlay-color":"","overlay-opacity":"","overlay-gradient":""}},"footnotes":""},"class_list":["post-14490","page","type-page","status-publish","hentry"],"post_mailing_queue_ids":[],"_links":{"self":[{"href":"https:\/\/agora-eoi.xtec.cat\/eoiterrassa\/wp-json\/wp\/v2\/pages\/14490","targetHints":{"allow":["GET"]}}],"collection":[{"href":"https:\/\/agora-eoi.xtec.cat\/eoiterrassa\/wp-json\/wp\/v2\/pages"}],"about":[{"href":"https:\/\/agora-eoi.xtec.cat\/eoiterrassa\/wp-json\/wp\/v2\/types\/page"}],"author":[{"embeddable":true,"href":"https:\/\/agora-eoi.xtec.cat\/eoiterrassa\/wp-json\/wp\/v2\/users\/1"}],"replies":[{"embeddable":true,"href":"https:\/\/agora-eoi.xtec.cat\/eoiterrassa\/wp-json\/wp\/v2\/comments?post=14490"}],"version-history":[{"count":6,"href":"https:\/\/agora-eoi.xtec.cat\/eoiterrassa\/wp-json\/wp\/v2\/pages\/14490\/revisions"}],"predecessor-version":[{"id":19165,"href":"https:\/\/agora-eoi.xtec.cat\/eoiterrassa\/wp-json\/wp\/v2\/pages\/14490\/revisions\/19165"}],"up":[{"embeddable":true,"href":"https:\/\/agora-eoi.xtec.cat\/eoiterrassa\/wp-json\/wp\/v2\/pages\/11864"}],"wp:attachment":[{"href":"https:\/\/agora-eoi.xtec.cat\/eoiterrassa\/wp-json\/wp\/v2\/media?parent=14490"}],"curies":[{"name":"wp","href":"https:\/\/api.w.org\/{rel}","templated":true}]}}