{"id":14470,"date":"2022-05-31T12:20:27","date_gmt":"2022-05-31T10:20:27","guid":{"rendered":"https:\/\/agora-eoi.xtec.cat\/eoiterrassa\/?page_id=14470"},"modified":"2024-06-04T09:31:56","modified_gmt":"2024-06-04T07:31:56","slug":"actes-i-expedient","status":"publish","type":"page","link":"https:\/\/agora-eoi.xtec.cat\/eoiterrassa\/matricula-2\/actes-i-expedient\/","title":{"rendered":"Notes i expedient"},"content":{"rendered":"<ul>\n<li><strong>Alumnat oficial:<\/strong> Per consultar el vostre expedient acad\u00e8mic i notes dels ex\u00e0mens cliqueu <span style=\"text-decoration: underline;\"><strong><span style=\"color: #0000ff;\"><a style=\"color: #0000ff; text-decoration: underline;\" href=\"https:\/\/www.informaticacentros.com\/centrosnet\/ultralogin.php?tcentro=EOI&amp;centro=b05\">aqu\u00ed<\/a><\/span><\/strong><\/span><\/li>\n<\/ul>\n<p>La primera vegada que hi accediu, a part d\u2019emplenar l\u2019usuari amb la vostra data de naixement i la primera contrasenya amb el vostre n\u00famero de DNI sense la lletra, tamb\u00e9 haureu de crear la vostra contrasenya personal. Per fer-ho, segueu aquestes<strong>\u00a0<span style=\"text-decoration: underline;\"><span style=\"color: #0000ff;\"><a style=\"color: #0000ff; text-decoration: underline;\" href=\"http:\/\/agora-eoi.xtec.cat\/eoiterrassa\/wp-content\/uploads\/usu2242\/2018\/07\/Activaci%C3%B3_contrasenya-personal-%C3%A0rea-alumnat.pdf\">instruccions.<\/a><\/span><\/span><\/strong><\/p>\n<p><strong>Consulteu els<span style=\"text-decoration: underline;\"><span style=\"color: #0000ff;\"><a style=\"color: #0000ff; text-decoration: underline;\" href=\"https:\/\/agora-eoi.xtec.cat\/eoiterrassa\/serveis\/tutorials-dajuda-area-alumnat\/\"> Tutorials per ajudar-vos a moure-us dins l\u2019\u00c0rea d\u2019alumnat<\/a><\/span><\/span><\/strong><\/p>\n<p>&nbsp;<\/p>\n<ul>\n<li><strong>Candidats\/es lliures:\u00a0<\/strong>Podeu consultar el resultat de la prova en aquest\u00a0<a href=\"https:\/\/aplicacions.gestioeducativa.gencat.cat\/pls\/apex\/f?p=2011025:LOGIN:403754958230964\" target=\"_blank\" rel=\"noopener noreferrer\"><span style=\"text-decoration: underline;\"><strong><span style=\"color: #0000ff; text-decoration: underline;\">enlla\u00e7<\/span><\/strong><\/span><\/a>.<\/li>\n<\/ul>\n","protected":false},"excerpt":{"rendered":"<p>Alumnat oficial: Per consultar el vostre expedient acad\u00e8mic i notes dels ex\u00e0mens cliqueu aqu\u00ed La primera vegada que hi accediu, a part d\u2019emplenar l\u2019usuari amb la vostra data de naixement i la primera contrasenya amb el vostre n\u00famero de DNI sense la lletra, tamb\u00e9 haureu de crear la vostra contrasenya personal. Per fer-ho, segueu aquestes\u00a0instruccions. [&hellip;]<\/p>\n","protected":false},"author":1,"featured_media":0,"parent":14166,"menu_order":60,"comment_status":"closed","ping_status":"closed","template":"page-templates\/side-menu.php","meta":{"site-sidebar-layout":"default","site-content-layout":"","ast-site-content-layout":"","site-content-style":"default","site-sidebar-style":"default","ast-global-header-display":"","ast-banner-title-visibility":"","ast-main-header-display":"","ast-hfb-above-header-display":"","ast-hfb-below-header-display":"","ast-hfb-mobile-header-display":"","site-post-title":"","ast-breadcrumbs-content":"","ast-featured-img":"","footer-sml-layout":"","theme-transparent-header-meta":"","adv-header-id-meta":"","stick-header-meta":"","header-above-stick-meta":"","header-main-stick-meta":"","header-below-stick-meta":"","astra-migrate-meta-layouts":"default","ast-page-background-enabled":"default","ast-page-background-meta":{"desktop":{"background-color":"var(--ast-global-color-4)","background-image":"","background-repeat":"repeat","background-position":"center center","background-size":"auto","background-attachment":"scroll","background-type":"","background-media":"","overlay-type":"","overlay-color":"","overlay-opacity":"","overlay-gradient":""},"tablet":{"background-color":"","background-image":"","background-repeat":"repeat","background-position":"center center","background-size":"auto","background-attachment":"scroll","background-type":"","background-media":"","overlay-type":"","overlay-color":"","overlay-opacity":"","overlay-gradient":""},"mobile":{"background-color":"","background-image":"","background-repeat":"repeat","background-position":"center center","background-size":"auto","background-attachment":"scroll","background-type":"","background-media":"","overlay-type":"","overlay-color":"","overlay-opacity":"","overlay-gradient":""}},"ast-content-background-meta":{"desktop":{"background-color":"var(--ast-global-color-5)","background-image":"","background-repeat":"repeat","background-position":"center center","background-size":"auto","background-attachment":"scroll","background-type":"","background-media":"","overlay-type":"","overlay-color":"","overlay-opacity":"","overlay-gradient":""},"tablet":{"background-color":"var(--ast-global-color-5)","background-image":"","background-repeat":"repeat","background-position":"center center","background-size":"auto","background-attachment":"scroll","background-type":"","background-media":"","overlay-type":"","overlay-color":"","overlay-opacity":"","overlay-gradient":""},"mobile":{"background-color":"var(--ast-global-color-5)","background-image":"","background-repeat":"repeat","background-position":"center center","background-size":"auto","background-attachment":"scroll","background-type":"","background-media":"","overlay-type":"","overlay-color":"","overlay-opacity":"","overlay-gradient":""}},"footnotes":""},"class_list":["post-14470","page","type-page","status-publish","hentry"],"post_mailing_queue_ids":[],"_links":{"self":[{"href":"https:\/\/agora-eoi.xtec.cat\/eoiterrassa\/wp-json\/wp\/v2\/pages\/14470","targetHints":{"allow":["GET"]}}],"collection":[{"href":"https:\/\/agora-eoi.xtec.cat\/eoiterrassa\/wp-json\/wp\/v2\/pages"}],"about":[{"href":"https:\/\/agora-eoi.xtec.cat\/eoiterrassa\/wp-json\/wp\/v2\/types\/page"}],"author":[{"embeddable":true,"href":"https:\/\/agora-eoi.xtec.cat\/eoiterrassa\/wp-json\/wp\/v2\/users\/1"}],"replies":[{"embeddable":true,"href":"https:\/\/agora-eoi.xtec.cat\/eoiterrassa\/wp-json\/wp\/v2\/comments?post=14470"}],"version-history":[{"count":4,"href":"https:\/\/agora-eoi.xtec.cat\/eoiterrassa\/wp-json\/wp\/v2\/pages\/14470\/revisions"}],"predecessor-version":[{"id":17101,"href":"https:\/\/agora-eoi.xtec.cat\/eoiterrassa\/wp-json\/wp\/v2\/pages\/14470\/revisions\/17101"}],"up":[{"embeddable":true,"href":"https:\/\/agora-eoi.xtec.cat\/eoiterrassa\/wp-json\/wp\/v2\/pages\/14166"}],"wp:attachment":[{"href":"https:\/\/agora-eoi.xtec.cat\/eoiterrassa\/wp-json\/wp\/v2\/media?parent=14470"}],"curies":[{"name":"wp","href":"https:\/\/api.w.org\/{rel}","templated":true}]}}