{"id":14339,"date":"2022-05-05T12:15:29","date_gmt":"2022-05-05T10:15:29","guid":{"rendered":"https:\/\/agora-eoi.xtec.cat\/eoiterrassa\/?page_id=14339"},"modified":"2025-11-06T09:49:16","modified_gmt":"2025-11-06T08:49:16","slug":"convalidacions-eso-i-batxillerat","status":"publish","type":"page","link":"https:\/\/agora-eoi.xtec.cat\/eoiterrassa\/matricula-2\/convalidacions-eso-i-batxillerat\/","title":{"rendered":"Convalidacions ESO i Batxillerat"},"content":{"rendered":"\n<p>ESO<\/p>\n\n\n\n<p>A secund\u00e0ria, els alumnes que cursin una segona llengua estrangera que no s&#8217;ofereixi<br>en el centre educatiu i que ho facin en una escola oficial d&#8217;idiomes o en institucions<br>oficials o governamentals (com ara l&#8217;Institut Goethe, l&#8217;Institut Franc\u00e8s, l&#8217;Institut Itali\u00e0 de<br>Cultura o l&#8217;Institut Confuci, per exemple) poden sol\u00b7licitar-ne el reconeixement. En<br>aquests casos, l&#8217;alumne o alumna ha d&#8217;acreditar que est\u00e0 matriculat en un d&#8217;aquests<br>centres i ha de comunicar, si escau, que abandona aquests estudis. La formaci\u00f3 ha de<br>ser d&#8217;un m\u00ednim de 50 hores perqu\u00e8 pugui convalidar-se.<br>L&#8217;alumnat que cursa \u00e0rab, portugu\u00e8s o roman\u00e8s en el marc de programes<br>intergovernamentals en els quals participa el Departament, pot sol\u00b7licitar igualment el<br>reconeixement d&#8217;aquests estudis com a Segona Llengua Estrangera. En aquest cas, el<br>centre on s&#8217;imparteixen aquestes classes \u00e9s el que ha d&#8217;acreditar que l&#8217;alumne o<br>alumna hi ha participat.<br>El tr\u00e0mit que han de fer les fam\u00edlies dels alumnes \u00e9s el seg\u00fcent:<\/p>\n\n\n\n<ol class=\"wp-block-list\">\n<li>Sol\u00b7licitar al centre de secund\u00e0ria el reconeixement dels estudis com a mat\u00e8ria optativa de<br>Segona Llengua Estrangera, amb el formulari corresponent. En la sol\u00b7licitud cal<br>adjuntar el comprovant de matr\u00edcula.<\/li>\n\n\n\n<li>Presentar al centre de secund\u00e0ria, a final de curs, el certificat o diploma de superaci\u00f3 dels<br>estudis expedit per l&#8217;organitzaci\u00f3 responsable dels estudis (EOI).<\/li>\n<\/ol>\n\n\n\n<p>El reconeixement de la formaci\u00f3 com a segona llengua estrangera s&#8217;ha de fer efectiu en<br>finalitzar el curs acad\u00e8mic.<br>Cal fer constar, en l&#8217;expedient de l&#8217;alumne o alumna i en la columna de segona llengua<br>estrangera, la llengua corresponent i indicar que est\u00e0 convalidada. Les mat\u00e8ries<br>convalidades no tenen qualificaci\u00f3 ni computen a l&#8217;efecte del c\u00e0lcul de la nota mitjana.<br>El reconeixement est\u00e0 condicionat a la valoraci\u00f3 favorable del seguiment de l&#8217;alumne.<br>At\u00e8s que totes aquestes possibilitats es fonamenten en el fet de simultaniejar estudis<br>ordinaris, la sol\u00b7licitud s&#8217;ha de renovar cada curs. El reconeixement de la formaci\u00f3 en<br>cursos posteriors queda supeditada a acreditar la superaci\u00f3 del curs previ.<br>Els alumnes poden cursar, dins de l&#8217;horari lectiu, una altra optativa que ofereixi el seu<br>centre educatiu.<\/p>\n\n\n\n<p>BATXILLERAT<\/p>\n\n\n\n<p>Els i les alumnes que cursen el batxillerat i, al mateix temps, una segona llengua estrangera en una\u200b escola oficial d&#8217;idiomes (EOI) poden sol\u00b7licitar la convalidaci\u00f3 de mat\u00e8ries optatives (6 hores setmanals a primer i 4 hores setmanals a segon).<\/p>\n\n\n\n<p>En el cas dels alumnes de primer de batxillerat, la convalidaci\u00f3 de 6 hores de mat\u00e8ries de la franja d\u2019optatives pot ser de qualsevol de les tres franges optatives i tindr\u00e0 car\u00e0cter anual.<\/p>\n\n\n\n<p>Per poder sol\u00b7licitar el reconeixement esmentat cal complir alguna de les condicions seg\u00fcents:<\/p>\n\n\n\n<ul class=\"wp-block-list\">\n<li>\u200bEs cursa a l&#8217;EOI amb el nivell B2 o superior una segona llengua estrangera que ofereix el centre.<\/li>\n\n\n\n<li>Es cursa a l&#8217;EOI una llengua estrangera que no ofereix el centre.<\/li>\n<\/ul>\n\n\n\n<p><strong>Documentaci\u00f3 que presenta l&#8217;alumne o alumna<\/strong><\/p>\n\n\n\n<ul class=\"wp-block-list\">\n<li><a href=\"https:\/\/documents.espai.educacio.gencat.cat\/FormularisModels\/CentresGestioAcademica\/A1298.pdf\" target=\"_blank\" rel=\"noreferrer noopener\">Sol\u00b7licitud de convalidaci\u00f3 de mat\u00e8ries de la franja d&#8217;optatives de batxillerat basant-se en estudis cursats a l\u2019EOI\u00a0(CEO1)<\/a><\/li>\n\n\n\n<li><a href=\"https:\/\/documents.espai.educacio.gencat.cat\/FormularisModels\/CentresGestioAcademica\/A1299.pdf\" target=\"_blank\" rel=\"noreferrer noopener\">Certificat expedit per l\u2019EOI en qu\u00e8\u00a0s&#8217;acredita el curs de la segona llengua estrangera que\u00a0 cursa\u00a0 l\u2019alumne\/a\u00a0\u200b(CEO2)<\/a><\/li>\n<\/ul>\n\n\n\n<p><strong>Proc\u00e9s de convalidaci\u00f3<\/strong><\/p>\n\n\n\n<p>Abans del darrer dia lectiu del mes d\u2019octubre, l\u2019alumne o alumna presenta al centre on cursa el batxillerat,\u00a0la Sol\u00b7licitud i el\u00a0Certificat.<\/p>\n\n\n\n<p>El director o directora del centre resol la sol\u00b7licitud seguint el model de la <a href=\"https:\/\/documents.espai.educacio.gencat.cat\/FormularisModels\/CentresGestioAcademica\/A1297.pdf\" target=\"_blank\" rel=\"noreferrer noopener\">Resoluci\u00f3 per la qual es concedeix la convalidaci\u00f3 de mat\u00e8ries optatives de batxillerat basant-se en estudis de cursats en l\u2019EOI&nbsp;(CEO3)\u200b<\/a>.&nbsp;<\/p>\n\n\n\n<p>El centre notifica per escrit la resoluci\u00f3 a l\u2019alumne o alumna. En cas de disconformitat, s&#8217;hi pot presentar un recurs davant el director o directora dels serveis territorials o, a la ciutat de Barcelona, davant el o la gerent del Consorci d&#8217;Educaci\u00f3 en el termini de cinc dies h\u00e0bils a partir de l&#8217;endem\u00e0 de la notificaci\u00f3 de la resoluci\u00f3.<\/p>\n\n\n\n<p>Abans de l\u20191 de desembre del curs escolar corresponent, el centre de batxillerat envia, per valisa electr\u00f2nica, un exemplar de la resoluci\u00f3 a l\u2019EOI, per tal que l\u2019EOI tingui coneixement de la situaci\u00f3 de l\u2019alumne o alumna. Si es tracta d\u2019un centre privat, que no disposa d\u2019eValisa, la informaci\u00f3 s\u2019ha d\u2019enviar per petici\u00f3 gen\u00e8rica o com es consideri oport\u00fa.<\/p>\n\n\n\n<p>La convalidaci\u00f3 est\u00e0 condicionada a la valoraci\u00f3 favorable del seguiment de l&#8217;alumne o&nbsp; alumna i l\u2019aprofitament del curs a l&#8217;EOI, que cal documentar amb el&nbsp;<a href=\"https:\/\/documents.espai.educacio.gencat.cat\/FormularisModels\/CentresGestioAcademica\/A1301.pdf\">Certificat d\u2019aprofitament del nivell assolit expedit per la secretaria de l&#8217;EOI&nbsp;(CEO4)<\/a>.<\/p>\n\n\n\n<p>Durant la primera quinzena del mes de maig, l\u2019EOI ha de comunicar el resultat de l\u2019avaluaci\u00f3 al centre on l\u2019alumne o alumna estudia batxillerat, en qu\u00e8 es faci constar la menci\u00f3 \u201ccursat amb aprofitament\u201d o \u201ccursat sense aprofitament\u201d. L\u2019EOI ha d\u2019enviar aquesta informaci\u00f3 per valisa electr\u00f2nica. Si es tracta d\u2019un centre privat, que no disposa d\u2019eValisa, la informaci\u00f3 s\u2019ha d\u2019enviar per petici\u00f3 gen\u00e8rica o com es consideri oport\u00fa.\u200b<\/p>\n\n\n\n<p>La superaci\u00f3 d&#8217;aquesta avaluaci\u00f3 no suposa en cap cas l&#8217;obtenci\u00f3 del certificat. Si l&#8217;alumne o alumna est\u00e0 matriculat en un curs que condueix a l&#8217;obtenci\u00f3 del certificat, per obtenir-lo ha de fer igualment la prova ordin\u00e0ria en les dates previstes.<\/p>\n\n\n\n<p>Correspon al centre de secund\u00e0ria on es cursa el batxillerat fer el seguiment del proc\u00e9s de convalidaci\u00f3 de l&#8217;alumne o alumna.<\/p>\n\n\n\n<p>Correspon a l&#8217;EOI comunicar al centre de secund\u00e0ria i a l&#8217;alumne o alumna, o al pare, mare o tutor o tutora legal, en cas que sigui menor d&#8217;edat, les faltes d&#8217;assist\u00e8ncia continuades de l&#8217;alumne o alumna.\u200b<\/p>\n","protected":false},"excerpt":{"rendered":"<p>ESO A secund\u00e0ria, els alumnes que cursin una segona llengua estrangera que no s&#8217;ofereixien el centre educatiu i que ho facin en una escola oficial d&#8217;idiomes o en institucionsoficials o governamentals (com ara l&#8217;Institut Goethe, l&#8217;Institut Franc\u00e8s, l&#8217;Institut Itali\u00e0 deCultura o l&#8217;Institut Confuci, per exemple) poden sol\u00b7licitar-ne el reconeixement. Enaquests casos, l&#8217;alumne o alumna ha [&hellip;]<\/p>\n","protected":false},"author":1,"featured_media":0,"parent":14166,"menu_order":80,"comment_status":"closed","ping_status":"closed","template":"","meta":{"site-sidebar-layout":"default","site-content-layout":"","ast-site-content-layout":"default","site-content-style":"default","site-sidebar-style":"default","ast-global-header-display":"","ast-banner-title-visibility":"","ast-main-header-display":"","ast-hfb-above-header-display":"","ast-hfb-below-header-display":"","ast-hfb-mobile-header-display":"","site-post-title":"","ast-breadcrumbs-content":"","ast-featured-img":"","footer-sml-layout":"","theme-transparent-header-meta":"","adv-header-id-meta":"","stick-header-meta":"","header-above-stick-meta":"","header-main-stick-meta":"","header-below-stick-meta":"","astra-migrate-meta-layouts":"set","ast-page-background-enabled":"default","ast-page-background-meta":{"desktop":{"background-color":"var(--ast-global-color-4)","background-image":"","background-repeat":"repeat","background-position":"center center","background-size":"auto","background-attachment":"scroll","background-type":"","background-media":"","overlay-type":"","overlay-color":"","overlay-opacity":"","overlay-gradient":""},"tablet":{"background-color":"","background-image":"","background-repeat":"repeat","background-position":"center center","background-size":"auto","background-attachment":"scroll","background-type":"","background-media":"","overlay-type":"","overlay-color":"","overlay-opacity":"","overlay-gradient":""},"mobile":{"background-color":"","background-image":"","background-repeat":"repeat","background-position":"center center","background-size":"auto","background-attachment":"scroll","background-type":"","background-media":"","overlay-type":"","overlay-color":"","overlay-opacity":"","overlay-gradient":""}},"ast-content-background-meta":{"desktop":{"background-color":"var(--ast-global-color-5)","background-image":"","background-repeat":"repeat","background-position":"center center","background-size":"auto","background-attachment":"scroll","background-type":"","background-media":"","overlay-type":"","overlay-color":"","overlay-opacity":"","overlay-gradient":""},"tablet":{"background-color":"var(--ast-global-color-5)","background-image":"","background-repeat":"repeat","background-position":"center center","background-size":"auto","background-attachment":"scroll","background-type":"","background-media":"","overlay-type":"","overlay-color":"","overlay-opacity":"","overlay-gradient":""},"mobile":{"background-color":"var(--ast-global-color-5)","background-image":"","background-repeat":"repeat","background-position":"center center","background-size":"auto","background-attachment":"scroll","background-type":"","background-media":"","overlay-type":"","overlay-color":"","overlay-opacity":"","overlay-gradient":""}},"footnotes":""},"class_list":["post-14339","page","type-page","status-publish","hentry"],"post_mailing_queue_ids":[],"_links":{"self":[{"href":"https:\/\/agora-eoi.xtec.cat\/eoiterrassa\/wp-json\/wp\/v2\/pages\/14339","targetHints":{"allow":["GET"]}}],"collection":[{"href":"https:\/\/agora-eoi.xtec.cat\/eoiterrassa\/wp-json\/wp\/v2\/pages"}],"about":[{"href":"https:\/\/agora-eoi.xtec.cat\/eoiterrassa\/wp-json\/wp\/v2\/types\/page"}],"author":[{"embeddable":true,"href":"https:\/\/agora-eoi.xtec.cat\/eoiterrassa\/wp-json\/wp\/v2\/users\/1"}],"replies":[{"embeddable":true,"href":"https:\/\/agora-eoi.xtec.cat\/eoiterrassa\/wp-json\/wp\/v2\/comments?post=14339"}],"version-history":[{"count":6,"href":"https:\/\/agora-eoi.xtec.cat\/eoiterrassa\/wp-json\/wp\/v2\/pages\/14339\/revisions"}],"predecessor-version":[{"id":19752,"href":"https:\/\/agora-eoi.xtec.cat\/eoiterrassa\/wp-json\/wp\/v2\/pages\/14339\/revisions\/19752"}],"up":[{"embeddable":true,"href":"https:\/\/agora-eoi.xtec.cat\/eoiterrassa\/wp-json\/wp\/v2\/pages\/14166"}],"wp:attachment":[{"href":"https:\/\/agora-eoi.xtec.cat\/eoiterrassa\/wp-json\/wp\/v2\/media?parent=14339"}],"curies":[{"name":"wp","href":"https:\/\/api.w.org\/{rel}","templated":true}]}}