{"id":13921,"date":"2022-02-06T18:02:53","date_gmt":"2022-02-06T17:02:53","guid":{"rendered":"https:\/\/agora-eoi.xtec.cat\/eoiterrassa\/?page_id=13921"},"modified":"2025-09-24T18:22:50","modified_gmt":"2025-09-24T16:22:50","slug":"leoi-terrassa","status":"publish","type":"page","link":"https:\/\/agora-eoi.xtec.cat\/eoiterrassa\/les-escoles-oficials-didiomes\/leoi-terrassa\/","title":{"rendered":"L&#8217;EOI Terrassa"},"content":{"rendered":"\n<figure class=\"wp-block-image\"><img decoding=\"async\" src=\"https:\/\/agora-eoi.xtec.cat\/eoiterrassa\/wp-content\/uploads\/usu2242\/2022\/02\/fot-eoi.png\" alt=\"\"\/><\/figure>\n\n\n\n<p><\/p>\n\n\n\n<p>1. <a href=\"https:\/\/agora-eoi.xtec.cat\/eoiterrassa\/informacio-general\/presentacio\/\">Presentaci\u00f3 de l&#8217;escola<\/a><\/p>\n\n\n\n<p>2. <a href=\"https:\/\/agora-eoi.xtec.cat\/eoiterrassa\/informacio-general\/video-promocional\/\">Video promocional<\/a><\/p>\n\n\n\n<p>3. <a href=\"https:\/\/agora-eoi.xtec.cat\/eoiterrassa\/informacio-general\/entrevistes-al-professorat-en-motiu-del-30e-aniversari\/\">Entrevistes al professorat en motiu del 30\u00e8 aniversari<\/a><\/p>\n\n\n\n<p>4. <a href=\"https:\/\/agora-eoi.xtec.cat\/eoiterrassa\/informacio-general\/com-arribar-hi\/\">Com arribar-hi<\/a><\/p>\n\n\n\n<p>5. <a href=\"https:\/\/agora-eoi.xtec.cat\/eoiterrassa\/informacio-general\/horaris\/\">Horaris d&#8217;atenci\u00f3 i contactes<\/a><\/p>\n\n\n\n<p>6. <a href=\"https:\/\/agora-eoi.xtec.cat\/eoiterrassa\/les-escoles-oficials-didiomes\/organigrama-2\/\">Organigrama<\/a><\/p>\n\n\n\n<p><\/p>\n","protected":false},"excerpt":{"rendered":"<p>1. Presentaci\u00f3 de l&#8217;escola 2. Video promocional 3. Entrevistes al professorat en motiu del 30\u00e8 aniversari 4. Com arribar-hi 5. Horaris d&#8217;atenci\u00f3 i contactes 6. Organigrama<\/p>\n","protected":false},"author":1,"featured_media":0,"parent":13281,"menu_order":10,"comment_status":"closed","ping_status":"closed","template":"","meta":{"site-sidebar-layout":"default","site-content-layout":"","ast-site-content-layout":"default","site-content-style":"default","site-sidebar-style":"default","ast-global-header-display":"","ast-banner-title-visibility":"","ast-main-header-display":"","ast-hfb-above-header-display":"","ast-hfb-below-header-display":"","ast-hfb-mobile-header-display":"","site-post-title":"","ast-breadcrumbs-content":"","ast-featured-img":"","footer-sml-layout":"","theme-transparent-header-meta":"","adv-header-id-meta":"","stick-header-meta":"","header-above-stick-meta":"","header-main-stick-meta":"","header-below-stick-meta":"","astra-migrate-meta-layouts":"set","ast-page-background-enabled":"default","ast-page-background-meta":{"desktop":{"background-color":"var(--ast-global-color-4)","background-image":"","background-repeat":"repeat","background-position":"center center","background-size":"auto","background-attachment":"scroll","background-type":"","background-media":"","overlay-type":"","overlay-color":"","overlay-opacity":"","overlay-gradient":""},"tablet":{"background-color":"","background-image":"","background-repeat":"repeat","background-position":"center center","background-size":"auto","background-attachment":"scroll","background-type":"","background-media":"","overlay-type":"","overlay-color":"","overlay-opacity":"","overlay-gradient":""},"mobile":{"background-color":"","background-image":"","background-repeat":"repeat","background-position":"center center","background-size":"auto","background-attachment":"scroll","background-type":"","background-media":"","overlay-type":"","overlay-color":"","overlay-opacity":"","overlay-gradient":""}},"ast-content-background-meta":{"desktop":{"background-color":"var(--ast-global-color-5)","background-image":"","background-repeat":"repeat","background-position":"center center","background-size":"auto","background-attachment":"scroll","background-type":"","background-media":"","overlay-type":"","overlay-color":"","overlay-opacity":"","overlay-gradient":""},"tablet":{"background-color":"var(--ast-global-color-5)","background-image":"","background-repeat":"repeat","background-position":"center center","background-size":"auto","background-attachment":"scroll","background-type":"","background-media":"","overlay-type":"","overlay-color":"","overlay-opacity":"","overlay-gradient":""},"mobile":{"background-color":"var(--ast-global-color-5)","background-image":"","background-repeat":"repeat","background-position":"center center","background-size":"auto","background-attachment":"scroll","background-type":"","background-media":"","overlay-type":"","overlay-color":"","overlay-opacity":"","overlay-gradient":""}},"footnotes":""},"class_list":["post-13921","page","type-page","status-publish","hentry"],"post_mailing_queue_ids":[],"_links":{"self":[{"href":"https:\/\/agora-eoi.xtec.cat\/eoiterrassa\/wp-json\/wp\/v2\/pages\/13921","targetHints":{"allow":["GET"]}}],"collection":[{"href":"https:\/\/agora-eoi.xtec.cat\/eoiterrassa\/wp-json\/wp\/v2\/pages"}],"about":[{"href":"https:\/\/agora-eoi.xtec.cat\/eoiterrassa\/wp-json\/wp\/v2\/types\/page"}],"author":[{"embeddable":true,"href":"https:\/\/agora-eoi.xtec.cat\/eoiterrassa\/wp-json\/wp\/v2\/users\/1"}],"replies":[{"embeddable":true,"href":"https:\/\/agora-eoi.xtec.cat\/eoiterrassa\/wp-json\/wp\/v2\/comments?post=13921"}],"version-history":[{"count":6,"href":"https:\/\/agora-eoi.xtec.cat\/eoiterrassa\/wp-json\/wp\/v2\/pages\/13921\/revisions"}],"predecessor-version":[{"id":19190,"href":"https:\/\/agora-eoi.xtec.cat\/eoiterrassa\/wp-json\/wp\/v2\/pages\/13921\/revisions\/19190"}],"up":[{"embeddable":true,"href":"https:\/\/agora-eoi.xtec.cat\/eoiterrassa\/wp-json\/wp\/v2\/pages\/13281"}],"wp:attachment":[{"href":"https:\/\/agora-eoi.xtec.cat\/eoiterrassa\/wp-json\/wp\/v2\/media?parent=13921"}],"curies":[{"name":"wp","href":"https:\/\/api.w.org\/{rel}","templated":true}]}}