{"id":13631,"date":"2022-02-03T11:27:42","date_gmt":"2022-02-03T10:27:42","guid":{"rendered":"https:\/\/agora-eoi.xtec.cat\/eoiterrassa\/?page_id=13631"},"modified":"2025-05-14T13:26:23","modified_gmt":"2025-05-14T11:26:23","slug":"avis-legal","status":"publish","type":"page","link":"https:\/\/agora-eoi.xtec.cat\/eoiterrassa\/avis\/avis-legal\/","title":{"rendered":"Av\u00eds legal"},"content":{"rendered":"\n<div class=\"textwidget\">\n<p>En compliment del que preveu l\u2019article 10 de la llei 34\/2002, de 11 de juliol, de serveis de la societat de la informaci\u00f3 i comer\u00e7 electr\u00f2nic, s\u2019informa que https:\/\/agora-eoi.xtec.cat\/eoiterrassa \u00e9s un domini de l\u2019Escola Oficial d\u2019Idiomes de Terrassa (Generalitat de Catalunya, Departament d\u2019Educaci\u00f3 i de Formaci\u00f3 Professional) amb domicili social al C\/ Vic, 3, 08223, Terrassa, tel\u00e8fon +34 93 786 11 00 i fax +34 93 786 17 54, correu electr\u00f2nic general eoiterrassa@xtec.cat. L\u2019EOI Terrassa t\u00e9 el CIF Q5856378D.<\/p>\n<p>Condicions de pagament<\/p>\n<ol>\n<li>L\u2019EOI Terrassa no es dedica a la venta de productes i, per tant, no realitza enviaments, el client no pot retornar productes, ni \u00e9s possible cancelar comandes. S\u00ed que \u00e9s possible sol\u00b7licitar una devoluci\u00f3 del pagament.<\/li>\n<li>L\u2019import de la matr\u00edcula dona dret a l\u2019assist\u00e8ncia al curs matriculat i, en cas de nivells de certificaci\u00f3 (B1, B2, C1 i C2), tamb\u00e9 dona dret a la realitzaci\u00f3 d\u2019una prova de certificaci\u00f3 a final de curs.<\/li>\n<li>El preu pels serveis d\u2019acc\u00e9s a la plataforma i materials did\u00e0ctics dels ensenyaments d\u2019idiomes d\u00f3na dreta a accedir a la plataforma virtual i als materials did\u00e0ctics del curs matriculat.<\/li>\n<li>En cas de voler sol\u00b7licitar una devoluci\u00f3 de taxes o preus p\u00fablics cal consultar el punt 11 <em>Devoluci\u00f3 de taxes<\/em>, de l\u2019apartat <a href=\"https:\/\/agora-eoi.xtec.cat\/eoiterrassa\/matricula-2\/tramits-de-lalumnat\/\">Tr\u00e0mits de l\u2019alumnat<\/a> al web del centre.<\/li>\n<li>Els preus que es paguen a l\u2019EOI Terrassa, ja siguin taxes o preus p\u00fablics, estan regulats per les seg\u00fcents ordres:\n<ul>\n<li><strong>Taxes<\/strong>:\u00a0 ORDRE EDU\/80\/2020, d\u201911 de juny, per la qual es dona publicitat de les taxes vigents que gestiona el Departament d\u2019Educaci\u00f3 i Formaci\u00f3 Professional (<a href=\"http:\/\/cido.diba.cat\/legislacio\/10277912\/ordre-edu802020-d11-de-juny-per-la-qual-es-dona-publicitat-de-les-taxes-vigents-que-gestiona-el-departament-deducacio-departament-deducacio\">en aquest enlla\u00e7<\/a>).<\/li>\n<li><strong>Preus p\u00fablics<\/strong>:\u00a0 ORDRE ENS\/155\/2020, de 18 de setembre, per la qual se suprimeixen, es creen i s\u2019actualitzen els preus p\u00fablics i els imports de determinats ensenyaments i serveis docents de les escoles oficials d\u2019idiomes del Departament d\u2019Educaci\u00f3\u00a0i Formaci\u00f3 Professional (<a href=\"http:\/\/cido.diba.cat\/legislacio\/10658692\/ordre-edu1552020-de-18-de-setembre-per-la-qual-se-suprimeixen-es-creen-i-sactualitzen-els-preus-publics-i-els-imports-de-determinats-ensenyaments-i-serveis-docents-de-les-escoles-oficials-didiomes-del-departament-deducacio-departament-deducacio\">en aquest enlla\u00e7<\/a>).<\/li>\n<li><strong>Preus p\u00fablics<\/strong>: ORDRE EDU\/114\/2021, de 25 de maig, per la qual es modifica l\u2019Ordre EDU\/155\/2020, de 18 de setembre, per la qual se suprimeixen, es creen i s\u2019actualitzen els preus p\u00fablics i els imports de determinats ensenyaments i serveis docents de les escoles oficials d\u2019idiomes del Departament d\u2019Educaci\u00f3\u00a0i Formaci\u00f3 Professional (<a href=\"https:\/\/dogc.gencat.cat\/ca\/document-del-dogc\/?documentId=902034\">en aquest enlla\u00e7<\/a>).<\/li>\n<\/ul>\n<\/li>\n<li>D\u2019acord amb la Llei org\u00e0nica 2\/2006, de 3 de maig (<a href=\"https:\/\/www.boe.es\/buscar\/act.php?id=BOE-A-2006-7899\">en aquest enlla\u00e7<\/a>), d\u2019educaci\u00f3 els centres podran recollir les dades personals que siguin necess\u00e0ries per a l\u2019exercici de la funci\u00f3 educativa i orientadora, sense demanar-ne el consentiment. La incorporaci\u00f3 d\u2019un alumne a un centre educatiu implica el consentiment per al tractament de les seves dades i, quan escaigui, la cessi\u00f3 de dades procedents del centre on hagi estat escolaritzat anteriorment. Si l\u2019\u00fas de les dades no \u00e9s espec\u00edficament el de \u201cfunci\u00f3 educativa i orientadora\u201d o b\u00e9 les dades que es demanen no justifiquen aquesta funci\u00f3, cal demanar el consentiment de la persona interessada, o del seu representant en el cas dels menors.<\/li>\n<\/ol>\n<\/div>\n","protected":false},"excerpt":{"rendered":"<p>En compliment del que preveu l\u2019article 10 de la llei 34\/2002, de 11 de juliol, de serveis de la societat de la informaci\u00f3 i comer\u00e7 electr\u00f2nic, s\u2019informa que https:\/\/agora-eoi.xtec.cat\/eoiterrassa \u00e9s un domini de l\u2019Escola Oficial d\u2019Idiomes de Terrassa (Generalitat de Catalunya, Departament d\u2019Educaci\u00f3 i de Formaci\u00f3 Professional) amb domicili social al C\/ Vic, 3, 08223, [&hellip;]<\/p>\n","protected":false},"author":1,"featured_media":0,"parent":14157,"menu_order":10,"comment_status":"closed","ping_status":"closed","template":"","meta":{"site-sidebar-layout":"default","site-content-layout":"","ast-site-content-layout":"default","site-content-style":"default","site-sidebar-style":"default","ast-global-header-display":"","ast-banner-title-visibility":"","ast-main-header-display":"","ast-hfb-above-header-display":"","ast-hfb-below-header-display":"","ast-hfb-mobile-header-display":"","site-post-title":"","ast-breadcrumbs-content":"","ast-featured-img":"","footer-sml-layout":"","theme-transparent-header-meta":"","adv-header-id-meta":"","stick-header-meta":"","header-above-stick-meta":"","header-main-stick-meta":"","header-below-stick-meta":"","astra-migrate-meta-layouts":"set","ast-page-background-enabled":"default","ast-page-background-meta":{"desktop":{"background-color":"var(--ast-global-color-4)","background-image":"","background-repeat":"repeat","background-position":"center center","background-size":"auto","background-attachment":"scroll","background-type":"","background-media":"","overlay-type":"","overlay-color":"","overlay-opacity":"","overlay-gradient":""},"tablet":{"background-color":"","background-image":"","background-repeat":"repeat","background-position":"center center","background-size":"auto","background-attachment":"scroll","background-type":"","background-media":"","overlay-type":"","overlay-color":"","overlay-opacity":"","overlay-gradient":""},"mobile":{"background-color":"","background-image":"","background-repeat":"repeat","background-position":"center center","background-size":"auto","background-attachment":"scroll","background-type":"","background-media":"","overlay-type":"","overlay-color":"","overlay-opacity":"","overlay-gradient":""}},"ast-content-background-meta":{"desktop":{"background-color":"var(--ast-global-color-5)","background-image":"","background-repeat":"repeat","background-position":"center center","background-size":"auto","background-attachment":"scroll","background-type":"","background-media":"","overlay-type":"","overlay-color":"","overlay-opacity":"","overlay-gradient":""},"tablet":{"background-color":"var(--ast-global-color-5)","background-image":"","background-repeat":"repeat","background-position":"center center","background-size":"auto","background-attachment":"scroll","background-type":"","background-media":"","overlay-type":"","overlay-color":"","overlay-opacity":"","overlay-gradient":""},"mobile":{"background-color":"var(--ast-global-color-5)","background-image":"","background-repeat":"repeat","background-position":"center center","background-size":"auto","background-attachment":"scroll","background-type":"","background-media":"","overlay-type":"","overlay-color":"","overlay-opacity":"","overlay-gradient":""}},"footnotes":""},"class_list":["post-13631","page","type-page","status-publish","hentry"],"post_mailing_queue_ids":[],"_links":{"self":[{"href":"https:\/\/agora-eoi.xtec.cat\/eoiterrassa\/wp-json\/wp\/v2\/pages\/13631","targetHints":{"allow":["GET"]}}],"collection":[{"href":"https:\/\/agora-eoi.xtec.cat\/eoiterrassa\/wp-json\/wp\/v2\/pages"}],"about":[{"href":"https:\/\/agora-eoi.xtec.cat\/eoiterrassa\/wp-json\/wp\/v2\/types\/page"}],"author":[{"embeddable":true,"href":"https:\/\/agora-eoi.xtec.cat\/eoiterrassa\/wp-json\/wp\/v2\/users\/1"}],"replies":[{"embeddable":true,"href":"https:\/\/agora-eoi.xtec.cat\/eoiterrassa\/wp-json\/wp\/v2\/comments?post=13631"}],"version-history":[{"count":6,"href":"https:\/\/agora-eoi.xtec.cat\/eoiterrassa\/wp-json\/wp\/v2\/pages\/13631\/revisions"}],"predecessor-version":[{"id":18429,"href":"https:\/\/agora-eoi.xtec.cat\/eoiterrassa\/wp-json\/wp\/v2\/pages\/13631\/revisions\/18429"}],"up":[{"embeddable":true,"href":"https:\/\/agora-eoi.xtec.cat\/eoiterrassa\/wp-json\/wp\/v2\/pages\/14157"}],"wp:attachment":[{"href":"https:\/\/agora-eoi.xtec.cat\/eoiterrassa\/wp-json\/wp\/v2\/media?parent=13631"}],"curies":[{"name":"wp","href":"https:\/\/api.w.org\/{rel}","templated":true}]}}