{"id":13530,"date":"2022-01-13T11:28:31","date_gmt":"2022-01-13T10:28:31","guid":{"rendered":"https:\/\/agora-eoi.xtec.cat\/eoiterrassa\/?page_id=13530"},"modified":"2026-03-25T13:24:14","modified_gmt":"2026-03-25T12:24:14","slug":"carrec-de-coordinacio","status":"publish","type":"page","link":"https:\/\/agora-eoi.xtec.cat\/eoiterrassa\/les-escoles-oficials-didiomes\/organigrama-2\/carrec-de-coordinacio\/","title":{"rendered":"C\u00e0rrecs de coordinaci\u00f3"},"content":{"rendered":"<h5><strong>DEPARTAMENTS<\/strong><\/h5>\n<ul>\n<li><span style=\"color: #000000;\">Alemany &#8211; <b>dptalemany@eoiterrassa.cat\u00a0<\/b><br \/><\/span><\/li>\n<\/ul>\n<p><span style=\"color: #000000;\">Cap de departament: Carmen Bogner (Maria P\u00e9rez en funcions)<\/span><\/p>\n<ul>\n<li><span style=\"color: #000000;\">Angl\u00e8s &#8211; <b>dptangles@eoiterrassa.cat <\/b><br \/><\/span><\/li>\n<\/ul>\n<p><span style=\"color: #000000;\">Cap de departament: Natalia L\u00f3pez (S\u00f2nia Gonz\u00e1lez en funcions)<\/span><\/p>\n<p><span style=\"color: #000000;\">Cap adjunt: Carmen Fern\u00e1ndez<b><\/b><\/span><\/p>\n<ul>\n<li><span style=\"color: #000000;\">\u00c0rab &#8211; <b>dptarab@eoiterrassa.cat <\/b><br \/><\/span><\/li>\n<\/ul>\n<p><span style=\"color: #000000;\">Cap de Departament: \u00c0lex Queralt\u00f3<\/span><\/p>\n<ul>\n<li><span style=\"color: #000000;\">Catal\u00e0 &#8211; <strong>dptcatala@eoiterrassa.cat<\/strong><\/span><\/li>\n<\/ul>\n<p><span style=\"color: #000000;\">Cap de Departament: Sandra Moscoso<\/span><\/p>\n<ul>\n<li><span style=\"color: #0000ff;\"><span style=\"color: #000000;\">Franc\u00e8s &#8211; <b>dptfrances@eoiterrassa.cat<\/b><\/span><br \/><\/span><\/li>\n<\/ul>\n<p>Cap de Departament: Edith de La Marnierre<\/p>\n<ul>\n<li><span style=\"color: #000000;\">Itali\u00e0 &#8211; <b>dptitalia@eoiterrassa.cat<\/b><\/span><span style=\"color: #0000ff;\"><br \/><\/span><\/li>\n<\/ul>\n<p>Cap de Departament: Antonietta Vinciguerra (Pere Crespo en funcions)<\/p>\n<h5><strong>COORDINACI\u00d3 DIGITAL<\/strong><\/h5>\n<p>S\u00f2nia Acebo (coordigital@eoiterrassa.cat)<\/p>\n<h5><strong>COORDINACI\u00d3 DE PREVENCI\u00d3 DE RISCOS LABORALS<\/strong><\/h5>\n<p>Eva de Francisco (edefrancisco@eoiterrassa.cat)<\/p>\n<h5><strong>COORDINACI\u00d3 LING\u00dc\u00cdSTICA<\/strong><\/h5>\n<p>Stefania Fantauzzi (sfantauzzi@eoiterrassa.cat)<\/p>\n<h5><strong>COORDINACI\u00d3 EN COEDUCACI\u00d3, CONVIV\u00c8NCIA I BENESTAR\u00a0<\/strong><\/h5>\n<p>Lucia Bonet (lbonet@eoiterrassa.cat)<\/p>\n\n\n<p><\/p>\n","protected":false},"excerpt":{"rendered":"<p>DEPARTAMENTS Alemany &#8211; dptalemany@eoiterrassa.cat\u00a0 Cap de departament: Carmen Bogner (Maria P\u00e9rez en funcions) Angl\u00e8s &#8211; dptangles@eoiterrassa.cat Cap de departament: Natalia L\u00f3pez (S\u00f2nia Gonz\u00e1lez en funcions) Cap adjunt: Carmen Fern\u00e1ndez \u00c0rab &#8211; dptarab@eoiterrassa.cat Cap de Departament: \u00c0lex Queralt\u00f3 Catal\u00e0 &#8211; dptcatala@eoiterrassa.cat Cap de Departament: Sandra Moscoso Franc\u00e8s &#8211; dptfrances@eoiterrassa.cat Cap de Departament: Edith de La Marnierre [&hellip;]<\/p>\n","protected":false},"author":1,"featured_media":0,"parent":13524,"menu_order":20,"comment_status":"closed","ping_status":"closed","template":"","meta":{"site-sidebar-layout":"default","site-content-layout":"","ast-site-content-layout":"default","site-content-style":"default","site-sidebar-style":"default","ast-global-header-display":"","ast-banner-title-visibility":"","ast-main-header-display":"","ast-hfb-above-header-display":"","ast-hfb-below-header-display":"","ast-hfb-mobile-header-display":"","site-post-title":"","ast-breadcrumbs-content":"","ast-featured-img":"","footer-sml-layout":"","theme-transparent-header-meta":"","adv-header-id-meta":"","stick-header-meta":"","header-above-stick-meta":"","header-main-stick-meta":"","header-below-stick-meta":"","astra-migrate-meta-layouts":"set","ast-page-background-enabled":"default","ast-page-background-meta":{"desktop":{"background-color":"var(--ast-global-color-4)","background-image":"","background-repeat":"repeat","background-position":"center center","background-size":"auto","background-attachment":"scroll","background-type":"","background-media":"","overlay-type":"","overlay-color":"","overlay-opacity":"","overlay-gradient":""},"tablet":{"background-color":"","background-image":"","background-repeat":"repeat","background-position":"center center","background-size":"auto","background-attachment":"scroll","background-type":"","background-media":"","overlay-type":"","overlay-color":"","overlay-opacity":"","overlay-gradient":""},"mobile":{"background-color":"","background-image":"","background-repeat":"repeat","background-position":"center center","background-size":"auto","background-attachment":"scroll","background-type":"","background-media":"","overlay-type":"","overlay-color":"","overlay-opacity":"","overlay-gradient":""}},"ast-content-background-meta":{"desktop":{"background-color":"var(--ast-global-color-5)","background-image":"","background-repeat":"repeat","background-position":"center center","background-size":"auto","background-attachment":"scroll","background-type":"","background-media":"","overlay-type":"","overlay-color":"","overlay-opacity":"","overlay-gradient":""},"tablet":{"background-color":"var(--ast-global-color-5)","background-image":"","background-repeat":"repeat","background-position":"center center","background-size":"auto","background-attachment":"scroll","background-type":"","background-media":"","overlay-type":"","overlay-color":"","overlay-opacity":"","overlay-gradient":""},"mobile":{"background-color":"var(--ast-global-color-5)","background-image":"","background-repeat":"repeat","background-position":"center center","background-size":"auto","background-attachment":"scroll","background-type":"","background-media":"","overlay-type":"","overlay-color":"","overlay-opacity":"","overlay-gradient":""}},"footnotes":""},"class_list":["post-13530","page","type-page","status-publish","hentry"],"post_mailing_queue_ids":[],"_links":{"self":[{"href":"https:\/\/agora-eoi.xtec.cat\/eoiterrassa\/wp-json\/wp\/v2\/pages\/13530","targetHints":{"allow":["GET"]}}],"collection":[{"href":"https:\/\/agora-eoi.xtec.cat\/eoiterrassa\/wp-json\/wp\/v2\/pages"}],"about":[{"href":"https:\/\/agora-eoi.xtec.cat\/eoiterrassa\/wp-json\/wp\/v2\/types\/page"}],"author":[{"embeddable":true,"href":"https:\/\/agora-eoi.xtec.cat\/eoiterrassa\/wp-json\/wp\/v2\/users\/1"}],"replies":[{"embeddable":true,"href":"https:\/\/agora-eoi.xtec.cat\/eoiterrassa\/wp-json\/wp\/v2\/comments?post=13530"}],"version-history":[{"count":6,"href":"https:\/\/agora-eoi.xtec.cat\/eoiterrassa\/wp-json\/wp\/v2\/pages\/13530\/revisions"}],"predecessor-version":[{"id":20582,"href":"https:\/\/agora-eoi.xtec.cat\/eoiterrassa\/wp-json\/wp\/v2\/pages\/13530\/revisions\/20582"}],"up":[{"embeddable":true,"href":"https:\/\/agora-eoi.xtec.cat\/eoiterrassa\/wp-json\/wp\/v2\/pages\/13524"}],"wp:attachment":[{"href":"https:\/\/agora-eoi.xtec.cat\/eoiterrassa\/wp-json\/wp\/v2\/media?parent=13530"}],"curies":[{"name":"wp","href":"https:\/\/api.w.org\/{rel}","templated":true}]}}