{"id":13371,"date":"2021-10-26T13:57:22","date_gmt":"2021-10-26T11:57:22","guid":{"rendered":"https:\/\/agora-eoi.xtec.cat\/eoiterrassa\/?page_id=13371"},"modified":"2025-07-15T13:03:12","modified_gmt":"2025-07-15T11:03:12","slug":"antic-i-nou-alumnat","status":"publish","type":"page","link":"https:\/\/agora-eoi.xtec.cat\/eoiterrassa\/matricula-2\/matricula\/antic-i-nou-alumnat\/","title":{"rendered":"Antic alumnat"},"content":{"rendered":"<p>Antic alumnat:\u00a0 qualsevol persona matriculada en un curs oficial d\u2019un idioma en aquesta escola l\u2019any acad\u00e8mic immediatament anterior.<\/p>\n<p>La matr\u00edcula d\u2019antics alumnes es realitza on-line durant la primera quinzena del mes de juliol de cada any. Consulteu el nostre web per informaci\u00f3 m\u00e9s espec\u00edfica.<\/p>\n<p>Per formalitzar la matr\u00edcula cal que entreu a l&#8217;\u00c0rea d\u2019alumnat del web de l\u2019EOI Terrassa (o cliqueu aquest <a href=\"https:\/\/www.informaticacentros.com\/centrosnet\/ultralogin.php?tcentro=EOI&amp;centro=b05\">enlla\u00e7<\/a>) i seguiu les instruccions.<\/p>\n<p>Recordeu que teniu a la vostra disposici\u00f3, uns tutorials per ajudar-vos a moure-us dins l\u2019\u00c0rea d\u2019alumnat:<span style=\"text-decoration: underline;\"><strong> <a href=\"https:\/\/agora-eoi.xtec.cat\/eoiterrassa\/serveis\/tutorials-dajuda-area-alumnat\/\">AQU\u00cd<\/a><\/strong><\/span><\/p>\n\n\n<p><\/p>\n","protected":false},"excerpt":{"rendered":"<p>Antic alumnat:\u00a0 qualsevol persona matriculada en un curs oficial d\u2019un idioma en aquesta escola l\u2019any acad\u00e8mic immediatament anterior. La matr\u00edcula d\u2019antics alumnes es realitza on-line durant la primera quinzena del mes de juliol de cada any. Consulteu el nostre web per informaci\u00f3 m\u00e9s espec\u00edfica. Per formalitzar la matr\u00edcula cal que entreu a l&#8217;\u00c0rea d\u2019alumnat del [&hellip;]<\/p>\n","protected":false},"author":1,"featured_media":0,"parent":11864,"menu_order":10,"comment_status":"closed","ping_status":"closed","template":"","meta":{"site-sidebar-layout":"default","site-content-layout":"","ast-site-content-layout":"default","site-content-style":"default","site-sidebar-style":"default","ast-global-header-display":"","ast-banner-title-visibility":"","ast-main-header-display":"","ast-hfb-above-header-display":"","ast-hfb-below-header-display":"","ast-hfb-mobile-header-display":"","site-post-title":"","ast-breadcrumbs-content":"","ast-featured-img":"","footer-sml-layout":"","theme-transparent-header-meta":"","adv-header-id-meta":"","stick-header-meta":"","header-above-stick-meta":"","header-main-stick-meta":"","header-below-stick-meta":"","astra-migrate-meta-layouts":"set","ast-page-background-enabled":"default","ast-page-background-meta":{"desktop":{"background-color":"var(--ast-global-color-4)","background-image":"","background-repeat":"repeat","background-position":"center center","background-size":"auto","background-attachment":"scroll","background-type":"","background-media":"","overlay-type":"","overlay-color":"","overlay-opacity":"","overlay-gradient":""},"tablet":{"background-color":"","background-image":"","background-repeat":"repeat","background-position":"center center","background-size":"auto","background-attachment":"scroll","background-type":"","background-media":"","overlay-type":"","overlay-color":"","overlay-opacity":"","overlay-gradient":""},"mobile":{"background-color":"","background-image":"","background-repeat":"repeat","background-position":"center center","background-size":"auto","background-attachment":"scroll","background-type":"","background-media":"","overlay-type":"","overlay-color":"","overlay-opacity":"","overlay-gradient":""}},"ast-content-background-meta":{"desktop":{"background-color":"var(--ast-global-color-5)","background-image":"","background-repeat":"repeat","background-position":"center center","background-size":"auto","background-attachment":"scroll","background-type":"","background-media":"","overlay-type":"","overlay-color":"","overlay-opacity":"","overlay-gradient":""},"tablet":{"background-color":"var(--ast-global-color-5)","background-image":"","background-repeat":"repeat","background-position":"center center","background-size":"auto","background-attachment":"scroll","background-type":"","background-media":"","overlay-type":"","overlay-color":"","overlay-opacity":"","overlay-gradient":""},"mobile":{"background-color":"var(--ast-global-color-5)","background-image":"","background-repeat":"repeat","background-position":"center center","background-size":"auto","background-attachment":"scroll","background-type":"","background-media":"","overlay-type":"","overlay-color":"","overlay-opacity":"","overlay-gradient":""}},"footnotes":""},"class_list":["post-13371","page","type-page","status-publish","hentry"],"post_mailing_queue_ids":[],"_links":{"self":[{"href":"https:\/\/agora-eoi.xtec.cat\/eoiterrassa\/wp-json\/wp\/v2\/pages\/13371","targetHints":{"allow":["GET"]}}],"collection":[{"href":"https:\/\/agora-eoi.xtec.cat\/eoiterrassa\/wp-json\/wp\/v2\/pages"}],"about":[{"href":"https:\/\/agora-eoi.xtec.cat\/eoiterrassa\/wp-json\/wp\/v2\/types\/page"}],"author":[{"embeddable":true,"href":"https:\/\/agora-eoi.xtec.cat\/eoiterrassa\/wp-json\/wp\/v2\/users\/1"}],"replies":[{"embeddable":true,"href":"https:\/\/agora-eoi.xtec.cat\/eoiterrassa\/wp-json\/wp\/v2\/comments?post=13371"}],"version-history":[{"count":6,"href":"https:\/\/agora-eoi.xtec.cat\/eoiterrassa\/wp-json\/wp\/v2\/pages\/13371\/revisions"}],"predecessor-version":[{"id":18885,"href":"https:\/\/agora-eoi.xtec.cat\/eoiterrassa\/wp-json\/wp\/v2\/pages\/13371\/revisions\/18885"}],"up":[{"embeddable":true,"href":"https:\/\/agora-eoi.xtec.cat\/eoiterrassa\/wp-json\/wp\/v2\/pages\/11864"}],"wp:attachment":[{"href":"https:\/\/agora-eoi.xtec.cat\/eoiterrassa\/wp-json\/wp\/v2\/media?parent=13371"}],"curies":[{"name":"wp","href":"https:\/\/api.w.org\/{rel}","templated":true}]}}