{"id":13368,"date":"2021-10-26T13:42:20","date_gmt":"2021-10-26T11:42:20","guid":{"rendered":"https:\/\/agora-eoi.xtec.cat\/eoiterrassa\/?page_id=13368"},"modified":"2023-02-27T13:01:45","modified_gmt":"2023-02-27T12:01:45","slug":"informacions-cursos-monografics","status":"publish","type":"page","link":"https:\/\/agora-eoi.xtec.cat\/eoiterrassa\/cursos-especials\/informacions-cursos-monografics\/","title":{"rendered":"Informacions cursos especials"},"content":{"rendered":"<p>D&#8217;acord amb la disposici\u00f3 addicional primera del <em>Decret 4\/2009, de 13 de gener,<\/em> i segons el que determini el Departament d&#8217;Educaci\u00f3, les escoles oficials d&#8217;idiomes poden impartir cursos especials per perfeccionar compet\u00e8ncies en idiomes o per aprofundir en aspectes socioculturals vinculats a les lleng\u00fces que s&#8217;hi imparteixen. Els centres han de vetllar per garantir la qualitat dels cursos especials. Els cursos especials es poden autoritzar com a activitats de formaci\u00f3 permanent del professorat del Departament d&#8217;Educaci\u00f3, segons els par\u00e0metres establerts.<\/p>\n<p><b>CURSOS MONOGR\u00c0FICS<\/b><\/p>\n<p><span style=\"font-weight: 400;\">Els cursos monogr\u00e0fics s\u00f3n cursos d&#8217;especialitzaci\u00f3 que poden tractar els aspectes seg\u00fcents:\u00a0<\/span><\/p>\n<ul>\n<li aria-level=\"1\">Llenguatge d&#8217;especialitat (llenguatge m\u00e8dic, jur\u00eddic, administratiu, etc.).<\/li>\n<li aria-level=\"1\">Aspectes socioculturals relacionats amb la llengua d&#8217;estudi (cinema, literatura, hist\u00f2ria, civilitzaci\u00f3, etc.).<\/li>\n<\/ul>\n<p><span style=\"font-weight: 400;\">Per poder accedir als cursos monogr\u00e0fics cal tenir, com a m\u00ednim, un certificat equivalent al nivell B2 del MECR. En cas que els continguts del curs no requereixin coneixements ling\u00fc\u00edstics de la franja B2 del MERC, els centres poden sol\u00b7licitar de forma justificada que el requisit m\u00ednim de llengua sigui un certificat equivalent al nivell B1 del MERC. Els cursos d&#8217;aspectes socioculturals es podran adre\u00e7ar a persones sense coneixements previs de la llengua. Els cursos monogr\u00e0fics d&#8217;especialitzaci\u00f3 es poden impartir a l&#8217;estiu o b\u00e9 durant l&#8217;any, amb una durada m\u00ednima de 30 hores i m\u00e0xima de 45, d&#8217;entre els idiomes impartits a l&#8217;escola que els organitzi.<\/span><\/p>\n<p><span style=\"font-weight: 400;\">Els cursos monogr\u00e0fics es poden fer en les modalitats presencial, semipresencial o en l\u00ednia.<\/span><\/p>\n<p><span style=\"font-weight: 400;\">Els cursos monogr\u00e0fics en l\u00ednia es podran autoritzar sempre que compleixin les condicions seg\u00fcents:<\/span><\/p>\n<ul>\n<li style=\"font-weight: 400;\" aria-level=\"1\"><span style=\"font-weight: 400;\">S&#8217;organitzin amb una distribuci\u00f3 hor\u00e0ria d&#8217;un m\u00e0xim de 10 hores setmanals.<\/span><\/li>\n<li style=\"font-weight: 400;\" aria-level=\"1\"><span style=\"font-weight: 400;\">S&#8217;organitzin amb sessions s\u00edncrones o amb una combinaci\u00f3 de sessions s\u00edncrones i as\u00edncrones.<\/span><\/li>\n<li style=\"font-weight: 400;\" aria-level=\"1\"><span style=\"font-weight: 400;\">Les sessions s\u00edncrones no superin els 120 minuts de durada.<\/span><\/li>\n<\/ul>\n<p><strong>CURSOS DE LLENGUA INSTRUMENTAL<\/strong><\/p>\n<p>Els cursos de llengua instrumental tenen com objectiu el coneixement general de la llengua, el treball espec\u00edfic per destreses, l&#8217;actualitzaci\u00f3 ling\u00fc\u00edstica o el perfeccionament de l&#8217;idioma. Els cursos de llengua instrumental es poden impartir a l&#8217;estiu o b\u00e9 durant el curs acad\u00e8mic, amb una durada m\u00ednima de 30 hores i m\u00e0xima de 90. Tamb\u00e9 es consideren cursos de llengua instrumental els preparatoris per a les proves de certificaci\u00f3 de les EOI, que tenen una durada m\u00ednima de 15 hores i m\u00e0xima de 30. El p\u00fablic destinatari no poden ser alumnes d&#8217;EOI de la llengua del curs.<br \/>\nL&#8217;oferta de cursos de llengua instrumental pot ser la seg\u00fcent:<\/p>\n<ul>\n<li>Cursos generals de llengua (sempre que no tinguin els mateixos objectius, continguts i durada que els cursos reglats).<\/li>\n<li>Treball espec\u00edfic per destreses (per exemple, conversa, pronunciaci\u00f3, etc.)<\/li>\n<li>Actualitzaci\u00f3 i perfeccionament ling\u00fc\u00edstic (per exemple, A2+, B2+).<\/li>\n<li>Cursos d&#8217;un idioma no implantat de manera oficial, sempre que n&#8217;hi hagi demanda i no estigui en compet\u00e8ncia amb les escoles de la mateixa zona.<\/li>\n<li>Cursos de preparaci\u00f3 per a les proves de B1, B2, C1 i C2 de les EOI.<\/li>\n<li>Cursos d&#8217;\u00e0mbit general amb finalitats espec\u00edfiques (per exemple, angl\u00e8s per viatjar, rus per al comer\u00e7 i la restauraci\u00f3, etc.).<\/li>\n<li>Cursos per a col\u00b7lectius espec\u00edfics (per exemple, joves d&#8217;entre 14 i 16 anys).<\/li>\n<\/ul>\n<p>El document de refer\u00e8ncia amb els objectius i els continguts dels cursos de llengua instrumental \u00e9s el Decret 4\/2009, de 13 de gener, pel qual s&#8217;estableix l&#8217;ordenaci\u00f3 i el<br \/>\ncurr\u00edculum dels ensenyaments d&#8217;idiomes de r\u00e8gim especial.<\/p>\n<p>Els cursos de llengua instrumental es poden impartir en modalitat presencial o semipresencial. Els cursos de llengua instrumental semipresencials es podran autoritzar sempre que compleixin les condicions seg\u00fcents:<\/p>\n<ul>\n<li>Com a m\u00ednim, el 50 % de les sessions han de ser presencials al centre.<\/li>\n<li>La resta de les sessions han de ser en l\u00ednia: s\u00edncrones o as\u00edncrones.<\/li>\n<li>Les sessions s\u00edncrones no han de superar els 120 minuts de durada.<\/li>\n<\/ul>\n<p><strong>Certificats d&#8217;assist\u00e8ncia<\/strong><br \/>\nEn el cas que no obtinguin un certificat d&#8217;assoliment, els i les alumnes que assisteixen a un 80 % de les classes poden sol\u00b7licitar un certificat d&#8217;assist\u00e8ncia.<\/p>\n<p>&nbsp;<\/p>\n<p><strong>CURSOS D&#8217;ESTIU<\/strong><\/p>\n<p>Els cursos d&#8217;estiu s\u00f3n considerats com a monogr\u00e0fics si tracten d&#8217;algun aspecte concret (m\u00fasica, literatura, etc) i si s\u00f3n per a nivell superior a B2. Sin\u00f3 son considerats cursos de llengua instrumental.\u00a0L&#8217;edat\u00a0m\u00ednima per estudiar cursos d&#8217;estiu EOI \u00e9s la seg\u00fcent:<\/p>\n<p style=\"font-weight: 400;\">Si s\u00f3n cursos monogr\u00e0fics:<\/p>\n<ul>\n<li style=\"font-weight: 400;\">per a qualsevol llengua cal haver complert els 16 anys (o fer-los l\u2019any natural en qu\u00e8 s\u2019efectua la matr\u00edcula)<\/li>\n<li style=\"font-weight: 400;\">per a una llengua diferent de la cursada com a primera llengua estrangera a l\u2019educaci\u00f3 secund\u00e0ria obligat\u00f2ria cal\u00a0haver complert els 14 anys<\/li>\n<\/ul>\n<p style=\"font-weight: 400;\">Si s\u00f3n cursos instrumentals cal haver complert els 14 anys.<\/p>\n","protected":false},"excerpt":{"rendered":"<p>D&#8217;acord amb la disposici\u00f3 addicional primera del Decret 4\/2009, de 13 de gener, i segons el que determini el Departament d&#8217;Educaci\u00f3, les escoles oficials d&#8217;idiomes poden impartir cursos especials per perfeccionar compet\u00e8ncies en idiomes o per aprofundir en aspectes socioculturals vinculats a les lleng\u00fces que s&#8217;hi imparteixen. Els centres han de vetllar per garantir la [&hellip;]<\/p>\n","protected":false},"author":1,"featured_media":0,"parent":14219,"menu_order":10,"comment_status":"closed","ping_status":"closed","template":"page-templates\/side-menu.php","meta":{"site-sidebar-layout":"default","site-content-layout":"","ast-site-content-layout":"","site-content-style":"default","site-sidebar-style":"default","ast-global-header-display":"","ast-banner-title-visibility":"","ast-main-header-display":"","ast-hfb-above-header-display":"","ast-hfb-below-header-display":"","ast-hfb-mobile-header-display":"","site-post-title":"","ast-breadcrumbs-content":"","ast-featured-img":"","footer-sml-layout":"","theme-transparent-header-meta":"","adv-header-id-meta":"","stick-header-meta":"","header-above-stick-meta":"","header-main-stick-meta":"","header-below-stick-meta":"","astra-migrate-meta-layouts":"default","ast-page-background-enabled":"default","ast-page-background-meta":{"desktop":{"background-color":"var(--ast-global-color-4)","background-image":"","background-repeat":"repeat","background-position":"center center","background-size":"auto","background-attachment":"scroll","background-type":"","background-media":"","overlay-type":"","overlay-color":"","overlay-opacity":"","overlay-gradient":""},"tablet":{"background-color":"","background-image":"","background-repeat":"repeat","background-position":"center center","background-size":"auto","background-attachment":"scroll","background-type":"","background-media":"","overlay-type":"","overlay-color":"","overlay-opacity":"","overlay-gradient":""},"mobile":{"background-color":"","background-image":"","background-repeat":"repeat","background-position":"center center","background-size":"auto","background-attachment":"scroll","background-type":"","background-media":"","overlay-type":"","overlay-color":"","overlay-opacity":"","overlay-gradient":""}},"ast-content-background-meta":{"desktop":{"background-color":"var(--ast-global-color-5)","background-image":"","background-repeat":"repeat","background-position":"center center","background-size":"auto","background-attachment":"scroll","background-type":"","background-media":"","overlay-type":"","overlay-color":"","overlay-opacity":"","overlay-gradient":""},"tablet":{"background-color":"var(--ast-global-color-5)","background-image":"","background-repeat":"repeat","background-position":"center center","background-size":"auto","background-attachment":"scroll","background-type":"","background-media":"","overlay-type":"","overlay-color":"","overlay-opacity":"","overlay-gradient":""},"mobile":{"background-color":"var(--ast-global-color-5)","background-image":"","background-repeat":"repeat","background-position":"center center","background-size":"auto","background-attachment":"scroll","background-type":"","background-media":"","overlay-type":"","overlay-color":"","overlay-opacity":"","overlay-gradient":""}},"footnotes":""},"class_list":["post-13368","page","type-page","status-publish","hentry"],"post_mailing_queue_ids":[],"_links":{"self":[{"href":"https:\/\/agora-eoi.xtec.cat\/eoiterrassa\/wp-json\/wp\/v2\/pages\/13368","targetHints":{"allow":["GET"]}}],"collection":[{"href":"https:\/\/agora-eoi.xtec.cat\/eoiterrassa\/wp-json\/wp\/v2\/pages"}],"about":[{"href":"https:\/\/agora-eoi.xtec.cat\/eoiterrassa\/wp-json\/wp\/v2\/types\/page"}],"author":[{"embeddable":true,"href":"https:\/\/agora-eoi.xtec.cat\/eoiterrassa\/wp-json\/wp\/v2\/users\/1"}],"replies":[{"embeddable":true,"href":"https:\/\/agora-eoi.xtec.cat\/eoiterrassa\/wp-json\/wp\/v2\/comments?post=13368"}],"version-history":[{"count":4,"href":"https:\/\/agora-eoi.xtec.cat\/eoiterrassa\/wp-json\/wp\/v2\/pages\/13368\/revisions"}],"predecessor-version":[{"id":15410,"href":"https:\/\/agora-eoi.xtec.cat\/eoiterrassa\/wp-json\/wp\/v2\/pages\/13368\/revisions\/15410"}],"up":[{"embeddable":true,"href":"https:\/\/agora-eoi.xtec.cat\/eoiterrassa\/wp-json\/wp\/v2\/pages\/14219"}],"wp:attachment":[{"href":"https:\/\/agora-eoi.xtec.cat\/eoiterrassa\/wp-json\/wp\/v2\/media?parent=13368"}],"curies":[{"name":"wp","href":"https:\/\/api.w.org\/{rel}","templated":true}]}}