{"id":13342,"date":"2021-10-19T13:20:48","date_gmt":"2021-10-19T11:20:48","guid":{"rendered":"https:\/\/agora-eoi.xtec.cat\/eoiterrassa\/?page_id=13342"},"modified":"2025-06-19T16:01:14","modified_gmt":"2025-06-19T14:01:14","slug":"taula-dequivalencies-de-certificats-i-diplomes-en-llengues-estrangeres","status":"publish","type":"page","link":"https:\/\/agora-eoi.xtec.cat\/eoiterrassa\/matricula-2\/matricula\/taula-dequivalencies-de-certificats-i-diplomes-en-llengues-estrangeres\/","title":{"rendered":"Equival\u00e8ncies de t\u00edtols i nivells"},"content":{"rendered":"\n<p>Pots accedir a A2, B1, B2.1 o B2.2, o al curs de nivell C1 d&#8217;escola oficial d&#8217;idiomes sense fer el test de nivell en cas de tenir alguna de les acreditacions seg\u00fcents (pots presentar-ne la documentaci\u00f3 acreditativa en el moment de fer la preinscripci\u00f3, i la pots presentar presencialment o b\u00e9 en l\u00ednia a l&#8217;aplicaci\u00f3 de preinscripci\u00f3):<\/p>\n\n\n\n<ul class=\"wp-block-list\">\n<li><strong>Acc\u00e9s per curs d&#8217;estiu d&#8217;escola oficial d&#8217;idiomes<\/strong>. Si s&#8217;ha cursat i aprovat un curs d&#8217;estiu d&#8217;un m\u00ednim de 60 hores el juliol de 2023 es podr\u00e0 accedir al mateix curs per completar el nivell. En cas que s&#8217;hagi cursat i aprovat un curs d&#8217;estiu d&#8217;un m\u00ednim de 60 hores corresponent a la segona part d&#8217;un curs ordinari d&#8217;EOI, es podr\u00e0 accedir al nivell seg\u00fcent.<\/li>\n\n\n\n<li><strong>Acc\u00e9s per certificaci\u00f3<\/strong>.\n<ul class=\"wp-block-list\">\n<li>En cas de tenir una certificaci\u00f3 equivalent al nivell B1&nbsp;que no consta a les taules seg\u00fcents, <strong>cal consultar les taules de certificats i diplomes<\/strong> que acrediten els coneixements d&#8217;una tercera llengua que consta a l&#8217;Ordre PLG\/58\/2025, de 9 d&#8217;abril.&nbsp;Si el certificat \u00e9s a la columna dels equivalents al nivell B1, es podr\u00e0 sol\u00b7licitar l&#8217;acc\u00e9s directe a B2.1. Si el certificat \u00e9s a la columna dels equivalents al nivell B2, es podr\u00e0 sol\u00b7licitar l&#8217;acc\u00e9s directe a C1.<\/li>\n\n\n\n<li>El certificat de nivell b\u00e0sic d&#8217;angl\u00e8s i el certificat de nivell b\u00e0sic de franc\u00e8s d&#8217;ensenyament d&#8217;adults eximeixen de realitzar la prova de nivell per accedir directament a B1 de l&#8217;idioma corresponent.<\/li>\n<\/ul>\n<\/li>\n\n\n\n<li><strong>Per angl\u00e8s, franc\u00e8s i alemany:<\/strong> consulteu <span style=\"text-decoration: underline;\"><span style=\"color: #0000ff; text-decoration: underline;\"><a style=\"color: #0000ff; text-decoration: underline;\" href=\"https:\/\/preinscripcio.gencat.cat\/ca\/estudis\/idiomes-eoi\/informat\/test-nivell-a2-c1\/\">les taules d&#8217;exempcions del test de nivell d&#8217;angl\u00e8s, de franc\u00e8s i d&#8217;alemany,<\/a><\/span><\/span> taules classificades segons els nivells d&#8217;acc\u00e9s a les EOI<\/li>\n\n\n\n<li>Per <strong>itali\u00e0: <\/strong>consulteu la taula de la <span style=\"text-decoration: underline;\"><span style=\"color: #0000ff; text-decoration: underline;\"><a style=\"color: #0000ff; text-decoration: underline;\" href=\"https:\/\/portaldogc.gencat.cat\/utilsEADOP\/PDF\/8429\/1856439.pdf\" target=\"_blank\" rel=\"noopener\">Resoluci\u00f3 EDU\/1714\/2021, de 3 de juny<\/a>.<\/span><\/span><\/li>\n\n\n\n<li class=\"has-link-color wp-elements-32bd8422ff413a25cfa834165448ac50\">Per <strong>catal\u00e0<\/strong>: consulteu <a href=\"https:\/\/agora-eoi.xtec.cat\/eoiterrassa\/catala-equivalencies-amb-altres-certificats\/\">la taula d&#8217;equival\u00e8ncies<\/a><\/li>\n\n\n\n<li><strong>Per entrar al C2 de catal\u00e0:<\/strong> consulteu<a href=\"https:\/\/agora-eoi.xtec.cat\/eoiterrassa\/wp-content\/uploads\/usu2242\/2025\/05\/Nova-ordre-dequivalencies-de-titulacions-en-catala_Maig2025-1.pdf\"> l&#8217;Ordre PLG\/58\/2025, de 9 d&#8217;abril<\/a><span style=\"text-decoration: underline;\"><span style=\"color: #0000ff; text-decoration: underline;\">,<\/span><\/span> per la qual es refonen i s&#8217;actualitzen els t\u00edtols, diplomes i certificats equivalents als certificats de coneixements de catal\u00e0 de la Secretaria de Pol\u00edtica Ling\u00fc\u00edstica Modificada per l\u2019Ordre VCP\/233\/2010, de 12 d&#8217;abril (DOGC 5610, del 19)<\/li>\n<\/ul>\n\n\n\n<p><strong>La presentaci\u00f3 d&#8217;algun d&#8217;aquests certificats en cap cas d\u00f3na dret directament a una pla\u00e7a.<\/strong><\/p>\n","protected":false},"excerpt":{"rendered":"<p>Pots accedir a A2, B1, B2.1 o B2.2, o al curs de nivell C1 d&#8217;escola oficial d&#8217;idiomes sense fer el test de nivell en cas de tenir alguna de les acreditacions seg\u00fcents (pots presentar-ne la documentaci\u00f3 acreditativa en el moment de fer la preinscripci\u00f3, i la pots presentar presencialment o b\u00e9 en l\u00ednia a l&#8217;aplicaci\u00f3 [&hellip;]<\/p>\n","protected":false},"author":1,"featured_media":0,"parent":11864,"menu_order":70,"comment_status":"closed","ping_status":"closed","template":"","meta":{"site-sidebar-layout":"default","site-content-layout":"","ast-site-content-layout":"default","site-content-style":"default","site-sidebar-style":"default","ast-global-header-display":"","ast-banner-title-visibility":"","ast-main-header-display":"","ast-hfb-above-header-display":"","ast-hfb-below-header-display":"","ast-hfb-mobile-header-display":"","site-post-title":"","ast-breadcrumbs-content":"","ast-featured-img":"","footer-sml-layout":"","theme-transparent-header-meta":"","adv-header-id-meta":"","stick-header-meta":"","header-above-stick-meta":"","header-main-stick-meta":"","header-below-stick-meta":"","astra-migrate-meta-layouts":"set","ast-page-background-enabled":"default","ast-page-background-meta":{"desktop":{"background-color":"var(--ast-global-color-4)","background-image":"","background-repeat":"repeat","background-position":"center center","background-size":"auto","background-attachment":"scroll","background-type":"","background-media":"","overlay-type":"","overlay-color":"","overlay-opacity":"","overlay-gradient":""},"tablet":{"background-color":"","background-image":"","background-repeat":"repeat","background-position":"center center","background-size":"auto","background-attachment":"scroll","background-type":"","background-media":"","overlay-type":"","overlay-color":"","overlay-opacity":"","overlay-gradient":""},"mobile":{"background-color":"","background-image":"","background-repeat":"repeat","background-position":"center center","background-size":"auto","background-attachment":"scroll","background-type":"","background-media":"","overlay-type":"","overlay-color":"","overlay-opacity":"","overlay-gradient":""}},"ast-content-background-meta":{"desktop":{"background-color":"var(--ast-global-color-5)","background-image":"","background-repeat":"repeat","background-position":"center center","background-size":"auto","background-attachment":"scroll","background-type":"","background-media":"","overlay-type":"","overlay-color":"","overlay-opacity":"","overlay-gradient":""},"tablet":{"background-color":"var(--ast-global-color-5)","background-image":"","background-repeat":"repeat","background-position":"center center","background-size":"auto","background-attachment":"scroll","background-type":"","background-media":"","overlay-type":"","overlay-color":"","overlay-opacity":"","overlay-gradient":""},"mobile":{"background-color":"var(--ast-global-color-5)","background-image":"","background-repeat":"repeat","background-position":"center center","background-size":"auto","background-attachment":"scroll","background-type":"","background-media":"","overlay-type":"","overlay-color":"","overlay-opacity":"","overlay-gradient":""}},"footnotes":""},"class_list":["post-13342","page","type-page","status-publish","hentry"],"post_mailing_queue_ids":[],"_links":{"self":[{"href":"https:\/\/agora-eoi.xtec.cat\/eoiterrassa\/wp-json\/wp\/v2\/pages\/13342","targetHints":{"allow":["GET"]}}],"collection":[{"href":"https:\/\/agora-eoi.xtec.cat\/eoiterrassa\/wp-json\/wp\/v2\/pages"}],"about":[{"href":"https:\/\/agora-eoi.xtec.cat\/eoiterrassa\/wp-json\/wp\/v2\/types\/page"}],"author":[{"embeddable":true,"href":"https:\/\/agora-eoi.xtec.cat\/eoiterrassa\/wp-json\/wp\/v2\/users\/1"}],"replies":[{"embeddable":true,"href":"https:\/\/agora-eoi.xtec.cat\/eoiterrassa\/wp-json\/wp\/v2\/comments?post=13342"}],"version-history":[{"count":6,"href":"https:\/\/agora-eoi.xtec.cat\/eoiterrassa\/wp-json\/wp\/v2\/pages\/13342\/revisions"}],"predecessor-version":[{"id":18731,"href":"https:\/\/agora-eoi.xtec.cat\/eoiterrassa\/wp-json\/wp\/v2\/pages\/13342\/revisions\/18731"}],"up":[{"embeddable":true,"href":"https:\/\/agora-eoi.xtec.cat\/eoiterrassa\/wp-json\/wp\/v2\/pages\/11864"}],"wp:attachment":[{"href":"https:\/\/agora-eoi.xtec.cat\/eoiterrassa\/wp-json\/wp\/v2\/media?parent=13342"}],"curies":[{"name":"wp","href":"https:\/\/api.w.org\/{rel}","templated":true}]}}