{"id":13281,"date":"2021-09-30T14:36:18","date_gmt":"2021-09-30T12:36:18","guid":{"rendered":"https:\/\/agora-eoi.xtec.cat\/eoiterrassa\/?page_id=13281"},"modified":"2026-03-24T19:19:43","modified_gmt":"2026-03-24T18:19:43","slug":"les-escoles-oficials-didiomes","status":"publish","type":"page","link":"https:\/\/agora-eoi.xtec.cat\/eoiterrassa\/les-escoles-oficials-didiomes\/","title":{"rendered":"Les Escoles Oficials d&#8217;Idiomes"},"content":{"rendered":"<p>Trobareu tota la informaci\u00f3 sobre les Escoles Oficials d&#8217;Idiomes (estructura, curr\u00edculum, pr\u00e0ctiques educatives, centres, certificats i proves i jornades i activitats) al web: <a href=\"http:\/\/xtec.gencat.cat\/ca\/curriculum\/idiomes-a-les-eoi\/\">http:\/\/xtec.gencat.cat\/ca\/curriculum\/idiomes-a-les-eoi\/<\/a><\/p>\n<p>Tamb\u00e9 podeu consultar <span style=\"text-decoration: underline;\"><strong><span style=\"color: #0000ff;\"><a style=\"color: #0000ff; text-decoration: underline;\" href=\"https:\/\/padlet.com\/eoi7\/mapaescolareoi\">el mapa escolar de les EOI<\/a><\/span><\/strong><\/span><\/p>\n<p>A les EOI es poden estudiar quinze idiomes diferents, des del nivell A1 fins al C2, en el cas de l&#8217;angl\u00e8s o el catal\u00e0. Consulteu l&#8217;oferta de cada EOI al seu web o a <a href=\"https:\/\/triaeducativa.gencat.cat\/ca\/idiomes\/\">https:\/\/triaeducativa.gencat.cat\/ca\/idiomes<\/a>\/<\/p>\n<div class=\"etapa\">\n<div>\n<div>\n<div class=\"padding-15\">\n<p><a href=\"https:\/\/www.youtube.com\/watch?v=CLPk8Ai86w4\">Video promocional 012<\/a><\/p>\n<div style=\"width: 640px;\" class=\"wp-video\"><!--[if lt IE 9]><script>document.createElement('video');<\/script><![endif]-->\n<video class=\"wp-video-shortcode\" id=\"video-13281-1\" width=\"640\" height=\"360\" preload=\"metadata\" controls=\"controls\"><source type=\"video\/webm\" src=\"https:\/\/agora-eoi.xtec.cat\/eoiterrassa\/wp-content\/uploads\/usu2242\/2021\/11\/Escoles-oficials-didiomes-YouTube.webm?_=1\" \/><a href=\"https:\/\/agora-eoi.xtec.cat\/eoiterrassa\/wp-content\/uploads\/usu2242\/2021\/11\/Escoles-oficials-didiomes-YouTube.webm\">https:\/\/agora-eoi.xtec.cat\/eoiterrassa\/wp-content\/uploads\/usu2242\/2021\/11\/Escoles-oficials-didiomes-YouTube.webm<\/a><\/video><\/div>\n<header class=\"entry-header \">\n<h1 class=\"entry-title\">Treballar en una escola oficial d\u2019idiomes<\/h1>\n<\/header>\n<div class=\"entry-content clear\">\n<p><strong>Vols treballar com a docent en una escola oficial d\u2019idiomes?<\/strong><\/p>\n<p>Les EOI s\u00f3n centres p\u00fablics d\u2019ensenyament d\u2019idiomes que depenen del Departament d\u2019Educaci\u00f3 i de Formaci\u00f3 Professional. N\u2019hi ha 45 a tota Catalunya.<\/p>\n<p>Per treballar-hi, els professors han d\u2019incorporar-se a la\u00a0<a href=\"https:\/\/educacio.gencat.cat\/ca\/serveis-tramits\/borsa-docents\/\"><strong>Borsa de treball de personal docent<\/strong><\/a>.\u00a0En<a href=\"https:\/\/aplicacions.gestioeducativa.gencat.cat\/ords\/pls\/apex\/f?p=2011914:28\"><strong>\u00a0aquest enlla\u00e7<\/strong><\/a>\u00a0hi trobar\u00e0s les titulacions que permeten impartir els ensenyaments d\u2019idiomes a les Escoles Oficials d\u2019Idiomes de Catalunya. Per ocupar llocs de treball en escoles oficials d\u2019idiomes, les persones interessades han de superar una prova de capacitaci\u00f3 que certifiqui la seva idone\u00eftat. Trobar\u00e0s tota la informaci\u00f3\u00a0<a href=\"https:\/\/educacio.gencat.cat\/ca\/serveis-tramits\/treballa-amb-nosaltres\/borses-treball\/personal-interi-docent\/borsa-curs\/proves-capacitacio-especialitat\/escoles-oficials-didiomes\/\"><strong>aqu\u00ed.\u00a0<\/strong><\/a><\/p>\n<p>Per a m\u00e9s informaci\u00f3, us podeu adre\u00e7ar al servei de personal docent del<a href=\"https:\/\/educacio.gencat.cat\/ca\/departament\/serveis-territorials\/valles-occidental\/informacio-general\/\"><strong>\u00a0Servei Territorial del Vall\u00e8s Occidental.<\/strong><\/a><\/p>\n<\/div>\n<\/div>\n<\/div>\n<\/div>\n<\/div>\n","protected":false},"excerpt":{"rendered":"<p>Trobareu tota la informaci\u00f3 sobre les Escoles Oficials d&#8217;Idiomes (estructura, curr\u00edculum, pr\u00e0ctiques educatives, centres, certificats i proves i jornades i activitats) al web: http:\/\/xtec.gencat.cat\/ca\/curriculum\/idiomes-a-les-eoi\/ Tamb\u00e9 podeu consultar el mapa escolar de les EOI A les EOI es poden estudiar quinze idiomes diferents, des del nivell A1 fins al C2, en el cas de l&#8217;angl\u00e8s o [&hellip;]<\/p>\n","protected":false},"author":1,"featured_media":0,"parent":0,"menu_order":0,"comment_status":"closed","ping_status":"closed","template":"","meta":{"site-sidebar-layout":"default","site-content-layout":"","ast-site-content-layout":"default","site-content-style":"default","site-sidebar-style":"default","ast-global-header-display":"","ast-banner-title-visibility":"","ast-main-header-display":"","ast-hfb-above-header-display":"","ast-hfb-below-header-display":"","ast-hfb-mobile-header-display":"","site-post-title":"","ast-breadcrumbs-content":"","ast-featured-img":"","footer-sml-layout":"","theme-transparent-header-meta":"","adv-header-id-meta":"","stick-header-meta":"","header-above-stick-meta":"","header-main-stick-meta":"","header-below-stick-meta":"","astra-migrate-meta-layouts":"set","ast-page-background-enabled":"default","ast-page-background-meta":{"desktop":{"background-color":"var(--ast-global-color-4)","background-image":"","background-repeat":"repeat","background-position":"center center","background-size":"auto","background-attachment":"scroll","background-type":"","background-media":"","overlay-type":"","overlay-color":"","overlay-opacity":"","overlay-gradient":""},"tablet":{"background-color":"","background-image":"","background-repeat":"repeat","background-position":"center center","background-size":"auto","background-attachment":"scroll","background-type":"","background-media":"","overlay-type":"","overlay-color":"","overlay-opacity":"","overlay-gradient":""},"mobile":{"background-color":"","background-image":"","background-repeat":"repeat","background-position":"center center","background-size":"auto","background-attachment":"scroll","background-type":"","background-media":"","overlay-type":"","overlay-color":"","overlay-opacity":"","overlay-gradient":""}},"ast-content-background-meta":{"desktop":{"background-color":"var(--ast-global-color-5)","background-image":"","background-repeat":"repeat","background-position":"center center","background-size":"auto","background-attachment":"scroll","background-type":"","background-media":"","overlay-type":"","overlay-color":"","overlay-opacity":"","overlay-gradient":""},"tablet":{"background-color":"var(--ast-global-color-5)","background-image":"","background-repeat":"repeat","background-position":"center center","background-size":"auto","background-attachment":"scroll","background-type":"","background-media":"","overlay-type":"","overlay-color":"","overlay-opacity":"","overlay-gradient":""},"mobile":{"background-color":"var(--ast-global-color-5)","background-image":"","background-repeat":"repeat","background-position":"center center","background-size":"auto","background-attachment":"scroll","background-type":"","background-media":"","overlay-type":"","overlay-color":"","overlay-opacity":"","overlay-gradient":""}},"footnotes":""},"class_list":["post-13281","page","type-page","status-publish","hentry"],"post_mailing_queue_ids":[],"_links":{"self":[{"href":"https:\/\/agora-eoi.xtec.cat\/eoiterrassa\/wp-json\/wp\/v2\/pages\/13281","targetHints":{"allow":["GET"]}}],"collection":[{"href":"https:\/\/agora-eoi.xtec.cat\/eoiterrassa\/wp-json\/wp\/v2\/pages"}],"about":[{"href":"https:\/\/agora-eoi.xtec.cat\/eoiterrassa\/wp-json\/wp\/v2\/types\/page"}],"author":[{"embeddable":true,"href":"https:\/\/agora-eoi.xtec.cat\/eoiterrassa\/wp-json\/wp\/v2\/users\/1"}],"replies":[{"embeddable":true,"href":"https:\/\/agora-eoi.xtec.cat\/eoiterrassa\/wp-json\/wp\/v2\/comments?post=13281"}],"version-history":[{"count":3,"href":"https:\/\/agora-eoi.xtec.cat\/eoiterrassa\/wp-json\/wp\/v2\/pages\/13281\/revisions"}],"predecessor-version":[{"id":20493,"href":"https:\/\/agora-eoi.xtec.cat\/eoiterrassa\/wp-json\/wp\/v2\/pages\/13281\/revisions\/20493"}],"wp:attachment":[{"href":"https:\/\/agora-eoi.xtec.cat\/eoiterrassa\/wp-json\/wp\/v2\/media?parent=13281"}],"curies":[{"name":"wp","href":"https:\/\/api.w.org\/{rel}","templated":true}]}}