{"id":12709,"date":"2021-06-22T11:17:40","date_gmt":"2021-06-22T09:17:40","guid":{"rendered":"https:\/\/agora-eoi.xtec.cat\/eoiterrassa\/?page_id=12709"},"modified":"2023-05-22T12:50:19","modified_gmt":"2023-05-22T10:50:19","slug":"nova-web-aplicacio-usapps","status":"publish","type":"page","link":"https:\/\/agora-eoi.xtec.cat\/eoiterrassa\/serveis\/altres-serveis-a-la-ciutat\/nova-web-aplicacio-usapps\/","title":{"rendered":"Nova web-aplicaci\u00f3 UsApps"},"content":{"rendered":"<div dir=\"auto\">\n<div><a href=\"https:\/\/agora-eoi.xtec.cat\/eoiterrassa\/wp-content\/uploads\/usu2242\/2021\/06\/lliure-violencies.png_2112338113.png\"><img loading=\"lazy\" decoding=\"async\" class=\"aligncenter size-medium wp-image-12719\" src=\"https:\/\/agora-eoi.xtec.cat\/eoiterrassa\/wp-content\/uploads\/usu2242\/2021\/06\/lliure-violencies.png_2112338113-271x300.png\" alt=\"\" width=\"271\" height=\"300\" srcset=\"https:\/\/agora-eoi.xtec.cat\/eoiterrassa\/wp-content\/uploads\/usu2242\/2021\/06\/lliure-violencies.png_2112338113-271x300.png 271w, https:\/\/agora-eoi.xtec.cat\/eoiterrassa\/wp-content\/uploads\/usu2242\/2021\/06\/lliure-violencies.png_2112338113.png 305w\" sizes=\"auto, (max-width: 271px) 100vw, 271px\" \/><\/a>Us\u00a0informem que s&#8217;ha posat en marxa una nova web \u2013 aplicaci\u00f3 inform\u00e0tica\u00a0<a href=\"https:\/\/usav.educacio.gencat.cat\/\" target=\"_blank\" rel=\"noopener noreferrer\" data-saferedirecturl=\"https:\/\/www.google.com\/url?q=https:\/\/app.dinantia.com\/api\/system\/track_link\/XIEcQ4RmhjvQ\/4679976?original_url%3Dhttps%253A%252F%252Fusav.educacio.gencat.cat%252F&amp;source=gmail&amp;ust=1624435897251000&amp;usg=AFQjCNFVpw0iK3bAEbYGWtWP9bfRds2ZXQ\">UsApps<\/a>.<\/div>\n<div>La &#8216;UsApps&#8217;\u00a0\u00e9s l&#8217;eina que el Departament d&#8217;Educaci\u00f3 posa a disposici\u00f3 de totes les persones de la comunitat educativa per comunicar les diferents situacions de viol\u00e8ncia que l&#8217;alumnat pot viure o ser-ne testimoni.<\/div>\n<div><\/div>\n<div>Darrere de la &#8216;UsApps&#8217;\u00a0hi ha un equip de professionals de la Unitat de Suport a l&#8217;Alumnat en Situacions de Viol\u00e8ncia (USAV), que fa acollida, atenci\u00f3 i assessorament a qui hi contacta, i que dona suport als centres per a l&#8217;activaci\u00f3 dels protocols corresponents.<\/div>\n<div><\/div>\n<div>En aquest\u00a0<a href=\"https:\/\/www.youtube.com\/watch?v=nkgENcCaHH8\" target=\"_blank\" rel=\"noopener noreferrer\" data-saferedirecturl=\"https:\/\/www.google.com\/url?q=https:\/\/app.dinantia.com\/api\/system\/track_link\/XIEcQ4RmhjvQ\/4679977?original_url%3Dhttps%253A%252F%252Fyoutu.be%252FnkgENcCaHH8&amp;source=gmail&amp;ust=1624435897251000&amp;usg=AFQjCNHwSS2m5jhy5UyhHn8dbxLJGTl47g\">v\u00eddeo<\/a>\u00a0explicatiu i en la\u00a0<a href=\"https:\/\/projectes.xtec.cat\/educacioinclusiva\/general\/engega-la-usapps\/\" target=\"_blank\" rel=\"noopener noreferrer\" data-saferedirecturl=\"https:\/\/www.google.com\/url?q=https:\/\/app.dinantia.com\/api\/system\/track_link\/XIEcQ4RmhjvQ\/4679978?original_url%3Dhttps%253A%252F%252Fprojectes.xtec.cat%252Feducacioinclusiva%252Fgeneral%252Fengega-la-usapps%252F&amp;source=gmail&amp;ust=1624435897251000&amp;usg=AFQjCNFdFrr6ajVKR420T-yCvUTt5-pcNQ\">infografia<\/a>\u00a0podeu consultar el funcionament de la\u00a0UsApps, per tal que pugueu fer-ne \u00fas i difusi\u00f3.<\/div>\n<div><\/div>\n<div>Us\u00a0animem a consultar tamb\u00e9 la informaci\u00f3 del pla Les escoles lliures de viol\u00e8ncies,\u00a0<a href=\"http:\/\/educacio.gencat.cat\/ca\/departament\/linies-estrategiques\/escoles-lliures-de-violencies\/\" target=\"_blank\" rel=\"noopener noreferrer\" data-saferedirecturl=\"https:\/\/www.google.com\/url?q=https:\/\/app.dinantia.com\/api\/system\/track_link\/XIEcQ4RmhjvQ\/4679979?original_url%3Dhttp%253A%252F%252Feducacio.gencat.cat%252Fca%252Fdepartament%252Flinies-estrategiques%252Fescoles-lliures-de-violencies%252F&amp;source=gmail&amp;ust=1624435897252000&amp;usg=AFQjCNFk9AvtFfFGmtWPWtayYtPOh6-MYg\">LELV<\/a>, i la presentaci\u00f3 de les\u00a0<a href=\"https:\/\/www.youtube.com\/watch?v=ScinKwzCBBc\" target=\"_blank\" rel=\"noopener noreferrer\" data-saferedirecturl=\"https:\/\/www.google.com\/url?q=https:\/\/app.dinantia.com\/api\/system\/track_link\/XIEcQ4RmhjvQ\/4679980?original_url%3Dhttps%253A%252F%252Fyoutu.be%252FScinKwzCBBc&amp;source=gmail&amp;ust=1624435897252000&amp;usg=AFQjCNFbIZxUZa1z15dEBLKJT7mrTbyaiA\">jornades<\/a>, per tal que disposeu de tota la informaci\u00f3.<\/div>\n<\/div>\n","protected":false},"excerpt":{"rendered":"<p>Us\u00a0informem que s&#8217;ha posat en marxa una nova web \u2013 aplicaci\u00f3 inform\u00e0tica\u00a0UsApps. La &#8216;UsApps&#8217;\u00a0\u00e9s l&#8217;eina que el Departament d&#8217;Educaci\u00f3 posa a disposici\u00f3 de totes les persones de la comunitat educativa per comunicar les diferents situacions de viol\u00e8ncia que l&#8217;alumnat pot viure o ser-ne testimoni. Darrere de la &#8216;UsApps&#8217;\u00a0hi ha un equip de professionals de la [&hellip;]<\/p>\n","protected":false},"author":1,"featured_media":0,"parent":15698,"menu_order":30,"comment_status":"closed","ping_status":"closed","template":"page-templates\/side-menu.php","meta":{"site-sidebar-layout":"default","site-content-layout":"","ast-site-content-layout":"","site-content-style":"default","site-sidebar-style":"default","ast-global-header-display":"","ast-banner-title-visibility":"","ast-main-header-display":"","ast-hfb-above-header-display":"","ast-hfb-below-header-display":"","ast-hfb-mobile-header-display":"","site-post-title":"","ast-breadcrumbs-content":"","ast-featured-img":"","footer-sml-layout":"","theme-transparent-header-meta":"","adv-header-id-meta":"","stick-header-meta":"","header-above-stick-meta":"","header-main-stick-meta":"","header-below-stick-meta":"","astra-migrate-meta-layouts":"default","ast-page-background-enabled":"default","ast-page-background-meta":{"desktop":{"background-color":"var(--ast-global-color-4)","background-image":"","background-repeat":"repeat","background-position":"center center","background-size":"auto","background-attachment":"scroll","background-type":"","background-media":"","overlay-type":"","overlay-color":"","overlay-opacity":"","overlay-gradient":""},"tablet":{"background-color":"","background-image":"","background-repeat":"repeat","background-position":"center center","background-size":"auto","background-attachment":"scroll","background-type":"","background-media":"","overlay-type":"","overlay-color":"","overlay-opacity":"","overlay-gradient":""},"mobile":{"background-color":"","background-image":"","background-repeat":"repeat","background-position":"center center","background-size":"auto","background-attachment":"scroll","background-type":"","background-media":"","overlay-type":"","overlay-color":"","overlay-opacity":"","overlay-gradient":""}},"ast-content-background-meta":{"desktop":{"background-color":"var(--ast-global-color-5)","background-image":"","background-repeat":"repeat","background-position":"center center","background-size":"auto","background-attachment":"scroll","background-type":"","background-media":"","overlay-type":"","overlay-color":"","overlay-opacity":"","overlay-gradient":""},"tablet":{"background-color":"var(--ast-global-color-5)","background-image":"","background-repeat":"repeat","background-position":"center center","background-size":"auto","background-attachment":"scroll","background-type":"","background-media":"","overlay-type":"","overlay-color":"","overlay-opacity":"","overlay-gradient":""},"mobile":{"background-color":"var(--ast-global-color-5)","background-image":"","background-repeat":"repeat","background-position":"center center","background-size":"auto","background-attachment":"scroll","background-type":"","background-media":"","overlay-type":"","overlay-color":"","overlay-opacity":"","overlay-gradient":""}},"footnotes":""},"class_list":["post-12709","page","type-page","status-publish","hentry"],"post_mailing_queue_ids":[],"_links":{"self":[{"href":"https:\/\/agora-eoi.xtec.cat\/eoiterrassa\/wp-json\/wp\/v2\/pages\/12709","targetHints":{"allow":["GET"]}}],"collection":[{"href":"https:\/\/agora-eoi.xtec.cat\/eoiterrassa\/wp-json\/wp\/v2\/pages"}],"about":[{"href":"https:\/\/agora-eoi.xtec.cat\/eoiterrassa\/wp-json\/wp\/v2\/types\/page"}],"author":[{"embeddable":true,"href":"https:\/\/agora-eoi.xtec.cat\/eoiterrassa\/wp-json\/wp\/v2\/users\/1"}],"replies":[{"embeddable":true,"href":"https:\/\/agora-eoi.xtec.cat\/eoiterrassa\/wp-json\/wp\/v2\/comments?post=12709"}],"version-history":[{"count":3,"href":"https:\/\/agora-eoi.xtec.cat\/eoiterrassa\/wp-json\/wp\/v2\/pages\/12709\/revisions"}],"predecessor-version":[{"id":12720,"href":"https:\/\/agora-eoi.xtec.cat\/eoiterrassa\/wp-json\/wp\/v2\/pages\/12709\/revisions\/12720"}],"up":[{"embeddable":true,"href":"https:\/\/agora-eoi.xtec.cat\/eoiterrassa\/wp-json\/wp\/v2\/pages\/15698"}],"wp:attachment":[{"href":"https:\/\/agora-eoi.xtec.cat\/eoiterrassa\/wp-json\/wp\/v2\/media?parent=12709"}],"curies":[{"name":"wp","href":"https:\/\/api.w.org\/{rel}","templated":true}]}}