{"id":12108,"date":"2021-01-26T11:40:35","date_gmt":"2021-01-26T10:40:35","guid":{"rendered":"https:\/\/agora-eoi.xtec.cat\/eoiterrassa\/?page_id=12108"},"modified":"2025-11-28T13:27:14","modified_gmt":"2025-11-28T12:27:14","slug":"repte-lector-sant-jordi-2021","status":"publish","type":"page","link":"https:\/\/agora-eoi.xtec.cat\/eoiterrassa\/biblioteca\/repte-lector-sant-jordi-2021\/","title":{"rendered":"Repte Lector"},"content":{"rendered":"<p><a href=\"https:\/\/agora-eoi.xtec.cat\/eoiterrassa\/wp-content\/uploads\/usu2242\/2025\/11\/Post-Instagram-repte-lector-2025-2026-Post-de-Instagram-45.png\"><img loading=\"lazy\" decoding=\"async\" class=\"wp-image-19816 size-full alignleft\" src=\"https:\/\/agora-eoi.xtec.cat\/eoiterrassa\/wp-content\/uploads\/usu2242\/2025\/11\/Post-Instagram-repte-lector-2025-2026-Post-de-Instagram-45.png\" alt=\"\" width=\"1080\" height=\"1350\" srcset=\"https:\/\/agora-eoi.xtec.cat\/eoiterrassa\/wp-content\/uploads\/usu2242\/2025\/11\/Post-Instagram-repte-lector-2025-2026-Post-de-Instagram-45.png 1080w, https:\/\/agora-eoi.xtec.cat\/eoiterrassa\/wp-content\/uploads\/usu2242\/2025\/11\/Post-Instagram-repte-lector-2025-2026-Post-de-Instagram-45-240x300.png 240w, https:\/\/agora-eoi.xtec.cat\/eoiterrassa\/wp-content\/uploads\/usu2242\/2025\/11\/Post-Instagram-repte-lector-2025-2026-Post-de-Instagram-45-819x1024.png 819w, https:\/\/agora-eoi.xtec.cat\/eoiterrassa\/wp-content\/uploads\/usu2242\/2025\/11\/Post-Instagram-repte-lector-2025-2026-Post-de-Instagram-45-768x960.png 768w\" sizes=\"auto, (max-width: 1080px) 100vw, 1080px\" \/><\/a><\/p>\n<p><strong>QU\u00c8 \u00c9S?<\/strong><\/p>\n<p>Un repte lector \u00e9s una iniciativa per promoure la lectura i l\u2019adquisici\u00f3 de material divers.<\/p>\n<p><strong>COM FUNCIONA?<\/strong><\/p>\n<p>Per cada material que adquireixis a la biblioteca, se\u2019t segellar\u00e0 la casella corresponent.<\/p>\n<p>Una vegada tinguis totes les caselles segellades, podr\u00e0s dipositar aquesta butlleta a la b\u00fastia localitzada a la biblioteca per aix\u00ed poder participar al sorteig.<\/p>\n<p>El dimarts 6 de maig, farem un sorteig d\u2019un val de 50\u20ac de la llibreria \u201cCome In\u201d (Barcelona) entre totes les participants.<\/p>\n<p>Pots participar tantes vegades com vulguis!<\/p>\n","protected":false},"excerpt":{"rendered":"<p>QU\u00c8 \u00c9S? Un repte lector \u00e9s una iniciativa per promoure la lectura i l\u2019adquisici\u00f3 de material divers. COM FUNCIONA? Per cada material que adquireixis a la biblioteca, se\u2019t segellar\u00e0 la casella corresponent. Una vegada tinguis totes les caselles segellades, podr\u00e0s dipositar aquesta butlleta a la b\u00fastia localitzada a la biblioteca per aix\u00ed poder participar al [&hellip;]<\/p>\n","protected":false},"author":1,"featured_media":0,"parent":14215,"menu_order":50,"comment_status":"closed","ping_status":"closed","template":"","meta":{"site-sidebar-layout":"default","site-content-layout":"","ast-site-content-layout":"default","site-content-style":"default","site-sidebar-style":"default","ast-global-header-display":"","ast-banner-title-visibility":"","ast-main-header-display":"","ast-hfb-above-header-display":"","ast-hfb-below-header-display":"","ast-hfb-mobile-header-display":"","site-post-title":"","ast-breadcrumbs-content":"","ast-featured-img":"","footer-sml-layout":"","theme-transparent-header-meta":"","adv-header-id-meta":"","stick-header-meta":"","header-above-stick-meta":"","header-main-stick-meta":"","header-below-stick-meta":"","astra-migrate-meta-layouts":"set","ast-page-background-enabled":"default","ast-page-background-meta":{"desktop":{"background-color":"var(--ast-global-color-4)","background-image":"","background-repeat":"repeat","background-position":"center center","background-size":"auto","background-attachment":"scroll","background-type":"","background-media":"","overlay-type":"","overlay-color":"","overlay-opacity":"","overlay-gradient":""},"tablet":{"background-color":"","background-image":"","background-repeat":"repeat","background-position":"center center","background-size":"auto","background-attachment":"scroll","background-type":"","background-media":"","overlay-type":"","overlay-color":"","overlay-opacity":"","overlay-gradient":""},"mobile":{"background-color":"","background-image":"","background-repeat":"repeat","background-position":"center center","background-size":"auto","background-attachment":"scroll","background-type":"","background-media":"","overlay-type":"","overlay-color":"","overlay-opacity":"","overlay-gradient":""}},"ast-content-background-meta":{"desktop":{"background-color":"var(--ast-global-color-5)","background-image":"","background-repeat":"repeat","background-position":"center center","background-size":"auto","background-attachment":"scroll","background-type":"","background-media":"","overlay-type":"","overlay-color":"","overlay-opacity":"","overlay-gradient":""},"tablet":{"background-color":"var(--ast-global-color-5)","background-image":"","background-repeat":"repeat","background-position":"center center","background-size":"auto","background-attachment":"scroll","background-type":"","background-media":"","overlay-type":"","overlay-color":"","overlay-opacity":"","overlay-gradient":""},"mobile":{"background-color":"var(--ast-global-color-5)","background-image":"","background-repeat":"repeat","background-position":"center center","background-size":"auto","background-attachment":"scroll","background-type":"","background-media":"","overlay-type":"","overlay-color":"","overlay-opacity":"","overlay-gradient":""}},"footnotes":""},"class_list":["post-12108","page","type-page","status-publish","hentry"],"post_mailing_queue_ids":[],"_links":{"self":[{"href":"https:\/\/agora-eoi.xtec.cat\/eoiterrassa\/wp-json\/wp\/v2\/pages\/12108","targetHints":{"allow":["GET"]}}],"collection":[{"href":"https:\/\/agora-eoi.xtec.cat\/eoiterrassa\/wp-json\/wp\/v2\/pages"}],"about":[{"href":"https:\/\/agora-eoi.xtec.cat\/eoiterrassa\/wp-json\/wp\/v2\/types\/page"}],"author":[{"embeddable":true,"href":"https:\/\/agora-eoi.xtec.cat\/eoiterrassa\/wp-json\/wp\/v2\/users\/1"}],"replies":[{"embeddable":true,"href":"https:\/\/agora-eoi.xtec.cat\/eoiterrassa\/wp-json\/wp\/v2\/comments?post=12108"}],"version-history":[{"count":6,"href":"https:\/\/agora-eoi.xtec.cat\/eoiterrassa\/wp-json\/wp\/v2\/pages\/12108\/revisions"}],"predecessor-version":[{"id":19818,"href":"https:\/\/agora-eoi.xtec.cat\/eoiterrassa\/wp-json\/wp\/v2\/pages\/12108\/revisions\/19818"}],"up":[{"embeddable":true,"href":"https:\/\/agora-eoi.xtec.cat\/eoiterrassa\/wp-json\/wp\/v2\/pages\/14215"}],"wp:attachment":[{"href":"https:\/\/agora-eoi.xtec.cat\/eoiterrassa\/wp-json\/wp\/v2\/media?parent=12108"}],"curies":[{"name":"wp","href":"https:\/\/api.w.org\/{rel}","templated":true}]}}