{"id":12011,"date":"2021-01-19T10:32:32","date_gmt":"2021-01-19T09:32:32","guid":{"rendered":"https:\/\/agora-eoi.xtec.cat\/eoiterrassa\/?page_id=12011"},"modified":"2025-07-17T13:18:19","modified_gmt":"2025-07-17T11:18:19","slug":"menors","status":"publish","type":"page","link":"https:\/\/agora-eoi.xtec.cat\/eoiterrassa\/matricula-2\/menors\/","title":{"rendered":"Menors"},"content":{"rendered":"<ol>\n<li style=\"list-style-type: none;\">\n<ol>\n<li><span style=\"color: #993300;\"><strong><a style=\"color: #993300;\" href=\"#Edat\">Edat<\/a><\/strong><\/span><\/li>\n<li><span style=\"color: #993300;\"><strong><a style=\"color: #993300;\" href=\"#Bonificacio\">Bonificacions generals i espec\u00edfiques<\/a><\/strong><\/span><\/li>\n<li><span style=\"color: #993300;\"><strong><a style=\"color: #993300;\" href=\"#Convalidacions\">Convalidacions<\/a><\/strong><\/span><\/li>\n<li><span style=\"color: #993300;\"><strong><a style=\"color: #993300;\" href=\"#Autoritzacions\">Autoritzacions<\/a><\/strong><\/span><\/li>\n<li><span style=\"color: #993300;\"><strong><a style=\"color: #993300;\" href=\"#Protocol\">Protocols d&#8217;av\u00eds d&#8217;abs\u00e8ncies<\/a><\/strong><\/span><\/li>\n<li><span style=\"color: #993300;\"><strong><a style=\"color: #993300;\" href=\"#Assistencia\">Assist\u00e8ncia<\/a><\/strong><\/span><\/li>\n<li><span style=\"color: #993300;\"><strong><a style=\"color: #993300;\" href=\"#Dates\">Dates ex\u00e0mens<\/a><\/strong><\/span><\/li>\n<li><span style=\"color: #993300;\"><strong><a style=\"color: #993300;\" href=\"#reunio\">Reuni\u00f3\u00a0<\/a><\/strong><\/span><\/li>\n<\/ol>\n<\/li>\n<\/ol>\n<p><strong><span style=\"color: #ff0000;\"><a id=\"Edat\"><\/a>Edat<b>s i condicions per fer un curs a l\u2019EOI<\/b><\/span><\/strong><\/p>\n<p><span style=\"font-weight: 400;\">Per a cursar estudis a l\u2019EOI en qualsevol llengua cal haver complert els 16 anys (o fer-los l\u2019any natural en qu\u00e8 s\u2019efectua la matr\u00edcula, \u00e9s a dir, complerts a 31 de desembre).<\/span><\/p>\n<p><span style=\"font-weight: 400;\">Per a cursar estudis a l\u2019EOI en una llengua diferent de la cursada com a primera llengua estrangera a l\u2019ESO, cal haver complert els 14 anys (o fer-los l\u2019any en qu\u00e8 s\u2019efectua la matr\u00edcula, \u00e9s a dir, complerts a 31 de desembre). En aquest cas cal aportar justificaci\u00f3: el certificat del centre de secund\u00e0ria on s\u2019especifiqui quina \u00e9s la primera llengua estrangera que esteu estudiant. <\/span><span style=\"font-weight: 400;\">Vegeu un <\/span><a href=\"https:\/\/agora-eoi.xtec.cat\/eoiterrassa\/wp-content\/uploads\/usu2242\/2025\/05\/SKM_4051i25050712030.pdf\"><span style=\"font-weight: 400;\">exemple<\/span><\/a><span style=\"font-weight: 400;\"> del document que cal demanar al centre educatiu de la ESO o Batxillerat. <\/span><\/p>\n<p><span style=\"color: #ff0000;\"><b><a id=\"Bonificacio\"><\/a>Bonificacions generals i espec\u00edfiques per menors<\/b><\/span><\/p>\n<p><b>Bonificacions generals:\u00a0<\/b><span style=\"font-weight: 400;\">Per consultar les bonificacions generals aneu <\/span><span style=\"text-decoration: underline;\"><a href=\"https:\/\/agora-eoi.xtec.cat\/eoiterrassa\/matricula-2\/matricula\/taxes\/\"><span style=\"font-weight: 400;\">AQU\u00cd<\/span><\/a><\/span><\/p>\n<p><span style=\"font-weight: 400;\"><b>Bonificacions espec\u00edfiques: <\/b>En els nivells A1, A2 i C1 de tots els idiomes i C2 de catal\u00e0 hi ha unes bonificacions espec\u00edfiques, ja que aquests nivells es regeixen per l\u2019ordre de preus p\u00fablics.\u00a0<\/span><\/p>\n<p><span style=\"font-weight: 400;\">L\u2019alumnat dels centres p\u00fablics o concertats sostinguts amb fons p\u00fablics, que es matricula d&#8217;una segona llengua estrangera en una escola oficial d&#8217;idiomes, diferent a la llengua estrangera obligat\u00f2ria del curr\u00edculum que estudia en el centre educatiu, t\u00e9 una bonificaci\u00f3 del <\/span><b>50% del preu p\u00fablic<\/b><span style=\"font-weight: 400;\">. Vegeu un <\/span><a href=\"https:\/\/agora-eoi.xtec.cat\/eoiterrassa\/wp-content\/uploads\/usu2242\/2025\/06\/SKM_4051i25050712030.pdf\"><span style=\"font-weight: 400;\">exemple<\/span><\/a><span style=\"font-weight: 400;\"> del document que cal demanar al centre educatiu de la ESO o Batxillerat. <\/span><\/p>\n<p><span style=\"color: #ff0000;\"><b><a id=\"Convalidacions\"><\/a>Convalidacions ESO i Batxillerat<\/b><\/span><\/p>\n<p><span style=\"font-weight: 400;\">Per consultar les convalidacions per alumnat d\u2019ESO i Batxillerat aneu <\/span><span style=\"text-decoration: underline;\"><a href=\"https:\/\/agora-eoi.xtec.cat\/eoiterrassa\/matricula-2\/convalidacions-eso-i-batxillerat\/\"><span style=\"font-weight: 400;\">AQU\u00cd<\/span><\/a><\/span><\/p>\n<p><span style=\"color: #ff0000;\"><b><a id=\"Autoritzacions\"><\/a>Autoritzacions<\/b><\/span><\/p>\n<p><span style=\"font-weight: 400;\">Cal que les fam\u00edlies dels menors empleneu <a href=\"https:\/\/forms.gle\/JRBFhYmMxMcdibcq7\"><span style=\"text-decoration: underline;\">aquest formulari d\u2019autoritzacions<\/span><\/a>. A inici de curs les fam\u00edlies dels menors rebreu un correu amb aquesta informaci\u00f3.<\/span><\/p>\n<p><span style=\"color: #ff0000;\"><b><a id=\"Protocol\"><\/a>Protocols d&#8217;av\u00eds d&#8217;abs\u00e8ncies<\/b><\/span><\/p>\n<p><b>Per part de les fam\u00edlies<\/b><\/p>\n<p><span style=\"font-weight: 400;\">En cas que el\/la menor hagi d&#8217;arribar m\u00e9s de 15 minuts tard, sortir m\u00e9s de 15 minuts abans d&#8217;hora o no venir un dia a classe, les fam\u00edlies <strong>heu d&#8217;enviar un correu electr\u00f2nic al professor o professora informant del nom del menor, el dia (o dies) i l&#8217;hora de la incid\u00e8ncia<\/strong>. No cal que expliciteu el motiu. Trobareu els correus del professorat a l&#8217;apartat del web de l&#8217;idioma corresponent.\u00a0<\/span><\/p>\n<p><b>Per part del centre<\/b><\/p>\n<p><span style=\"font-weight: 400;\">En cas que un\/a menor falti a classe, arribi m\u00e9s de 15 minuts tard o marxi m\u00e9s 15 minuts abans d\u2019hora en quatre ocasions durant un mes de forma no informada, la Cap d\u2019estudis us contactar\u00e0. <\/span><\/p>\n<p><b><strong><span style=\"color: #ff0000;\"><a id=\"Assistencia\"><\/a> Consulta assist\u00e8ncia<\/span><\/strong>\u00a0<\/b><\/p>\n<p><span style=\"font-weight: 400;\">Per comprovar l\u2019assist\u00e8ncia del\/de la menor, heu d\u2019anar a l\u2019<a href=\"https:\/\/www.informaticacentros.com\/centrosnet\/ultralogin.php?tcentro=EOI&amp;centro=b05\">\u00e0rea de l\u2019alumnat<\/a>. Si necessiteu ajuda per accedir-hi, podeu consultar els tutorials:<\/span><\/p>\n<ul>\n<li style=\"font-weight: 400;\" aria-level=\"1\"><a href=\"https:\/\/agora-eoi.xtec.cat\/eoiterrassa\/wp-content\/uploads\/usu2242\/2024\/03\/Acces-Area-alumnat-def.mp4\"><span style=\"font-weight: 400;\">Acc\u00e9s \u00c0rea alumnat<\/span><\/a><\/li>\n<li style=\"font-weight: 400;\" aria-level=\"1\"><a href=\"https:\/\/agora-eoi.xtec.cat\/eoiterrassa\/wp-content\/uploads\/usu2242\/2024\/03\/Comprovar-faltes-d_assistencia.mp4\"><span style=\"font-weight: 400;\">Comprovar faltes d\u2019assist\u00e8ncia<\/span><\/a><\/li>\n<\/ul>\n<p><span style=\"color: #ff0000;\"><b><a id=\"Dates\" style=\"color: #ff0000;\"><\/a>Dates d\u2019examen<\/b><\/span><\/p>\n<p><span style=\"font-weight: 400;\">Les dates d\u2019examen les facilitar\u00e0 el professorat a l\u2019aula i \u00e9s responsabilitat del menor mantenir-se informat.<\/span><\/p>\n<p><strong><span style=\"color: #ff0000;\">\u00a0<\/span><\/strong><span style=\"color: #ff0000;\"><b><a id=\"reunio\"><\/a>Reuni\u00f3 informativa per fam\u00edlies de menors<\/b><\/span><\/p>\n<p><span style=\"font-weight: 400;\">A mitjans d\u2019octubre tindr\u00e0 lloc una reuni\u00f3 informativa per a fam\u00edlies de menors en la que s\u2019ampliar\u00e0 la informaci\u00f3 d\u2019aquest web i es resoldran dubtes.\u00a0<\/span><\/p>\n","protected":false},"excerpt":{"rendered":"<p>Edat Bonificacions generals i espec\u00edfiques Convalidacions Autoritzacions Protocols d&#8217;av\u00eds d&#8217;abs\u00e8ncies Assist\u00e8ncia Dates ex\u00e0mens Reuni\u00f3\u00a0 Edats i condicions per fer un curs a l\u2019EOI Per a cursar estudis a l\u2019EOI en qualsevol llengua cal haver complert els 16 anys (o fer-los l\u2019any natural en qu\u00e8 s\u2019efectua la matr\u00edcula, \u00e9s a dir, complerts a 31 de desembre). [&hellip;]<\/p>\n","protected":false},"author":1,"featured_media":0,"parent":14166,"menu_order":40,"comment_status":"closed","ping_status":"closed","template":"","meta":{"site-sidebar-layout":"default","site-content-layout":"","ast-site-content-layout":"default","site-content-style":"default","site-sidebar-style":"default","ast-global-header-display":"","ast-banner-title-visibility":"","ast-main-header-display":"","ast-hfb-above-header-display":"","ast-hfb-below-header-display":"","ast-hfb-mobile-header-display":"","site-post-title":"","ast-breadcrumbs-content":"","ast-featured-img":"","footer-sml-layout":"","theme-transparent-header-meta":"","adv-header-id-meta":"","stick-header-meta":"","header-above-stick-meta":"","header-main-stick-meta":"","header-below-stick-meta":"","astra-migrate-meta-layouts":"set","ast-page-background-enabled":"default","ast-page-background-meta":{"desktop":{"background-color":"var(--ast-global-color-4)","background-image":"","background-repeat":"repeat","background-position":"center center","background-size":"auto","background-attachment":"scroll","background-type":"","background-media":"","overlay-type":"","overlay-color":"","overlay-opacity":"","overlay-gradient":""},"tablet":{"background-color":"","background-image":"","background-repeat":"repeat","background-position":"center center","background-size":"auto","background-attachment":"scroll","background-type":"","background-media":"","overlay-type":"","overlay-color":"","overlay-opacity":"","overlay-gradient":""},"mobile":{"background-color":"","background-image":"","background-repeat":"repeat","background-position":"center center","background-size":"auto","background-attachment":"scroll","background-type":"","background-media":"","overlay-type":"","overlay-color":"","overlay-opacity":"","overlay-gradient":""}},"ast-content-background-meta":{"desktop":{"background-color":"var(--ast-global-color-5)","background-image":"","background-repeat":"repeat","background-position":"center center","background-size":"auto","background-attachment":"scroll","background-type":"","background-media":"","overlay-type":"","overlay-color":"","overlay-opacity":"","overlay-gradient":""},"tablet":{"background-color":"var(--ast-global-color-5)","background-image":"","background-repeat":"repeat","background-position":"center center","background-size":"auto","background-attachment":"scroll","background-type":"","background-media":"","overlay-type":"","overlay-color":"","overlay-opacity":"","overlay-gradient":""},"mobile":{"background-color":"var(--ast-global-color-5)","background-image":"","background-repeat":"repeat","background-position":"center center","background-size":"auto","background-attachment":"scroll","background-type":"","background-media":"","overlay-type":"","overlay-color":"","overlay-opacity":"","overlay-gradient":""}},"footnotes":""},"class_list":["post-12011","page","type-page","status-publish","hentry"],"post_mailing_queue_ids":[],"_links":{"self":[{"href":"https:\/\/agora-eoi.xtec.cat\/eoiterrassa\/wp-json\/wp\/v2\/pages\/12011","targetHints":{"allow":["GET"]}}],"collection":[{"href":"https:\/\/agora-eoi.xtec.cat\/eoiterrassa\/wp-json\/wp\/v2\/pages"}],"about":[{"href":"https:\/\/agora-eoi.xtec.cat\/eoiterrassa\/wp-json\/wp\/v2\/types\/page"}],"author":[{"embeddable":true,"href":"https:\/\/agora-eoi.xtec.cat\/eoiterrassa\/wp-json\/wp\/v2\/users\/1"}],"replies":[{"embeddable":true,"href":"https:\/\/agora-eoi.xtec.cat\/eoiterrassa\/wp-json\/wp\/v2\/comments?post=12011"}],"version-history":[{"count":6,"href":"https:\/\/agora-eoi.xtec.cat\/eoiterrassa\/wp-json\/wp\/v2\/pages\/12011\/revisions"}],"predecessor-version":[{"id":18946,"href":"https:\/\/agora-eoi.xtec.cat\/eoiterrassa\/wp-json\/wp\/v2\/pages\/12011\/revisions\/18946"}],"up":[{"embeddable":true,"href":"https:\/\/agora-eoi.xtec.cat\/eoiterrassa\/wp-json\/wp\/v2\/pages\/14166"}],"wp:attachment":[{"href":"https:\/\/agora-eoi.xtec.cat\/eoiterrassa\/wp-json\/wp\/v2\/media?parent=12011"}],"curies":[{"name":"wp","href":"https:\/\/api.w.org\/{rel}","templated":true}]}}