{"id":12007,"date":"2023-03-13T13:07:53","date_gmt":"2023-03-13T12:07:53","guid":{"rendered":"https:\/\/agora-eoi.xtec.cat\/eoiterrassa\/?page_id=12007"},"modified":"2025-05-14T13:02:22","modified_gmt":"2025-05-14T11:02:22","slug":"treballar-en-una-escola-oficial-didiomes","status":"publish","type":"page","link":"https:\/\/agora-eoi.xtec.cat\/eoiterrassa\/les-escoles-oficials-didiomes\/treballar-en-una-escola-oficial-didiomes\/","title":{"rendered":"Treballar en una escola oficial d\u2019idiomes"},"content":{"rendered":"<p><strong>Vols treballar com a docent en una escola oficial d\u2019idiomes?<\/strong><\/p>\n<p>Les EOI s\u00f3n centres p\u00fablics d\u2019ensenyament d\u2019idiomes que depenen del Departament d\u2019Educaci\u00f3 i de Formaci\u00f3 Professional. N\u2019hi ha 45 a tota Catalunya.<\/p>\n<p>Per treballar-hi, els professors han d\u2019incorporar-se a la <a href=\"https:\/\/educacio.gencat.cat\/ca\/serveis-tramits\/borsa-docents\/\"><strong>Borsa de treball de personal docent<\/strong><\/a>.\u00a0En<a href=\"https:\/\/aplicacions.gestioeducativa.gencat.cat\/ords\/pls\/apex\/f?p=2011914:28\"><strong> aquest enlla\u00e7<\/strong><\/a> hi trobar\u00e0s les titulacions que permeten impartir els ensenyaments d\u2019idiomes a les Escoles Oficials d\u2019Idiomes de Catalunya. Per ocupar llocs de treball en escoles oficials d\u2019idiomes, les persones interessades han de superar una prova de capacitaci\u00f3 que certifiqui la seva idone\u00eftat. Trobar\u00e0s tota la informaci\u00f3 <a href=\"https:\/\/educacio.gencat.cat\/ca\/serveis-tramits\/treballa-amb-nosaltres\/borses-treball\/personal-interi-docent\/borsa-curs\/proves-capacitacio-especialitat\/escoles-oficials-didiomes\/\"><strong>aqu\u00ed.\u00a0<\/strong><\/a><\/p>\n<p>Per a m\u00e9s informaci\u00f3, us podeu adre\u00e7ar al servei de personal docent del<a href=\"https:\/\/educacio.gencat.cat\/ca\/departament\/serveis-territorials\/valles-occidental\/informacio-general\/\"><strong> Servei Territorial del Vall\u00e8s Occidental.<\/strong><\/a><\/p>\n","protected":false},"excerpt":{"rendered":"<p>Vols treballar com a docent en una escola oficial d\u2019idiomes? Les EOI s\u00f3n centres p\u00fablics d\u2019ensenyament d\u2019idiomes que depenen del Departament d\u2019Educaci\u00f3 i de Formaci\u00f3 Professional. N\u2019hi ha 45 a tota Catalunya. Per treballar-hi, els professors han d\u2019incorporar-se a la Borsa de treball de personal docent.\u00a0En aquest enlla\u00e7 hi trobar\u00e0s les titulacions que permeten impartir [&hellip;]<\/p>\n","protected":false},"author":1,"featured_media":0,"parent":13281,"menu_order":20,"comment_status":"closed","ping_status":"closed","template":"","meta":{"site-sidebar-layout":"default","site-content-layout":"","ast-site-content-layout":"default","site-content-style":"default","site-sidebar-style":"default","ast-global-header-display":"","ast-banner-title-visibility":"","ast-main-header-display":"","ast-hfb-above-header-display":"","ast-hfb-below-header-display":"","ast-hfb-mobile-header-display":"","site-post-title":"","ast-breadcrumbs-content":"","ast-featured-img":"","footer-sml-layout":"","theme-transparent-header-meta":"","adv-header-id-meta":"","stick-header-meta":"","header-above-stick-meta":"","header-main-stick-meta":"","header-below-stick-meta":"","astra-migrate-meta-layouts":"set","ast-page-background-enabled":"default","ast-page-background-meta":{"desktop":{"background-color":"var(--ast-global-color-4)","background-image":"","background-repeat":"repeat","background-position":"center center","background-size":"auto","background-attachment":"scroll","background-type":"","background-media":"","overlay-type":"","overlay-color":"","overlay-opacity":"","overlay-gradient":""},"tablet":{"background-color":"","background-image":"","background-repeat":"repeat","background-position":"center center","background-size":"auto","background-attachment":"scroll","background-type":"","background-media":"","overlay-type":"","overlay-color":"","overlay-opacity":"","overlay-gradient":""},"mobile":{"background-color":"","background-image":"","background-repeat":"repeat","background-position":"center center","background-size":"auto","background-attachment":"scroll","background-type":"","background-media":"","overlay-type":"","overlay-color":"","overlay-opacity":"","overlay-gradient":""}},"ast-content-background-meta":{"desktop":{"background-color":"var(--ast-global-color-5)","background-image":"","background-repeat":"repeat","background-position":"center center","background-size":"auto","background-attachment":"scroll","background-type":"","background-media":"","overlay-type":"","overlay-color":"","overlay-opacity":"","overlay-gradient":""},"tablet":{"background-color":"var(--ast-global-color-5)","background-image":"","background-repeat":"repeat","background-position":"center center","background-size":"auto","background-attachment":"scroll","background-type":"","background-media":"","overlay-type":"","overlay-color":"","overlay-opacity":"","overlay-gradient":""},"mobile":{"background-color":"var(--ast-global-color-5)","background-image":"","background-repeat":"repeat","background-position":"center center","background-size":"auto","background-attachment":"scroll","background-type":"","background-media":"","overlay-type":"","overlay-color":"","overlay-opacity":"","overlay-gradient":""}},"footnotes":""},"class_list":["post-12007","page","type-page","status-publish","hentry"],"post_mailing_queue_ids":[],"_links":{"self":[{"href":"https:\/\/agora-eoi.xtec.cat\/eoiterrassa\/wp-json\/wp\/v2\/pages\/12007","targetHints":{"allow":["GET"]}}],"collection":[{"href":"https:\/\/agora-eoi.xtec.cat\/eoiterrassa\/wp-json\/wp\/v2\/pages"}],"about":[{"href":"https:\/\/agora-eoi.xtec.cat\/eoiterrassa\/wp-json\/wp\/v2\/types\/page"}],"author":[{"embeddable":true,"href":"https:\/\/agora-eoi.xtec.cat\/eoiterrassa\/wp-json\/wp\/v2\/users\/1"}],"replies":[{"embeddable":true,"href":"https:\/\/agora-eoi.xtec.cat\/eoiterrassa\/wp-json\/wp\/v2\/comments?post=12007"}],"version-history":[{"count":6,"href":"https:\/\/agora-eoi.xtec.cat\/eoiterrassa\/wp-json\/wp\/v2\/pages\/12007\/revisions"}],"predecessor-version":[{"id":18425,"href":"https:\/\/agora-eoi.xtec.cat\/eoiterrassa\/wp-json\/wp\/v2\/pages\/12007\/revisions\/18425"}],"up":[{"embeddable":true,"href":"https:\/\/agora-eoi.xtec.cat\/eoiterrassa\/wp-json\/wp\/v2\/pages\/13281"}],"wp:attachment":[{"href":"https:\/\/agora-eoi.xtec.cat\/eoiterrassa\/wp-json\/wp\/v2\/media?parent=12007"}],"curies":[{"name":"wp","href":"https:\/\/api.w.org\/{rel}","templated":true}]}}