{"id":11864,"date":"2020-11-20T09:54:50","date_gmt":"2020-11-20T08:54:50","guid":{"rendered":"https:\/\/agora-eoi.xtec.cat\/eoiterrassa\/?page_id=11864"},"modified":"2025-09-01T14:35:46","modified_gmt":"2025-09-01T12:35:46","slug":"matricula","status":"publish","type":"page","link":"https:\/\/agora-eoi.xtec.cat\/eoiterrassa\/matricula-2\/matricula\/","title":{"rendered":"Matr\u00edcula 2025-2026"},"content":{"rendered":"<ol>\n<li style=\"list-style-type: none;\">\n<ol>\n<li><a href=\"https:\/\/agora-eoi.xtec.cat\/eoiterrassa\/matricula-2\/matricula\/antic-i-nou-alumnat\/\">Antic alumnat<\/a><\/li>\n<li><a href=\"https:\/\/agora-eoi.xtec.cat\/eoiterrassa\/matricula-2\/nou-alumnat\/\">Nou alumnat<\/a><\/li>\n<li><a href=\"https:\/\/agora-eoi.xtec.cat\/eoiterrassa\/matricula-2\/matricula\/preinscripcio-del-nou-alumnat-curs-2022-2023\/\">Calendari de preinscripci\u00f3 i matr\u00edcula 2025-2026<\/a><\/li>\n<li><a href=\"https:\/\/agora-eoi.xtec.cat\/eoiterrassa\/matricula-2\/matricula\/test-de-nivell\/\">Test de nivell<\/a><\/li>\n<li><a href=\"https:\/\/agora-eoi.xtec.cat\/eoiterrassa\/departaments\/horaris-classe\/\">Oferta de grups 2025-2026<\/a><\/li>\n<li><a href=\"https:\/\/agora-eoi.xtec.cat\/eoiterrassa\/matricula-2\/matricula\/taxes\/\">Preus de matr\u00edcula 2025-2026<\/a><\/li>\n<li><a href=\"https:\/\/agora-eoi.xtec.cat\/eoiterrassa\/matricula-2\/matricula\/taula-dequivalencies-de-certificats-i-diplomes-en-llengues-estrangeres\/\">Equival\u00e8ncies de t\u00edtols i nivells<\/a><\/li>\n<li><a href=\"https:\/\/agora-eoi.xtec.cat\/eoiterrassa\/matricula-2\/matricula\/beques-2\/\">Beques<\/a><\/li>\n<li><a href=\"https:\/\/agora-eoi.xtec.cat\/eoiterrassa\/matricula-2\/matricula\/programa-piaprofessorat\/\">Programa PIA+ (per a docents en actiu)<\/a><\/li>\n<li><a href=\"https:\/\/agora-eoi.xtec.cat\/eoiterrassa\/matricula-2\/matricula\/matricula-dactualitzacio\/\">Matr\u00edcula d&#8217;actualitzaci\u00f3<\/a><\/li>\n<li><a href=\"https:\/\/agora-eoi.xtec.cat\/eoiterrassa\/matricula-2\/tramits-de-lalumnat\/#convocatoriaaddicional\">Sol\u00b7licitud de convocat\u00f2ria addicional<\/a><\/li>\n<\/ol>\n<\/li>\n<\/ol>\n\n\n<p><\/p>\n","protected":false},"excerpt":{"rendered":"<p>Antic alumnat Nou alumnat Calendari de preinscripci\u00f3 i matr\u00edcula 2025-2026 Test de nivell Oferta de grups 2025-2026 Preus de matr\u00edcula 2025-2026 Equival\u00e8ncies de t\u00edtols i nivells Beques Programa PIA+ (per a docents en actiu) Matr\u00edcula d&#8217;actualitzaci\u00f3 Sol\u00b7licitud de convocat\u00f2ria addicional<\/p>\n","protected":false},"author":1,"featured_media":0,"parent":14166,"menu_order":10,"comment_status":"closed","ping_status":"closed","template":"","meta":{"site-sidebar-layout":"default","site-content-layout":"","ast-site-content-layout":"default","site-content-style":"default","site-sidebar-style":"default","ast-global-header-display":"","ast-banner-title-visibility":"","ast-main-header-display":"","ast-hfb-above-header-display":"","ast-hfb-below-header-display":"","ast-hfb-mobile-header-display":"","site-post-title":"","ast-breadcrumbs-content":"","ast-featured-img":"","footer-sml-layout":"","theme-transparent-header-meta":"","adv-header-id-meta":"","stick-header-meta":"","header-above-stick-meta":"","header-main-stick-meta":"","header-below-stick-meta":"","astra-migrate-meta-layouts":"set","ast-page-background-enabled":"default","ast-page-background-meta":{"desktop":{"background-color":"var(--ast-global-color-4)","background-image":"","background-repeat":"repeat","background-position":"center center","background-size":"auto","background-attachment":"scroll","background-type":"","background-media":"","overlay-type":"","overlay-color":"","overlay-opacity":"","overlay-gradient":""},"tablet":{"background-color":"","background-image":"","background-repeat":"repeat","background-position":"center center","background-size":"auto","background-attachment":"scroll","background-type":"","background-media":"","overlay-type":"","overlay-color":"","overlay-opacity":"","overlay-gradient":""},"mobile":{"background-color":"","background-image":"","background-repeat":"repeat","background-position":"center center","background-size":"auto","background-attachment":"scroll","background-type":"","background-media":"","overlay-type":"","overlay-color":"","overlay-opacity":"","overlay-gradient":""}},"ast-content-background-meta":{"desktop":{"background-color":"var(--ast-global-color-5)","background-image":"","background-repeat":"repeat","background-position":"center center","background-size":"auto","background-attachment":"scroll","background-type":"","background-media":"","overlay-type":"","overlay-color":"","overlay-opacity":"","overlay-gradient":""},"tablet":{"background-color":"var(--ast-global-color-5)","background-image":"","background-repeat":"repeat","background-position":"center center","background-size":"auto","background-attachment":"scroll","background-type":"","background-media":"","overlay-type":"","overlay-color":"","overlay-opacity":"","overlay-gradient":""},"mobile":{"background-color":"var(--ast-global-color-5)","background-image":"","background-repeat":"repeat","background-position":"center center","background-size":"auto","background-attachment":"scroll","background-type":"","background-media":"","overlay-type":"","overlay-color":"","overlay-opacity":"","overlay-gradient":""}},"footnotes":""},"class_list":["post-11864","page","type-page","status-publish","hentry"],"post_mailing_queue_ids":[],"_links":{"self":[{"href":"https:\/\/agora-eoi.xtec.cat\/eoiterrassa\/wp-json\/wp\/v2\/pages\/11864","targetHints":{"allow":["GET"]}}],"collection":[{"href":"https:\/\/agora-eoi.xtec.cat\/eoiterrassa\/wp-json\/wp\/v2\/pages"}],"about":[{"href":"https:\/\/agora-eoi.xtec.cat\/eoiterrassa\/wp-json\/wp\/v2\/types\/page"}],"author":[{"embeddable":true,"href":"https:\/\/agora-eoi.xtec.cat\/eoiterrassa\/wp-json\/wp\/v2\/users\/1"}],"replies":[{"embeddable":true,"href":"https:\/\/agora-eoi.xtec.cat\/eoiterrassa\/wp-json\/wp\/v2\/comments?post=11864"}],"version-history":[{"count":6,"href":"https:\/\/agora-eoi.xtec.cat\/eoiterrassa\/wp-json\/wp\/v2\/pages\/11864\/revisions"}],"predecessor-version":[{"id":19015,"href":"https:\/\/agora-eoi.xtec.cat\/eoiterrassa\/wp-json\/wp\/v2\/pages\/11864\/revisions\/19015"}],"up":[{"embeddable":true,"href":"https:\/\/agora-eoi.xtec.cat\/eoiterrassa\/wp-json\/wp\/v2\/pages\/14166"}],"wp:attachment":[{"href":"https:\/\/agora-eoi.xtec.cat\/eoiterrassa\/wp-json\/wp\/v2\/media?parent=11864"}],"curies":[{"name":"wp","href":"https:\/\/api.w.org\/{rel}","templated":true}]}}