{"id":11863,"date":"2020-11-20T09:54:50","date_gmt":"2020-11-20T08:54:50","guid":{"rendered":"https:\/\/agora-eoi.xtec.cat\/eoiterrassa\/?page_id=11863"},"modified":"2025-07-15T13:01:37","modified_gmt":"2025-07-15T11:01:37","slug":"taxes","status":"publish","type":"page","link":"https:\/\/agora-eoi.xtec.cat\/eoiterrassa\/matricula-2\/matricula\/taxes\/","title":{"rendered":"Preus de matr\u00edcula 2025-2026"},"content":{"rendered":"<p>Els preus de matr\u00edcula (taxes i preus p\u00fablics) a les EOIs estan regulats per les seg\u00fcents ordres:<\/p>\n<ul>\n<li><strong>Taxes<\/strong>:\u00a0 ORDRE EDU\/80\/2020, d&#8217;11 de juny, per la qual es dona publicitat de les taxes vigents que gestiona el Departament d&#8217;Educaci\u00f3 i Formaci\u00f3 Professional. <a href=\"http:\/\/cido.diba.cat\/legislacio\/10277912\/ordre-edu802020-d11-de-juny-per-la-qual-es-dona-publicitat-de-les-taxes-vigents-que-gestiona-el-departament-deducacio-departament-deducacio\">en aquest enlla\u00e7<\/a><\/li>\n<li><strong>Taxes<\/strong>: ORDRE EDU\/90\/2023, de 21 d&#8217;abril 2023, per la qual es modifica l&#8217;Ordre EDU\/\/80\/2020, d&#8217;11 de juny, i\u00a0 per la qual es dona publicitat\u00a0<em>de<\/em> les taxes vigents que gestiona el Departament d&#8217;Educaci\u00f3 i Formaci\u00f3 Professional . <a href=\"https:\/\/cido.diba.cat\/legislacio\/15322286\/ordre-edu902023-de-21-dabril-per-la-qual-es-dona-publicitat-de-les-taxes-vigents-que-gestiona-el-departament-deducacio-departament-deducacio\">en aquest enlla\u00e7<\/a><\/li>\n<li><strong>Preus p\u00fablics<\/strong>:\u00a0 ORDRE ENS\/155\/2020, de 18 de setembre, per la qual se suprimeixen, es creen i s&#8217;actualitzen els preus p\u00fablics i els imports de determinats ensenyaments i serveis docents de les escoles oficials d&#8217;idiomes del Departament d&#8217;Educaci\u00f3. <a href=\"http:\/\/cido.diba.cat\/legislacio\/10658692\/ordre-edu1552020-de-18-de-setembre-per-la-qual-se-suprimeixen-es-creen-i-sactualitzen-els-preus-publics-i-els-imports-de-determinats-ensenyaments-i-serveis-docents-de-les-escoles-oficials-didiomes-del-departament-deducacio-departament-deducacio\">en aquest enlla\u00e7<\/a><\/li>\n<li><strong>Preus p\u00fablics<\/strong>: ORDRE EDU\/114\/2021, de 25 de maig, per la qual es modifica l&#8217;Ordre EDU\/155\/2020, de 18 de setembre, per la qual se suprimeixen, es creen i s&#8217;actualitzen els preus p\u00fablics i els imports de determinats ensenyaments i serveis docents de les escoles oficials d&#8217;idiomes del Departament d&#8217;Educaci\u00f3. <a href=\"https:\/\/dogc.gencat.cat\/ca\/document-del-dogc\/?documentId=902034\">en aquest enlla\u00e7<\/a><\/li>\n<\/ul>\n<p><strong>Aquests preus no inclouen els llibres de text o de lectura que es puguin fer servir durant el curs.<\/strong><\/p>\n<div class=\"box\">\n<div><\/div>\n<div class=\"info\">\n<table style=\"height: 1560px; width: 100%; border-style: dotted; border-color: #000000;\">\n<tbody>\n<tr style=\"height: 201px;\">\n<td style=\"height: 253px; width: 12.0715%; border-color: #000000; border-style: dotted;\" rowspan=\"2\"><b>MATR\u00cdCULA<\/b><\/td>\n<td style=\"height: 142px; width: 45.0075%; border-color: #000000; border-style: dotted;\" colspan=\"2\"><b>Cursos: B1, B1.1, B1.2, B2.1 i B2.2 (taxes)<\/b><\/p>\n<p style=\"text-align: right;\"><span style=\"color: #ff6e6e;\"><b>*excepte catal\u00e0<\/b><\/span><\/p>\n<\/td>\n<td style=\"height: 142px; width: 40.9836%; border-color: #000000; border-style: dotted;\" colspan=\"2\"><b>Cursos: A1, A2 , C1<\/b><b>(preus p\u00fablics)<\/b><\/p>\n<p style=\"text-align: right;\"><span style=\"color: #ff6e6e;\"><b>*excepte catal\u00e0<\/b><\/span><\/p>\n<\/td>\n<\/tr>\n<tr style=\"height: 111px;\">\n<td style=\"height: 111px; width: 25.3354%; border-color: #000000; border-style: dotted;\"><b>Matr\u00edcula ordin\u00e0ria<\/b><\/td>\n<td style=\"height: 111px; width: 19.6721%; border-color: #000000; border-style: dotted;\"><b>Bonificaci\u00f3 50%<\/b><\/td>\n<td style=\"height: 111px; width: 20.4173%; border-color: #000000; border-style: dotted;\"><b>Matr\u00edcula ordin\u00e0ria<\/b><\/td>\n<td style=\"height: 111px; width: 20.5663%; border-color: #000000; border-style: dotted;\"><b>Bonificaci\u00f3 50%<\/b><\/td>\n<\/tr>\n<tr style=\"height: 79px;\">\n<td style=\"height: 79px; width: 12.0715%; border-color: #000000; border-style: dotted;\"><span style=\"font-weight: 400;\">1a Matr\u00edcula<\/span><\/td>\n<td style=\"height: 79px; width: 25.3354%; border-color: #000000; border-style: dotted;\"><span style=\"font-weight: 400;\">297,60 \u20ac<\/span><\/td>\n<td style=\"height: 79px; width: 19.6721%; border-color: #000000; border-style: dotted;\"><span style=\"font-weight: 400;\">148,80 \u20ac<\/span><\/td>\n<td style=\"height: 79px; width: 20.4173%; border-color: #000000; border-style: dotted;\"><span style=\"font-weight: 400;\">275,00 \u20ac<\/span><\/td>\n<td style=\"height: 79px; width: 20.5663%; border-color: #000000; border-style: dotted;\"><span style=\"font-weight: 400;\">137,50 \u20ac<\/span><\/td>\n<\/tr>\n<tr style=\"height: 79px;\">\n<td style=\"height: 79px; width: 12.0715%; border-color: #000000; border-style: dotted;\"><i><span style=\"font-weight: 400;\">*Material<\/span><\/i><\/td>\n<td style=\"height: 79px; width: 25.3354%; border-color: #000000; border-style: dotted;\"><i><span style=\"font-weight: 400;\">30,00 \u20ac<\/span><\/i><\/td>\n<td style=\"height: 79px; width: 19.6721%; border-color: #000000; border-style: dotted;\"><i><span style=\"font-weight: 400;\">15,00 \u20ac<\/span><\/i><\/td>\n<td style=\"height: 79px; width: 20.4173%; border-color: #000000; border-style: dotted;\"><i><span style=\"font-weight: 400;\">30,00 \u20ac<\/span><\/i><\/td>\n<td style=\"height: 79px; width: 20.5663%; border-color: #000000; border-style: dotted;\"><i><span style=\"font-weight: 400;\">15,00 \u20ac<\/span><\/i><\/td>\n<\/tr>\n<tr style=\"height: 79px;\">\n<td style=\"height: 79px; width: 12.0715%; border-color: #000000; border-style: dotted;\"><b>Total<\/b><\/td>\n<td style=\"height: 79px; width: 25.3354%; border-color: #000000; border-style: dotted;\"><b>327,60 \u20ac<\/b><\/td>\n<td style=\"height: 79px; width: 19.6721%; border-color: #000000; border-style: dotted;\"><b>163, 80 \u20ac<\/b><\/td>\n<td style=\"height: 79px; width: 20.4173%; border-color: #000000; border-style: dotted;\"><b>305,00 \u20ac<\/b><\/td>\n<td style=\"height: 79px; width: 20.5663%; border-color: #000000; border-style: dotted;\"><b>152,50 \u20ac<\/b><\/td>\n<\/tr>\n<tr style=\"height: 23px;\">\n<td style=\"height: 23px; width: 98.0626%; border-color: #000000; border-style: dotted;\" colspan=\"5\"><\/td>\n<\/tr>\n<tr style=\"height: 79px;\">\n<td style=\"height: 79px; width: 12.0715%; border-color: #000000; border-style: dotted;\"><span style=\"font-weight: 400;\">2a Matr\u00edcula<\/span><\/td>\n<td style=\"height: 79px; width: 25.3354%; border-color: #000000; border-style: dotted;\"><span style=\"font-weight: 400;\">386,90 \u20ac<\/span><\/td>\n<td style=\"height: 79px; width: 19.6721%; border-color: #000000; border-style: dotted;\"><span style=\"font-weight: 400;\">193,45 \u20ac<\/span><\/td>\n<td style=\"height: 79px; width: 20.4173%; border-color: #000000; border-style: dotted;\"><span style=\"font-weight: 400;\">357,50 \u20ac<\/span><\/td>\n<td style=\"height: 79px; width: 20.5663%; border-color: #000000; border-style: dotted;\"><span style=\"font-weight: 400;\">178,75 \u20ac<\/span><\/td>\n<\/tr>\n<tr style=\"height: 79px;\">\n<td style=\"height: 79px; width: 12.0715%; border-color: #000000; border-style: dotted;\"><i><span style=\"font-weight: 400;\">*Material<\/span><\/i><\/td>\n<td style=\"height: 79px; width: 25.3354%; border-color: #000000; border-style: dotted;\"><i><span style=\"font-weight: 400;\">39,00 \u20ac<\/span><\/i><\/td>\n<td style=\"height: 79px; width: 19.6721%; border-color: #000000; border-style: dotted;\"><i><span style=\"font-weight: 400;\">19,50 \u20ac<\/span><\/i><\/td>\n<td style=\"height: 79px; width: 20.4173%; border-color: #000000; border-style: dotted;\"><i><span style=\"font-weight: 400;\">39,00 \u20ac<\/span><\/i><\/td>\n<td style=\"height: 79px; width: 20.5663%; border-color: #000000; border-style: dotted;\"><i><span style=\"font-weight: 400;\">19,50 \u20ac<\/span><\/i><\/td>\n<\/tr>\n<tr style=\"height: 79px;\">\n<td style=\"height: 79px; width: 12.0715%; border-color: #000000; border-style: dotted;\"><b>Total<\/b><\/td>\n<td style=\"height: 79px; width: 25.3354%; border-color: #000000; border-style: dotted;\"><b>425,90 \u20ac<\/b><\/td>\n<td style=\"height: 79px; width: 19.6721%; border-color: #000000; border-style: dotted;\"><b>212, 95 \u20ac<\/b><\/td>\n<td style=\"height: 79px; width: 20.4173%; border-color: #000000; border-style: dotted;\"><b>396,50 \u20ac<\/b><\/td>\n<td style=\"height: 79px; width: 20.5663%; border-color: #000000; border-style: dotted;\"><b>198,25 \u20ac<\/b><\/td>\n<\/tr>\n<tr style=\"height: 23px;\">\n<td style=\"height: 23px; width: 98.0626%; border-color: #000000; border-style: dotted;\" colspan=\"5\"><\/td>\n<\/tr>\n<tr style=\"height: 102px;\">\n<td style=\"height: 102px; width: 12.0715%; border-color: #000000; border-style: dotted;\"><span style=\"font-weight: 400;\">3a Matr\u00edcula<\/span><\/td>\n<td style=\"height: 102px; width: 25.3354%; border-color: #000000; border-style: dotted;\"><span style=\"font-weight: 400;\">535,70 \u20ac<\/span><\/td>\n<td style=\"height: 102px; width: 19.6721%; border-color: #000000; border-style: dotted;\"><span style=\"font-weight: 400;\">267,85 \u20ac<\/span><\/td>\n<td style=\"height: 102px; width: 20.4173%; border-color: #000000; border-style: dotted;\"><span style=\"font-weight: 400;\">495,00 \u20ac<\/span><\/td>\n<td style=\"height: 102px; width: 20.5663%; border-color: #000000; border-style: dotted;\"><span style=\"font-weight: 400;\">247,50 \u20ac<\/span><\/td>\n<\/tr>\n<tr style=\"height: 79px;\">\n<td style=\"height: 79px; width: 12.0715%; border-color: #000000; border-style: dotted;\"><i><span style=\"font-weight: 400;\">*Material<\/span><\/i><\/td>\n<td style=\"height: 79px; width: 25.3354%; border-color: #000000; border-style: dotted;\"><i><span style=\"font-weight: 400;\">54,00 \u20ac<\/span><\/i><\/td>\n<td style=\"height: 79px; width: 19.6721%; border-color: #000000; border-style: dotted;\"><i><span style=\"font-weight: 400;\">27,00 \u20ac<\/span><\/i><\/td>\n<td style=\"height: 79px; width: 20.4173%; border-color: #000000; border-style: dotted;\"><i><span style=\"font-weight: 400;\">54,00 \u20ac<\/span><\/i><\/td>\n<td style=\"height: 79px; width: 20.5663%; border-color: #000000; border-style: dotted;\"><i><span style=\"font-weight: 400;\">27,00 \u20ac<\/span><\/i><\/td>\n<\/tr>\n<tr style=\"height: 102px;\">\n<td style=\"height: 102px; width: 12.0715%; border-color: #000000; border-style: dotted;\"><b>Total<\/b><\/td>\n<td style=\"height: 102px; width: 25.3354%; border-color: #000000; border-style: dotted;\"><b>589,70 \u20ac<\/b><\/td>\n<td style=\"height: 102px; width: 19.6721%; border-color: #000000; border-style: dotted;\"><b>294,85 \u20ac<\/b><\/td>\n<td style=\"height: 102px; width: 20.4173%; border-color: #000000; border-style: dotted;\"><b>549,00 \u20ac<\/b><\/td>\n<td style=\"height: 102px; width: 20.5663%; border-color: #000000; border-style: dotted;\"><b>274,50 \u20ac<\/b><\/td>\n<\/tr>\n<tr style=\"height: 23px;\">\n<td style=\"height: 23px; width: 98.0626%; border-color: #000000; border-style: dotted;\" colspan=\"5\"><\/td>\n<\/tr>\n<tr style=\"height: 111px;\">\n<td style=\"height: 111px; width: 12.0715%; border-color: #000000; border-style: dotted;\"><\/td>\n<td style=\"height: 111px; width: 45.0075%; border-color: #000000; border-style: dotted;\" colspan=\"2\"><span style=\"font-weight: 400;\">Bonificacions o exempcions de taxes. <\/span><a href=\"http:\/\/ensenyament.gencat.cat\/ca\/departament\/normativa\/taxes-preus-publics\/taxes\/\"><span style=\"font-weight: 400;\">Cliqueu aqu\u00ed &gt;&gt;<\/span><\/a><\/td>\n<td style=\"height: 111px; width: 40.9836%; border-color: #000000; border-style: dotted;\" colspan=\"2\"><span style=\"font-weight: 400;\">Bonificacions o exempcions de preus p\u00fablics. <\/span><a href=\"https:\/\/educacio.gencat.cat\/ca\/departament\/normativa\/taxes-preus-publics\/preu-public\/\"><span style=\"font-weight: 400;\">Cliqueu aqu\u00ed &gt;&gt;<\/span><\/a><\/td>\n<\/tr>\n<tr style=\"height: 370px;\">\n<td style=\"height: 370px; width: 12.0715%; border-color: #000000; border-style: dotted;\"><b>Per a tots el nivells a part de l&#8217;import de matr\u00edcula<\/b><\/td>\n<td style=\"height: 370px; width: 85.9911%; border-color: #000000; border-style: dotted;\" colspan=\"4\"><span style=\"font-weight: 400;\">*<\/span><b>30\u20ac <\/b><span style=\"font-weight: 400;\">per acc\u00e9s a la plataforma i materials did\u00e0ctics (preu p\u00fablic)El pagament dels 30\u20ac per acc\u00e9s a la plataforma i materials did\u00e0ctics \u00e9s obligatori i est\u00e0 subjecte a bonificacions i\/o exempcions dels preus p\u00fablics. (Ordre EDU\/114\/2021), per tant qui gaudeixi de bonificacions podr\u00e0 pagar nom\u00e9s una part de l&#8217;import o res.Amb aquesta aportaci\u00f3 l\u2019alumne t\u00e9 dret a gaudir de tots els serveis i activitats complement\u00e0ries que el centre ofereix, com poden ser: xerrades, exposicions, acc\u00e9s a la biblioteca, fotoc\u00f2pies de classe, carnet escolar amb els avantatges corresponents, etc, per\u00f2<\/span><b> no inclou els llibres de text o de lectura que es puguin fer servir durant el curs.<\/b><\/td>\n<\/tr>\n<\/tbody>\n<\/table>\n<p><span style=\"color: #ff6e6e;\"><b>CATAL\u00c0 <\/b><b>PREUS P\u00daBLICS\u00a0<\/b><\/span><\/p>\n<ul>\n<li><span style=\"font-weight: 400;\"> A1 i A2 de Catal\u00e0 75% descompte sobre el preu p\u00fablic: 68,75\u20ac (amb descompte aplicat) + 30\u20ac<\/span><\/li>\n<li><span style=\"font-weight: 400;\">C2 de Catal\u00e0 50% descompte sobre el preu p\u00fablic: 137,50\u20ac (amb descompte aplicat)+ 30\u20ac<\/span><\/li>\n<\/ul>\n<p style=\"text-align: right;\"><span style=\"font-weight: 400;\">Bonificacions o exempcions de preus p\u00fablics. <\/span><a href=\"https:\/\/educacio.gencat.cat\/ca\/departament\/normativa\/taxes-preus-publics\/preu-public\/\"><span style=\"font-weight: 400;\">Cliqueu aqu\u00ed &gt;&gt;<\/span><\/a><\/p>\n<\/div>\n<div class=\"info\">\n<p><strong style=\"font-family: inherit; font-size: 1em;\">IMPORTANT:<\/strong><span style=\"font-family: inherit; font-size: 1em;\">\u00a0En cas de no fer el pagament dins el termini establert en el moment de la matr\u00edcula, la cancel\u00b7laci\u00f3 ser\u00e0 autom\u00e0tica i no podr\u00e0 fer-se cap reclamaci\u00f3, nom\u00e9s podr\u00e0 accedir-se a una nova matr\u00edcula al final del proc\u00e9s sempre que quedin places vacants.<\/span><\/p>\n<\/div>\n<\/div>\n<div class=\"box\">\n<div class=\"info\">\n<p><strong>ALGUNES BONIFICACIONS<\/strong><strong> PER CURSAR UNA LLENGUA ESTRANGERA A L&#8217;EOI<\/strong><\/p>\n<ul>\n<li>L\u2019alumnat dels centres sostinguts amb fons p\u00fablics, que es matricula d\u2019una segona llengua estrangera en una escola oficial d\u2019idiomes, diferent a la llengua estrangera obligat\u00f2ria del curr\u00edculum que estudia en el centre educatiu, t\u00e9 una bonificaci\u00f3 del 50% del preu p\u00fablic.<\/li>\n<li>L\u2019alumnat matriculat en una escola oficial d\u2019idiomes que cursa una llengua estrangera i vol estudiar una segona llengua estrangera en la mateixa o una altra escola oficial d\u2019idiomes, t\u00e9 una bonificaci\u00f3 del 50% del preu p\u00fablic en la segona llengua que es matriculi.<\/li>\n<li>L\u2019alumnat matriculat en una escola oficial d\u2019idiomes, que cursa una llengua estrangera en el nivell d\u2019intermedi B2 (B2.2), que es matriculi en una nova llengua estrangera el curs immediatament posterior, t\u00e9 una bonificaci\u00f3 del 50% del preu p\u00fablic de la matricula de la nova llengua.<\/li>\n<\/ul>\n<p><strong>C2 DE CATAL\u00c0<\/strong><\/p>\n<ul>\n<li>Les persones que es matriculen a un curs de nivell d&#8217;actualitzaci\u00f3 i especialitzaci\u00f3 C1 o C2 en llengua catalana o en llengua occitana, tenen una bonificaci\u00f3 del 50% del preu p\u00fablic de la matr\u00edcula. (Preu amb aquesta bonificaci\u00f3 per una matr\u00edcula ordin\u00e0ria: <strong>137,50 \u20ac). <\/strong>Com a preu p\u00fablic el pagament dels 30\u20ac \u00e9s OBLIGATORI, <strong>per\u00f2 tamb\u00e9 est\u00e0 subjecte a bonificacions.<\/strong><\/li>\n<\/ul>\n<\/div>\n<\/div>\n","protected":false},"excerpt":{"rendered":"<p>Els preus de matr\u00edcula (taxes i preus p\u00fablics) a les EOIs estan regulats per les seg\u00fcents ordres: Taxes:\u00a0 ORDRE EDU\/80\/2020, d&#8217;11 de juny, per la qual es dona publicitat de les taxes vigents que gestiona el Departament d&#8217;Educaci\u00f3 i Formaci\u00f3 Professional. en aquest enlla\u00e7 Taxes: ORDRE EDU\/90\/2023, de 21 d&#8217;abril 2023, per la qual es [&hellip;]<\/p>\n","protected":false},"author":1,"featured_media":0,"parent":11864,"menu_order":30,"comment_status":"closed","ping_status":"closed","template":"","meta":{"site-sidebar-layout":"default","site-content-layout":"","ast-site-content-layout":"default","site-content-style":"default","site-sidebar-style":"default","ast-global-header-display":"","ast-banner-title-visibility":"","ast-main-header-display":"","ast-hfb-above-header-display":"","ast-hfb-below-header-display":"","ast-hfb-mobile-header-display":"","site-post-title":"","ast-breadcrumbs-content":"","ast-featured-img":"","footer-sml-layout":"","theme-transparent-header-meta":"","adv-header-id-meta":"","stick-header-meta":"","header-above-stick-meta":"","header-main-stick-meta":"","header-below-stick-meta":"","astra-migrate-meta-layouts":"set","ast-page-background-enabled":"default","ast-page-background-meta":{"desktop":{"background-color":"var(--ast-global-color-4)","background-image":"","background-repeat":"repeat","background-position":"center center","background-size":"auto","background-attachment":"scroll","background-type":"","background-media":"","overlay-type":"","overlay-color":"","overlay-opacity":"","overlay-gradient":""},"tablet":{"background-color":"","background-image":"","background-repeat":"repeat","background-position":"center center","background-size":"auto","background-attachment":"scroll","background-type":"","background-media":"","overlay-type":"","overlay-color":"","overlay-opacity":"","overlay-gradient":""},"mobile":{"background-color":"","background-image":"","background-repeat":"repeat","background-position":"center center","background-size":"auto","background-attachment":"scroll","background-type":"","background-media":"","overlay-type":"","overlay-color":"","overlay-opacity":"","overlay-gradient":""}},"ast-content-background-meta":{"desktop":{"background-color":"var(--ast-global-color-5)","background-image":"","background-repeat":"repeat","background-position":"center center","background-size":"auto","background-attachment":"scroll","background-type":"","background-media":"","overlay-type":"","overlay-color":"","overlay-opacity":"","overlay-gradient":""},"tablet":{"background-color":"var(--ast-global-color-5)","background-image":"","background-repeat":"repeat","background-position":"center center","background-size":"auto","background-attachment":"scroll","background-type":"","background-media":"","overlay-type":"","overlay-color":"","overlay-opacity":"","overlay-gradient":""},"mobile":{"background-color":"var(--ast-global-color-5)","background-image":"","background-repeat":"repeat","background-position":"center center","background-size":"auto","background-attachment":"scroll","background-type":"","background-media":"","overlay-type":"","overlay-color":"","overlay-opacity":"","overlay-gradient":""}},"footnotes":""},"class_list":["post-11863","page","type-page","status-publish","hentry"],"post_mailing_queue_ids":[],"_links":{"self":[{"href":"https:\/\/agora-eoi.xtec.cat\/eoiterrassa\/wp-json\/wp\/v2\/pages\/11863","targetHints":{"allow":["GET"]}}],"collection":[{"href":"https:\/\/agora-eoi.xtec.cat\/eoiterrassa\/wp-json\/wp\/v2\/pages"}],"about":[{"href":"https:\/\/agora-eoi.xtec.cat\/eoiterrassa\/wp-json\/wp\/v2\/types\/page"}],"author":[{"embeddable":true,"href":"https:\/\/agora-eoi.xtec.cat\/eoiterrassa\/wp-json\/wp\/v2\/users\/1"}],"replies":[{"embeddable":true,"href":"https:\/\/agora-eoi.xtec.cat\/eoiterrassa\/wp-json\/wp\/v2\/comments?post=11863"}],"version-history":[{"count":6,"href":"https:\/\/agora-eoi.xtec.cat\/eoiterrassa\/wp-json\/wp\/v2\/pages\/11863\/revisions"}],"predecessor-version":[{"id":18881,"href":"https:\/\/agora-eoi.xtec.cat\/eoiterrassa\/wp-json\/wp\/v2\/pages\/11863\/revisions\/18881"}],"up":[{"embeddable":true,"href":"https:\/\/agora-eoi.xtec.cat\/eoiterrassa\/wp-json\/wp\/v2\/pages\/11864"}],"wp:attachment":[{"href":"https:\/\/agora-eoi.xtec.cat\/eoiterrassa\/wp-json\/wp\/v2\/media?parent=11863"}],"curies":[{"name":"wp","href":"https:\/\/api.w.org\/{rel}","templated":true}]}}