{"id":11524,"date":"2020-07-23T12:42:14","date_gmt":"2020-07-23T10:42:14","guid":{"rendered":"http:\/\/agora-eoi.xtec.cat\/eoiterrassa\/?page_id=11524"},"modified":"2026-04-13T10:14:53","modified_gmt":"2026-04-13T08:14:53","slug":"documentacio-del-centre","status":"publish","type":"page","link":"https:\/\/agora-eoi.xtec.cat\/eoiterrassa\/les-escoles-oficials-didiomes\/documents-de-centre\/documentacio-del-centre\/","title":{"rendered":"Documents de gesti\u00f3 de centre"},"content":{"rendered":"<ul>\n<li><a href=\"https:\/\/agora-eoi.xtec.cat\/eoiterrassa\/wp-content\/uploads\/usu2242\/2025\/05\/carta-compromis-2025-EOIterrassa.docx.pdf\">Carta de comprom\u00eds educatiu<\/a><\/li>\n<li><a href=\"https:\/\/agora-eoi.xtec.cat\/eoiterrassa\/wp-content\/uploads\/usu2242\/2025\/09\/Guia-de-lalumnat-2025-2026.pdf\">Guia de l&#8217;alumnat 2025-2026<\/a><\/li>\n<li><a href=\"https:\/\/agora-eoi.xtec.cat\/eoiterrassa\/wp-content\/uploads\/usu2242\/2025\/10\/NOFC_EOI_TERRASSA_V05_aprovades-telematicament-13.10.2025.docx-1.pdf\">Normes d&#8217;organitzaci\u00f3 i funcionament de centre<\/a> (NOFC). Aprovades pel Consell Escolar telem\u00e0ticament el dia 13\/10\/2025.<\/li>\n<li><a href=\"https:\/\/agora-eoi.xtec.cat\/eoiterrassa\/wp-content\/uploads\/usu2242\/2024\/09\/PLC_EOI-Terrassa_versio-3_jul-2024.docx-1.pdf\">Projecte ling\u00fc\u00edstic de centre 2024<\/a> (PLC). Aprovat pel Consell Escolar el dia 09\/10\/2024.<\/li>\n<li><a href=\"https:\/\/agora-eoi.xtec.cat\/eoiterrassa\/wp-content\/uploads\/usu2242\/2020\/11\/PdD_EOI-Terrassa_2020_2024_Maria-Trullas.pdf\">Projecte de direcci\u00f3<\/a> per a l&#8217;EOI Terrassa (PdD). Mandat 2020_2024. Maria Trull\u00e0s Soler.<\/li>\n<li><a href=\"https:\/\/agora-eoi.xtec.cat\/eoiterrassa\/wp-content\/uploads\/usu2242\/2024\/10\/PLA-DACOLLIDA-EOI-TERRASSA_versio-2_novembre-2023.pdf\">Pla d&#8217;acollida a l&#8217;EOI Terrassa<\/a>. Novembre 2023.<\/li>\n<li><a href=\"https:\/\/agora-eoi.xtec.cat\/eoiterrassa\/wp-content\/uploads\/usu2242\/2024\/05\/Actualitzacio-del-projecte-de-direccio_2024-2028_Maria-Trullas-.pdf\">Actualitzaci\u00f3 del Projecte de direcci\u00f3 <\/a>per a l&#8217;EOI Terrassa. Mandat 2024-2028. Maria Trull\u00e0s Soler.<\/li>\n<li><a href=\"https:\/\/agora-eoi.xtec.cat\/eoiterrassa\/wp-content\/uploads\/usu2242\/2021\/09\/PEC_EOI-Terrassa_Setembre-2021_v1_aprovat_24_09_2021.pdf\">Projecte educatiu de centre<\/a> de l&#8217;EOI Terrassa (PEC). Aprovat pel Consell Escolar el dia 24\/09\/2021.<\/li>\n<li><a href=\"https:\/\/agora-eoi.xtec.cat\/eoiterrassa\/wp-content\/uploads\/usu2242\/2022\/07\/17_PEC_Pla_LELV-EOITerrassa.pdf\">El pla Les escoles lliures de viol\u00e8ncies. Juliol 2022.<\/a><\/li>\n<li><a href=\"https:\/\/agora-eoi.xtec.cat\/eoiterrassa\/wp-content\/uploads\/usu2242\/2026\/04\/Dadesdelpressupost-1.pdf\">Liquidaci\u00f3 del pressupost 2025<\/a><\/li>\n<li><a href=\"https:\/\/agora-eoi.xtec.cat\/eoiterrassa\/wp-content\/uploads\/usu2242\/2026\/03\/Dades-del-pressupost-Exercici-2026.pdf\">Dades del pressupost 2026<\/a><\/li>\n<li><a href=\"https:\/\/agora-eoi.xtec.cat\/eoiterrassa\/wp-content\/uploads\/usu2242\/2025\/09\/Informe-de-modificacio-del-pressupost-26_06_2025.pdf\">Informe de modificaci\u00f3 del pressupost 2025<\/a><\/li>\n<\/ul>\n\n\n<p><\/p>\n","protected":false},"excerpt":{"rendered":"<p>Carta de comprom\u00eds educatiu Guia de l&#8217;alumnat 2025-2026 Normes d&#8217;organitzaci\u00f3 i funcionament de centre (NOFC). Aprovades pel Consell Escolar telem\u00e0ticament el dia 13\/10\/2025. Projecte ling\u00fc\u00edstic de centre 2024 (PLC). Aprovat pel Consell Escolar el dia 09\/10\/2024. Projecte de direcci\u00f3 per a l&#8217;EOI Terrassa (PdD). Mandat 2020_2024. Maria Trull\u00e0s Soler. Pla d&#8217;acollida a l&#8217;EOI Terrassa. Novembre [&hellip;]<\/p>\n","protected":false},"author":1,"featured_media":0,"parent":13925,"menu_order":90,"comment_status":"closed","ping_status":"closed","template":"","meta":{"site-sidebar-layout":"default","site-content-layout":"","ast-site-content-layout":"default","site-content-style":"default","site-sidebar-style":"default","ast-global-header-display":"","ast-banner-title-visibility":"","ast-main-header-display":"","ast-hfb-above-header-display":"","ast-hfb-below-header-display":"","ast-hfb-mobile-header-display":"","site-post-title":"","ast-breadcrumbs-content":"","ast-featured-img":"","footer-sml-layout":"","theme-transparent-header-meta":"","adv-header-id-meta":"","stick-header-meta":"","header-above-stick-meta":"","header-main-stick-meta":"","header-below-stick-meta":"","astra-migrate-meta-layouts":"set","ast-page-background-enabled":"default","ast-page-background-meta":{"desktop":{"background-color":"var(--ast-global-color-4)","background-image":"","background-repeat":"repeat","background-position":"center center","background-size":"auto","background-attachment":"scroll","background-type":"","background-media":"","overlay-type":"","overlay-color":"","overlay-opacity":"","overlay-gradient":""},"tablet":{"background-color":"","background-image":"","background-repeat":"repeat","background-position":"center center","background-size":"auto","background-attachment":"scroll","background-type":"","background-media":"","overlay-type":"","overlay-color":"","overlay-opacity":"","overlay-gradient":""},"mobile":{"background-color":"","background-image":"","background-repeat":"repeat","background-position":"center center","background-size":"auto","background-attachment":"scroll","background-type":"","background-media":"","overlay-type":"","overlay-color":"","overlay-opacity":"","overlay-gradient":""}},"ast-content-background-meta":{"desktop":{"background-color":"var(--ast-global-color-5)","background-image":"","background-repeat":"repeat","background-position":"center center","background-size":"auto","background-attachment":"scroll","background-type":"","background-media":"","overlay-type":"","overlay-color":"","overlay-opacity":"","overlay-gradient":""},"tablet":{"background-color":"var(--ast-global-color-5)","background-image":"","background-repeat":"repeat","background-position":"center center","background-size":"auto","background-attachment":"scroll","background-type":"","background-media":"","overlay-type":"","overlay-color":"","overlay-opacity":"","overlay-gradient":""},"mobile":{"background-color":"var(--ast-global-color-5)","background-image":"","background-repeat":"repeat","background-position":"center center","background-size":"auto","background-attachment":"scroll","background-type":"","background-media":"","overlay-type":"","overlay-color":"","overlay-opacity":"","overlay-gradient":""}},"footnotes":""},"class_list":["post-11524","page","type-page","status-publish","hentry"],"post_mailing_queue_ids":[],"_links":{"self":[{"href":"https:\/\/agora-eoi.xtec.cat\/eoiterrassa\/wp-json\/wp\/v2\/pages\/11524","targetHints":{"allow":["GET"]}}],"collection":[{"href":"https:\/\/agora-eoi.xtec.cat\/eoiterrassa\/wp-json\/wp\/v2\/pages"}],"about":[{"href":"https:\/\/agora-eoi.xtec.cat\/eoiterrassa\/wp-json\/wp\/v2\/types\/page"}],"author":[{"embeddable":true,"href":"https:\/\/agora-eoi.xtec.cat\/eoiterrassa\/wp-json\/wp\/v2\/users\/1"}],"replies":[{"embeddable":true,"href":"https:\/\/agora-eoi.xtec.cat\/eoiterrassa\/wp-json\/wp\/v2\/comments?post=11524"}],"version-history":[{"count":6,"href":"https:\/\/agora-eoi.xtec.cat\/eoiterrassa\/wp-json\/wp\/v2\/pages\/11524\/revisions"}],"predecessor-version":[{"id":20616,"href":"https:\/\/agora-eoi.xtec.cat\/eoiterrassa\/wp-json\/wp\/v2\/pages\/11524\/revisions\/20616"}],"up":[{"embeddable":true,"href":"https:\/\/agora-eoi.xtec.cat\/eoiterrassa\/wp-json\/wp\/v2\/pages\/13925"}],"wp:attachment":[{"href":"https:\/\/agora-eoi.xtec.cat\/eoiterrassa\/wp-json\/wp\/v2\/media?parent=11524"}],"curies":[{"name":"wp","href":"https:\/\/api.w.org\/{rel}","templated":true}]}}