{"id":9886,"date":"2024-11-04T00:10:19","date_gmt":"2024-11-03T23:10:19","guid":{"rendered":"https:\/\/agora-eoi.xtec.cat\/eoitarrega\/?page_id=9886"},"modified":"2024-11-10T23:39:07","modified_gmt":"2024-11-10T22:39:07","slug":"projecte-eoi-fp-together","status":"publish","type":"page","link":"https:\/\/agora-eoi.xtec.cat\/eoitarrega\/projecte-eoi-fp-together\/","title":{"rendered":"Projecte EOI &#038; FP together"},"content":{"rendered":"<header class=\"entry-header\">\n<h4 class=\"entry-title\">Projecte FP &amp; EOI TOGETHER<\/h4>\n<\/header>\n<div class=\"entry-content\">\n<p><strong>Qu\u00e8 \u00e9s FP &amp; EOI TOGETHER?<\/strong><\/p>\n<p>El Projecte FP &amp; EOI TOGETHER \u00e9s una iniciativa de la Direcci\u00f3 General de Formaci\u00f3 Professional que pret\u00e9n posar en contacte centres de cicles formatius, art\u00edstics i esportius amb les EOIs d\u2019un mateix territori a fi de desenvolupar un projecte de forma conjunta.<\/p>\n<p><strong>Objectius<\/strong><\/p>\n<ul>\n<li>Millorar les compet\u00e8ncies comunicatives en lleng\u00fces estrangeres de l\u2019alumnat d\u2019FP a fi d\u2019ajudar-los en la seva inserci\u00f3 laboral.<\/li>\n<li>Potenciar les col\u00b7laboracions entre el centres educatius implicats.<\/li>\n<li>Difondre les ofertes formatives dels centres d\u2019FP, esportius i escoles d\u2019art i les EOIs.<\/li>\n<li>Promoure la participaci\u00f3 en projectes de mobilitat en l\u2019alumnat d\u2019FP.<\/li>\n<\/ul>\n<p><strong>Participants<\/strong><\/p>\n<p>El programa est\u00e0 obert a qualsevol Institut d\u2019FP, Escola d\u2019Art o Superior Art\u00edstica i Escola Oficial d\u2019Idiomes del Departament d\u2019Educaci\u00f3.<\/p>\n<\/div>\n","protected":false},"excerpt":{"rendered":"<p>Projecte FP &amp; EOI TOGETHER<\/p>\n<p>Qu\u00e8 \u00e9s FP &amp; EOI TOGETHER?<br \/>\nEl Projecte FP &amp; EOI TOGETHER \u00e9s una iniciativa de la Direcci\u00f3 General de Formaci\u00f3 Professional que pret\u00e9n posar en contacte centres de cicles formatius, art\u00edstics i esportius amb les EOIs d\u2019un mateix territori a fi&hellip;  <a href=\"https:\/\/agora-eoi.xtec.cat\/eoitarrega\/projecte-eoi-fp-together\/\" title=\"Read Projecte EOI &#038; FP together\">Llegeix m\u00e9s\u00bb<\/a><\/p>\n","protected":false},"author":1,"featured_media":0,"parent":0,"menu_order":0,"comment_status":"closed","ping_status":"closed","template":"","meta":{"_bbp_topic_count":0,"_bbp_reply_count":0,"_bbp_total_topic_count":0,"_bbp_total_reply_count":0,"_bbp_voice_count":0,"_bbp_anonymous_reply_count":0,"_bbp_topic_count_hidden":0,"_bbp_reply_count_hidden":0,"_bbp_forum_subforum_count":0,"footnotes":""},"class_list":["post-9886","page","type-page","status-publish","hentry"],"post_mailing_queue_ids":[],"_links":{"self":[{"href":"https:\/\/agora-eoi.xtec.cat\/eoitarrega\/wp-json\/wp\/v2\/pages\/9886","targetHints":{"allow":["GET"]}}],"collection":[{"href":"https:\/\/agora-eoi.xtec.cat\/eoitarrega\/wp-json\/wp\/v2\/pages"}],"about":[{"href":"https:\/\/agora-eoi.xtec.cat\/eoitarrega\/wp-json\/wp\/v2\/types\/page"}],"author":[{"embeddable":true,"href":"https:\/\/agora-eoi.xtec.cat\/eoitarrega\/wp-json\/wp\/v2\/users\/1"}],"replies":[{"embeddable":true,"href":"https:\/\/agora-eoi.xtec.cat\/eoitarrega\/wp-json\/wp\/v2\/comments?post=9886"}],"version-history":[{"count":3,"href":"https:\/\/agora-eoi.xtec.cat\/eoitarrega\/wp-json\/wp\/v2\/pages\/9886\/revisions"}],"predecessor-version":[{"id":9915,"href":"https:\/\/agora-eoi.xtec.cat\/eoitarrega\/wp-json\/wp\/v2\/pages\/9886\/revisions\/9915"}],"wp:attachment":[{"href":"https:\/\/agora-eoi.xtec.cat\/eoitarrega\/wp-json\/wp\/v2\/media?parent=9886"}],"curies":[{"name":"wp","href":"https:\/\/api.w.org\/{rel}","templated":true}]}}