{"id":9880,"date":"2024-11-04T00:01:48","date_gmt":"2024-11-03T23:01:48","guid":{"rendered":"https:\/\/agora-eoi.xtec.cat\/eoitarrega\/?page_id=9880"},"modified":"2024-11-10T23:45:05","modified_gmt":"2024-11-10T22:45:05","slug":"programes-departament-deducacio","status":"publish","type":"page","link":"https:\/\/agora-eoi.xtec.cat\/eoitarrega\/programes-departament-deducacio\/","title":{"rendered":"Programa de certificaci\u00f3 en lleng\u00fces estrangeres"},"content":{"rendered":"<p>La finalitat d&#8217;aquest programa \u00e9s fomentar, amb el suport de les Escoles Oficials d&#8217;Idiomes als centres educatius participants, <strong>la certificaci\u00f3 dels coneixements de llengua estrangera adquirits per l&#8217;alumnat de determinats ensenyaments<\/strong> de forma que s&#8217;afavoreixi el progr\u00e9s del rendiment acad\u00e8mic en les lleng\u00fces estrangeres.<\/p>\n<p>Els objectius espec\u00edfics del programa s\u00f3n els seg\u00fcents:<\/p>\n<div>\n<p>a) Impulsar i facilitar la certificaci\u00f3 de la compet\u00e8ncia ling\u00fc\u00edstica en llengua estrangera dels alumnes de determinats ensenyaments.<\/p>\n<p>b) Estimular la motivaci\u00f3 i el rendiment de l&#8217;alumnat en les mat\u00e8ries de lleng\u00fces estrangeres, amb accions en els diversos ensenyaments implicats i programades en el marc del projecte educatiu de centre i concretades a la programaci\u00f3 general anual.<\/p>\n<\/div>\n<div>\n<p>c) Afavorir les vies que facilitin la cooperaci\u00f3 entre centres educatius, i entre aquests i les escoles oficials d&#8217;idiomes.<\/p>\n<p>A l&#8217;EOI T\u00e0rrega certifiquem els idiomes <strong>angl\u00e8s i franc\u00e8s<\/strong> a nivell B1 i B2.<\/p>\n<p>Poden formar part del programa els centres educatius de Catalunya sostinguts amb fons p\u00fablics que imparteixen algun dels ensenyaments seg\u00fcents:\u00a0educaci\u00f3 secund\u00e0ria obligat\u00f2ria, batxillerat, cicles de formaci\u00f3 professional, cicles d\u2019arts pl\u00e0stiques i disseny, t\u00edtols propis d\u2019arts esc\u00e8niques o cicles d\u2019ensenyaments esportius de r\u00e8gim especial.<\/p>\n<\/div>\n<p><a href=\"https:\/\/dogc.gencat.cat\/ca\/document-del-dogc\/?documentId=920505\">Enlla\u00e7 a la resoluci\u00f3<\/a><\/p>\n","protected":false},"excerpt":{"rendered":"<p>La finalitat d&#8217;aquest programa \u00e9s fomentar, amb el suport de les Escoles Oficials d&#8217;Idiomes als centres educatius participants, la certificaci\u00f3 dels coneixements de llengua estrangera adquirits per l&#8217;alumnat de determinats ensenyaments de forma que s&#8217;afavoreixi el progr\u00e9s del rendiment acad\u00e8mic en les lleng\u00fces estrangeres.<br \/>\nEls objectius&hellip;  <a href=\"https:\/\/agora-eoi.xtec.cat\/eoitarrega\/programes-departament-deducacio\/\" title=\"Read Programa de certificaci\u00f3 en lleng\u00fces estrangeres\">Llegeix m\u00e9s\u00bb<\/a><\/p>\n","protected":false},"author":1,"featured_media":0,"parent":0,"menu_order":0,"comment_status":"closed","ping_status":"closed","template":"","meta":{"_bbp_topic_count":0,"_bbp_reply_count":0,"_bbp_total_topic_count":0,"_bbp_total_reply_count":0,"_bbp_voice_count":0,"_bbp_anonymous_reply_count":0,"_bbp_topic_count_hidden":0,"_bbp_reply_count_hidden":0,"_bbp_forum_subforum_count":0,"footnotes":""},"class_list":["post-9880","page","type-page","status-publish","hentry"],"post_mailing_queue_ids":[],"_links":{"self":[{"href":"https:\/\/agora-eoi.xtec.cat\/eoitarrega\/wp-json\/wp\/v2\/pages\/9880","targetHints":{"allow":["GET"]}}],"collection":[{"href":"https:\/\/agora-eoi.xtec.cat\/eoitarrega\/wp-json\/wp\/v2\/pages"}],"about":[{"href":"https:\/\/agora-eoi.xtec.cat\/eoitarrega\/wp-json\/wp\/v2\/types\/page"}],"author":[{"embeddable":true,"href":"https:\/\/agora-eoi.xtec.cat\/eoitarrega\/wp-json\/wp\/v2\/users\/1"}],"replies":[{"embeddable":true,"href":"https:\/\/agora-eoi.xtec.cat\/eoitarrega\/wp-json\/wp\/v2\/comments?post=9880"}],"version-history":[{"count":5,"href":"https:\/\/agora-eoi.xtec.cat\/eoitarrega\/wp-json\/wp\/v2\/pages\/9880\/revisions"}],"predecessor-version":[{"id":9917,"href":"https:\/\/agora-eoi.xtec.cat\/eoitarrega\/wp-json\/wp\/v2\/pages\/9880\/revisions\/9917"}],"wp:attachment":[{"href":"https:\/\/agora-eoi.xtec.cat\/eoitarrega\/wp-json\/wp\/v2\/media?parent=9880"}],"curies":[{"name":"wp","href":"https:\/\/api.w.org\/{rel}","templated":true}]}}