{"id":9831,"date":"2024-10-26T11:36:02","date_gmt":"2024-10-26T09:36:02","guid":{"rendered":"https:\/\/agora-eoi.xtec.cat\/eoitarrega\/?page_id=9831"},"modified":"2025-07-11T10:25:22","modified_gmt":"2025-07-11T08:25:22","slug":"modalitats-destudi","status":"publish","type":"page","link":"https:\/\/agora-eoi.xtec.cat\/eoitarrega\/modalitats-destudi\/","title":{"rendered":"Modalitats d&#8217;estudi"},"content":{"rendered":"<p>Oferim dues modalitats: cursos extensius i cursos semipresencials.<\/p>\n<p><strong>GRUPS Extensius <\/strong>(angl\u00e8s, franc\u00e8s i catal\u00e0). Dilluns i dimecres, o b\u00e9 dimarts i dijous. Dues sessions a la setmana de 2 h 15 m.<\/p>\n<p><a href=\"https:\/\/agora-eoi.xtec.cat\/eoitarrega\/wp-content\/uploads\/usu2260\/2024\/11\/cursos_semipresencials_2425.png\"><strong>GRUPS<\/strong>\u00a0<strong>Semipresencials\u00a0<\/strong>(angl\u00e8s i catal\u00e0)<\/a>. Una sessi\u00f3 PRESENCIAL a la setmana de 2 h 15 m. La resta d\u2019hores, fins arribar a una quantitat equivalent a la dels cursos presencials, es far\u00e0 de manera aut\u00f2noma en l\u00ednia mitjan\u00e7ant la plataforma Moodle. Per fer aquesta part no presencial no cal connectar-se de manera sincr\u00f2nica.<\/p>\n<p dir=\"ltr\" data-placeholder=\"Traducci\u00f3\">El curs 2025-2026 l\u2019oferta de semipresencials \u00e9s la seg\u00fcent:<\/p>\n<p>Angl\u00e8s: B2.2 i\u00a0 C1<br \/>\nCatal\u00e0: C2<\/p>\n","protected":false},"excerpt":{"rendered":"<p>Oferim dues modalitats: cursos extensius i cursos semipresencials.<br \/>\nGRUPS Extensius (angl\u00e8s, franc\u00e8s i catal\u00e0). Dilluns i dimecres, o b\u00e9 dimarts i dijous. Dues sessions a la setmana de 2 h 15 m.<br \/>\n<a href=\"https:\/\/agora-eoi.xtec.cat\/eoitarrega\/wp-content\/uploads\/usu2260\/2024\/11\/cursos_semipresencials_2425.png\">GRUPS\u00a0Semipresencials\u00a0(angl\u00e8s i catal\u00e0)<\/a>. Una sessi\u00f3 PRESENCIAL a la setmana de 2 h 15 m.&hellip;  <a href=\"https:\/\/agora-eoi.xtec.cat\/eoitarrega\/modalitats-destudi\/\" title=\"Read Modalitats d&#8217;estudi\">Llegeix m\u00e9s\u00bb<\/a><\/p>\n","protected":false},"author":3,"featured_media":0,"parent":0,"menu_order":0,"comment_status":"closed","ping_status":"closed","template":"","meta":{"_bbp_topic_count":0,"_bbp_reply_count":0,"_bbp_total_topic_count":0,"_bbp_total_reply_count":0,"_bbp_voice_count":0,"_bbp_anonymous_reply_count":0,"_bbp_topic_count_hidden":0,"_bbp_reply_count_hidden":0,"_bbp_forum_subforum_count":0,"footnotes":""},"class_list":["post-9831","page","type-page","status-publish","hentry"],"post_mailing_queue_ids":[],"_links":{"self":[{"href":"https:\/\/agora-eoi.xtec.cat\/eoitarrega\/wp-json\/wp\/v2\/pages\/9831","targetHints":{"allow":["GET"]}}],"collection":[{"href":"https:\/\/agora-eoi.xtec.cat\/eoitarrega\/wp-json\/wp\/v2\/pages"}],"about":[{"href":"https:\/\/agora-eoi.xtec.cat\/eoitarrega\/wp-json\/wp\/v2\/types\/page"}],"author":[{"embeddable":true,"href":"https:\/\/agora-eoi.xtec.cat\/eoitarrega\/wp-json\/wp\/v2\/users\/3"}],"replies":[{"embeddable":true,"href":"https:\/\/agora-eoi.xtec.cat\/eoitarrega\/wp-json\/wp\/v2\/comments?post=9831"}],"version-history":[{"count":4,"href":"https:\/\/agora-eoi.xtec.cat\/eoitarrega\/wp-json\/wp\/v2\/pages\/9831\/revisions"}],"predecessor-version":[{"id":10346,"href":"https:\/\/agora-eoi.xtec.cat\/eoitarrega\/wp-json\/wp\/v2\/pages\/9831\/revisions\/10346"}],"wp:attachment":[{"href":"https:\/\/agora-eoi.xtec.cat\/eoitarrega\/wp-json\/wp\/v2\/media?parent=9831"}],"curies":[{"name":"wp","href":"https:\/\/api.w.org\/{rel}","templated":true}]}}