{"id":9821,"date":"2024-10-25T12:24:33","date_gmt":"2024-10-25T10:24:33","guid":{"rendered":"https:\/\/agora-eoi.xtec.cat\/eoitarrega\/?page_id=9821"},"modified":"2024-10-25T12:26:58","modified_gmt":"2024-10-25T10:26:58","slug":"convalidacions-eso-i-batxillerat","status":"publish","type":"page","link":"https:\/\/agora-eoi.xtec.cat\/eoitarrega\/convalidacions-eso-i-batxillerat\/","title":{"rendered":"Convalidacions ESO i batxillerat"},"content":{"rendered":"<div data-removefontsize=\"true\" data-originalcomputedfontsize=\"16\">\n<div data-removefontsize=\"true\" data-originalcomputedfontsize=\"16\">\n<div class=\"entry-content\">\n<p><strong>CONVALIDACIONS ESO<\/strong><\/p>\n<p>L\u2019alumnat que cursa una segona llengua estrangera en una escola oficial d\u2019idiomes, que no s\u2019ofereixi en el centre educatiu, pot sol\u00b7licitar-ne el reconeixement. En aquest cas, l\u2019alumne o alumna ha d\u2019acreditar que est\u00e0 matriculat en una EOI i ha de comunicar, si es dona el cas, l\u2019abandonament d\u2019aquests estudis.<\/p>\n<p>El tr\u00e0mit que han de fer les fam\u00edlies dels alumnes \u00e9s el seg\u00fcent:<\/p>\n<p>a. Sol\u00b7licitar al centre de secund\u00e0ria el reconeixement dels estudis com a mat\u00e8ria optativa de Segona Llengua Estrangera. Aquesta sol\u00b7licitud cal fer-la cada any.<\/p>\n<p>b. En la sol\u00b7licitud cal adjuntar el comprovant de matr\u00edcula.<\/p>\n<p>c. Presentar al centre, a final de curs, un certificat de superaci\u00f3 dels estudis expedit per l\u2019EOI.<\/p>\n<p>El reconeixement est\u00e0 condicionat a la valoraci\u00f3 favorable del seguiment de l\u2019alumne o alumna. At\u00e8s que totes aquestes possibilitats es fonamenten en el fet de simultaniejar estudis ordinaris, la sol\u00b7licitud s\u2019ha de renovar cada curs. El reconeixement de la formaci\u00f3 en cursos posteriors queda supeditada a l\u2019acreditaci\u00f3 de la superaci\u00f3 del curs previ.<\/p>\n<p><strong>CONVALIDACIONS BATXILLERAT\u00a0<\/strong><\/p>\n<p>Els i les alumnes que cursen el batxillerat i, al mateix temps, una segona llengua estrangera en una escola oficial d\u2019idiomes (EOI) poden sol\u00b7licitar:<\/p>\n<p>A\u00a0<strong>primer curs<\/strong>, la convalidaci\u00f3 de dues franges d\u2019optatives (6 hores)\u00a0si es dona alguna de les condicions seg\u00fcents:<\/p>\n<ul>\n<li>Es cursa a l\u2019EOI amb el nivell B2 o superior una segona llengua estrangera que ofereix el centre.<\/li>\n<li>Es cursa a l\u2019EOI una llengua estrangera que no ofereix el centre.<\/li>\n<\/ul>\n<p>En el cas dels alumnes de primer de batxillerat, la convalidaci\u00f3 de 6 hores de mat\u00e8ries de la franja d\u2019optatives pot ser de qualsevol de les tres franges optatives i tindr\u00e0 car\u00e0cter anual.<\/p>\n<p>A\u00a0<strong>segon curs<\/strong>, la convalidaci\u00f3 de la darrera franja de quatre hores de cada curs que es completa amb una mat\u00e8ria de modalitat, pr\u00f2pia o aliena, o b\u00e9 amb dues mat\u00e8ries espec\u00edfiques, si es dona alguna de les condicions seg\u00fcents:<\/p>\n<ul>\n<li>Es cursa a l\u2019EOI amb el nivell B2 o superior una segona llengua estrangera que ofereix el centre.<\/li>\n<li>Es cursa a l\u2019EOI una llengua estrangera que no ofereix el centre.<\/li>\n<\/ul>\n<p>La sol\u00b7licitud de convalidaci\u00f3 la presenta l\u2019alumne el primer mes de classe, juntament amb una c\u00f2pia de la matr\u00edcula a l\u2019EOI. El centre ho comunica a la Direcci\u00f3 General de Curr\u00edculum i Personalitzaci\u00f3 i el Batxillerat abans del 15 d\u2019octubre del curs escolar corresponent.<\/p>\n<p>La convalidaci\u00f3 est\u00e0 condicionada a la superaci\u00f3 del curs a l\u2019EOI, que cal documentar amb un certificat del nivell assolit expedit per la secretaria de l\u2019EOI.<\/p>\n<\/div>\n<\/div>\n<\/div>\n<div data-removefontsize=\"true\" data-originalcomputedfontsize=\"16\"><\/div>\n","protected":false},"excerpt":{"rendered":"<p>CONVALIDACIONS ESO<br \/>\nL\u2019alumnat que cursa una segona llengua estrangera en una escola oficial d\u2019idiomes, que no s\u2019ofereixi en el centre educatiu, pot sol\u00b7licitar-ne el reconeixement. En aquest cas, l\u2019alumne o alumna ha d\u2019acreditar que est\u00e0 matriculat en una EOI i ha de comunicar, si es dona&hellip;  <a href=\"https:\/\/agora-eoi.xtec.cat\/eoitarrega\/convalidacions-eso-i-batxillerat\/\" title=\"Read Convalidacions ESO i batxillerat\">Llegeix m\u00e9s\u00bb<\/a><\/p>\n","protected":false},"author":1,"featured_media":0,"parent":0,"menu_order":0,"comment_status":"closed","ping_status":"closed","template":"","meta":{"_bbp_topic_count":0,"_bbp_reply_count":0,"_bbp_total_topic_count":0,"_bbp_total_reply_count":0,"_bbp_voice_count":0,"_bbp_anonymous_reply_count":0,"_bbp_topic_count_hidden":0,"_bbp_reply_count_hidden":0,"_bbp_forum_subforum_count":0,"footnotes":""},"class_list":["post-9821","page","type-page","status-publish","hentry"],"post_mailing_queue_ids":[],"_links":{"self":[{"href":"https:\/\/agora-eoi.xtec.cat\/eoitarrega\/wp-json\/wp\/v2\/pages\/9821","targetHints":{"allow":["GET"]}}],"collection":[{"href":"https:\/\/agora-eoi.xtec.cat\/eoitarrega\/wp-json\/wp\/v2\/pages"}],"about":[{"href":"https:\/\/agora-eoi.xtec.cat\/eoitarrega\/wp-json\/wp\/v2\/types\/page"}],"author":[{"embeddable":true,"href":"https:\/\/agora-eoi.xtec.cat\/eoitarrega\/wp-json\/wp\/v2\/users\/1"}],"replies":[{"embeddable":true,"href":"https:\/\/agora-eoi.xtec.cat\/eoitarrega\/wp-json\/wp\/v2\/comments?post=9821"}],"version-history":[{"count":2,"href":"https:\/\/agora-eoi.xtec.cat\/eoitarrega\/wp-json\/wp\/v2\/pages\/9821\/revisions"}],"predecessor-version":[{"id":9824,"href":"https:\/\/agora-eoi.xtec.cat\/eoitarrega\/wp-json\/wp\/v2\/pages\/9821\/revisions\/9824"}],"wp:attachment":[{"href":"https:\/\/agora-eoi.xtec.cat\/eoitarrega\/wp-json\/wp\/v2\/media?parent=9821"}],"curies":[{"name":"wp","href":"https:\/\/api.w.org\/{rel}","templated":true}]}}