{"id":9798,"date":"2024-10-20T23:46:55","date_gmt":"2024-10-20T21:46:55","guid":{"rendered":"https:\/\/agora-eoi.xtec.cat\/eoitarrega\/?page_id=9798"},"modified":"2025-07-23T22:28:45","modified_gmt":"2025-07-23T20:28:45","slug":"certificats-i-proves","status":"publish","type":"page","link":"https:\/\/agora-eoi.xtec.cat\/eoitarrega\/certificats-i-proves\/","title":{"rendered":"Certificats i proves oficials"},"content":{"rendered":"<p>Els certificats oficials es poden obtenir essent alumne oficial o candidat lliure. La matr\u00edcula com a alumne oficial d\u00f3na dret a classes i a fer l&#8217;examen de certificat sense altre cost addicional. La matr\u00edcula com a candidat lliure nom\u00e9s d\u00f3na dret a fer l&#8217;examen de certificat.<\/p>\n<p>Com a <strong>ALUMNE OFICIAL<\/strong> es poden obtenir els seg\u00fcents certificats:<\/p>\n<table style=\"border-collapse: collapse; width: 100%;\">\n<tbody>\n<tr>\n<td style=\"width: 21.4286%;\">ANGL\u00c8S<\/td>\n<td style=\"width: 78.5714%;\">Certificat de <strong>nivell b\u00e0sic A2<\/strong> (en aprovar el segon curs)<\/p>\n<p>Certificat de <strong>nivell intermedi B1<\/strong> (en aprovar l&#8217;examen de certificat de B1)<\/p>\n<p>Certificat de <strong>nivell intermedi B2<\/strong> (en aprovar l&#8217;examen de certificat de B2)<\/p>\n<p>Certificat de nivell <strong>avan\u00e7at C1<\/strong> (en aprovar l&#8217;examen de certificat C1)<\/td>\n<\/tr>\n<tr>\n<td style=\"width: 21.4286%;\">FRANC\u00c8S<\/td>\n<td style=\"width: 78.5714%;\">Certificat de <strong>nivell b\u00e0sic A2<\/strong> (en aprovar el segon curs)<\/p>\n<p>Certificat de <strong>nivell intermedi B1<\/strong> (en aprovar l&#8217;examen de certificat de B1)<\/p>\n<p>Certificat de <strong>nivell intermedi B2<\/strong> (en aprovar l&#8217;examen de certificat de B2)<\/td>\n<\/tr>\n<tr>\n<td style=\"width: 21.4286%;\">CATAL\u00c0<\/td>\n<td style=\"width: 78.5714%;\">Certificat de <strong>nivell avan\u00e7at C2<\/strong> (en aprovar l&#8217;examen de certificat C2)<\/td>\n<\/tr>\n<\/tbody>\n<\/table>\n<h5><\/h5>\n<h5><strong>Calendari de les proves escrites finals curs 25-26<\/strong><\/h5>\n<table border=\"1\" width=\"100%\" cellspacing=\"1\" cellpadding=\"1\">\n<tbody>\n<tr>\n<td><strong>Idioma<\/strong><\/td>\n<td><strong>Nivells<\/strong><\/td>\n<td><strong>Dia<\/strong><\/td>\n<td><strong>Hora<\/strong><\/td>\n<\/tr>\n<tr>\n<td>Angl\u00e8s<\/td>\n<td>A1 (1r)<\/td>\n<td><\/td>\n<td>15:30 h.<\/td>\n<\/tr>\n<tr>\n<td>Angl\u00e8s<\/td>\n<td>A2 (2n)<\/td>\n<td><\/td>\n<td>15:30 h.<\/td>\n<\/tr>\n<tr>\n<td>Angl\u00e8s<\/td>\n<td>B1 (3r)<\/td>\n<td>29 de maig<\/td>\n<td>15:30 h.<\/td>\n<\/tr>\n<tr>\n<td>Angl\u00e8s<\/td>\n<td>B2.1 (4t)<\/td>\n<td><\/td>\n<td>15:30 h.<\/td>\n<\/tr>\n<tr>\n<td>Angl\u00e8s<\/td>\n<td>B2.2 (5\u00e8)<\/td>\n<td>26 de maig<\/td>\n<td>15:30 h.<\/td>\n<\/tr>\n<tr>\n<td>Angl\u00e8s<\/td>\n<td>C1<\/td>\n<td>1 de juny<\/td>\n<td>15:30 h.<\/td>\n<\/tr>\n<tr>\n<td><\/td>\n<td><\/td>\n<td><\/td>\n<td><\/td>\n<\/tr>\n<tr>\n<td>Franc\u00e8s<\/td>\n<td>A1 (1r)<\/td>\n<td><\/td>\n<td>15:30 h.<\/td>\n<\/tr>\n<tr>\n<td>Franc\u00e8s<\/td>\n<td>A2 (2n)<\/td>\n<td><\/td>\n<td>15:30 h.<\/td>\n<\/tr>\n<tr>\n<td>Franc\u00e8s<\/td>\n<td>B1 (3r)<\/td>\n<td>3 de juny<\/td>\n<td>15:30 h.<\/td>\n<\/tr>\n<tr>\n<td>Franc\u00e8s<\/td>\n<td>B2.1 (4t)<\/td>\n<td><\/td>\n<td>15:30 h.<\/td>\n<\/tr>\n<tr>\n<td>Franc\u00e8s<\/td>\n<td>B2.2 (5\u00e8)<\/td>\n<td>8 de juny<\/td>\n<td>15:30 h.<\/td>\n<\/tr>\n<tr>\n<td><\/td>\n<td><\/td>\n<td><\/td>\n<td><\/td>\n<\/tr>\n<tr>\n<td>Catal\u00e0<\/td>\n<td>A1<\/td>\n<td><\/td>\n<td>15:30 h.<\/td>\n<\/tr>\n<tr>\n<td>Catal\u00e0<\/td>\n<td>C2<\/td>\n<td>28 de maig<\/td>\n<td>15:30 h.<\/td>\n<\/tr>\n<tr>\n<td><\/td>\n<td><\/td>\n<td><\/td>\n<td><\/td>\n<\/tr>\n<\/tbody>\n<\/table>\n<p>NOTA: Les proves finals de A1 (1r), A2 (2n) i B2.1 nom\u00e9s s\u00f3n per l&#8217;alumnat que no ha superat l&#8217;avaluaci\u00f3 cont\u00ednua. La resta de proves finals s\u00f3n per tot l&#8217;alumnat dels cursos corresponents.<\/p>\n<p>Com a <strong>CANDIDAT LLIURE<\/strong> es poden obtenir els seg\u00fcents certificats a la EOI T\u00e0rrega:<\/p>\n<table style=\"border-collapse: collapse; width: 100%;\">\n<tbody>\n<tr>\n<td style=\"width: 21.4286%;\">ANGL\u00c8S<\/td>\n<td style=\"width: 78.5714%;\">Certificat de <strong>nivell intermedi B1<\/strong> (convocat\u00f2ria ordin\u00e0ria de juny)<\/p>\n<p>Certificat de <strong>nivell intermedi B2<\/strong> (convocat\u00f2ria ordin\u00e0ria de juny)<\/p>\n<p>Certificat de nivell <strong>avan\u00e7at C1<\/strong> (convocat\u00f2ria extraordin\u00e0ria de febrer)<\/td>\n<\/tr>\n<tr>\n<td style=\"width: 21.4286%;\">FRANC\u00c8S<\/td>\n<td style=\"width: 78.5714%;\">Certificat de <strong>nivell intermedi B1<\/strong> (convocat\u00f2ria ordin\u00e0ria de juny)<\/p>\n<p>Certificat de <strong>nivell intermedi B2<\/strong> (convocat\u00f2ria ordin\u00e0ria de juny)<\/td>\n<\/tr>\n<\/tbody>\n<\/table>\n<p>Podeu obtenir tota la informaci\u00f3 sobre les proves de certificat (preinscripci\u00f3, calendari&#8230;) en els seg\u00fcents enlla\u00e7os:<\/p>\n<ul>\n<li><a href=\"https:\/\/educacio.gencat.cat\/ca\/serveis-tramits\/proves\/proves-lliures-obtencio-titols\/convocat-extraord-idiomes\/\"><strong>Convocat\u00f2ria extraordin\u00e0ria<\/strong><\/a><\/li>\n<li><a href=\"https:\/\/educacio.gencat.cat\/ca\/serveis-tramits\/proves\/proves-lliures-obtencio-titols\/convocat-ordinaria-idiomes\/\"><strong>Convocat\u00f2ria ordin\u00e0ria<\/strong><\/a><\/li>\n<\/ul>\n<h4>MOSTRA DE LES PROVES<\/h4>\n<p><strong>Mostres de les proves per als nivells B1, B2. C1 i C2\u00a0 amb autocorrecci\u00f3 \u2013 format pdf:<\/strong><\/p>\n<ul>\n<li><strong><a href=\"https:\/\/educacio.gencat.cat\/ca\/serveis-tramits\/proves\/proves-lliures-obtencio-titols\/convocat-ordinaria-idiomes\/mostres-proves\/catala\/\">Mostres de les proves de catal\u00e0<\/a><\/strong><\/li>\n<li><strong><a class=\" link\" title=\"Proves_mostres_frances\" href=\"http:\/\/ensenyament.gencat.cat\/ca\/serveis-tramits\/proves\/proves-lliures-obtencio-titols\/convocat-ordinaria-idiomes\/mostres-proves\/frances\/\" target=\"_blank\" rel=\"noopener noreferrer\">Mostres de les proves de franc\u00e8s<\/a><\/strong><strong>\u00a0<\/strong><strong><br \/>\n<\/strong><\/li>\n<li><strong><a class=\" link\" title=\"Proves_angles_mostres\" href=\"http:\/\/ensenyament.gencat.cat\/ca\/serveis-tramits\/proves\/proves-lliures-obtencio-titols\/convocat-ordinaria-idiomes\/mostres-proves\/angles\/\" target=\"_blank\" rel=\"noopener noreferrer\">Mostres de les proves d\u2019angl\u00e8s\u00a0<\/a><\/strong><\/li>\n<\/ul>\n","protected":false},"excerpt":{"rendered":"<p>Els certificats oficials es poden obtenir essent alumne oficial o candidat lliure. La matr\u00edcula com a alumne oficial d\u00f3na dret a classes i a fer l&#8217;examen de certificat sense altre cost addicional. La matr\u00edcula com a candidat lliure nom\u00e9s d\u00f3na dret a fer l&#8217;examen de&hellip;  <a href=\"https:\/\/agora-eoi.xtec.cat\/eoitarrega\/certificats-i-proves\/\" title=\"Read Certificats i proves oficials\">Llegeix m\u00e9s\u00bb<\/a><\/p>\n","protected":false},"author":1,"featured_media":0,"parent":0,"menu_order":0,"comment_status":"closed","ping_status":"closed","template":"","meta":{"_bbp_topic_count":0,"_bbp_reply_count":0,"_bbp_total_topic_count":0,"_bbp_total_reply_count":0,"_bbp_voice_count":0,"_bbp_anonymous_reply_count":0,"_bbp_topic_count_hidden":0,"_bbp_reply_count_hidden":0,"_bbp_forum_subforum_count":0,"footnotes":""},"class_list":["post-9798","page","type-page","status-publish","hentry"],"post_mailing_queue_ids":[],"_links":{"self":[{"href":"https:\/\/agora-eoi.xtec.cat\/eoitarrega\/wp-json\/wp\/v2\/pages\/9798","targetHints":{"allow":["GET"]}}],"collection":[{"href":"https:\/\/agora-eoi.xtec.cat\/eoitarrega\/wp-json\/wp\/v2\/pages"}],"about":[{"href":"https:\/\/agora-eoi.xtec.cat\/eoitarrega\/wp-json\/wp\/v2\/types\/page"}],"author":[{"embeddable":true,"href":"https:\/\/agora-eoi.xtec.cat\/eoitarrega\/wp-json\/wp\/v2\/users\/1"}],"replies":[{"embeddable":true,"href":"https:\/\/agora-eoi.xtec.cat\/eoitarrega\/wp-json\/wp\/v2\/comments?post=9798"}],"version-history":[{"count":6,"href":"https:\/\/agora-eoi.xtec.cat\/eoitarrega\/wp-json\/wp\/v2\/pages\/9798\/revisions"}],"predecessor-version":[{"id":10399,"href":"https:\/\/agora-eoi.xtec.cat\/eoitarrega\/wp-json\/wp\/v2\/pages\/9798\/revisions\/10399"}],"wp:attachment":[{"href":"https:\/\/agora-eoi.xtec.cat\/eoitarrega\/wp-json\/wp\/v2\/media?parent=9798"}],"curies":[{"name":"wp","href":"https:\/\/api.w.org\/{rel}","templated":true}]}}