{"id":9795,"date":"2024-10-20T23:41:23","date_gmt":"2024-10-20T21:41:23","guid":{"rendered":"https:\/\/agora-eoi.xtec.cat\/eoitarrega\/?page_id=9795"},"modified":"2026-01-17T13:04:44","modified_gmt":"2026-01-17T12:04:44","slug":"consell-escolar","status":"publish","type":"page","link":"https:\/\/agora-eoi.xtec.cat\/eoitarrega\/consell-escolar\/","title":{"rendered":"Consell escolar"},"content":{"rendered":"<div class=\"et_pb_column et_pb_column_1_2 et_pb_column_1 et_pb_css_mix_blend_mode_passthrough et-last-child\">\n<div class=\"et_pb_module et_pb_text et_pb_text_2 et_pb_text_align_left et_pb_bg_layout_light\">\n<h3 class=\"et_pb_text_inner\">Qu\u00e8 \u00e9s el Consell Escolar?<\/h3>\n<p>El <strong>Consell Escolar<\/strong> \u00e9s l\u2019\u00f2rgan de participaci\u00f3 de la comunitat escolar que s&#8217;encarrega de la gesti\u00f3 i control del centre aix\u00ed com de les activitats que s&#8217;hi duen a terme. El consell escolar est\u00e0 format per tots els sectors de la comunitat educativa: alumnat, professorat i personal d\u2019administraci\u00f3 i serveis.<\/p>\n<p>Les persones que en formen part s\u00f3n elegides per un per\u00edode de quatre anys i es renoven per meitats cada dos anys.<\/p>\n<p>S\u2019hi prenen totes les decisions rellevant pel bon funcionament de l\u2019escola.<\/p>\n<p><a class=\"icon-button download-icon\" href=\"http:\/\/ensenyament.gencat.cat\/ca\/arees-actuacio\/centres-serveis-educatius\/centres\/consells-escolars-centres\/\" target=\"_blank\" rel=\"noopener\">CONSELLS ESCOLARS DE CENTRES INFOS GENCAT<\/a><\/p>\n<h5>Eleccions novembre 2025<\/h5>\n<h5><\/h5>\n<h3>Composici\u00f3 del Consell Escolar de l\u2019escola curs 2025-2026<\/h3>\n<p>M. \u00c0ngels Roig Oliva, presidenta<\/p>\n<p>Rosa Oranias Calzada, secret\u00e0ria<\/p>\n<p>Francesc Claramunt Cunillera, cap d\u2019estudis<\/p>\n<p>Alba Castellana Rosin\u00e9s, representant de l\u2019Ajuntament de T\u00e0rrega<\/p>\n<p>Josefina Guim Santos, representant del PAS<\/p>\n<p><strong>Representants del professorat<\/strong>: Marta Be\u00e1 Vega, Ra\u00fal Mart\u00ednez,\u00a0 Helena Ros, Andratx Badia, Aneta Kaminska.<\/p>\n<p><strong>Representants de l\u2019alumnat<\/strong>: Adri\u00e0 Farrerons Tarrats, Joan Baptista Guiu Vidal, Rosa Maria Jov\u00e9 Mata, V\u00edctor P\u00e9rez Segarra, S\u00edlvia Torra Mases.<\/p>\n<p>*Si voleu comentar alguna cosa als representants de l\u2019alumnat, podeu enviar un missatge a l\u2019adre\u00e7a de correu de l\u2019EOI i els el farem arribar (eoitarrega@xtec.cat)<\/p>\n<\/div>\n<\/div>\n","protected":false},"excerpt":{"rendered":"<p>Qu\u00e8 \u00e9s el Consell Escolar?<br \/>\nEl Consell Escolar \u00e9s l\u2019\u00f2rgan de participaci\u00f3 de la comunitat escolar que s&#8217;encarrega de la gesti\u00f3 i control del centre aix\u00ed com de les activitats que s&#8217;hi duen a terme. El consell escolar est\u00e0 format per tots els sectors de la&hellip;  <a href=\"https:\/\/agora-eoi.xtec.cat\/eoitarrega\/consell-escolar\/\" title=\"Read Consell escolar\">Llegeix m\u00e9s\u00bb<\/a><\/p>\n","protected":false},"author":3,"featured_media":0,"parent":0,"menu_order":0,"comment_status":"closed","ping_status":"closed","template":"","meta":{"_bbp_topic_count":0,"_bbp_reply_count":0,"_bbp_total_topic_count":0,"_bbp_total_reply_count":0,"_bbp_voice_count":0,"_bbp_anonymous_reply_count":0,"_bbp_topic_count_hidden":0,"_bbp_reply_count_hidden":0,"_bbp_forum_subforum_count":0,"footnotes":""},"class_list":["post-9795","page","type-page","status-publish","hentry"],"post_mailing_queue_ids":[],"_links":{"self":[{"href":"https:\/\/agora-eoi.xtec.cat\/eoitarrega\/wp-json\/wp\/v2\/pages\/9795","targetHints":{"allow":["GET"]}}],"collection":[{"href":"https:\/\/agora-eoi.xtec.cat\/eoitarrega\/wp-json\/wp\/v2\/pages"}],"about":[{"href":"https:\/\/agora-eoi.xtec.cat\/eoitarrega\/wp-json\/wp\/v2\/types\/page"}],"author":[{"embeddable":true,"href":"https:\/\/agora-eoi.xtec.cat\/eoitarrega\/wp-json\/wp\/v2\/users\/3"}],"replies":[{"embeddable":true,"href":"https:\/\/agora-eoi.xtec.cat\/eoitarrega\/wp-json\/wp\/v2\/comments?post=9795"}],"version-history":[{"count":6,"href":"https:\/\/agora-eoi.xtec.cat\/eoitarrega\/wp-json\/wp\/v2\/pages\/9795\/revisions"}],"predecessor-version":[{"id":10620,"href":"https:\/\/agora-eoi.xtec.cat\/eoitarrega\/wp-json\/wp\/v2\/pages\/9795\/revisions\/10620"}],"wp:attachment":[{"href":"https:\/\/agora-eoi.xtec.cat\/eoitarrega\/wp-json\/wp\/v2\/media?parent=9795"}],"curies":[{"name":"wp","href":"https:\/\/api.w.org\/{rel}","templated":true}]}}