{"id":9659,"date":"2024-07-12T10:22:24","date_gmt":"2024-07-12T08:22:24","guid":{"rendered":"https:\/\/agora-eoi.xtec.cat\/eoitarrega\/?page_id=9659"},"modified":"2025-07-23T13:00:12","modified_gmt":"2025-07-23T11:00:12","slug":"instancies-i-sollicituds","status":"publish","type":"page","link":"https:\/\/agora-eoi.xtec.cat\/eoitarrega\/instancies-i-sollicituds\/","title":{"rendered":"Inst\u00e0ncies i sol\u00b7licituds"},"content":{"rendered":"<table style=\"border-collapse: collapse; width: 99.2748%; height: 812px;\">\n<tbody>\n<tr style=\"height: 58px;\">\n<td style=\"width: 100%; height: 58px;\">\n<h4><a class=\"icon-button download-icon\" href=\"https:\/\/astivia.isotools.org\/wip\/wip2015\/descargarDocumento.cfm?token=MEIwMUNDRjhDNjVGQjNGOEZCMEFFNUJGODFEQjBFMkIxRkMwOERDQUIzOTA0MTk0QUZDMzgw%20\" target=\"_blank\" rel=\"noopener\">INST\u00c0NCIA GENERAL<\/a><\/h4>\n<\/td>\n<\/tr>\n<tr style=\"height: 58px;\">\n<td style=\"width: 100%; height: 58px;\">\n<h4><a href=\"https:\/\/agora-eoi.xtec.cat\/eoitarrega\/wp-content\/uploads\/usu2260\/2025\/01\/Sol-titol-2.pdf\">SOL.LICITUD T\u00cdTOL B2, C1 I C2<\/a><\/h4>\n<\/td>\n<\/tr>\n<tr style=\"height: 58px;\">\n<td style=\"width: 100%; height: 58px;\">\n<h4><a class=\"icon-button download-icon\" href=\"https:\/\/web.gencat.cat\/ca\/tramits\/tramits-temes\/devolucio-ingressos-indeguts\" target=\"_blank\" rel=\"noopener\">SOL\u00b7LICITUD DEVOLUCI\u00d3 TAXES-TR\u00c0MIT EN L\u00cdNIA<\/a><\/h4>\n<\/td>\n<\/tr>\n<tr style=\"height: 58px;\">\n<td style=\"width: 100%; height: 58px;\">\n<h4><a href=\"https:\/\/documents.espai.educacio.gencat.cat\/FormularisModels\/GestioEconomica\/A1404.pdf\" target=\"_blank\" rel=\"noopener\">SOL\u00b7LICITUD REN\u00daNCIA CURS ACTUAL\u00a0 _ DEVOLUCI\u00d3 TAXES O DE PREU P\u00daBLIC &#8211; TR\u00c0MIT PRESENCIAL<\/a><\/h4>\n<\/td>\n<\/tr>\n<tr style=\"height: 58px;\">\n<td style=\"width: 100%; height: 58px;\">\n<h4><a href=\"https:\/\/agora-eoi.xtec.cat\/eoitarrega\/wp-content\/uploads\/usu2260\/2024\/07\/Sol_trasllat-_expedient.pdf\">SOL\u00b7LICITUD TRASLLAT DE MATR\u00cdCULA\/EXPEDIENT<\/a><\/h4>\n<\/td>\n<\/tr>\n<tr style=\"height: 58px;\">\n<td style=\"width: 100%; height: 58px;\">\n<h4><a href=\"https:\/\/web.gencat.cat\/ca\/tramits\/tramits-temes\/247-beques-ministerio-postobligatoris?category=7449fd1c-a82c-11e3-a972-000c29052e2c\">SOL\u00b7LICITUD BECA PER A ENSENYAMENTS POSTOBLIGATORIS NO UNIVERSITARIS<\/a><\/h4>\n<\/td>\n<\/tr>\n<tr style=\"height: 58px;\">\n<td style=\"width: 100%; height: 58px;\">\n<h4><a href=\"https:\/\/astivia.isotools.org\/wip\/wip2015\/descargarDocumento.cfm?token=MEIwMUNDRjhDNzUyQjNGOEZCMEFFNUJGODFEODAxMkYxRkM2OEQ4NERDRDM0QUZGOUE5MEI1\">SOL.LICITUD BECA EOI T\u00c0RREGA D&#8217;AJUT AL VIATGE<\/a><\/h4>\n<\/td>\n<\/tr>\n<tr style=\"height: 58px;\">\n<td style=\"width: 100%; height: 58px;\">\n<h4><a href=\"https:\/\/astivia.isotools.org\/wip\/wip2015\/descargarDocumento.cfm?token=MEIwMUNDRjhDNjUyQjNGOEZCMEFFNUJGODFEODAxMkUxMkMwOERCNUJCODgxRUVBQjBDMTlE\">SOL\u00b7LICITUD REN\u00daNCIA<\/a><\/h4>\n<\/td>\n<\/tr>\n<tr style=\"height: 58px;\">\n<td style=\"width: 100%; height: 58px;\">\n<h4><a href=\"https:\/\/astivia.isotools.org\/wip\/wip2015\/descargarDocumento.cfm?token=MEIwMUNDRjhDNjUyQjNGOEZCMEFFNUJGODFEODAxMkUxM0M1OEQ5OURGODQ3MDhFQzlCRUIw\">SOL\u00b7LICITUD PERMUTES<\/a><\/h4>\n<\/td>\n<\/tr>\n<tr style=\"height: 58px;\">\n<td style=\"width: 100%; height: 58px;\">\n<h4><a href=\"https:\/\/astivia.isotools.org\/wip\/wip2015\/descargarDocumento.cfm?token=MEIwMUNDRjhDNjUyQjNGOEZCMEFFNUJGODFEODAxMkUxM0M1OEQ5OURGODQ3MDhFQzlCRUIw\">SOL\u00b7LICITUD CANVI D&#8217;HORARI<\/a><\/h4>\n<\/td>\n<\/tr>\n<tr style=\"height: 58px;\">\n<td style=\"width: 100%; height: 58px;\">\n<h4><a href=\"https:\/\/astivia.isotools.org\/wip\/wip2015\/descargarDocumento.cfm?token=MEIwMUNDRjhDNjUyQjNGOEZCMEFFNUJGODFEODAxMkUxNEMwOEQ5MkEwQ0QxQjlDQUJENkM0\">SOL\u00b7LICITUD CANVI DE CURS<\/a><\/h4>\n<\/td>\n<\/tr>\n<tr style=\"height: 58px;\">\n<td style=\"width: 100%; height: 58px;\">\n<h4><a href=\"https:\/\/astivia.isotools.org\/wip\/wip2015\/descargarDocumento.cfm?token=MEIwMUNDRjhDNjVGQjNGOEZCMEFFNUJGODFEQTA4MjgxNUMzOEQ5REE0RDE2NEEyQzE4NDk1\">SOL\u00b7LICITUD RECLAMACI\u00d3 QUALIFICACIONS FINALS<\/a><\/h4>\n<\/td>\n<\/tr>\n<tr style=\"height: 58px;\">\n<td style=\"width: 100%; height: 58px;\">\n<h4><a href=\"https:\/\/astivia.isotools.org\/wip\/wip2015\/descargarDocumento.cfm?token=MEIwMUNDRjhDNjUyQjNGOEZCMEFFNUJGODFEODBFMjIxNENEOERCNkExRDY2N0FBQjU4MUJF\">SOL\u00b7LICITUD CONVOCAT\u00d2RIA ADDICIONAL<\/a><\/h4>\n<\/td>\n<\/tr>\n<tr style=\"height: 58px;\">\n<td style=\"width: 100%; height: 58px;\">\n<h4><a href=\"https:\/\/astivia.isotools.org\/wip\/wip2015\/descargarDocumento.cfm?token=MEIwMUNDRjhDNjUyQjNGOEZCMEFFNUJGODFEQjAxMjIxN0M3OERDRUQxRDM0OEJGQzY4NkFE\">SOL\u00b7LICITUD ADAPTACI\u00d3 EXAMEN<\/a><\/h4>\n<\/td>\n<\/tr>\n<\/tbody>\n<\/table>\n<h4><a href=\"https:\/\/documents.espai.educacio.gencat.cat\/FormularisModels\/GestioEconomica\/A677.pdf\" target=\"_blank\" rel=\"noopener\">SOL.LICITUD RETORN D&#8217;INGRESSOS INDEGUTS<\/a><\/h4>\n","protected":false},"excerpt":{"rendered":"<p><a class=\"icon-button download-icon\" href=\"https:\/\/astivia.isotools.org\/wip\/wip2015\/descargarDocumento.cfm?token=MEIwMUNDRjhDNjVGQjNGOEZCMEFFNUJGODFEQjBFMkIxRkMwOERDQUIzOTA0MTk0QUZDMzgw%20\" target=\"_blank\" rel=\"noopener\">INST\u00c0NCIA GENERAL<\/a><\/p>\n<p><a href=\"https:\/\/agora-eoi.xtec.cat\/eoitarrega\/wp-content\/uploads\/usu2260\/2025\/01\/Sol-titol-2.pdf\">SOL.LICITUD T\u00cdTOL B2, C1 I C2<\/a><\/p>\n<p><a class=\"icon-button download-icon\" href=\"https:\/\/web.gencat.cat\/ca\/tramits\/tramits-temes\/devolucio-ingressos-indeguts\" target=\"_blank\" rel=\"noopener\">SOL\u00b7LICITUD DEVOLUCI\u00d3 TAXES-TR\u00c0MIT EN L\u00cdNIA<\/a><\/p>\n<p><a href=\"https:\/\/documents.espai.educacio.gencat.cat\/FormularisModels\/GestioEconomica\/A1404.pdf\" target=\"_blank\" rel=\"noopener\">SOL\u00b7LICITUD REN\u00daNCIA CURS ACTUAL\u00a0 _ DEVOLUCI\u00d3 TAXES O DE PREU P\u00daBLIC &#8211; TR\u00c0MIT PRESENCIAL<\/a><\/p>\n<p><a href=\"https:\/\/agora-eoi.xtec.cat\/eoitarrega\/wp-content\/uploads\/usu2260\/2024\/07\/Sol_trasllat-_expedient.pdf\">SOL\u00b7LICITUD TRASLLAT DE MATR\u00cdCULA\/EXPEDIENT<\/a><\/p>\n<p><a href=\"https:\/\/web.gencat.cat\/ca\/tramits\/tramits-temes\/247-beques-ministerio-postobligatoris?category=7449fd1c-a82c-11e3-a972-000c29052e2c\">SOL\u00b7LICITUD BECA PER&hellip;  <a href=\"https:\/\/agora-eoi.xtec.cat\/eoitarrega\/instancies-i-sollicituds\/\" title=\"Read Inst\u00e0ncies i sol\u00b7licituds\">Llegeix m\u00e9s\u00bb<\/a><\/p>\n","protected":false},"author":3,"featured_media":0,"parent":0,"menu_order":0,"comment_status":"closed","ping_status":"closed","template":"","meta":{"_bbp_topic_count":0,"_bbp_reply_count":0,"_bbp_total_topic_count":0,"_bbp_total_reply_count":0,"_bbp_voice_count":0,"_bbp_anonymous_reply_count":0,"_bbp_topic_count_hidden":0,"_bbp_reply_count_hidden":0,"_bbp_forum_subforum_count":0,"footnotes":""},"class_list":["post-9659","page","type-page","status-publish","hentry"],"post_mailing_queue_ids":[],"_links":{"self":[{"href":"https:\/\/agora-eoi.xtec.cat\/eoitarrega\/wp-json\/wp\/v2\/pages\/9659","targetHints":{"allow":["GET"]}}],"collection":[{"href":"https:\/\/agora-eoi.xtec.cat\/eoitarrega\/wp-json\/wp\/v2\/pages"}],"about":[{"href":"https:\/\/agora-eoi.xtec.cat\/eoitarrega\/wp-json\/wp\/v2\/types\/page"}],"author":[{"embeddable":true,"href":"https:\/\/agora-eoi.xtec.cat\/eoitarrega\/wp-json\/wp\/v2\/users\/3"}],"replies":[{"embeddable":true,"href":"https:\/\/agora-eoi.xtec.cat\/eoitarrega\/wp-json\/wp\/v2\/comments?post=9659"}],"version-history":[{"count":6,"href":"https:\/\/agora-eoi.xtec.cat\/eoitarrega\/wp-json\/wp\/v2\/pages\/9659\/revisions"}],"predecessor-version":[{"id":10390,"href":"https:\/\/agora-eoi.xtec.cat\/eoitarrega\/wp-json\/wp\/v2\/pages\/9659\/revisions\/10390"}],"wp:attachment":[{"href":"https:\/\/agora-eoi.xtec.cat\/eoitarrega\/wp-json\/wp\/v2\/media?parent=9659"}],"curies":[{"name":"wp","href":"https:\/\/api.w.org\/{rel}","templated":true}]}}