{"id":9466,"date":"2024-07-01T11:02:57","date_gmt":"2024-07-01T09:02:57","guid":{"rendered":"https:\/\/agora-eoi.xtec.cat\/eoitarrega\/?page_id=9466"},"modified":"2026-04-09T18:28:52","modified_gmt":"2026-04-09T16:28:52","slug":"beques","status":"publish","type":"page","link":"https:\/\/agora-eoi.xtec.cat\/eoitarrega\/beques\/","title":{"rendered":"BEQUES"},"content":{"rendered":"<p>El Departament d\u2019Educaci\u00f3 i Formaci\u00f3 Professional ha publicat una convocat\u00f2ria de beques.\u00a0<span id=\"more-10650\"><\/span><\/p>\n<p>Les beques per a estudis no universitaris t\u2019ajuden a continuar estudiant despr\u00e9s de l\u2019ESO diferents estudis com ara estudiar idiomes en les EOI si compleixis uns requisits econ\u00f2mics i acad\u00e8mics.<\/p>\n<p>Demana la beca encara que no s\u00e0pigues qu\u00e8 estudiar\u00e0s, on estudiar\u00e0s ni quines notes traur\u00e0s. M\u00e9s endavant podr\u00e0s modificar les dades.<\/p>\n<p>El termini per sol\u00b7licitar les beques \u00e9s\u00a0<strong>del 07\/04\/2026 al 18\/05\/2026.<\/strong><\/p>\n<p>M\u00e9s informaci\u00f3 en aquest <a href=\"https:\/\/web.gencat.cat\/ca\/ciutadania\/serveis\/educacio-formacio\/beques-estudis-no-universitaris\" target=\"_blank\" rel=\"noopener\">enlla\u00e7<\/a><\/p>\n<p>Podeu trobar tota la informaci\u00f3 sobre beques, ajuts i subvencions <a href=\"https:\/\/web.gencat.cat\/ca\/tramits\/tramits-temes\/Beques-de-caracter-general-per-a-estudis-postobligatoris?category=7449fd1c-a82c-11e3-a972-000c29052e2c\">aqu\u00ed<\/a>.<\/p>\n<h6>Us informem que mitjan\u00e7ant l\u2019Acord d\u2019ampliaci\u00f3 de funcions en la gesti\u00f3 de les beques i ajuts (\u00a0<strong>Reial Decret 261\/2025, d&#8217;1 d&#8217;abril, d&#8217;ampliaci\u00f3 de funcions i serveis traspassats a la Generalitat de Catalunya<\/strong>\u00a0pel Reial Decret 2809\/1980, del 3 d&#8217;octubre, en mat\u00e8ria d&#8217;Ensenyament, i pel Reial Decret 305\/1985, del 6 de febrer, en mat\u00e8ria d&#8217;Universitats: beques i ajuts a l&#8217;estudi (BOE n\u00fam.86, de 9 d\u2019abril de 2025), s\u2019amplien les funcions i serveis traspassats a la Generalitat de Catalunya en mat\u00e8ria de beques i ajuts a l\u2019estudi.<\/h6>\n<p>A continuaci\u00f3, us exposem els trets principals que aquesta ampliaci\u00f3 de funcions i serveis comporta:<\/p>\n<ul>\n<li><u>El Departament d\u2019Educaci\u00f3 i Formaci\u00f3 Professional elaborar\u00e0 i publicar\u00e0 les\u00a0 resolucions de les convocat\u00f2ries<\/u> de beques per estudiants que vulguin cursar ensenyaments postobligatoris no universitaris i d\u2019ajuts per a l\u2019alumnat amb necessitat espec\u00edfica de suport educatiu, seguint la regulaci\u00f3 b\u00e0sica de l\u2019Estat.<\/li>\n<li><u>La sol\u00b7licitud de les beques i ajuts s\u2019ha de tramitar directament al web del Departament\u00a0 en el cas de l\u2019alumnat amb\u00a0domicili familiar a Catalunya<strong>\u00a0<\/strong><\/u>(es considera domicili familiar aquell on resideixin els sustentadors principals de la unitat familiar a data 31 de desembre de l\u2019any anterior a l\u2019inici del curs corresponent).<\/li>\n<li><u>La sol\u00b7licitud s\u2019haur\u00e0 de presentar amb una identificaci\u00f3 digital v\u00e0lida (<\/u> IdCAT M\u00f2bil, IdCAT Certificat, Cl@ve, DNI electr\u00f2nic, Certificat FNMT, T-CAT,\u00a0 Camefirma&#8230;)<\/li>\n<li><u>\u00a0Qui ha de presentar la sol\u00b7licitud?<\/u><\/li>\n<\/ul>\n<p><em>Si l&#8217;alumne\/a no t\u00e9 18 anys ni els compleix aquest any<\/em>: Ser\u00e0 el pare, la mare o el\/la tutor\/a legal de l&#8217;alumne\/a qui actua en nom de l\u2019alumne per fer la sol\u00b7licitud.<\/p>\n<p><em>Si l\u2019alumne t\u00e9 18 anys o els compleix aquest any<\/em>: L\u2019alumne actua en nom propi i fa la sol\u00b7licitud al seu nom.<\/p>\n<p>&nbsp;<\/p>\n<p><strong>Sol\u00b7licituds obertes:<\/strong><\/p>\n<ul>\n<li><strong>Beques d\u2019estudis post obligatoris<\/strong>\u00a0(<em>termini obert des de finals de mar\u00e7 a meitat de maig de cada curs escolar)<\/em>. Consulteu\u00a0<a href=\"https:\/\/educacio.gencat.cat\/ca\/serveis-tramits\/beques\/beques-postobligatoris\/\" target=\"_blank\" rel=\"noopener\">aqu\u00ed<\/a><\/li>\n<li>Beques del\u00a0<strong>Ministeri d\u2019Educaci\u00f3<\/strong>\u00a0<em>(beques per immersi\u00f3 ling\u00fc\u00edstica en angl\u00e8s: termini obert des de principis de febrer a principis d\u2019abril de cada curs escolar).\u00a0<\/em>Consulteu\u00a0<a href=\"https:\/\/www.educacionyfp.gob.es\/servicios-al-ciudadano\/catalogo\/estudiantes\/becas-ayudas\/para-estudiar\/idiomas.html\" target=\"_blank\" rel=\"noopener\">aqu\u00ed<\/a><\/li>\n<\/ul>\n","protected":false},"excerpt":{"rendered":"<p>El Departament d\u2019Educaci\u00f3 i Formaci\u00f3 Professional ha publicat una convocat\u00f2ria de beques.\u00a0<br \/>\nLes beques per a estudis no universitaris t\u2019ajuden a continuar estudiant despr\u00e9s de l\u2019ESO diferents estudis com ara estudiar idiomes en les EOI si compleixis uns requisits econ\u00f2mics i acad\u00e8mics.<br \/>\nDemana la beca encara que&hellip;  <a href=\"https:\/\/agora-eoi.xtec.cat\/eoitarrega\/beques\/\" title=\"Read BEQUES\">Llegeix m\u00e9s\u00bb<\/a><\/p>\n","protected":false},"author":3,"featured_media":0,"parent":0,"menu_order":0,"comment_status":"closed","ping_status":"closed","template":"","meta":{"_bbp_topic_count":0,"_bbp_reply_count":0,"_bbp_total_topic_count":0,"_bbp_total_reply_count":0,"_bbp_voice_count":0,"_bbp_anonymous_reply_count":0,"_bbp_topic_count_hidden":0,"_bbp_reply_count_hidden":0,"_bbp_forum_subforum_count":0,"footnotes":""},"class_list":["post-9466","page","type-page","status-publish","hentry"],"post_mailing_queue_ids":[],"_links":{"self":[{"href":"https:\/\/agora-eoi.xtec.cat\/eoitarrega\/wp-json\/wp\/v2\/pages\/9466","targetHints":{"allow":["GET"]}}],"collection":[{"href":"https:\/\/agora-eoi.xtec.cat\/eoitarrega\/wp-json\/wp\/v2\/pages"}],"about":[{"href":"https:\/\/agora-eoi.xtec.cat\/eoitarrega\/wp-json\/wp\/v2\/types\/page"}],"author":[{"embeddable":true,"href":"https:\/\/agora-eoi.xtec.cat\/eoitarrega\/wp-json\/wp\/v2\/users\/3"}],"replies":[{"embeddable":true,"href":"https:\/\/agora-eoi.xtec.cat\/eoitarrega\/wp-json\/wp\/v2\/comments?post=9466"}],"version-history":[{"count":5,"href":"https:\/\/agora-eoi.xtec.cat\/eoitarrega\/wp-json\/wp\/v2\/pages\/9466\/revisions"}],"predecessor-version":[{"id":10678,"href":"https:\/\/agora-eoi.xtec.cat\/eoitarrega\/wp-json\/wp\/v2\/pages\/9466\/revisions\/10678"}],"wp:attachment":[{"href":"https:\/\/agora-eoi.xtec.cat\/eoitarrega\/wp-json\/wp\/v2\/media?parent=9466"}],"curies":[{"name":"wp","href":"https:\/\/api.w.org\/{rel}","templated":true}]}}