{"id":9441,"date":"2024-07-01T10:47:28","date_gmt":"2024-07-01T08:47:28","guid":{"rendered":"https:\/\/agora-eoi.xtec.cat\/eoitarrega\/?page_id=9441"},"modified":"2025-06-19T11:49:17","modified_gmt":"2025-06-19T09:49:17","slug":"alumnat-curs-anterior","status":"publish","type":"page","link":"https:\/\/agora-eoi.xtec.cat\/eoitarrega\/alumnat-curs-anterior\/","title":{"rendered":"ALUMNAT CURS ANTERIOR"},"content":{"rendered":"<div class=\"et_pb_module et_pb_blurb et_pb_blurb_0 et_pb_text_align_left et_pb_blurb_position_top et_pb_bg_layout_light\">\n<div class=\"et_pb_blurb_content\">\n<div class=\"et_pb_blurb_container\">\n<div class=\"et_pb_blurb_description\">\n<h3><strong>Informacions generals<\/strong><\/h3>\n<p>Abans d\u2019accedir a l\u2019aplicaci\u00f3 de matr\u00edcula, es recomana llegir les informacions d\u2019aquesta p\u00e0gina.<\/p>\n<p>La matr\u00edcula es formalitza per la <a href=\"https:\/\/www.informaticacentros.com\/centrosnet\/ultralogin.php?tcentro=EOI&amp;centro=l09\" target=\"_blank\" rel=\"noopener\">INTRANET\/EXPEDIENT<\/a> de secretaria amb el vostre nom d\u2019usuari i la vostra contrasenya personals i intransferibles. Vegeu les instruccions a continuaci\u00f3:<\/p>\n<p><a href=\"https:\/\/agora-eoi.xtec.cat\/eoitarrega\/wp-content\/uploads\/usu2260\/2025\/06\/CentrosNet_2019.pdf\" target=\"_blank\" rel=\"noopener\"><strong>He oblidat la meva contrasenya<\/strong><\/a><\/p>\n<p>Tot l\u2019antic alumnat ha de fer la matr\u00edcula en l\u00ednia al mes de juliol per conservar la seva oficialitat i pla\u00e7a. Aquells alumnes oficials del curs 2024-2025 que no es matriculin dins els terminis previstos, perdran l\u2019oficialitat i hauran de tornar a fer una preinscripci\u00f3 al setembre per tornar a ser alumnes oficials.<\/p>\n<table style=\"width: 100%; border-collapse: collapse; background-color: #91dbd8;\">\n<tbody>\n<tr>\n<td style=\"width: 100%;\"><strong>Els alumnes aptes de C1 d\u2019angl\u00e8s que vulguin cursar el nivell C2.1 el curs 2025-26 han de fer una preinscripci\u00f3 telem\u00e0tica a una altra escola a partir de les 12.00 h del 1 de setembre fins a les 15 hores del 8 de setembre de 2025 segons la resoluci\u00f3 EDF\/986\/2025, de 20 de mar\u00e7<\/strong>.<\/td>\n<\/tr>\n<\/tbody>\n<\/table>\n<table style=\"height: 45px; width: 36.5417%; border-collapse: collapse; background-color: #a6e1f5;\">\n<tbody>\n<tr>\n<td style=\"width: 100%;\"><a href=\"https:\/\/agora-eoi.xtec.cat\/eoitarrega\/nou-alumnat\/\" target=\"_blank\" rel=\"noopener\"><strong>Preinscripci\u00f3 nou alumnat i C2 aqu\u00ed<\/strong><\/a><\/td>\n<\/tr>\n<\/tbody>\n<\/table>\n<p>Escoles on es pot estudiar C2 d&#8217;angl\u00e8s:<\/p>\n<p>EOI de Lleida, EOI de Tarragona, EOI Barcelona- Drassanes, EOI Barcelona- Vall d&#8217;Hebron, EOI de l&#8217;Hospitalet de LLobregat, EOI de Girona, EOI Sabadell, EOI Manresa, EOI Viladecans, EOI Vilafranca&#8230;<\/p>\n<hr \/>\n<div class=\"m_-4451739227644544805m_-1759125151017686174gmail-x-text-content-text-subheadline\">\n<div class=\"et_pb_module et_pb_blurb et_pb_blurb_1 et_pb_text_align_left et_pb_blurb_position_top et_pb_bg_layout_light\">\n<div class=\"et_pb_blurb_content\">\n<div class=\"et_pb_blurb_container\">\n<h3>Dates importants:<\/h3>\n<p>La matricula s\u2019inicia el dimarts 1 de juliol a les 9.00 h. La resta de franges de matr\u00edcula s\u2019aniran obrint a les 09.00 h del dia que els correspongui sense tancar l\u2019anterior franja.<\/p>\n<p>Si la matr\u00edcula \u00e9s en dia no laborable s\u2019amplia el termini de pagament fins l\u2019endem\u00e0.<\/p>\n<p><strong>1 i 2 de juliol: alumnes d\u2019A1 a B2.2\u00a0 aptes que volen matricular-se a un grup de la mateixa franja hor\u00e0ria. (Alumnes de catal\u00e0 d&#8217;A1).<\/strong><\/p>\n<p><strong>3 i 4 de juliol: alumnes d\u2019A1 a B2.2\u00a0 aptes que volen matricular-se a un grup d\u2019una franja hor\u00e0ria diferent. (Alumnes de catal\u00e0 d&#8217;A1).<\/strong><\/p>\n<p><strong>5, 6 i 7 de juliol: alumnes d\u2019A1 a C2 no aptes, no qualificats , no presentats o en situaci\u00f3 de ren\u00fancia de matr\u00edcula. (Alumnes de catal\u00e0 d&#8217;A1 i C2).<\/strong><\/p>\n<p>Tant si \u00e9s presencial com telem\u00e0tic, el pagament l\u2019haureu de fer en el termini de <strong>24 hores<\/strong> a partir de la formalitzaci\u00f3 de la \u00a0matr\u00edcula telem\u00e0tica.<\/p>\n<p>Av\u00eds:\u00a0 durant el proc\u00e9s de matriculaci\u00f3 en l\u00ednia, si trieu alguna de les exempcions o bonificacions previstes, heu d\u2019annexar una c\u00f2pia digitalitzada del document que s\u2019acredita.<\/p>\n<p><strong>8 i 9 de juliol: resoluci\u00f3 d\u2019incid\u00e8ncies si escau, presencialment a l\u2019escola.<\/strong><\/p>\n<p>L\u2019alumne\/a que desitja matricular-se fora de termini haur\u00e0 de seguir el <a href=\"https:\/\/agora-eoi.xtec.cat\/eoitarrega\/nou-alumnat\/\" target=\"_blank\" rel=\"noopener\">procediment de preinscripci\u00f3 i matr\u00edcula del nou alumnat<\/a><\/p>\n<hr \/>\n<h4 class=\"et_pb_module_header\">TRASLLATS DE MATR\u00cdCULA<\/h4>\n<div class=\"et_pb_blurb_description\">\n<div><\/div>\n<div data-removefontsize=\"true\" data-originalcomputedfontsize=\"16\">\n<ul>\n<li><strong>De manera extraordin\u00e0ria, i dins el per\u00edode no lectiu, els alumnes oficials, un cop hagin formalitzat la matr\u00edcula al seu centre d\u2019origen, poden sol\u00b7licitar un trasllat de matr\u00edcula els dies 10 i 11 de juliol<\/strong>. La sol\u00b7licitud es far\u00e0 presencialment a l\u2019escola de destinaci\u00f3 i quedar\u00e0 condicionada a la disponibilitat de places. L\u2019escola de destinaci\u00f3 es posar\u00e0 en contacte amb els alumnes, a trav\u00e9s dels mitjans que estableixi, per notificar l\u2019acceptaci\u00f3 o la denegaci\u00f3 del trasllat. <strong>En cas d\u2019acceptaci\u00f3, el proc\u00e9s de trasllat ha d\u2019haver acabat abans del 17 de juliol<\/strong>.<\/li>\n<\/ul>\n<\/div>\n<div data-removefontsize=\"true\" data-originalcomputedfontsize=\"16\">Per a traslladar la vostra matr\u00edcula a l\u2019EOI de T\u00e0rrega, haureu d\u2019adre\u00e7ar un correu a: <a href=\"mailto:eoitarrega@xtec.cat\" target=\"_blank\" rel=\"noopener noreferrer\" data-removefontsize=\"true\" data-originalcomputedfontsize=\"16\">eoitarrega@xtec.cat<\/a>\u00a0 i adjuntar:<\/div>\n<div><\/div>\n<ul>\n<li data-removefontsize=\"true\" data-originalcomputedfontsize=\"16\"><a href=\"https:\/\/agora-eoi.xtec.cat\/eoitarrega\/wp-content\/uploads\/usu2260\/2024\/07\/Sol_trasllat-_expedient.pdf\" target=\"_blank\" rel=\"noopener\">Formulari de trasllat<\/a> emplenat<\/li>\n<li data-removefontsize=\"true\" data-originalcomputedfontsize=\"16\">Full de matr\u00edcula de l\u2019escola d\u2019origen<\/li>\n<li data-removefontsize=\"true\" data-originalcomputedfontsize=\"16\">Resguards de pagament a l\u2019escola d\u2019origen<\/li>\n<li data-removefontsize=\"true\" data-originalcomputedfontsize=\"16\">C\u00f2pia del DNI per les dues cares<\/li>\n<\/ul>\n<hr \/>\n<p>CONSULTEU ELS PREUS P\u00daBLICS, LES TAXES I LES BONIFICACIONS<\/p>\n<p><a href=\"https:\/\/agora-eoi.xtec.cat\/eoitarrega\/taxes-i-preus-publics\/\" target=\"_blank\" rel=\"noopener\">Preus i taxes<\/a><\/p>\n<p><a href=\"https:\/\/agora-eoi.xtec.cat\/eoitarrega\/bonificacions\/\" target=\"_blank\" rel=\"noopener\">Bonificacions i exempcions<\/a><\/p>\n<\/div>\n<\/div>\n<\/div>\n<\/div>\n<\/div>\n<hr \/>\n<p><strong>Inici de les classes<\/strong><\/p>\n<p>Dilluns 22 de setembre, dimarts 23 de setembre o dimecres 24 de setembre de 2025, segons els grups i modalitats.<\/p>\n<\/div>\n<\/div>\n<\/div>\n<\/div>\n","protected":false},"excerpt":{"rendered":"<p>Informacions generals<br \/>\nAbans d\u2019accedir a l\u2019aplicaci\u00f3 de matr\u00edcula, es recomana llegir les informacions d\u2019aquesta p\u00e0gina.<br \/>\nLa matr\u00edcula es formalitza per la <a href=\"https:\/\/www.informaticacentros.com\/centrosnet\/ultralogin.php?tcentro=EOI&amp;centro=l09\" target=\"_blank\" rel=\"noopener\">INTRANET\/EXPEDIENT<\/a> de secretaria amb el vostre nom d\u2019usuari i la vostra contrasenya personals i intransferibles. Vegeu les instruccions a continuaci\u00f3:<br \/>\n<a href=\"https:\/\/agora-eoi.xtec.cat\/eoitarrega\/wp-content\/uploads\/usu2260\/2025\/06\/CentrosNet_2019.pdf\" target=\"_blank\" rel=\"noopener\">He&hellip;  <a href=\"https:\/\/agora-eoi.xtec.cat\/eoitarrega\/alumnat-curs-anterior\/\" title=\"Read ALUMNAT CURS ANTERIOR\">Llegeix m\u00e9s\u00bb<\/a><\/p>\n","protected":false},"author":3,"featured_media":0,"parent":0,"menu_order":0,"comment_status":"closed","ping_status":"closed","template":"","meta":{"_bbp_topic_count":0,"_bbp_reply_count":0,"_bbp_total_topic_count":0,"_bbp_total_reply_count":0,"_bbp_voice_count":0,"_bbp_anonymous_reply_count":0,"_bbp_topic_count_hidden":0,"_bbp_reply_count_hidden":0,"_bbp_forum_subforum_count":0,"footnotes":""},"class_list":["post-9441","page","type-page","status-publish","hentry"],"post_mailing_queue_ids":[],"_links":{"self":[{"href":"https:\/\/agora-eoi.xtec.cat\/eoitarrega\/wp-json\/wp\/v2\/pages\/9441","targetHints":{"allow":["GET"]}}],"collection":[{"href":"https:\/\/agora-eoi.xtec.cat\/eoitarrega\/wp-json\/wp\/v2\/pages"}],"about":[{"href":"https:\/\/agora-eoi.xtec.cat\/eoitarrega\/wp-json\/wp\/v2\/types\/page"}],"author":[{"embeddable":true,"href":"https:\/\/agora-eoi.xtec.cat\/eoitarrega\/wp-json\/wp\/v2\/users\/3"}],"replies":[{"embeddable":true,"href":"https:\/\/agora-eoi.xtec.cat\/eoitarrega\/wp-json\/wp\/v2\/comments?post=9441"}],"version-history":[{"count":7,"href":"https:\/\/agora-eoi.xtec.cat\/eoitarrega\/wp-json\/wp\/v2\/pages\/9441\/revisions"}],"predecessor-version":[{"id":10286,"href":"https:\/\/agora-eoi.xtec.cat\/eoitarrega\/wp-json\/wp\/v2\/pages\/9441\/revisions\/10286"}],"wp:attachment":[{"href":"https:\/\/agora-eoi.xtec.cat\/eoitarrega\/wp-json\/wp\/v2\/media?parent=9441"}],"curies":[{"name":"wp","href":"https:\/\/api.w.org\/{rel}","templated":true}]}}