{"id":9276,"date":"2023-11-10T12:19:05","date_gmt":"2023-11-10T11:19:05","guid":{"rendered":"https:\/\/agora-eoi.xtec.cat\/eoitarrega\/?page_id=9276"},"modified":"2026-02-18T17:00:05","modified_gmt":"2026-02-18T16:00:05","slug":"jornades-culturals","status":"publish","type":"page","link":"https:\/\/agora-eoi.xtec.cat\/eoitarrega\/jornades-culturals\/","title":{"rendered":"Jornades culturals"},"content":{"rendered":"<p><strong><em>Cada any a l&#8217;escola organitzem activitats culturals en els tres idiomes impartits a l&#8217;escola (angl\u00e8s, franc\u00e8s i catal\u00e0). Les\u00a0 activitats culturals s\u2019entenen com extensions de l\u2019aprenentatge a l\u2019aula. Representen un complement a l\u2019estudi de la llengua que duem a terme al llarg del curs. Permeten relacionar cultura i llengua i afavoreixen les relacions entre grups d\u2019alumnes.<\/em><\/strong><\/p>\n<p>CURS 2025-26<\/p>\n<p><a href=\"https:\/\/agora-eoi.xtec.cat\/eoitarrega\/wp-content\/uploads\/usu2260\/2026\/02\/Jornades-Culturals-2026.png\"><img loading=\"lazy\" decoding=\"async\" class=\"alignnone size-medium wp-image-10645\" src=\"https:\/\/agora-eoi.xtec.cat\/eoitarrega\/wp-content\/uploads\/usu2260\/2026\/02\/Jornades-Culturals-2026-212x300.png\" alt=\"\" width=\"212\" height=\"300\" srcset=\"https:\/\/agora-eoi.xtec.cat\/eoitarrega\/wp-content\/uploads\/usu2260\/2026\/02\/Jornades-Culturals-2026-212x300.png 212w, https:\/\/agora-eoi.xtec.cat\/eoitarrega\/wp-content\/uploads\/usu2260\/2026\/02\/Jornades-Culturals-2026-724x1024.png 724w, https:\/\/agora-eoi.xtec.cat\/eoitarrega\/wp-content\/uploads\/usu2260\/2026\/02\/Jornades-Culturals-2026-768x1086.png 768w, https:\/\/agora-eoi.xtec.cat\/eoitarrega\/wp-content\/uploads\/usu2260\/2026\/02\/Jornades-Culturals-2026-1086x1536.png 1086w, https:\/\/agora-eoi.xtec.cat\/eoitarrega\/wp-content\/uploads\/usu2260\/2026\/02\/Jornades-Culturals-2026-1448x2048.png 1448w, https:\/\/agora-eoi.xtec.cat\/eoitarrega\/wp-content\/uploads\/usu2260\/2026\/02\/Jornades-Culturals-2026.png 1587w\" sizes=\"auto, (max-width: 212px) 100vw, 212px\" \/><\/a><\/p>\n<p>CURS 2024-25<\/p>\n<p><a href=\"https:\/\/agora-eoi.xtec.cat\/eoitarrega\/wp-content\/uploads\/usu2260\/2025\/03\/Setmana-Cultural-2025-431.8-x-279.4-mm.jpg\"><img loading=\"lazy\" decoding=\"async\" class=\"alignnone size-medium wp-image-10127\" src=\"https:\/\/agora-eoi.xtec.cat\/eoitarrega\/wp-content\/uploads\/usu2260\/2025\/03\/Setmana-Cultural-2025-431.8-x-279.4-mm-300x194.jpg\" alt=\"\" width=\"300\" height=\"194\" srcset=\"https:\/\/agora-eoi.xtec.cat\/eoitarrega\/wp-content\/uploads\/usu2260\/2025\/03\/Setmana-Cultural-2025-431.8-x-279.4-mm-300x194.jpg 300w, https:\/\/agora-eoi.xtec.cat\/eoitarrega\/wp-content\/uploads\/usu2260\/2025\/03\/Setmana-Cultural-2025-431.8-x-279.4-mm-1024x663.jpg 1024w, https:\/\/agora-eoi.xtec.cat\/eoitarrega\/wp-content\/uploads\/usu2260\/2025\/03\/Setmana-Cultural-2025-431.8-x-279.4-mm-768x497.jpg 768w, https:\/\/agora-eoi.xtec.cat\/eoitarrega\/wp-content\/uploads\/usu2260\/2025\/03\/Setmana-Cultural-2025-431.8-x-279.4-mm-1536x994.jpg 1536w, https:\/\/agora-eoi.xtec.cat\/eoitarrega\/wp-content\/uploads\/usu2260\/2025\/03\/Setmana-Cultural-2025-431.8-x-279.4-mm.jpg 2000w\" sizes=\"auto, (max-width: 300px) 100vw, 300px\" \/><\/a><\/p>\n<p><a href=\"https:\/\/agora-eoi.xtec.cat\/eoitarrega\/wp-content\/uploads\/usu2260\/2025\/03\/Setmana-Cultural-2025-431.8-x-279.4-mm-1.jpg\"><img loading=\"lazy\" decoding=\"async\" class=\"alignnone size-medium wp-image-10128\" src=\"https:\/\/agora-eoi.xtec.cat\/eoitarrega\/wp-content\/uploads\/usu2260\/2025\/03\/Setmana-Cultural-2025-431.8-x-279.4-mm-1-300x194.jpg\" alt=\"\" width=\"300\" height=\"194\" srcset=\"https:\/\/agora-eoi.xtec.cat\/eoitarrega\/wp-content\/uploads\/usu2260\/2025\/03\/Setmana-Cultural-2025-431.8-x-279.4-mm-1-300x194.jpg 300w, https:\/\/agora-eoi.xtec.cat\/eoitarrega\/wp-content\/uploads\/usu2260\/2025\/03\/Setmana-Cultural-2025-431.8-x-279.4-mm-1-1024x663.jpg 1024w, https:\/\/agora-eoi.xtec.cat\/eoitarrega\/wp-content\/uploads\/usu2260\/2025\/03\/Setmana-Cultural-2025-431.8-x-279.4-mm-1-768x497.jpg 768w, https:\/\/agora-eoi.xtec.cat\/eoitarrega\/wp-content\/uploads\/usu2260\/2025\/03\/Setmana-Cultural-2025-431.8-x-279.4-mm-1-1536x994.jpg 1536w, https:\/\/agora-eoi.xtec.cat\/eoitarrega\/wp-content\/uploads\/usu2260\/2025\/03\/Setmana-Cultural-2025-431.8-x-279.4-mm-1.jpg 2000w\" sizes=\"auto, (max-width: 300px) 100vw, 300px\" \/><\/a><\/p>\n<p>CURS 2023-24<\/p>\n<p>&nbsp;<\/p>\n<p><a href=\"https:\/\/agora-eoi.xtec.cat\/eoitarrega\/wp-content\/uploads\/usu2260\/2024\/07\/Setmana-Cultural-2024-poster.png\"><img loading=\"lazy\" decoding=\"async\" class=\"alignnone size-medium wp-image-9693\" src=\"https:\/\/agora-eoi.xtec.cat\/eoitarrega\/wp-content\/uploads\/usu2260\/2024\/07\/Setmana-Cultural-2024-poster-212x300.png\" alt=\"\" width=\"212\" height=\"300\" srcset=\"https:\/\/agora-eoi.xtec.cat\/eoitarrega\/wp-content\/uploads\/usu2260\/2024\/07\/Setmana-Cultural-2024-poster-212x300.png 212w, https:\/\/agora-eoi.xtec.cat\/eoitarrega\/wp-content\/uploads\/usu2260\/2024\/07\/Setmana-Cultural-2024-poster-724x1024.png 724w, https:\/\/agora-eoi.xtec.cat\/eoitarrega\/wp-content\/uploads\/usu2260\/2024\/07\/Setmana-Cultural-2024-poster-768x1086.png 768w, https:\/\/agora-eoi.xtec.cat\/eoitarrega\/wp-content\/uploads\/usu2260\/2024\/07\/Setmana-Cultural-2024-poster-1086x1536.png 1086w, https:\/\/agora-eoi.xtec.cat\/eoitarrega\/wp-content\/uploads\/usu2260\/2024\/07\/Setmana-Cultural-2024-poster-1448x2048.png 1448w, https:\/\/agora-eoi.xtec.cat\/eoitarrega\/wp-content\/uploads\/usu2260\/2024\/07\/Setmana-Cultural-2024-poster.png 1587w\" sizes=\"auto, (max-width: 212px) 100vw, 212px\" \/><\/a><a href=\"https:\/\/agora-eoi.xtec.cat\/eoitarrega\/wp-content\/uploads\/usu2260\/2024\/07\/2Setmana-Cultural-2024-poster-1.png\"><img loading=\"lazy\" decoding=\"async\" class=\"alignnone size-medium wp-image-9694\" src=\"https:\/\/agora-eoi.xtec.cat\/eoitarrega\/wp-content\/uploads\/usu2260\/2024\/07\/2Setmana-Cultural-2024-poster-1-212x300.png\" alt=\"\" width=\"212\" height=\"300\" srcset=\"https:\/\/agora-eoi.xtec.cat\/eoitarrega\/wp-content\/uploads\/usu2260\/2024\/07\/2Setmana-Cultural-2024-poster-1-212x300.png 212w, https:\/\/agora-eoi.xtec.cat\/eoitarrega\/wp-content\/uploads\/usu2260\/2024\/07\/2Setmana-Cultural-2024-poster-1-724x1024.png 724w, https:\/\/agora-eoi.xtec.cat\/eoitarrega\/wp-content\/uploads\/usu2260\/2024\/07\/2Setmana-Cultural-2024-poster-1-768x1086.png 768w, https:\/\/agora-eoi.xtec.cat\/eoitarrega\/wp-content\/uploads\/usu2260\/2024\/07\/2Setmana-Cultural-2024-poster-1-1086x1536.png 1086w, https:\/\/agora-eoi.xtec.cat\/eoitarrega\/wp-content\/uploads\/usu2260\/2024\/07\/2Setmana-Cultural-2024-poster-1-1448x2048.png 1448w, https:\/\/agora-eoi.xtec.cat\/eoitarrega\/wp-content\/uploads\/usu2260\/2024\/07\/2Setmana-Cultural-2024-poster-1.png 1587w\" sizes=\"auto, (max-width: 212px) 100vw, 212px\" \/><\/a><\/p>\n<p>&nbsp;<\/p>\n","protected":false},"excerpt":{"rendered":"<p>Cada any a l&#8217;escola organitzem activitats culturals en els tres idiomes impartits a l&#8217;escola (angl\u00e8s, franc\u00e8s i catal\u00e0). Les\u00a0 activitats culturals s\u2019entenen com extensions de l\u2019aprenentatge a l\u2019aula. Representen un complement a l\u2019estudi de la llengua que duem a terme al llarg del curs. Permeten&hellip;  <a href=\"https:\/\/agora-eoi.xtec.cat\/eoitarrega\/jornades-culturals\/\" title=\"Read Jornades culturals\">Llegeix m\u00e9s\u00bb<\/a><\/p>\n","protected":false},"author":3,"featured_media":0,"parent":0,"menu_order":0,"comment_status":"closed","ping_status":"closed","template":"","meta":{"_bbp_topic_count":0,"_bbp_reply_count":0,"_bbp_total_topic_count":0,"_bbp_total_reply_count":0,"_bbp_voice_count":0,"_bbp_anonymous_reply_count":0,"_bbp_topic_count_hidden":0,"_bbp_reply_count_hidden":0,"_bbp_forum_subforum_count":0,"footnotes":""},"class_list":["post-9276","page","type-page","status-publish","hentry"],"post_mailing_queue_ids":[],"_links":{"self":[{"href":"https:\/\/agora-eoi.xtec.cat\/eoitarrega\/wp-json\/wp\/v2\/pages\/9276","targetHints":{"allow":["GET"]}}],"collection":[{"href":"https:\/\/agora-eoi.xtec.cat\/eoitarrega\/wp-json\/wp\/v2\/pages"}],"about":[{"href":"https:\/\/agora-eoi.xtec.cat\/eoitarrega\/wp-json\/wp\/v2\/types\/page"}],"author":[{"embeddable":true,"href":"https:\/\/agora-eoi.xtec.cat\/eoitarrega\/wp-json\/wp\/v2\/users\/3"}],"replies":[{"embeddable":true,"href":"https:\/\/agora-eoi.xtec.cat\/eoitarrega\/wp-json\/wp\/v2\/comments?post=9276"}],"version-history":[{"count":7,"href":"https:\/\/agora-eoi.xtec.cat\/eoitarrega\/wp-json\/wp\/v2\/pages\/9276\/revisions"}],"predecessor-version":[{"id":10648,"href":"https:\/\/agora-eoi.xtec.cat\/eoitarrega\/wp-json\/wp\/v2\/pages\/9276\/revisions\/10648"}],"wp:attachment":[{"href":"https:\/\/agora-eoi.xtec.cat\/eoitarrega\/wp-json\/wp\/v2\/media?parent=9276"}],"curies":[{"name":"wp","href":"https:\/\/api.w.org\/{rel}","templated":true}]}}