{"id":9274,"date":"2023-11-10T12:18:29","date_gmt":"2023-11-10T11:18:29","guid":{"rendered":"https:\/\/agora-eoi.xtec.cat\/eoitarrega\/?page_id=9274"},"modified":"2024-07-12T13:07:13","modified_gmt":"2024-07-12T11:07:13","slug":"nadal","status":"publish","type":"page","link":"https:\/\/agora-eoi.xtec.cat\/eoitarrega\/nadal\/","title":{"rendered":"Nadal"},"content":{"rendered":"<p>L&#8217;escola organitza un berenar solidari amb\u00a0 passtissos fets per alumnes i professors de l&#8217;escola. La recaptaci\u00f3 \u00e9s en benefici de C\u00e0ritas T\u00e0rrega.<\/p>\n<p><a href=\"https:\/\/agora-eoi.xtec.cat\/eoitarrega\/wp-content\/uploads\/usu2260\/2024\/07\/nadal20231220_203801-3.jpg\"><img loading=\"lazy\" decoding=\"async\" class=\"alignnone size-medium wp-image-9687\" src=\"https:\/\/agora-eoi.xtec.cat\/eoitarrega\/wp-content\/uploads\/usu2260\/2024\/07\/nadal20231220_203801-3-300x225.jpg\" alt=\"\" width=\"300\" height=\"225\" srcset=\"https:\/\/agora-eoi.xtec.cat\/eoitarrega\/wp-content\/uploads\/usu2260\/2024\/07\/nadal20231220_203801-3-300x225.jpg 300w, https:\/\/agora-eoi.xtec.cat\/eoitarrega\/wp-content\/uploads\/usu2260\/2024\/07\/nadal20231220_203801-3-1024x768.jpg 1024w, https:\/\/agora-eoi.xtec.cat\/eoitarrega\/wp-content\/uploads\/usu2260\/2024\/07\/nadal20231220_203801-3-768x576.jpg 768w, https:\/\/agora-eoi.xtec.cat\/eoitarrega\/wp-content\/uploads\/usu2260\/2024\/07\/nadal20231220_203801-3-1536x1152.jpg 1536w, https:\/\/agora-eoi.xtec.cat\/eoitarrega\/wp-content\/uploads\/usu2260\/2024\/07\/nadal20231220_203801-3-2048x1536.jpg 2048w, https:\/\/agora-eoi.xtec.cat\/eoitarrega\/wp-content\/uploads\/usu2260\/2024\/07\/nadal20231220_203801-3-200x150.jpg 200w\" sizes=\"auto, (max-width: 300px) 100vw, 300px\" \/><\/a><\/p>\n","protected":false},"excerpt":{"rendered":"<p>L&#8217;escola organitza un berenar solidari amb\u00a0 passtissos fets per alumnes i professors de l&#8217;escola. La recaptaci\u00f3 \u00e9s en benefici de C\u00e0ritas T\u00e0rrega.<br \/>\n<a href=\"https:\/\/agora-eoi.xtec.cat\/eoitarrega\/wp-content\/uploads\/usu2260\/2024\/07\/nadal20231220_203801-3.jpg\"><\/a><\/p>\n","protected":false},"author":5,"featured_media":0,"parent":0,"menu_order":0,"comment_status":"closed","ping_status":"closed","template":"","meta":{"_bbp_topic_count":0,"_bbp_reply_count":0,"_bbp_total_topic_count":0,"_bbp_total_reply_count":0,"_bbp_voice_count":0,"_bbp_anonymous_reply_count":0,"_bbp_topic_count_hidden":0,"_bbp_reply_count_hidden":0,"_bbp_forum_subforum_count":0,"footnotes":""},"class_list":["post-9274","page","type-page","status-publish","hentry"],"post_mailing_queue_ids":[],"_links":{"self":[{"href":"https:\/\/agora-eoi.xtec.cat\/eoitarrega\/wp-json\/wp\/v2\/pages\/9274","targetHints":{"allow":["GET"]}}],"collection":[{"href":"https:\/\/agora-eoi.xtec.cat\/eoitarrega\/wp-json\/wp\/v2\/pages"}],"about":[{"href":"https:\/\/agora-eoi.xtec.cat\/eoitarrega\/wp-json\/wp\/v2\/types\/page"}],"author":[{"embeddable":true,"href":"https:\/\/agora-eoi.xtec.cat\/eoitarrega\/wp-json\/wp\/v2\/users\/5"}],"replies":[{"embeddable":true,"href":"https:\/\/agora-eoi.xtec.cat\/eoitarrega\/wp-json\/wp\/v2\/comments?post=9274"}],"version-history":[{"count":3,"href":"https:\/\/agora-eoi.xtec.cat\/eoitarrega\/wp-json\/wp\/v2\/pages\/9274\/revisions"}],"predecessor-version":[{"id":9688,"href":"https:\/\/agora-eoi.xtec.cat\/eoitarrega\/wp-json\/wp\/v2\/pages\/9274\/revisions\/9688"}],"wp:attachment":[{"href":"https:\/\/agora-eoi.xtec.cat\/eoitarrega\/wp-json\/wp\/v2\/media?parent=9274"}],"curies":[{"name":"wp","href":"https:\/\/api.w.org\/{rel}","templated":true}]}}