{"id":9113,"date":"2023-10-31T10:54:59","date_gmt":"2023-10-31T09:54:59","guid":{"rendered":"https:\/\/agora-eoi.xtec.cat\/eoitarrega\/?page_id=9113"},"modified":"2025-09-26T09:52:49","modified_gmt":"2025-09-26T07:52:49","slug":"llibres-de-text-frances","status":"publish","type":"page","link":"https:\/\/agora-eoi.xtec.cat\/eoitarrega\/llibres-de-text-frances\/","title":{"rendered":"Llibres de text franc\u00e8s"},"content":{"rendered":"<h4 style=\"text-align: center;\"><strong>LLIBRES DE TEXT \u2013 FRANC\u00c8S 2025 \u2013 2026<\/strong><\/h4>\n<h6><b>FRANC\u00c8S NIVELL B\u00c0SIC A1<\/b><span style=\"font-weight: 400;\"> (1r):<\/span><\/h6>\n<p><b>Llibre de text<\/b><span style=\"font-weight: 400;\">:<\/span><b><i> L\u2019Atelier + A1<\/i><\/b><span style=\"font-weight: 400;\">. Marie-No\u00eblle COCTON, Julien KOHLMANN, \u00c9milie MAROLLEAU, Delphine RIPAUD, Magali RISUENO. \u00c9ditions Didier (2022).\u00a0 <\/span><b>ISBN : 978-2278104673<\/b><\/p>\n<p>Cahier d\u2019exercices: <b><i>L\u2019Atelier + A1<\/i><\/b><span style=\"font-weight: 400;\">. Marie-No\u00eblle COCTON, \u00c9milie POMMIER, Delphine RIPAUD, Marie RABIN. \u00c9ditions Didier (2022). <\/span><b>ISBN :<\/b><strong> 978-2278108244<\/strong><\/p>\n<p>&nbsp;<\/p>\n<h6><b>FRANC\u00c8S NIVELL B\u00c0SIC A2 <\/b><span style=\"font-weight: 400;\">(2n):<\/span><\/h6>\n<p><span style=\"font-weight: 400;\"><strong>Llibre de text + acc\u00e8s au parcours digital (audios, vid\u00e9os et document du livre): INSPIRE2 (A2)<\/strong> version Espagne. Jean-Thierry LE BOUGNEC et Marie-Jos\u00e9 LOPES. \u00c9ditions Hachette Fran\u00e7ais Langue \u00c9trang\u00e8re. <strong>ISBN : 978-2-01-711458-1<\/strong><\/span><\/p>\n<p><strong>Llibre d&#8217;exercicis<\/strong> &#8220;Cahier d&#8217;activit\u00e9s&#8221;<strong> Inspire A2<\/strong>. <strong>ISBN: 978-2-01-711460-4<\/strong><\/p>\n<p>&nbsp;<\/p>\n<h6><b>FRANC\u00c8S NIVELL INTERMEDI B1<\/b><span style=\"font-weight: 400;\"> (3r):\u00a0<\/span><\/h6>\n<p><span style=\"font-weight: 400;\"><strong>Llibre de text + cahier d&#8217;activit\u00e9s : L&#8217;ATELIER. M\u00c9THODE DE FRAN\u00c7AIS. NIV. B1<\/strong> Didier. (\u00c9D. 2020) &#8211; <strong>ISBN: 978-2-278-09302-1<\/strong><\/span><\/p>\n<p>Nota: El llibre <strong>L&#8217;atelier+ B1<\/strong>. Methode de Fran\u00e7ais. Didier (2023) amb ISBN: 978-2278108268 \u00e9s tamb\u00e9 v\u00e0lid; el llibre \u00e9s el mateix per\u00f2 editat el 2023.<\/p>\n<p><i><span style=\"font-weight: 400;\">Recomanaci\u00f3: Gram\u00e0tica: L\u2019exercicier B1-B2, \u00c9dition hybride (600 exercices).<\/span><\/i> <span style=\"font-weight: 400;\">Marie-H\u00e9l\u00e8ne MORSEL, Claude RICHOU et Christiane DESCOTES-GENON.<\/span> <span style=\"font-weight: 400;\">\u00c9d. PUG &#8211; Santillana Fran\u00e7ais. (2021) <\/span><b>ISBN:<\/b><strong> 9782706151460<\/strong><\/p>\n<p>&nbsp;<\/p>\n<h6><b>FRANC\u00c8S NIVELL INTERMEDI B2.1<\/b><span style=\"font-weight: 400;\"> (4t):<\/span><\/h6>\n<p><b>Llibre de text:<\/b> <b><i>\u00a0L\u2019Atelier B2 + <\/i><\/b>. Marie-No\u00eblle COCTON, Julien KOHLMANN, \u00c9milie MAROLLEAU, Delphine RIPAUD, Magali RISUENO. \u00c9ditions Didier (2022). <b>ISBN : <\/b><b>978-2278108305<\/b><\/p>\n<p>Cahier d\u2019exercices: <b><i>\u00a0L\u2019Atelier B2 + <\/i><\/b>. Marie-No\u00eblle COCTON, Besma AYADI, Luciele CHAPIRO, Camille, DEREEPER, Julien KOHLMANN, \u00c9milie PICHARD, Delphine RIPAUD, Magali RISUENO. \u00c9ditions Didier (2022). <b>ISBN:<\/b><strong> 9782278108329<\/strong><\/p>\n<p><i>Recomanaci\u00f3: Gram\u00e0tica: L\u2019exercicier B1-B2, \u00c9dition hybride (600 exercices). <\/i>Marie-H\u00e9l\u00e8ne MORSEL, Claude RICHOU et Christiane DESCOTES-GENON. \u00c9d. PUG &#8211; Santillana Fran\u00e7ais. (2021). <b>ISBN:<\/b><strong> 9782706151460<\/strong><\/p>\n<p>&nbsp;<\/p>\n<h6><b>FRANC\u00c8S NIVELL INTERMEDI B2.2 <\/b><span style=\"font-weight: 400;\">(5\u00e8):<\/span><\/h6>\n<p><b>Llibre de text:<\/b> <b><i>\u00a0L\u2019Atelier B2 + <\/i><\/b><span style=\"font-weight: 400;\">. Marie-No\u00eblle COCTON, Julien KOHLMANN, \u00c9milie MAROLLEAU, Delphine RIPAUD, Magali RISUENO. \u00c9ditions Didier (2022). <\/span><b>ISBN : <\/b><b>978-2278108305<\/b><\/p>\n<p><span style=\"font-weight: 400;\">Cahier d\u2019exercices: <\/span><b><i>\u00a0L\u2019Atelier B2 + <\/i><\/b><span style=\"font-weight: 400;\">. Marie-No\u00eblle COCTON, Besma AYADI, Luciele CHAPIRO, Camille, DEREEPER, Julien KOHLMANN, \u00c9milie PICHARD, Delphine RIPAUD, Magali RISUENO. \u00c9ditions Didier (2022). <\/span><b>ISBN:<\/b><strong> 9782278108329<\/strong><\/p>\n<p><i><span style=\"font-weight: 400;\">Recomanaci\u00f3: Gram\u00e0tica: L\u2019exercicier B1-B2, \u00c9dition hybride (600 exercices). <\/span><\/i><span style=\"font-weight: 400;\">Marie-H\u00e9l\u00e8ne MORSEL, Claude RICHOU et Christiane DESCOTES-GENON.<\/span> <span style=\"font-weight: 400;\">\u00c9d. PUG &#8211; Santillana Fran\u00e7ais. (2021). <\/span><b>ISBN:<\/b><strong> 9782706151460<\/strong><\/p>\n<p>&nbsp;<\/p>\n","protected":false},"excerpt":{"rendered":"<p>LLIBRES DE TEXT \u2013 FRANC\u00c8S 2025 \u2013 2026<br \/>\nFRANC\u00c8S NIVELL B\u00c0SIC A1 (1r):<br \/>\nLlibre de text: L\u2019Atelier + A1. Marie-No\u00eblle COCTON, Julien KOHLMANN, \u00c9milie MAROLLEAU, Delphine RIPAUD, Magali RISUENO. \u00c9ditions Didier (2022).\u00a0 ISBN : 978-2278104673<br \/>\nCahier d\u2019exercices: L\u2019Atelier + A1. Marie-No\u00eblle COCTON, \u00c9milie POMMIER, Delphine RIPAUD, Marie RABIN.&hellip;  <a href=\"https:\/\/agora-eoi.xtec.cat\/eoitarrega\/llibres-de-text-frances\/\" title=\"Read Llibres de text franc\u00e8s\">Llegeix m\u00e9s\u00bb<\/a><\/p>\n","protected":false},"author":1,"featured_media":0,"parent":0,"menu_order":0,"comment_status":"closed","ping_status":"closed","template":"","meta":{"_bbp_topic_count":0,"_bbp_reply_count":0,"_bbp_total_topic_count":0,"_bbp_total_reply_count":0,"_bbp_voice_count":0,"_bbp_anonymous_reply_count":0,"_bbp_topic_count_hidden":0,"_bbp_reply_count_hidden":0,"_bbp_forum_subforum_count":0,"footnotes":""},"class_list":["post-9113","page","type-page","status-publish","hentry"],"post_mailing_queue_ids":[],"_links":{"self":[{"href":"https:\/\/agora-eoi.xtec.cat\/eoitarrega\/wp-json\/wp\/v2\/pages\/9113","targetHints":{"allow":["GET"]}}],"collection":[{"href":"https:\/\/agora-eoi.xtec.cat\/eoitarrega\/wp-json\/wp\/v2\/pages"}],"about":[{"href":"https:\/\/agora-eoi.xtec.cat\/eoitarrega\/wp-json\/wp\/v2\/types\/page"}],"author":[{"embeddable":true,"href":"https:\/\/agora-eoi.xtec.cat\/eoitarrega\/wp-json\/wp\/v2\/users\/1"}],"replies":[{"embeddable":true,"href":"https:\/\/agora-eoi.xtec.cat\/eoitarrega\/wp-json\/wp\/v2\/comments?post=9113"}],"version-history":[{"count":6,"href":"https:\/\/agora-eoi.xtec.cat\/eoitarrega\/wp-json\/wp\/v2\/pages\/9113\/revisions"}],"predecessor-version":[{"id":10437,"href":"https:\/\/agora-eoi.xtec.cat\/eoitarrega\/wp-json\/wp\/v2\/pages\/9113\/revisions\/10437"}],"wp:attachment":[{"href":"https:\/\/agora-eoi.xtec.cat\/eoitarrega\/wp-json\/wp\/v2\/media?parent=9113"}],"curies":[{"name":"wp","href":"https:\/\/api.w.org\/{rel}","templated":true}]}}