{"id":9071,"date":"2025-02-11T12:57:09","date_gmt":"2025-02-11T11:57:09","guid":{"rendered":"https:\/\/agora-eoi.xtec.cat\/eoitarrega\/?page_id=9071"},"modified":"2026-01-23T12:03:43","modified_gmt":"2026-01-23T11:03:43","slug":"normativa","status":"publish","type":"page","link":"https:\/\/agora-eoi.xtec.cat\/eoitarrega\/pagines-dinici\/normativa\/","title":{"rendered":"Normativa"},"content":{"rendered":"<p>Trobareu aqu\u00ed les versions actualitzades de la documentaci\u00f3 estrat\u00e8gica del centre.\u00a0Si descarregueu la versi\u00f3 penjada, recordeu que pot quedar obsoleta un cop s\u2019actualitzi una nova versi\u00f3 del document.<\/p>\n<p><a href=\"https:\/\/astivia.isotools.org\/wip\/wip2015\/descargarDocumento.cfm?token=MEIwMUNDRjhDNjUyQjNGOEZCMEFFNUJGODFEQTBBMjIxN0M1OEQ5OEFFQTIxODk2Q0E5MTk2\"><strong>NORMES ADMINISTRATIVES VIGENTS<\/strong><\/a><\/p>\n<p>Les normes administratives s\u00f3n un resum de tot el que s\u2019ha de saber sobre matr\u00edcula, drets i obligacions.<\/p>\n<p><a href=\"https:\/\/astivia.isotools.org\/wip\/wip2015\/descargarDocumento.cfm?token=MEIwMUNDRjhDNjVGQjNGOEZCMEFFNUJGODFEQTBGMkMxM0MxOERDRkMzODQ3NjhCOUE5REQz\"><strong>NOFC VIGENTS<\/strong><\/a><\/p>\n<p>Les Normes d\u2019Organitzaci\u00f3 i Funcionament de Centre (NOFC) s\u00f3n el reglament normatiu propi de l\u2019escola.<\/p>\n<p><strong><a href=\"https:\/\/astivia.isotools.org\/wip\/wip2015\/descargarDocumento.cfm?token=MEIwMUNDRjhDNjVGQjNGOEZCMEFFNUJGODFEQTBEMkYxNkM0OERDMzg0ODYwRkIwQ0FCQ0Iw\">PROJECTE EDUCATIU<\/a><br \/>\n<\/strong><\/p>\n<p>El Projecte Educatiu (PEC). L\u2019enlla\u00e7 porta al document general, com\u00fa a tots els ensenyaments impartits a l\u2019escola.<\/p>\n<p><a href=\"https:\/\/astivia.isotools.org\/wip\/wip2015\/descargarDocumento.cfm?token=MEIwMUNDRjhDNjVGQjNGOEZCMEFFNUJGODFEODAxMkUxNkMwOEQ4QUEwRDU2QzkxQzg4OUM2\"><strong>REPRESENTANTS DE L\u2019ALUMNAT<\/strong><\/a><\/p>\n<p>Funcions,drets i deures dels representants de l\u2019alumnat.<\/p>\n","protected":false},"excerpt":{"rendered":"<p>Trobareu aqu\u00ed les versions actualitzades de la documentaci\u00f3 estrat\u00e8gica del centre.\u00a0Si descarregueu la versi\u00f3 penjada, recordeu que pot quedar obsoleta un cop s\u2019actualitzi una nova versi\u00f3 del document.<br \/>\n<a href=\"https:\/\/astivia.isotools.org\/wip\/wip2015\/descargarDocumento.cfm?token=MEIwMUNDRjhDNjUyQjNGOEZCMEFFNUJGODFEQTBBMjIxN0M1OEQ5OEFFQTIxODk2Q0E5MTk2\">NORMES ADMINISTRATIVES VIGENTS<\/a><br \/>\nLes normes administratives s\u00f3n un resum de tot el que s\u2019ha de saber sobre matr\u00edcula,&hellip;  <a href=\"https:\/\/agora-eoi.xtec.cat\/eoitarrega\/pagines-dinici\/normativa\/\" title=\"Read Normativa\">Llegeix m\u00e9s\u00bb<\/a><\/p>\n","protected":false},"author":3,"featured_media":0,"parent":7,"menu_order":0,"comment_status":"closed","ping_status":"closed","template":"","meta":{"_bbp_topic_count":0,"_bbp_reply_count":0,"_bbp_total_topic_count":0,"_bbp_total_reply_count":0,"_bbp_voice_count":0,"_bbp_anonymous_reply_count":0,"_bbp_topic_count_hidden":0,"_bbp_reply_count_hidden":0,"_bbp_forum_subforum_count":0,"footnotes":""},"class_list":["post-9071","page","type-page","status-publish","hentry"],"post_mailing_queue_ids":[],"_links":{"self":[{"href":"https:\/\/agora-eoi.xtec.cat\/eoitarrega\/wp-json\/wp\/v2\/pages\/9071","targetHints":{"allow":["GET"]}}],"collection":[{"href":"https:\/\/agora-eoi.xtec.cat\/eoitarrega\/wp-json\/wp\/v2\/pages"}],"about":[{"href":"https:\/\/agora-eoi.xtec.cat\/eoitarrega\/wp-json\/wp\/v2\/types\/page"}],"author":[{"embeddable":true,"href":"https:\/\/agora-eoi.xtec.cat\/eoitarrega\/wp-json\/wp\/v2\/users\/3"}],"replies":[{"embeddable":true,"href":"https:\/\/agora-eoi.xtec.cat\/eoitarrega\/wp-json\/wp\/v2\/comments?post=9071"}],"version-history":[{"count":7,"href":"https:\/\/agora-eoi.xtec.cat\/eoitarrega\/wp-json\/wp\/v2\/pages\/9071\/revisions"}],"predecessor-version":[{"id":10621,"href":"https:\/\/agora-eoi.xtec.cat\/eoitarrega\/wp-json\/wp\/v2\/pages\/9071\/revisions\/10621"}],"up":[{"embeddable":true,"href":"https:\/\/agora-eoi.xtec.cat\/eoitarrega\/wp-json\/wp\/v2\/pages\/7"}],"wp:attachment":[{"href":"https:\/\/agora-eoi.xtec.cat\/eoitarrega\/wp-json\/wp\/v2\/media?parent=9071"}],"curies":[{"name":"wp","href":"https:\/\/api.w.org\/{rel}","templated":true}]}}