{"id":10554,"date":"2025-11-21T11:24:36","date_gmt":"2025-11-21T10:24:36","guid":{"rendered":"https:\/\/agora-eoi.xtec.cat\/eoitarrega\/?page_id=10554"},"modified":"2025-11-21T11:27:25","modified_gmt":"2025-11-21T10:27:25","slug":"congres-nacional-escoles-oficials-didiomes","status":"publish","type":"page","link":"https:\/\/agora-eoi.xtec.cat\/eoitarrega\/congres-nacional-escoles-oficials-didiomes\/","title":{"rendered":"Congr\u00e9s Nacional Escoles Oficials d&#8217;Idiomes"},"content":{"rendered":"<p><a href=\"https:\/\/agora-eoi.xtec.cat\/eoitarrega\/wp-content\/uploads\/usu2260\/2025\/11\/IMG-20251024-WA0005.jpg\"><img loading=\"lazy\" decoding=\"async\" class=\"alignnone size-medium wp-image-10555\" src=\"https:\/\/agora-eoi.xtec.cat\/eoitarrega\/wp-content\/uploads\/usu2260\/2025\/11\/IMG-20251024-WA0005-300x169.jpg\" alt=\"\" width=\"300\" height=\"169\" srcset=\"https:\/\/agora-eoi.xtec.cat\/eoitarrega\/wp-content\/uploads\/usu2260\/2025\/11\/IMG-20251024-WA0005-300x169.jpg 300w, https:\/\/agora-eoi.xtec.cat\/eoitarrega\/wp-content\/uploads\/usu2260\/2025\/11\/IMG-20251024-WA0005-1024x576.jpg 1024w, https:\/\/agora-eoi.xtec.cat\/eoitarrega\/wp-content\/uploads\/usu2260\/2025\/11\/IMG-20251024-WA0005-768x432.jpg 768w, https:\/\/agora-eoi.xtec.cat\/eoitarrega\/wp-content\/uploads\/usu2260\/2025\/11\/IMG-20251024-WA0005-1536x864.jpg 1536w, https:\/\/agora-eoi.xtec.cat\/eoitarrega\/wp-content\/uploads\/usu2260\/2025\/11\/IMG-20251024-WA0005.jpg 2000w\" sizes=\"auto, (max-width: 300px) 100vw, 300px\" \/><\/a><\/p>\n<p><span style=\"font-family: OpenDyslexic, serif;\"><span style=\"font-size: large;\"><span lang=\"ca-ES\">Hem acabat el mes d\u2019octubre presentant el nostre projecte Erasmus + d\u2019inclusi\u00f3 al Congr\u00e9s Nacional de Escuelas Oficiales de Idiomas. All\u00e0 vam coincidir amb companys d\u2019altres EOIs de Catalunya i del territori espanyol. Ha estat una gran oportunitat per donar a con\u00e8ixer el projecte de l\u2019escola i obtenir contactes i idees d\u2019altres escoles que com nosaltres estan treballant la inclusi\u00f3 i altres programes Erasmus +. <\/span><\/span><\/span><\/p>\n<p><span style=\"font-family: OpenDyslexic, serif;\"><span style=\"font-size: large;\"><span lang=\"ca-ES\">Hem pogut constatar que el tema de la inclusi\u00f3 desperta molta preocupaci\u00f3 entre els companys i que la manca de recursos, formaci\u00f3 i suport \u00e9s una realitat que afecta per igual a totes les escoles. Tamb\u00e9 hem vist per\u00f2, que les ganes de treballar per canviar aquesta situaci\u00f3 i la gratitud i emoci\u00f3 de les persones afectades s\u00f3n immenses i aix\u00f2 constitueix la nostra for\u00e7a.<\/span><\/span><\/span><\/p>\n<p><span style=\"font-family: OpenDyslexic, serif;\"><span style=\"font-size: large;\"><span lang=\"ca-ES\">Ben aviat us farem sabedors dels primers fruits d\u2019aquesta trobada i de els projectes i iniciatives que ens acompanyen en aquest viatge per construir una escola m\u00e9s inclusiva i equitativa! <\/span><\/span><\/span><\/p>\n<p align=\"right\"><span style=\"font-family: OpenDyslexic, serif;\"><span style=\"font-size: large;\"><span lang=\"ca-ES\">23-25 d\u2019octubre 2025<\/span><\/span><\/span><\/p>\n","protected":false},"excerpt":{"rendered":"<p><a href=\"https:\/\/agora-eoi.xtec.cat\/eoitarrega\/wp-content\/uploads\/usu2260\/2025\/11\/IMG-20251024-WA0005.jpg\"><\/a><br \/>\nHem acabat el mes d\u2019octubre presentant el nostre projecte Erasmus + d\u2019inclusi\u00f3 al Congr\u00e9s Nacional de Escuelas Oficiales de Idiomas. All\u00e0 vam coincidir amb companys d\u2019altres EOIs de Catalunya i del territori espanyol. Ha estat una gran oportunitat per donar a con\u00e8ixer el projecte&hellip;  <a href=\"https:\/\/agora-eoi.xtec.cat\/eoitarrega\/congres-nacional-escoles-oficials-didiomes\/\" title=\"Read Congr\u00e9s Nacional Escoles Oficials d&#8217;Idiomes\">Llegeix m\u00e9s\u00bb<\/a><\/p>\n","protected":false},"author":1,"featured_media":0,"parent":0,"menu_order":0,"comment_status":"closed","ping_status":"closed","template":"","meta":{"_bbp_topic_count":0,"_bbp_reply_count":0,"_bbp_total_topic_count":0,"_bbp_total_reply_count":0,"_bbp_voice_count":0,"_bbp_anonymous_reply_count":0,"_bbp_topic_count_hidden":0,"_bbp_reply_count_hidden":0,"_bbp_forum_subforum_count":0,"footnotes":""},"class_list":["post-10554","page","type-page","status-publish","hentry"],"post_mailing_queue_ids":[],"_links":{"self":[{"href":"https:\/\/agora-eoi.xtec.cat\/eoitarrega\/wp-json\/wp\/v2\/pages\/10554","targetHints":{"allow":["GET"]}}],"collection":[{"href":"https:\/\/agora-eoi.xtec.cat\/eoitarrega\/wp-json\/wp\/v2\/pages"}],"about":[{"href":"https:\/\/agora-eoi.xtec.cat\/eoitarrega\/wp-json\/wp\/v2\/types\/page"}],"author":[{"embeddable":true,"href":"https:\/\/agora-eoi.xtec.cat\/eoitarrega\/wp-json\/wp\/v2\/users\/1"}],"replies":[{"embeddable":true,"href":"https:\/\/agora-eoi.xtec.cat\/eoitarrega\/wp-json\/wp\/v2\/comments?post=10554"}],"version-history":[{"count":1,"href":"https:\/\/agora-eoi.xtec.cat\/eoitarrega\/wp-json\/wp\/v2\/pages\/10554\/revisions"}],"predecessor-version":[{"id":10557,"href":"https:\/\/agora-eoi.xtec.cat\/eoitarrega\/wp-json\/wp\/v2\/pages\/10554\/revisions\/10557"}],"wp:attachment":[{"href":"https:\/\/agora-eoi.xtec.cat\/eoitarrega\/wp-json\/wp\/v2\/media?parent=10554"}],"curies":[{"name":"wp","href":"https:\/\/api.w.org\/{rel}","templated":true}]}}