{"id":10548,"date":"2025-11-21T11:00:45","date_gmt":"2025-11-21T10:00:45","guid":{"rendered":"https:\/\/agora-eoi.xtec.cat\/eoitarrega\/?page_id=10548"},"modified":"2025-11-21T11:22:37","modified_gmt":"2025-11-21T10:22:37","slug":"jornada-de-bones-practiques-t3","status":"publish","type":"page","link":"https:\/\/agora-eoi.xtec.cat\/eoitarrega\/jornada-de-bones-practiques-t3\/","title":{"rendered":"Jornada de Bones pr\u00e0ctiques T3"},"content":{"rendered":"<p>&nbsp;<\/p>\n<p><a href=\"https:\/\/agora-eoi.xtec.cat\/eoitarrega\/wp-content\/uploads\/usu2260\/2025\/11\/IMG-20250915-WA0006-e1763718340551.jpg\"><img loading=\"lazy\" decoding=\"async\" class=\"alignnone size-medium wp-image-10544\" src=\"https:\/\/agora-eoi.xtec.cat\/eoitarrega\/wp-content\/uploads\/usu2260\/2025\/11\/IMG-20250915-WA0006-e1763718340551-300x214.jpg\" alt=\"\" width=\"300\" height=\"214\" srcset=\"https:\/\/agora-eoi.xtec.cat\/eoitarrega\/wp-content\/uploads\/usu2260\/2025\/11\/IMG-20250915-WA0006-e1763718340551-300x214.jpg 300w, https:\/\/agora-eoi.xtec.cat\/eoitarrega\/wp-content\/uploads\/usu2260\/2025\/11\/IMG-20250915-WA0006-e1763718340551-768x547.jpg 768w, https:\/\/agora-eoi.xtec.cat\/eoitarrega\/wp-content\/uploads\/usu2260\/2025\/11\/IMG-20250915-WA0006-e1763718340551.jpg 1017w\" sizes=\"auto, (max-width: 300px) 100vw, 300px\" \/><\/a><\/p>\n<p><span style=\"font-family: OpenDyslexic, serif;\"><span style=\"font-size: large;\"><span lang=\"ca-ES\">Amb motiu de la celebraci\u00f3 de les jornades de Bones Pr\u00e0ctiques a l\u2019EOI de Tarragona, el 15 de setembre vam acudir com a convidades junt amb l\u2019EOI de Tortosa per presentar les mesures i accions que com a escola hem estat desenvolupant per atendre la diversitat, els problemes d\u2019aprenentatge i la inclusi\u00f3 a la nostra escola. <\/span><\/span><\/span><\/p>\n<p><span style=\"font-family: OpenDyslexic, serif;\"><span style=\"font-size: large;\"><span lang=\"ca-ES\">Aquest tipus de jornades fomenten la germanor entre escoles i creen xarxa. Sabem que tots junts creixem m\u00e9s i millor. Compartim idees, experi\u00e8ncies i projectes amb mirada cr\u00edtica i anal\u00edtica per poder ajudar als companys que afronten situacions similars en la doc\u00e8ncia i la gesti\u00f3 de l\u2019aula, tant a nivell emocional com d\u2019aprenentatge. \u00c9s de l\u2019experi\u00e8ncia que s\u2019apr\u00e8n per\u00f2 tamb\u00e9 de la generositat dels companys que comparteixen aquesta experi\u00e8ncia.<\/span><\/span><\/span><\/p>\n<p align=\"right\"><span style=\"font-family: OpenDyslexic, serif;\"><span style=\"font-size: large;\"><span lang=\"ca-ES\">15 de setembre 2025<\/span><\/span><\/span><\/p>\n","protected":false},"excerpt":{"rendered":"<p>&nbsp;<br \/>\n<a href=\"https:\/\/agora-eoi.xtec.cat\/eoitarrega\/wp-content\/uploads\/usu2260\/2025\/11\/IMG-20250915-WA0006-e1763718340551.jpg\"><\/a><br \/>\nAmb motiu de la celebraci\u00f3 de les jornades de Bones Pr\u00e0ctiques a l\u2019EOI de Tarragona, el 15 de setembre vam acudir com a convidades junt amb l\u2019EOI de Tortosa per presentar les mesures i accions que com a escola hem estat desenvolupant per atendre&hellip;  <a href=\"https:\/\/agora-eoi.xtec.cat\/eoitarrega\/jornada-de-bones-practiques-t3\/\" title=\"Read Jornada de Bones pr\u00e0ctiques T3\">Llegeix m\u00e9s\u00bb<\/a><\/p>\n","protected":false},"author":1,"featured_media":0,"parent":0,"menu_order":0,"comment_status":"closed","ping_status":"closed","template":"","meta":{"_bbp_topic_count":0,"_bbp_reply_count":0,"_bbp_total_topic_count":0,"_bbp_total_reply_count":0,"_bbp_voice_count":0,"_bbp_anonymous_reply_count":0,"_bbp_topic_count_hidden":0,"_bbp_reply_count_hidden":0,"_bbp_forum_subforum_count":0,"footnotes":""},"class_list":["post-10548","page","type-page","status-publish","hentry"],"post_mailing_queue_ids":[],"_links":{"self":[{"href":"https:\/\/agora-eoi.xtec.cat\/eoitarrega\/wp-json\/wp\/v2\/pages\/10548","targetHints":{"allow":["GET"]}}],"collection":[{"href":"https:\/\/agora-eoi.xtec.cat\/eoitarrega\/wp-json\/wp\/v2\/pages"}],"about":[{"href":"https:\/\/agora-eoi.xtec.cat\/eoitarrega\/wp-json\/wp\/v2\/types\/page"}],"author":[{"embeddable":true,"href":"https:\/\/agora-eoi.xtec.cat\/eoitarrega\/wp-json\/wp\/v2\/users\/1"}],"replies":[{"embeddable":true,"href":"https:\/\/agora-eoi.xtec.cat\/eoitarrega\/wp-json\/wp\/v2\/comments?post=10548"}],"version-history":[{"count":2,"href":"https:\/\/agora-eoi.xtec.cat\/eoitarrega\/wp-json\/wp\/v2\/pages\/10548\/revisions"}],"predecessor-version":[{"id":10556,"href":"https:\/\/agora-eoi.xtec.cat\/eoitarrega\/wp-json\/wp\/v2\/pages\/10548\/revisions\/10556"}],"wp:attachment":[{"href":"https:\/\/agora-eoi.xtec.cat\/eoitarrega\/wp-json\/wp\/v2\/media?parent=10548"}],"curies":[{"name":"wp","href":"https:\/\/api.w.org\/{rel}","templated":true}]}}