{"id":10391,"date":"2025-07-23T21:52:50","date_gmt":"2025-07-23T19:52:50","guid":{"rendered":"https:\/\/agora-eoi.xtec.cat\/eoitarrega\/?page_id=10391"},"modified":"2025-07-23T22:03:35","modified_gmt":"2025-07-23T20:03:35","slug":"candidays-lliures","status":"publish","type":"page","link":"https:\/\/agora-eoi.xtec.cat\/eoitarrega\/candidays-lliures\/","title":{"rendered":"Candidats lliures"},"content":{"rendered":"<p>El Departament d\u2019Educaci\u00f3 organitza dues convocat\u00f2ries durant el curs escolar:<\/p>\n<p>a) la\u00a0<a href=\"https:\/\/educacio.gencat.cat\/ca\/serveis-tramits\/proves\/proves-lliures-obtencio-titols\/convocat-ordinaria-idiomes\/\"><strong>convocat\u00f2ria ordin\u00e0ria<\/strong><\/a>\u00a0de les proves per a l\u2019obtenci\u00f3 dels certificats de diversos idiomes, al maig\/juny de cada any.<\/p>\n<p>b) la\u00a0<a href=\"https:\/\/educacio.gencat.cat\/ca\/serveis-tramits\/proves\/proves-lliures-obtencio-titols\/convocat-extraord-idiomes\/\"><strong>convocat\u00f2ria extraordin\u00e0ria<\/strong><\/a>\u00a0de les proves per obtenir certificats d\u2019angl\u00e8s i catal\u00e0, al gener\/febrer de cada any.<\/p>\n<p>Es poden obtenir certificats dels seg\u00fcents nivells, segons el Marc europeu com\u00fa de refer\u00e8ncia per a les lleng\u00fces (MECR):<\/p>\n<ul>\n<li>Nivell intermedi B1 del MECR<\/li>\n<li>Nivell intermedi B2 del MECR<\/li>\n<li>Nivell avan\u00e7at C1 del MECR<\/li>\n<li>Nivell avan\u00e7at C2 del MECR<\/li>\n<\/ul>\n<p>ATENCI\u00d3: No es pot ser alumne oficial i fer la prova per lliure.<\/p>\n<p><strong><em>A l&#8217;EOI de T\u00e0rrega et pots presentar per lliure a les convocat\u00f2ries dels ex\u00e0mens oficials de certificaci\u00f3 dels idiomes i nivells seg\u00fcents:<\/em><\/strong><\/p>\n<ul>\n<li><strong><em>Convocat\u00f2ria extraordin\u00e0ria de febrer: C1 d&#8217;angl\u00e8s.<\/em><\/strong><\/li>\n<li><strong><em>Convocat\u00f2ria ordin\u00e0ria de maig \/ juny: B1, B2 i C1 d&#8217;angl\u00e8s; B1 i B2 de franc\u00e8s.<\/em><\/strong><\/li>\n<\/ul>\n","protected":false},"excerpt":{"rendered":"<p>El Departament d\u2019Educaci\u00f3 organitza dues convocat\u00f2ries durant el curs escolar:<br \/>\na) la\u00a0<a href=\"https:\/\/educacio.gencat.cat\/ca\/serveis-tramits\/proves\/proves-lliures-obtencio-titols\/convocat-ordinaria-idiomes\/\">convocat\u00f2ria ordin\u00e0ria<\/a>\u00a0de les proves per a l\u2019obtenci\u00f3 dels certificats de diversos idiomes, al maig\/juny de cada any.<br \/>\nb) la\u00a0<a href=\"https:\/\/educacio.gencat.cat\/ca\/serveis-tramits\/proves\/proves-lliures-obtencio-titols\/convocat-extraord-idiomes\/\">convocat\u00f2ria extraordin\u00e0ria<\/a>\u00a0de les proves per obtenir certificats d\u2019angl\u00e8s i catal\u00e0, al gener\/febrer de cada any.<br \/>\nEs poden&hellip;  <a href=\"https:\/\/agora-eoi.xtec.cat\/eoitarrega\/candidays-lliures\/\" title=\"Read Candidats lliures\">Llegeix m\u00e9s\u00bb<\/a><\/p>\n","protected":false},"author":3,"featured_media":0,"parent":0,"menu_order":0,"comment_status":"closed","ping_status":"closed","template":"","meta":{"_bbp_topic_count":0,"_bbp_reply_count":0,"_bbp_total_topic_count":0,"_bbp_total_reply_count":0,"_bbp_voice_count":0,"_bbp_anonymous_reply_count":0,"_bbp_topic_count_hidden":0,"_bbp_reply_count_hidden":0,"_bbp_forum_subforum_count":0,"footnotes":""},"class_list":["post-10391","page","type-page","status-publish","hentry"],"post_mailing_queue_ids":[],"_links":{"self":[{"href":"https:\/\/agora-eoi.xtec.cat\/eoitarrega\/wp-json\/wp\/v2\/pages\/10391","targetHints":{"allow":["GET"]}}],"collection":[{"href":"https:\/\/agora-eoi.xtec.cat\/eoitarrega\/wp-json\/wp\/v2\/pages"}],"about":[{"href":"https:\/\/agora-eoi.xtec.cat\/eoitarrega\/wp-json\/wp\/v2\/types\/page"}],"author":[{"embeddable":true,"href":"https:\/\/agora-eoi.xtec.cat\/eoitarrega\/wp-json\/wp\/v2\/users\/3"}],"replies":[{"embeddable":true,"href":"https:\/\/agora-eoi.xtec.cat\/eoitarrega\/wp-json\/wp\/v2\/comments?post=10391"}],"version-history":[{"count":4,"href":"https:\/\/agora-eoi.xtec.cat\/eoitarrega\/wp-json\/wp\/v2\/pages\/10391\/revisions"}],"predecessor-version":[{"id":10396,"href":"https:\/\/agora-eoi.xtec.cat\/eoitarrega\/wp-json\/wp\/v2\/pages\/10391\/revisions\/10396"}],"wp:attachment":[{"href":"https:\/\/agora-eoi.xtec.cat\/eoitarrega\/wp-json\/wp\/v2\/media?parent=10391"}],"curies":[{"name":"wp","href":"https:\/\/api.w.org\/{rel}","templated":true}]}}