{"id":10380,"date":"2025-07-22T11:53:26","date_gmt":"2025-07-22T09:53:26","guid":{"rendered":"https:\/\/agora-eoi.xtec.cat\/eoitarrega\/?page_id=10380"},"modified":"2025-09-03T13:30:58","modified_gmt":"2025-09-03T11:30:58","slug":"devolucio-de-taxes-o-preus-publics","status":"publish","type":"page","link":"https:\/\/agora-eoi.xtec.cat\/eoitarrega\/devolucio-de-taxes-o-preus-publics\/","title":{"rendered":"Devoluci\u00f3 de taxes o preus p\u00fablics"},"content":{"rendered":"<p><strong>DEVOLUCI\u00d3 DE TAXES: CAUSES QUE LA JUSTIFIQUEN:<\/strong><\/p>\n<p>Es pot demanar la devoluci\u00f3 de les taxes i preus p\u00fablics en els terminis i\/o circumst\u00e0ncies seg\u00fcents:<\/p>\n<ul>\n<li aria-level=\"1\">Per\u00a0<strong>ren\u00fancia al curs<\/strong> en els terminis legalment establerts, que per al curs 2025-2026 s\u00f3n:<\/li>\n<\/ul>\n<p>\u2013\u00a0<strong>no m\u00e9s tard del dia 10 d\u2019octubre de 2025<\/strong>\u00a0per als cursos anuals.<\/p>\n<ul>\n<li aria-level=\"1\">Per\u00a0<strong>causes extraordin\u00e0ries<\/strong>\u00a0no imputables a l\u2019alumnat i degudament justificades, es pot sol\u00b7licitar la devoluci\u00f3 amb posterioritat a les dates esmentades (no seran considerats de for\u00e7a major els canvis en l\u2019horari laboral, ni els canvis de lloc de resid\u00e8ncia o similars).<\/li>\n<li aria-level=\"1\">Per\u00a0<strong>ren\u00fancia a la inscripci\u00f3 a les proves lliures<\/strong>\u00a0per a l\u2019obtenci\u00f3 del certificats abans de la data de publicaci\u00f3 de les llistes definitives d\u2019admesos.<\/li>\n<li aria-level=\"1\">Per t<strong>rasllat a una altra comunitat aut\u00f2noma,<\/strong>\u00a0l\u2019alumnat pot sol\u00b7licitar el retorn de taxes o preus p\u00fablics abans del darrer dia h\u00e0bil de novembre.<\/li>\n<\/ul>\n<p>El termini finalitza el dia h\u00e0bil posterior si aquests dies indicats s\u00f3n festius. La ren\u00fancia a la matr\u00edcula oficial amb devoluci\u00f3 de taxa suposa l\u2019anul\u00b7laci\u00f3 de la matr\u00edcula a tots els efectes i l\u2019exclusi\u00f3 de la matr\u00edcula de l\u2019expedient acad\u00e8mic de l\u2019alumne\/a i, per tant, la ren\u00fancia a la pla\u00e7a.<\/p>\n<p><strong>VIES DE SOL.LICITUD:<\/strong><\/p>\n<ul>\n<li><strong>Preferiblement de manera telem\u00e0tica<\/strong>\u00a0a\u00a0<a href=\"https:\/\/web.gencat.cat\/ca\/tramits\/tramits-temes\/devolucio-ingressos-indeguts\" target=\"_blank\" rel=\"noopener\" data-saferedirecturl=\"https:\/\/www.google.com\/url?q=https:\/\/web.gencat.cat\/ca\/tramits\/tramits-temes\/devolucio-ingressos-indeguts&amp;source=gmail&amp;ust=1739977211996000&amp;usg=AOvVaw0Bk7PVYQVDAulOuitlwMR_\">https:\/\/web.<wbr \/>gencat.cat\/ca\/tramits\/tramits-<wbr \/>temes\/devolucio-ingressos-<wbr \/>indeguts\u00a0<\/a>\u00a0(es necessita signatura digital: idCAT M\u00f2bil o altres)<\/li>\n<li><strong>De manera presencial<\/strong>,\u00a0a la secretaria de l\u2019escola.<\/li>\n<\/ul>\n<p><strong>DOCUMENTACI\u00d3:<\/strong><\/p>\n<div class=\"box\">\n<div class=\"info\">\n<ul>\n<li>Sol\u00b7licitud emplenada i firmada (es genera i es signa dins l\u2019aplicatiu)<\/li>\n<li>C\u00f2pia del resguard de matr\u00edcula<\/li>\n<li>C\u00f2pia del comprovant de pagament<\/li>\n<li>C\u00f2pia del document que acrediti la bonificaci\u00f3 i\/o exempci\u00f3, si s\u2019escau.<\/li>\n<\/ul>\n<p>El termini de resoluci\u00f3 del procediment no dep\u00e8n de l\u2019EOI, sin\u00f3 del \u201cServei de Gesti\u00f3 Pressupost\u00e0ria del Departament d\u2019Educaci\u00f3\u201d, que \u00e9s qui en comunica la resoluci\u00f3 directament a l\u2019alumnat .<\/p>\n<\/div>\n<\/div>\n<div class=\"addtoany_share_save_container addtoany_content addtoany_content_bottom\">\n<div class=\"a2a_kit a2a_kit_size_25 addtoany_list\" data-a2a-url=\"https:\/\/agora-eoi.xtec.cat\/eoigirona\/tramits\/devolucio-de-taxes-o-preus-publics\/\" data-a2a-title=\"Devoluci\u00f3 de taxes o preus p\u00fablics\"><\/div>\n<\/div>\n","protected":false},"excerpt":{"rendered":"<p>DEVOLUCI\u00d3 DE TAXES: CAUSES QUE LA JUSTIFIQUEN:<br \/>\nEs pot demanar la devoluci\u00f3 de les taxes i preus p\u00fablics en els terminis i\/o circumst\u00e0ncies seg\u00fcents:<\/p>\n<ul>\n<li aria-level=\"1\">Per\u00a0ren\u00fancia al curs en els terminis legalment establerts, que per al curs 2025-2026 s\u00f3n:<\/li>\n<\/ul>\n<p>\u2013\u00a0no m\u00e9s tard del dia 10 d\u2019octubre de 2025\u00a0per&hellip;  <a href=\"https:\/\/agora-eoi.xtec.cat\/eoitarrega\/devolucio-de-taxes-o-preus-publics\/\" title=\"Read Devoluci\u00f3 de taxes o preus p\u00fablics\">Llegeix m\u00e9s\u00bb<\/a><\/p>\n","protected":false},"author":3,"featured_media":0,"parent":0,"menu_order":0,"comment_status":"closed","ping_status":"closed","template":"","meta":{"_bbp_topic_count":0,"_bbp_reply_count":0,"_bbp_total_topic_count":0,"_bbp_total_reply_count":0,"_bbp_voice_count":0,"_bbp_anonymous_reply_count":0,"_bbp_topic_count_hidden":0,"_bbp_reply_count_hidden":0,"_bbp_forum_subforum_count":0,"footnotes":""},"class_list":["post-10380","page","type-page","status-publish","hentry"],"post_mailing_queue_ids":[],"_links":{"self":[{"href":"https:\/\/agora-eoi.xtec.cat\/eoitarrega\/wp-json\/wp\/v2\/pages\/10380","targetHints":{"allow":["GET"]}}],"collection":[{"href":"https:\/\/agora-eoi.xtec.cat\/eoitarrega\/wp-json\/wp\/v2\/pages"}],"about":[{"href":"https:\/\/agora-eoi.xtec.cat\/eoitarrega\/wp-json\/wp\/v2\/types\/page"}],"author":[{"embeddable":true,"href":"https:\/\/agora-eoi.xtec.cat\/eoitarrega\/wp-json\/wp\/v2\/users\/3"}],"replies":[{"embeddable":true,"href":"https:\/\/agora-eoi.xtec.cat\/eoitarrega\/wp-json\/wp\/v2\/comments?post=10380"}],"version-history":[{"count":2,"href":"https:\/\/agora-eoi.xtec.cat\/eoitarrega\/wp-json\/wp\/v2\/pages\/10380\/revisions"}],"predecessor-version":[{"id":10406,"href":"https:\/\/agora-eoi.xtec.cat\/eoitarrega\/wp-json\/wp\/v2\/pages\/10380\/revisions\/10406"}],"wp:attachment":[{"href":"https:\/\/agora-eoi.xtec.cat\/eoitarrega\/wp-json\/wp\/v2\/media?parent=10380"}],"curies":[{"name":"wp","href":"https:\/\/api.w.org\/{rel}","templated":true}]}}