{"id":10191,"date":"2025-04-25T11:27:27","date_gmt":"2025-04-25T09:27:27","guid":{"rendered":"https:\/\/agora-eoi.xtec.cat\/eoitarrega\/?page_id=10191"},"modified":"2026-02-26T15:19:57","modified_gmt":"2026-02-26T14:19:57","slug":"expedicio-de-certificats-oficials-i-titols","status":"publish","type":"page","link":"https:\/\/agora-eoi.xtec.cat\/eoitarrega\/expedicio-de-certificats-oficials-i-titols\/","title":{"rendered":"Expedici\u00f3 de certificats oficials i t\u00edtols"},"content":{"rendered":"<div id=\"gestions1\">\n<p><strong><span class=\"titols\">CERTIFICATS OFICIALS A2 i B1<\/span><\/strong><\/p>\n<\/div>\n<div><\/div>\n<div><span style=\"font-family: inherit; font-size: 1em;\">Els certificats oficials d\u2019A2 i B1 es fan per defecte per a tots els alumnes que han superat el nivell.<\/span><\/div>\n<div><\/div>\n<p>&nbsp;<\/p>\n<p><strong>SOL.LICITUD T\u00cdTOLS B2, C1 i C2<\/strong><\/p>\n<ul>\n<li style=\"font-weight: 400;\" aria-level=\"1\"><span style=\"font-weight: 400;\">A partir del 2 de febrer del 2026 els Certificats de Nivell Intermedi B2 i Nivell Avan\u00e7at C1 i C2 els expedeix el Departament d\u2019Educaci\u00f3 pr\u00e8via <\/span><a href=\"https:\/\/tramits.gencat.cat\/ca\/tramits\/tramits-temes\/titols-academics-no-universitaris\"><span style=\"font-weight: 400;\">sol\u00b7licitud per internet<\/span><\/a><span style=\"font-weight: 400;\"> i abonament de les taxes corresponents.<\/span><\/li>\n<\/ul>\n<p><a href=\"https:\/\/tramits.gencat.cat\/web\/shared\/OVT\/Departaments\/ENS\/TramitOVT\/tramitacio-titols\/sollicitud-primera-expedicio.pdf\"><span style=\"font-weight: 400;\">Com puc sol\u00b7licitar un t\u00edtol per primera vegada?<\/span><span style=\"font-weight: 400;\"><br \/>\n<\/span><\/a><\/p>\n<div id=\"gestions2\">\n<p>Recorda: haur\u00e0s de contactar amb la secretaria de L&#8217;EOI T\u00e0rrega per tal d&#8217;informar-nos que has fet una sol.licitud del t\u00edtol i si \u00e9s el cas, et validarem les teves dades personals i \/ o econ\u00f2miques.<\/p>\n<p><span style=\"font-family: inherit; font-size: 1em;\">Els t\u00edtols de B2, C1 i C2 suposen el pagament d\u2019unes <\/span><strong style=\"font-family: inherit; font-size: 1em;\"><a href=\"https:\/\/educacio.gencat.cat\/ca\/departament\/normativa\/taxes-preus-publics\/taxes\/\" target=\"_blank\" rel=\"noopener\">taxes.\u00a0<\/a><\/strong><span style=\"font-family: inherit; font-size: 1em;\">Consulteu les\u00a0<\/span><strong style=\"font-family: inherit; font-size: 1em;\"><a title=\"bonificacions i exempcions generals\" href=\"https:\/\/educacio.gencat.cat\/ca\/departament\/normativa\/taxes-preus-publics\/exempcions-bonificacions\/\" target=\"_blank\" rel=\"noopener\">bonificacions i exempcions generals<\/a><\/strong><strong style=\"font-family: inherit; font-size: 1em;\">\u00a0<\/strong><span style=\"font-family: inherit; font-size: 1em;\">que s\u2019apliquen a aquestes taxes.\u00a0<\/span><\/p>\n<p>Rebr\u00e0s un correu electr\u00f2nic\u00a0 de l&#8217;escola quan puguis passar a recollir el t\u00edtol.<\/p>\n<\/div>\n<div id=\"gestions24\">\n<div id=\"gestions1\">\n<p><strong><span class=\"titols\">DOCUMENTACI\u00d3 PER A LA RECOLLIDA DE CERTIFICATS OFICIALS (A2 i B1) i T\u00cdTOLS (B2, C1 i C2)<\/span><\/strong><\/p>\n<p>Tots els certificats oficials i els t\u00edtols s\u2019han de\u00a0<strong>recollir personalment<\/strong> presentant el DNI, NIE o passaport en vigor i signar en el llibre de registre de t\u00edtols.<\/p>\n<p>En el cas de no poder venir personalment cal portar una autoritzaci\u00f3 signada per la persona interessada juntament amb la fotoc\u00f2pia del DNI,NIE o passaport en vigor de la persona sol.licitant.<\/p>\n<\/div>\n<\/div>\n","protected":false},"excerpt":{"rendered":"<p>CERTIFICATS OFICIALS A2 i B1<\/p>\n<p>Els certificats oficials d\u2019A2 i B1 es fan per defecte per a tots els alumnes que han superat el nivell.<\/p>\n<p>&nbsp;<br \/>\nSOL.LICITUD T\u00cdTOLS B2, C1 i C2<\/p>\n<ul>\n<li style=\"font-weight: 400;\" aria-level=\"1\">A partir del 2 de febrer del 2026 els Certificats de Nivell Intermedi B2&hellip;  <a href=\"https:\/\/agora-eoi.xtec.cat\/eoitarrega\/expedicio-de-certificats-oficials-i-titols\/\" title=\"Read Expedici\u00f3 de certificats oficials i t\u00edtols\">Llegeix m\u00e9s\u00bb<\/a><br \/>\n","protected":false},"author":3,"featured_media":0,"parent":0,"menu_order":0,"comment_status":"closed","ping_status":"closed","template":"","meta":{"_bbp_topic_count":0,"_bbp_reply_count":0,"_bbp_total_topic_count":0,"_bbp_total_reply_count":0,"_bbp_voice_count":0,"_bbp_anonymous_reply_count":0,"_bbp_topic_count_hidden":0,"_bbp_reply_count_hidden":0,"_bbp_forum_subforum_count":0,"footnotes":""},"class_list":["post-10191","page","type-page","status-publish","hentry"],"post_mailing_queue_ids":[],"_links":{"self":[{"href":"https:\/\/agora-eoi.xtec.cat\/eoitarrega\/wp-json\/wp\/v2\/pages\/10191","targetHints":{"allow":["GET"]}}],"collection":[{"href":"https:\/\/agora-eoi.xtec.cat\/eoitarrega\/wp-json\/wp\/v2\/pages"}],"about":[{"href":"https:\/\/agora-eoi.xtec.cat\/eoitarrega\/wp-json\/wp\/v2\/types\/page"}],"author":[{"embeddable":true,"href":"https:\/\/agora-eoi.xtec.cat\/eoitarrega\/wp-json\/wp\/v2\/users\/3"}],"replies":[{"embeddable":true,"href":"https:\/\/agora-eoi.xtec.cat\/eoitarrega\/wp-json\/wp\/v2\/comments?post=10191"}],"version-history":[{"count":6,"href":"https:\/\/agora-eoi.xtec.cat\/eoitarrega\/wp-json\/wp\/v2\/pages\/10191\/revisions"}],"predecessor-version":[{"id":10655,"href":"https:\/\/agora-eoi.xtec.cat\/eoitarrega\/wp-json\/wp\/v2\/pages\/10191\/revisions\/10655"}],"wp:attachment":[{"href":"https:\/\/agora-eoi.xtec.cat\/eoitarrega\/wp-json\/wp\/v2\/media?parent=10191"}],"curies":[{"name":"wp","href":"https:\/\/api.w.org\/{rel}","templated":true}]}}