{"id":10150,"date":"2025-03-16T20:43:01","date_gmt":"2025-03-16T19:43:01","guid":{"rendered":"https:\/\/agora-eoi.xtec.cat\/eoitarrega\/?page_id=10150"},"modified":"2025-03-16T20:43:01","modified_gmt":"2025-03-16T19:43:01","slug":"missio-visio-i-valors","status":"publish","type":"page","link":"https:\/\/agora-eoi.xtec.cat\/eoitarrega\/missio-visio-i-valors\/","title":{"rendered":"MISSI\u00d3, VISI\u00d3 I VALORS"},"content":{"rendered":"<p>La Missi\u00f3, Visi\u00f3 i Valors de l\u2019 EOI de T\u00e0rrega s\u00f3n els seg\u00fcents:<\/p>\n<p><strong>\u00a0<\/strong><strong>Missi\u00f3<\/strong><\/p>\n<ul>\n<li>Ensenyar\u00a0i\u00a0preparar\u00a0els alumnes\u00a0 d\u2019angl\u00e8s i de franc\u00e8s innovant i fomentant l\u2019\u00fas de les noves tecnologies, segons els criteris marcats per Marc Europeu Com\u00fa de Refer\u00e8ncia de les Lleng\u00fces Estrangeres, validat per les autoritats educatives de la Generalitat de Catalunya.<\/li>\n<li>Certificar \u00a0els nivells assolits dels alumnes, tant propis com externs.<\/li>\n<\/ul>\n<p><strong>Visi\u00f3<\/strong><\/p>\n<ul>\n<li>Ser un\u00a0centre de refer\u00e8ncia\u00a0en la formaci\u00f3 en lleng\u00fces i cultures estrangeres.<\/li>\n<li>Ser un\u00a0punt de trobada\u00a0entre persones implicades en l\u2019aprenentatge, el coneixement i l\u2019estudi de les lleng\u00fces i cultures estrangeres.<\/li>\n<li>Assegurar la millora cont\u00ednua treballant de manera eficient, innovadora i cohesionada.<\/li>\n<li>Col\u00b7laborar amb centres educatius i entitats fomentant la solidaritat, el comprom\u00eds social, la cohesi\u00f3 i el respecte per la difer\u00e8ncia.<strong><br \/>\n<\/strong><\/li>\n<\/ul>\n<p><strong>Valors<\/strong><\/p>\n<ul>\n<li>Ser un\u00a0centre inclusiu, respectu\u00f3s amb la pluralitat, obert\u00a0a les diferents cultures, i\u00a0comprom\u00e8s\u00a0amb el seu entorn.<\/li>\n<li>Fomentar\u00a0el creixement personal a trav\u00e9s de la\u00a0col\u00b7laboraci\u00f3\u00a0i la cooperaci\u00f3.<\/li>\n<li>Fomentar la neutralitat ideol\u00f2gica, el respecte i la igualtat entre persones independentment del seu origen, sexe i religi\u00f3.<\/li>\n<\/ul>\n","protected":false},"excerpt":{"rendered":"<p>La Missi\u00f3, Visi\u00f3 i Valors de l\u2019 EOI de T\u00e0rrega s\u00f3n els seg\u00fcents:<br \/>\n\u00a0Missi\u00f3<\/p>\n<ul>\n<li>Ensenyar\u00a0i\u00a0preparar\u00a0els alumnes\u00a0 d\u2019angl\u00e8s i de franc\u00e8s innovant i fomentant l\u2019\u00fas de les noves tecnologies, segons els criteris marcats per Marc Europeu Com\u00fa de Refer\u00e8ncia de les Lleng\u00fces Estrangeres, validat per les autoritats educatives&hellip;  <a href=\"https:\/\/agora-eoi.xtec.cat\/eoitarrega\/missio-visio-i-valors\/\" title=\"Read MISSI\u00d3, VISI\u00d3 I VALORS\">Llegeix m\u00e9s\u00bb<\/a><br \/>\n","protected":false},"author":1,"featured_media":0,"parent":0,"menu_order":0,"comment_status":"closed","ping_status":"closed","template":"","meta":{"_bbp_topic_count":0,"_bbp_reply_count":0,"_bbp_total_topic_count":0,"_bbp_total_reply_count":0,"_bbp_voice_count":0,"_bbp_anonymous_reply_count":0,"_bbp_topic_count_hidden":0,"_bbp_reply_count_hidden":0,"_bbp_forum_subforum_count":0,"footnotes":""},"class_list":["post-10150","page","type-page","status-publish","hentry"],"post_mailing_queue_ids":[],"_links":{"self":[{"href":"https:\/\/agora-eoi.xtec.cat\/eoitarrega\/wp-json\/wp\/v2\/pages\/10150","targetHints":{"allow":["GET"]}}],"collection":[{"href":"https:\/\/agora-eoi.xtec.cat\/eoitarrega\/wp-json\/wp\/v2\/pages"}],"about":[{"href":"https:\/\/agora-eoi.xtec.cat\/eoitarrega\/wp-json\/wp\/v2\/types\/page"}],"author":[{"embeddable":true,"href":"https:\/\/agora-eoi.xtec.cat\/eoitarrega\/wp-json\/wp\/v2\/users\/1"}],"replies":[{"embeddable":true,"href":"https:\/\/agora-eoi.xtec.cat\/eoitarrega\/wp-json\/wp\/v2\/comments?post=10150"}],"version-history":[{"count":1,"href":"https:\/\/agora-eoi.xtec.cat\/eoitarrega\/wp-json\/wp\/v2\/pages\/10150\/revisions"}],"predecessor-version":[{"id":10151,"href":"https:\/\/agora-eoi.xtec.cat\/eoitarrega\/wp-json\/wp\/v2\/pages\/10150\/revisions\/10151"}],"wp:attachment":[{"href":"https:\/\/agora-eoi.xtec.cat\/eoitarrega\/wp-json\/wp\/v2\/media?parent=10150"}],"curies":[{"name":"wp","href":"https:\/\/api.w.org\/{rel}","templated":true}]}}