{"id":10140,"date":"2025-03-16T17:58:59","date_gmt":"2025-03-16T16:58:59","guid":{"rendered":"https:\/\/agora-eoi.xtec.cat\/eoitarrega\/?page_id=10140"},"modified":"2026-02-04T17:08:13","modified_gmt":"2026-02-04T16:08:13","slug":"enquestes-de-satisfaccio","status":"publish","type":"page","link":"https:\/\/agora-eoi.xtec.cat\/eoitarrega\/pagines-dinici\/politica-de-qualitat-pqmc\/enquestes-de-satisfaccio\/","title":{"rendered":"Enquestes de satisfacci\u00f3"},"content":{"rendered":"<p>A l&#8217;EOI T\u00e0rrega realitzem enquestes de satisfacci\u00f3 per con\u00e8ixer l\u2019opini\u00f3 dels nostres grups d\u2019inter\u00e8s i garantir una millora cont\u00ednua del centre i dels serveis que oferim. Aquestes enquestes ens permeten identificar punts forts i \u00e0rees de millora, sempre amb l\u2019objectiu d\u2019oferir una experi\u00e8ncia educativa de qualitat. Aquest proc\u00e9s forma part del nostre comprom\u00eds amb la qualitat i la millora cont\u00ednua, seguint els requisits de la norma ISO 9001.<\/p>\n<p><a href=\"https:\/\/agora-eoi.xtec.cat\/eoitarrega\/wp-content\/uploads\/usu2260\/2026\/02\/ENQUESTA-ALUMNAT-GENER-25-26-WEB.pdf\"><strong>Enquesta alumnat 1r quadrimestre- Curs 2025-2026<\/strong><\/a><\/p>\n<p><a href=\"https:\/\/agora-eoi.xtec.cat\/eoitarrega\/wp-content\/uploads\/usu2260\/2025\/07\/enquesta-alumnat-final-24-25.pdf\"><strong>Enquesta final alumnat- Curs 2024-2025<\/strong><\/a><\/p>\n<p><a href=\"https:\/\/agora-eoi.xtec.cat\/eoitarrega\/wp-content\/uploads\/usu2260\/2025\/03\/Enquesta-alumnat-1r-quadrimestre-Curs-2024-2025.pdf\"><strong>Enquesta alumnat 1r quadrimestre- Curs 2024-2025<\/strong><\/a><\/p>\n<p><a href=\"https:\/\/agora-eoi.xtec.cat\/eoitarrega\/wp-content\/uploads\/usu2260\/2025\/03\/Enquesta-1r-quadrimestre-Curs-2023-2024.pdf\"><strong>Enquesta alumnat 1r quadrimestre- Curs 2023-2024<\/strong><\/a><\/p>\n<p><a href=\"https:\/\/agora-eoi.xtec.cat\/eoitarrega\/wp-content\/uploads\/usu2260\/2025\/03\/Enquesta-final-Curs-2023-2024.pdf\"><strong>Enquesta final alumnat- Curs 2023-2024<\/strong><\/a><\/p>\n<p>&nbsp;<\/p>\n","protected":false},"excerpt":{"rendered":"<p>A l&#8217;EOI T\u00e0rrega realitzem enquestes de satisfacci\u00f3 per con\u00e8ixer l\u2019opini\u00f3 dels nostres grups d\u2019inter\u00e8s i garantir una millora cont\u00ednua del centre i dels serveis que oferim. Aquestes enquestes ens permeten identificar punts forts i \u00e0rees de millora, sempre amb l\u2019objectiu d\u2019oferir una experi\u00e8ncia educativa de&hellip;  <a href=\"https:\/\/agora-eoi.xtec.cat\/eoitarrega\/pagines-dinici\/politica-de-qualitat-pqmc\/enquestes-de-satisfaccio\/\" title=\"Read Enquestes de satisfacci\u00f3\">Llegeix m\u00e9s\u00bb<\/a><\/p>\n","protected":false},"author":1,"featured_media":0,"parent":9060,"menu_order":0,"comment_status":"closed","ping_status":"closed","template":"","meta":{"_bbp_topic_count":0,"_bbp_reply_count":0,"_bbp_total_topic_count":0,"_bbp_total_reply_count":0,"_bbp_voice_count":0,"_bbp_anonymous_reply_count":0,"_bbp_topic_count_hidden":0,"_bbp_reply_count_hidden":0,"_bbp_forum_subforum_count":0,"footnotes":""},"class_list":["post-10140","page","type-page","status-publish","hentry"],"post_mailing_queue_ids":[],"_links":{"self":[{"href":"https:\/\/agora-eoi.xtec.cat\/eoitarrega\/wp-json\/wp\/v2\/pages\/10140","targetHints":{"allow":["GET"]}}],"collection":[{"href":"https:\/\/agora-eoi.xtec.cat\/eoitarrega\/wp-json\/wp\/v2\/pages"}],"about":[{"href":"https:\/\/agora-eoi.xtec.cat\/eoitarrega\/wp-json\/wp\/v2\/types\/page"}],"author":[{"embeddable":true,"href":"https:\/\/agora-eoi.xtec.cat\/eoitarrega\/wp-json\/wp\/v2\/users\/1"}],"replies":[{"embeddable":true,"href":"https:\/\/agora-eoi.xtec.cat\/eoitarrega\/wp-json\/wp\/v2\/comments?post=10140"}],"version-history":[{"count":6,"href":"https:\/\/agora-eoi.xtec.cat\/eoitarrega\/wp-json\/wp\/v2\/pages\/10140\/revisions"}],"predecessor-version":[{"id":10344,"href":"https:\/\/agora-eoi.xtec.cat\/eoitarrega\/wp-json\/wp\/v2\/pages\/10140\/revisions\/10344"}],"up":[{"embeddable":true,"href":"https:\/\/agora-eoi.xtec.cat\/eoitarrega\/wp-json\/wp\/v2\/pages\/9060"}],"wp:attachment":[{"href":"https:\/\/agora-eoi.xtec.cat\/eoitarrega\/wp-json\/wp\/v2\/media?parent=10140"}],"curies":[{"name":"wp","href":"https:\/\/api.w.org\/{rel}","templated":true}]}}