{"id":9190,"date":"2020-07-16T09:40:09","date_gmt":"2020-07-16T07:40:09","guid":{"rendered":"http:\/\/agora-eoi.xtec.cat\/eoitarragona\/?page_id=9190"},"modified":"2025-07-14T12:47:43","modified_gmt":"2025-07-14T10:47:43","slug":"equivalencies-i-excepcions","status":"publish","type":"page","link":"https:\/\/agora-eoi.xtec.cat\/eoitarragona\/secretaria\/matricula\/equivalencies-i-excepcions\/","title":{"rendered":"Equival\u00e8ncies i exempcions"},"content":{"rendered":"\n<p><a href=\"https:\/\/www.eoidigital.com\/preinscripcio\/alumnes\/index.php\" target=\"_blank\" rel=\"noopener noreferrer\"><img loading=\"lazy\" decoding=\"async\" class=\"wp-image-14968 alignnone\" src=\"https:\/\/agora-eoi.xtec.cat\/eoitarragona\/wp-content\/uploads\/usu2261\/2022\/07\/clic.png\" alt=\"\" width=\"23\" height=\"25\">Preinscripci\u00f3 unificada de les EOI de Catalunya<\/a><\/p>\n\n\n\n<ul class=\"wp-block-list\">\n<li>Es pot <strong>accedir a<\/strong> A2, B1, B2.1 o B2.2, o al curs de nivell C1 d&#8217;escola oficial d&#8217;idiomes <strong>sense fer el test de nivell<\/strong> en cas de tenir alguna de les acreditacions seg\u00fcents (cal presentar-ne la documentaci\u00f3 acreditativa en el moment de fer la preinscripci\u00f3, i es pot presentar presencialment o b\u00e9 en l\u00ednia a l&#8217;aplicaci\u00f3 de preinscripci\u00f3):\n<ul class=\"wp-block-list\">\n<li><strong>Acc\u00e9s per curs d&#8217;estiu d&#8217;escola oficial d&#8217;idiomes<\/strong>. Els alumnes que hagin cursat i aprovat un curs d&#8217;estiu d&#8217;un m\u00ednim de 60 hores el juliol de 2024 podran accedir al mateix curs per completar el nivell. En cas que hagin cursat i aprovat un curs d&#8217;estiu d&#8217;un m\u00ednim de 60 hores corresponent a la segona part d&#8217;un curs ordinari d&#8217;EOI, podran accedir al nivell seg\u00fcent.<\/li>\n\n\n\n<li><strong>Acc\u00e9s per certificaci\u00f3<\/strong>.\n<ul class=\"wp-block-list\">\n<li>En cas de tenir una certificaci\u00f3 equivalent al nivell B1&nbsp;que no consta a les taules seg\u00fcents, cal consultar les taules de certificats i diplomes que acrediten els coneixements d&#8217;una tercera llengua que consta a l&#8217;Annex 1 de la <figure><img loading=\"lazy\" decoding=\"async\" width=\"23\" height=\"25\" class=\"wp-image-14968 alignnone\" src=\"https:\/\/agora-eoi.xtec.cat\/eoitarragona\/wp-content\/uploads\/usu2261\/2022\/07\/clic.png\" alt=\"\"><\/figure><a href=\"https:\/\/portaldogc.gencat.cat\/utilsEADOP\/PDF\/8429\/1856439.pdf\" target=\"_blank\" rel=\"noopener noreferrer\">Resoluci\u00f3 EDU\/1714\/2021, de 3 de juny<\/a>.&nbsp;Si el certificat \u00e9s a la columna dels equivalents al nivell B1, es podr\u00e0 sol\u00b7licitar l&#8217;acc\u00e9s directe a B2.1. Si el certificat \u00e9s a la columna dels equivalents al nivell B2, es podr\u00e0 sol\u00b7licitar l&#8217;acc\u00e9s directe a C1.<\/li>\n\n\n\n<li>El certificat de nivell b\u00e0sic d&#8217;angl\u00e8s i el certificat de nivell b\u00e0sic de franc\u00e8s d&#8217;ensenyament d&#8217;adults eximeixen de realitzar la prova de nivell per accedir directament a B1 de l&#8217;idioma corresponent.<\/li>\n<\/ul>\n<\/li>\n<\/ul>\n<\/li>\n<\/ul>\n\n\n\n<p><a href=\"https:\/\/preinscripcio.gencat.cat\/ca\/estudis\/idiomes-eoi\/informat\/test-nivell-a2-c1\/\" target=\"_blank\" rel=\"noopener noreferrer\"><img loading=\"lazy\" decoding=\"async\" class=\"wp-image-14968 alignnone\" src=\"https:\/\/agora-eoi.xtec.cat\/eoitarragona\/wp-content\/uploads\/usu2261\/2022\/07\/clic.png\" alt=\"\" width=\"23\" height=\"25\">Consulta directament a la p\u00e0gina de la Generalitat<\/a><\/p>\n\n\n\n<p><a href=\"http:\/\/futurambidiomes.gencat.cat\/\" target=\"_blank\" rel=\"noopener noreferrer\"><span lang=\"ca\"><img loading=\"lazy\" decoding=\"async\" class=\"wp-image-14968 alignnone\" src=\"https:\/\/agora-eoi.xtec.cat\/eoitarragona\/wp-content\/uploads\/usu2261\/2022\/07\/clic.png\" alt=\"\" width=\"23\" height=\"25\">El teu futur parla idiomes<\/span><\/a><\/p>\n","protected":false},"excerpt":{"rendered":"<p>Preinscripci\u00f3 unificada de les EOI de Catalunya Consulta directament a la p\u00e0gina de la Generalitat El teu futur parla idiomes<\/p>\n","protected":false},"author":3,"featured_media":0,"parent":9151,"menu_order":25,"comment_status":"closed","ping_status":"closed","template":"","meta":{"_bbp_topic_count":0,"_bbp_reply_count":0,"_bbp_total_topic_count":0,"_bbp_total_reply_count":0,"_bbp_voice_count":0,"_bbp_anonymous_reply_count":0,"_bbp_topic_count_hidden":0,"_bbp_reply_count_hidden":0,"_bbp_forum_subforum_count":0,"site-sidebar-layout":"default","site-content-layout":"","ast-site-content-layout":"default","site-content-style":"default","site-sidebar-style":"default","ast-global-header-display":"","ast-banner-title-visibility":"","ast-main-header-display":"","ast-hfb-above-header-display":"","ast-hfb-below-header-display":"","ast-hfb-mobile-header-display":"","site-post-title":"","ast-breadcrumbs-content":"","ast-featured-img":"","footer-sml-layout":"","theme-transparent-header-meta":"","adv-header-id-meta":"","stick-header-meta":"","header-above-stick-meta":"","header-main-stick-meta":"","header-below-stick-meta":"","astra-migrate-meta-layouts":"set","ast-page-background-enabled":"default","ast-page-background-meta":{"desktop":{"background-color":"var(--ast-global-color-4)","background-image":"","background-repeat":"repeat","background-position":"center center","background-size":"auto","background-attachment":"scroll","background-type":"","background-media":"","overlay-type":"","overlay-color":"","overlay-opacity":"","overlay-gradient":""},"tablet":{"background-color":"","background-image":"","background-repeat":"repeat","background-position":"center center","background-size":"auto","background-attachment":"scroll","background-type":"","background-media":"","overlay-type":"","overlay-color":"","overlay-opacity":"","overlay-gradient":""},"mobile":{"background-color":"","background-image":"","background-repeat":"repeat","background-position":"center center","background-size":"auto","background-attachment":"scroll","background-type":"","background-media":"","overlay-type":"","overlay-color":"","overlay-opacity":"","overlay-gradient":""}},"ast-content-background-meta":{"desktop":{"background-color":"var(--ast-global-color-5)","background-image":"","background-repeat":"repeat","background-position":"center center","background-size":"auto","background-attachment":"scroll","background-type":"","background-media":"","overlay-type":"","overlay-color":"","overlay-opacity":"","overlay-gradient":""},"tablet":{"background-color":"var(--ast-global-color-5)","background-image":"","background-repeat":"repeat","background-position":"center center","background-size":"auto","background-attachment":"scroll","background-type":"","background-media":"","overlay-type":"","overlay-color":"","overlay-opacity":"","overlay-gradient":""},"mobile":{"background-color":"var(--ast-global-color-5)","background-image":"","background-repeat":"repeat","background-position":"center center","background-size":"auto","background-attachment":"scroll","background-type":"","background-media":"","overlay-type":"","overlay-color":"","overlay-opacity":"","overlay-gradient":""}},"footnotes":""},"class_list":["post-9190","page","type-page","status-publish","hentry"],"post_mailing_queue_ids":[],"_links":{"self":[{"href":"https:\/\/agora-eoi.xtec.cat\/eoitarragona\/wp-json\/wp\/v2\/pages\/9190","targetHints":{"allow":["GET"]}}],"collection":[{"href":"https:\/\/agora-eoi.xtec.cat\/eoitarragona\/wp-json\/wp\/v2\/pages"}],"about":[{"href":"https:\/\/agora-eoi.xtec.cat\/eoitarragona\/wp-json\/wp\/v2\/types\/page"}],"author":[{"embeddable":true,"href":"https:\/\/agora-eoi.xtec.cat\/eoitarragona\/wp-json\/wp\/v2\/users\/3"}],"replies":[{"embeddable":true,"href":"https:\/\/agora-eoi.xtec.cat\/eoitarragona\/wp-json\/wp\/v2\/comments?post=9190"}],"version-history":[{"count":6,"href":"https:\/\/agora-eoi.xtec.cat\/eoitarragona\/wp-json\/wp\/v2\/pages\/9190\/revisions"}],"predecessor-version":[{"id":17463,"href":"https:\/\/agora-eoi.xtec.cat\/eoitarragona\/wp-json\/wp\/v2\/pages\/9190\/revisions\/17463"}],"up":[{"embeddable":true,"href":"https:\/\/agora-eoi.xtec.cat\/eoitarragona\/wp-json\/wp\/v2\/pages\/9151"}],"wp:attachment":[{"href":"https:\/\/agora-eoi.xtec.cat\/eoitarragona\/wp-json\/wp\/v2\/media?parent=9190"}],"curies":[{"name":"wp","href":"https:\/\/api.w.org\/{rel}","templated":true}]}}