{"id":9188,"date":"2025-06-03T10:00:07","date_gmt":"2025-06-03T08:00:07","guid":{"rendered":"http:\/\/agora-eoi.xtec.cat\/eoitarragona\/?page_id=9188"},"modified":"2025-10-20T15:33:23","modified_gmt":"2025-10-20T13:33:23","slug":"preinscripcio-i-matricula-de-setembre","status":"publish","type":"page","link":"https:\/\/agora-eoi.xtec.cat\/eoitarragona\/secretaria\/matricula\/preinscripcio-i-matricula-de-setembre\/","title":{"rendered":"Preinscripci\u00f3 i matr\u00edcula de setembre curs 2025-2026"},"content":{"rendered":"\n<div style=\"height:32px\" aria-hidden=\"true\" class=\"wp-block-spacer\"><\/div>\n\n\n\n<p><strong>DIA 15\/09, a  partir de les 18 h: <\/strong> <a href=\"https:\/\/www.eoidigital.com\/eoicat\/alumnes\" target=\"_blank\" rel=\"noreferrer noopener\">CONSULTA L&#8217;ESTAT DE LA TEVA PREINSCRIPCI\u00d3<\/a><\/p>\n\n\n\n<p>Si has estat adm\u00e8s, matricula&#8217;t en l\u00ednia a <a href=\"https:\/\/www.eoidigital.com\/eoicat\/alumnes\" target=\"_blank\" rel=\"noreferrer noopener\">la mateixa plataforma. Termini: del 15\/09 a les 18 h al 17\/09 a les  23:59<\/a>.<\/p>\n\n\n\n<figure class=\"wp-block-image alignleft\"><img loading=\"lazy\" decoding=\"async\" width=\"671\" height=\"694\" src=\"https:\/\/agora-eoi.xtec.cat\/eoitarragona\/wp-content\/uploads\/usu2261\/2025\/06\/Dates-clau-preinscripcio-252png.png\" alt=\"\" class=\"wp-image-17260\" srcset=\"https:\/\/agora-eoi.xtec.cat\/eoitarragona\/wp-content\/uploads\/usu2261\/2025\/06\/Dates-clau-preinscripcio-252png.png 671w, https:\/\/agora-eoi.xtec.cat\/eoitarragona\/wp-content\/uploads\/usu2261\/2025\/06\/Dates-clau-preinscripcio-252png-290x300.png 290w, https:\/\/agora-eoi.xtec.cat\/eoitarragona\/wp-content\/uploads\/usu2261\/2025\/06\/Dates-clau-preinscripcio-252png-145x150.png 145w\" sizes=\"auto, (max-width: 671px) 100vw, 671px\" \/><\/figure>\n\n\n\n<p class=\"has-text-align-left\" style=\"font-size:14px\"><span style=\"font-size: 10pt;\"><span style=\"font-size: 12pt;\"><strong>L&#8217;escola no avisa els alumnes de les diferents etapes del proc\u00e9s<\/strong>; \u00e9s responsabilitat dels alumnes entrar a l&#8217;aplicaci\u00f3 de preinscripci\u00f3 per con\u00e8ixer l&#8217;estat de la seva sol\u00b7licitud i les diferents etapes a seguir.<\/span><\/span><\/p>\n\n\n\n<p style=\"font-size:16px\">La modalitat de l\u2019ensenyament i els horaris publicats es poden veure afectats i modificats segons les instruccions del Departament d\u2019Educaci\u00f3 i Formaci\u00f3 Professional.<\/p>\n\n\n\n<p><span style=\"font-size: 14pt;\"><b style=\"font-size: 14pt;\">Enlla\u00e7os <\/b><span style=\"font-size: 18.6667px;\"><b>d&#8217;inter\u00e8s<\/b><\/span><b style=\"font-size: 14pt;\">:<\/b><\/span><\/p>\n\n\n\n<ul class=\"wp-block-list\">\n<li>Informaci\u00f3 Gencat sobre preinscripci\u00f3<a href=\"https:\/\/preinscripcio.gencat.cat\/ca\/estudis\/idiomes-eoi\/inici\/\" target=\"_blank\" rel=\"noopener\"> &nbsp;(1) <\/a><figure><a href=\"https:\/\/preinscripcio.gencat.cat\/ca\/estudis\/idiomes-eoi\/inici\/\" target=\"_blank\" rel=\"noopener\"><img loading=\"lazy\" decoding=\"async\" width=\"23\" height=\"25\" class=\"wp-image-14968 alignnone\" src=\"https:\/\/agora-eoi.xtec.cat\/eoitarragona\/wp-content\/uploads\/usu2261\/2022\/07\/clic.png\" alt=\"\"><\/a><a style=\"font-size: 1rem; font-weight: inherit;\" href=\"https:\/\/preinscripcio.gencat.cat\/ca\/estudis\/idiomes-eoi\/inici\/\" target=\"_blank\" rel=\"noopener\">Taula resum . (2) <\/a><\/figure><\/li>\n\n\n\n<li><figure><a href=\"https:\/\/preinscripcio.gencat.cat\/ca\/estudis\/idiomes-eoi\/informat\/calendari\/\" target=\"_blank\" rel=\"noopener\"><img loading=\"lazy\" decoding=\"async\" width=\"23\" height=\"25\" class=\"wp-image-14968 alignnone\" src=\"https:\/\/agora-eoi.xtec.cat\/eoitarragona\/wp-content\/uploads\/usu2261\/2022\/07\/clic.png\" alt=\"\"><\/a><a style=\"font-size: 1rem; font-weight: inherit;\" href=\"https:\/\/preinscripcio.gencat.cat\/ca\/estudis\/idiomes-eoi\/informat\/calendari\/\" target=\"_blank\" rel=\"noopener\">Calendari i terminis.<\/a><\/figure><\/li>\n\n\n\n<li><figure><a href=\"https:\/\/preinscripcio.gencat.cat\/ca\/estudis\/idiomes-eoi\/inici\/\" target=\"_blank\" rel=\"noopener\"><img loading=\"lazy\" decoding=\"async\" width=\"23\" height=\"25\" class=\"wp-image-14968 alignnone\" src=\"https:\/\/agora-eoi.xtec.cat\/eoitarragona\/wp-content\/uploads\/usu2261\/2022\/07\/clic.png\" alt=\"\"><\/a><a style=\"background-color: rgba(0, 0, 0, 0); font-size: 1rem; font-weight: inherit;\" href=\"https:\/\/www.eoidigital.com\/eoicat\/alumnes\" target=\"_blank\" rel=\"noreferrer noopener\">Plataforma preinscripci\u00f3 i matr\u00edcula<\/a><\/figure><\/li>\n\n\n\n<li><figure><a href=\"https:\/\/preinscripcio.gencat.cat\/ca\/estudis\/idiomes-eoi\/inici\/\" target=\"_blank\" rel=\"noopener\"><img loading=\"lazy\" decoding=\"async\" width=\"23\" height=\"25\" class=\"wp-image-14968 alignnone\" src=\"https:\/\/agora-eoi.xtec.cat\/eoitarragona\/wp-content\/uploads\/usu2261\/2022\/07\/clic.png\" alt=\"\"><\/a><a style=\"font-size: 1rem; font-weight: inherit;\" href=\"https:\/\/agora-eoi.xtec.cat\/eoitarragona\/portada\/horaris\/\" target=\"_blank\" rel=\"noopener\">Horaris del curs.<\/a><\/figure><\/li>\n\n\n\n<li><figure><a href=\"https:\/\/preinscripcio.gencat.cat\/ca\/estudis\/idiomes-eoi\/inici\/\" target=\"_blank\" rel=\"noopener\"><img loading=\"lazy\" decoding=\"async\" width=\"23\" height=\"25\" class=\"wp-image-14968 alignnone\" src=\"https:\/\/agora-eoi.xtec.cat\/eoitarragona\/wp-content\/uploads\/usu2261\/2022\/07\/clic.png\" alt=\"\"><\/a><a style=\"font-size: 1rem; font-weight: inherit;\" href=\"https:\/\/agora-eoi.xtec.cat\/eoitarragona\/secretaria\/taxes\/\" target=\"_blank\" rel=\"noopener\">Taxes i preus p\u00fablics<\/a><\/figure><\/li>\n<\/ul>\n\n\n\n<p style=\"font-size:16px\"><span style=\"font-size: 14pt;\"><strong>1.- Preinscripci\u00f3 i matr\u00edcula C2 de catal\u00e0 per reserva de professorat.<\/strong><a href=\"http:\/\/xtec.gencat.cat\/ca\/formacio\/formaciogeneralprofessorat\/llengues\/consolidacio_llengua_catalana\/\" target=\"_blank\" rel=\"noopener\"> <img loading=\"lazy\" decoding=\"async\" width=\"23\" height=\"25\" class=\"wp-image-14968 alignnone\" src=\"https:\/\/agora-eoi.xtec.cat\/eoitarragona\/wp-content\/uploads\/usu2261\/2022\/07\/clic.png\" alt=\"\">Informaci\u00f3 Gencat.<\/a><\/span><\/p>\n\n\n\n<p style=\"font-size:14px\"><strong><span style=\"font-size: 14pt;\">2.- Tests de nivell presencials de setembre d&#8217;\u00e0rab, catal\u00e0, espanyol, itali\u00e0 i rus. <img loading=\"lazy\" decoding=\"async\" width=\"23\" height=\"25\" class=\"wp-image-14968 alignnone\" src=\"https:\/\/agora-eoi.xtec.cat\/eoitarragona\/wp-content\/uploads\/usu2261\/2022\/07\/clic.png\" alt=\"\"><a href=\"https:\/\/agora-eoi.xtec.cat\/eoitarragona\/portada\/tests-de-nivell\/\" target=\"_blank\" rel=\"noopener\">Clica aqu\u00ed.<\/a><\/span><\/strong><\/p>\n\n\n\n<p style=\"font-size:14px\"><span style=\"font-size: 14pt;\"><strong>3.- Tests de nivell extraordinaris en l\u00ednia d&#8217;alemany, angl\u00e8s i franc\u00e8s: del 16 de setembre al 17 d&#8217;octubre.<\/strong> <strong><span style=\"font-size: 14pt;\"><img loading=\"lazy\" decoding=\"async\" width=\"23\" height=\"25\" class=\"wp-image-14968 alignnone\" src=\"https:\/\/agora-eoi.xtec.cat\/eoitarragona\/wp-content\/uploads\/usu2261\/2022\/07\/clic.png\" alt=\"\"><\/span><\/strong>&nbsp;<a href=\"https:\/\/forms.gle\/W97KLCokA6i7HTpC6\" data-type=\"link\" data-id=\"https:\/\/forms.gle\/W97KLCokA6i7HTpC6\" target=\"_blank\" rel=\"noreferrer noopener\">Clica aqu\u00ed<\/a><\/span><\/p>\n\n\n\n<figure class=\"wp-block-image alignleft is-resized\"><img loading=\"lazy\" decoding=\"async\" width=\"161\" height=\"92\" src=\"https:\/\/agora-eoi.xtec.cat\/eoitarragona\/wp-content\/uploads\/usu2261\/2025\/06\/imp.png\" alt=\"\" class=\"wp-image-17335\" style=\"width:65px;height:auto\" srcset=\"https:\/\/agora-eoi.xtec.cat\/eoitarragona\/wp-content\/uploads\/usu2261\/2025\/06\/imp.png 161w, https:\/\/agora-eoi.xtec.cat\/eoitarragona\/wp-content\/uploads\/usu2261\/2025\/06\/imp-150x86.png 150w\" sizes=\"auto, (max-width: 161px) 100vw, 161px\" \/><\/figure>\n\n\n\n<p style=\"font-size:16px\"><strong><a href=\"https:\/\/agora-eoi.xtec.cat\/eoitarragona\/general\/places-vacants-i-tests-de-nivell-extraordinaris\/\">PLACES VACANTS<\/a><\/strong>\u00a0<\/p>\n\n\n\n<p><strong><span style=\"font-size: 10pt;\"><span style=\"font-size: 12pt;\"><\/span><\/span><\/strong><\/p>\n\n\n\n<div style=\"height:100px\" aria-hidden=\"true\" class=\"wp-block-spacer\"><\/div>\n\n\n\n<p><\/p>\n","protected":false},"excerpt":{"rendered":"<p>DIA 15\/09, a partir de les 18 h: CONSULTA L&#8217;ESTAT DE LA TEVA PREINSCRIPCI\u00d3 Si has estat adm\u00e8s, matricula&#8217;t en l\u00ednia a la mateixa plataforma. Termini: del 15\/09 a les 18 h al 17\/09 a les 23:59. L&#8217;escola no avisa els alumnes de les diferents etapes del proc\u00e9s; \u00e9s responsabilitat dels alumnes entrar a l&#8217;aplicaci\u00f3 [&hellip;]<\/p>\n","protected":false},"author":3,"featured_media":0,"parent":9151,"menu_order":20,"comment_status":"closed","ping_status":"closed","template":"","meta":{"_bbp_topic_count":0,"_bbp_reply_count":0,"_bbp_total_topic_count":0,"_bbp_total_reply_count":0,"_bbp_voice_count":0,"_bbp_anonymous_reply_count":0,"_bbp_topic_count_hidden":0,"_bbp_reply_count_hidden":0,"_bbp_forum_subforum_count":0,"site-sidebar-layout":"default","site-content-layout":"","ast-site-content-layout":"default","site-content-style":"default","site-sidebar-style":"default","ast-global-header-display":"","ast-banner-title-visibility":"","ast-main-header-display":"","ast-hfb-above-header-display":"","ast-hfb-below-header-display":"","ast-hfb-mobile-header-display":"","site-post-title":"","ast-breadcrumbs-content":"","ast-featured-img":"","footer-sml-layout":"","theme-transparent-header-meta":"","adv-header-id-meta":"","stick-header-meta":"","header-above-stick-meta":"","header-main-stick-meta":"","header-below-stick-meta":"","astra-migrate-meta-layouts":"set","ast-page-background-enabled":"default","ast-page-background-meta":{"desktop":{"background-color":"var(--ast-global-color-4)","background-image":"","background-repeat":"repeat","background-position":"center center","background-size":"auto","background-attachment":"scroll","background-type":"","background-media":"","overlay-type":"","overlay-color":"","overlay-opacity":"","overlay-gradient":""},"tablet":{"background-color":"","background-image":"","background-repeat":"repeat","background-position":"center center","background-size":"auto","background-attachment":"scroll","background-type":"","background-media":"","overlay-type":"","overlay-color":"","overlay-opacity":"","overlay-gradient":""},"mobile":{"background-color":"","background-image":"","background-repeat":"repeat","background-position":"center center","background-size":"auto","background-attachment":"scroll","background-type":"","background-media":"","overlay-type":"","overlay-color":"","overlay-opacity":"","overlay-gradient":""}},"ast-content-background-meta":{"desktop":{"background-color":"var(--ast-global-color-5)","background-image":"","background-repeat":"repeat","background-position":"center center","background-size":"auto","background-attachment":"scroll","background-type":"","background-media":"","overlay-type":"","overlay-color":"","overlay-opacity":"","overlay-gradient":""},"tablet":{"background-color":"var(--ast-global-color-5)","background-image":"","background-repeat":"repeat","background-position":"center center","background-size":"auto","background-attachment":"scroll","background-type":"","background-media":"","overlay-type":"","overlay-color":"","overlay-opacity":"","overlay-gradient":""},"mobile":{"background-color":"var(--ast-global-color-5)","background-image":"","background-repeat":"repeat","background-position":"center center","background-size":"auto","background-attachment":"scroll","background-type":"","background-media":"","overlay-type":"","overlay-color":"","overlay-opacity":"","overlay-gradient":""}},"footnotes":""},"class_list":["post-9188","page","type-page","status-publish","hentry"],"post_mailing_queue_ids":[],"_links":{"self":[{"href":"https:\/\/agora-eoi.xtec.cat\/eoitarragona\/wp-json\/wp\/v2\/pages\/9188","targetHints":{"allow":["GET"]}}],"collection":[{"href":"https:\/\/agora-eoi.xtec.cat\/eoitarragona\/wp-json\/wp\/v2\/pages"}],"about":[{"href":"https:\/\/agora-eoi.xtec.cat\/eoitarragona\/wp-json\/wp\/v2\/types\/page"}],"author":[{"embeddable":true,"href":"https:\/\/agora-eoi.xtec.cat\/eoitarragona\/wp-json\/wp\/v2\/users\/3"}],"replies":[{"embeddable":true,"href":"https:\/\/agora-eoi.xtec.cat\/eoitarragona\/wp-json\/wp\/v2\/comments?post=9188"}],"version-history":[{"count":6,"href":"https:\/\/agora-eoi.xtec.cat\/eoitarragona\/wp-json\/wp\/v2\/pages\/9188\/revisions"}],"predecessor-version":[{"id":17907,"href":"https:\/\/agora-eoi.xtec.cat\/eoitarragona\/wp-json\/wp\/v2\/pages\/9188\/revisions\/17907"}],"up":[{"embeddable":true,"href":"https:\/\/agora-eoi.xtec.cat\/eoitarragona\/wp-json\/wp\/v2\/pages\/9151"}],"wp:attachment":[{"href":"https:\/\/agora-eoi.xtec.cat\/eoitarragona\/wp-json\/wp\/v2\/media?parent=9188"}],"curies":[{"name":"wp","href":"https:\/\/api.w.org\/{rel}","templated":true}]}}