{"id":9184,"date":"2025-06-30T20:00:21","date_gmt":"2025-06-30T18:00:21","guid":{"rendered":"http:\/\/agora-eoi.xtec.cat\/eoitarragona\/?page_id=9184"},"modified":"2025-07-14T12:45:02","modified_gmt":"2025-07-14T10:45:02","slug":"calendari-de-matricula-juliol","status":"publish","type":"page","link":"https:\/\/agora-eoi.xtec.cat\/eoitarragona\/secretaria\/matricula\/calendari-de-matricula-juliol\/","title":{"rendered":"Calendari de matr\u00edcula de juliol"},"content":{"rendered":"\n<p>Aquesta matr\u00edcula correspon \u00fanicament als <strong>alumnes oficials del curs 2024-2025<\/strong>.<\/p>\n\n\n\n<p>Els alumnes que hagin estat oficials en cursos anteriors o que vulguin incorporar-se per primera vegada a l&#8217;escola o a un nou idioma, han de consultar <span style=\"font-size: 14pt;\"><strong><a href=\"https:\/\/agora-eoi.xtec.cat\/eoitarragona\/secretaria\/matricula\/preinscripcio-i-matricula-de-setembre\/\" target=\"_blank\" rel=\"noopener\"><span style=\"font-size: 12pt;\">aquesta p\u00e0gina<\/span><\/a>.<\/strong><\/span><\/p>\n\n\n\n<p><strong>La modalitat de l\u2019ensenyament i els horaris publicats es poden veure afectats i modificats segons les instruccions del Departament d\u2019Educaci\u00f3.<\/strong><\/p>\n\n\n\n<p><strong><span style=\"font-size: 12pt;\">La matr\u00edcula es realitzar\u00e0 telem\u00e0ticament entre l&#8217; 1 i el 7 de juliol. Aquells alumnes oficials del curs 2024-2025 que no es matriculin dins els terminis previstos, perdran l\u2019oficialitat i hauran de tornar a fer una preinscripci\u00f3 al setembre per tornar a ser alumnes oficials.<\/span><\/strong><\/p>\n\n\n\n<p>\u26a0\ufe0f L&#8217;acc\u00e9s al C2.1 (d&#8217;angl\u00e8s) dels alumnes oficials del curs 2024-2025 es realitzar\u00e0 al setembre, mitjan\u00e7ant preinscripci\u00f3.<\/p>\n\n\n\n<p>&nbsp;<\/p>\n\n\n\n<figure class=\"wp-block-image alignleft\"><img loading=\"lazy\" decoding=\"async\" width=\"161\" height=\"92\" src=\"https:\/\/agora-eoi.xtec.cat\/eoitarragona\/wp-content\/uploads\/usu2261\/2025\/06\/imp.png\" alt=\"\" class=\"wp-image-17335\" srcset=\"https:\/\/agora-eoi.xtec.cat\/eoitarragona\/wp-content\/uploads\/usu2261\/2025\/06\/imp.png 161w, https:\/\/agora-eoi.xtec.cat\/eoitarragona\/wp-content\/uploads\/usu2261\/2025\/06\/imp-150x86.png 150w\" sizes=\"auto, (max-width: 161px) 100vw, 161px\" \/><\/figure>\n\n\n\n<p><span style=\"font-size: 12pt;\">Llegiu b\u00e9 l&#8217;apartat de <span style=\"text-decoration: underline;\"><a href=\"https:\/\/agora-eoi.xtec.cat\/eoitarragona\/secretaria\/taxes\/\" target=\"_blank\" rel=\"noopener\">Taxes i Preus p\u00fablics. <\/a><\/span><\/span><span style=\"font-size: 12pt;\">Recorda:&nbsp; <a href=\"http:\/\/educacio.gencat.cat\/ca\/departament\/normativa\/taxes-preus-publics\/preu-public\/\" target=\"_blank\" rel=\"noopener\">preu p\u00fablic obligatori de 30\u20ac,&nbsp; <\/a>corresponent als serveis d\u2019acc\u00e9s a la plataforma i materials did\u00e0ctics dels ensenyaments d\u2019idiomes.<\/span><\/p>\n\n\n\n<p><span style=\"font-size: 12pt;\">La matr\u00edcula NOM\u00c9S ser\u00e0 v\u00e0lida un cop efectuat el pagament dels <strong><a href=\"https:\/\/drive.google.com\/file\/d\/1fvFrrZfAMO_BsNPRgTX9tdDDEOCC5SBq\/view?usp=sharing\" target=\"_blank\" rel=\"noopener noreferrer\">DOS codis de barres<\/a><\/strong>, amb el total absolut que apareix en el full de pagament, abans dels codis de barres (ORDRE EDU\/114\/2021, de 25 de maig). No cal enviar els resguards de pagament a l&#8217;escola, l&#8217;aplicaci\u00f3 ja ens avisa.<\/span><\/p>\n\n\n\n<p><span style=\"font-size: 12pt;\">Podeu consultar un petit resum de les <strong><a href=\"https:\/\/view.genial.ly\/60dae3de00ac720dd8241076\" target=\"_blank\" rel=\"noopener\"><span style=\"text-decoration: underline;\">Bonificacions aplicades als Preus p\u00fablics<\/span><\/a><\/strong><\/span><\/p>\n\n\n\n<h5 class=\"wp-block-heading\">&nbsp;<\/h5>\n\n\n\n<h5 class=\"wp-block-heading\"><span style=\"font-size: 12pt; font-family: helvetica, arial, sans-serif;\"><strong>CALENDARI ALUMNES OFICIALS DEL CURS 2024-2025:<\/strong><\/span><\/h5>\n\n\n\n<p>Per tal d\u2019agilitzar el proc\u00e9s de matr\u00edcula d\u2019antics alumnes a l\u2019Escola Oficial d\u2019Idiomes Tarragona, l\u2019alumne haur\u00e0 de fer la matr\u00edcula pr\u00f2pia <strong>via telem\u00e0tica <\/strong>els dies que s\u2019indiquen en el calendari seg\u00fcent i d\u2019acord amb les pautes que s\u2019hi descriuen:<\/p>\n\n\n\n<figure class=\"wp-block-table\"><table class=\"has-fixed-layout\"><tbody><tr><td colspan=\"2\"><strong>ALUMNES<\/strong><\/td><\/tr><tr><td>Dies\n<p>1 i 2 de juliol<\/p>\n<\/td><td>Alumnat d\u2019A1 a B2.2 i de C2.1 del curs 2024-2025 que ha obtingut la qualificaci\u00f3 d\u2019APTE\/A i que es vol matricular a un grup de la mateixa franja hor\u00e0ria *\n<p>(Alumnat de Catal\u00e0, d\u2019A1 a C1)<\/p>\n<\/td><\/tr><tr><td>Dies\n<p>3 i 4 de juliol<\/p>\n<\/td><td>Alumnat d\u2019A1 a B2.2 i de C2.1 del curs 2024-2025&nbsp; que ha obtingut la qualificaci\u00f3 d\u2019APTE\/A i que es vol matricular a un grup d\u2019una franja hor\u00e0ria diferent*\n<p>(Alumnat de Catal\u00e0, d\u2019A1 a C1)<\/p>\n<\/td><\/tr><tr><td>Dies\n<p>5,6, 7 de juliol<\/p>\n<\/td><td>Alumnat d\u2019A1 a C2.2 del curs 2024-2025 que ha obtingut la qualificaci\u00f3 de NO APTE\/A, NO PRESENTAT\/DA o que va fer la REN\u00daNCIA de matricula.\n<p>(Alumnat de Catal\u00e0, d\u2019A1 a C2)<\/p>\n<\/td><\/tr><\/tbody><\/table><\/figure>\n\n\n\n<p>*Consulteu aqu\u00ed els horaris.<\/p>\n\n\n\n<p>L&#8217;aplicatiu obrir\u00e0 cada nou termini a les<strong> 9.00h sense tancar l\u2019anterior franja<\/strong>.<\/p>\n\n\n\n<figure class=\"wp-block-table\"><table class=\"has-fixed-layout\"><tbody><tr><td>&nbsp;\n<p style=\"text-align: center;\"><span style=\"font-family: arial,helvetica,sans-serif;\"><strong><span style=\"color: #b22222;\">&nbsp;<\/span><\/strong><\/span><span style=\"color: #008080;\"><span style=\"font-size: 14pt;\">MATRICULA EN L\u00cdNIA<\/span> &nbsp;<a href=\"https:\/\/www.informaticacentros.com\/centrosnet\/ultralogin.php?tcentro=EOI&amp;centro=T01\" target=\"_blank\" rel=\"noopener\"><img loading=\"lazy\" decoding=\"async\" class=\"wp-image-13824 alignnone\" src=\"https:\/\/agora-eoi.xtec.cat\/eoitarragona\/wp-content\/uploads\/usu2261\/2020\/09\/clic.jpg\" alt=\"\" width=\"60\" height=\"35\" srcset=\"https:\/\/agora-eoi.xtec.cat\/eoitarragona\/wp-content\/uploads\/usu2261\/2020\/09\/clic.jpg 295w, https:\/\/agora-eoi.xtec.cat\/eoitarragona\/wp-content\/uploads\/usu2261\/2020\/09\/clic-150x87.jpg 150w\" sizes=\"auto, (max-width: 60px) 100vw, 60px\" \/><\/a>&nbsp;<\/span><a href=\"https:\/\/www.informaticacentros.com\/centrosnet\/ultralogin.php?tcentro=EOI&amp;centro=T01\" target=\"_blank\" rel=\"noopener\"><span style=\"font-family: arial,helvetica,sans-serif;\"><strong><span style=\"color: #008080;\"><span style=\"font-size: 14pt;\">Aplicatiu Centrosnet<\/span><\/span><\/strong><\/span><\/a><\/p>\n<ul>\n<li><span style=\"font-size: 12pt;\"><strong>usuari:&nbsp; &nbsp; &nbsp; &nbsp; &nbsp; &nbsp; &nbsp; &nbsp; &nbsp; &nbsp;data naixement dd\/mm\/aaaa<\/strong><\/span><\/li>\n<li><span style=\"font-size: 12pt;\"><strong>contrasenya:&nbsp;&nbsp;&nbsp;&nbsp;&nbsp;&nbsp;&nbsp;&nbsp; DNI sense lletra final, NIE sense lletra final, PASSAPORT<\/strong><\/span><\/li>\n<li><span style=\"font-size: 12pt;\"><strong>contrasenya personal de l&#8217;alumne\/a<\/strong><\/span><\/li>\n<\/ul>\n<\/td><\/tr><\/tbody><\/table><\/figure>\n\n\n\n<p>Aquest aplicatiu obrir\u00e0 cada nou termini a les 9.00h sense tancar l\u2019anterior franja.<\/p>\n\n\n\n<p>Els alumnes hauran de pagar l\u2019import de la taxa o preu p\u00fablic. En el moment de formalitzar-la, l\u2019aplicaci\u00f3 generar\u00e0 el \u201cResguard de matr\u00edcula oficial \u2013 Curs 2025-2026\u201d, que hauran de guardar per fer efectiu l\u2019import a l\u2019entitat banc\u00e0ria. Tamb\u00e9 es pot fer el pagament en l\u00ednia a trav\u00e9s de l\u2019enlla\u00e7 a l\u2019entitat banc\u00e0ria. Tant si es fa el pagament presencial a l\u2019entitat o el pagament telem\u00e0tic, cal tenir en compte que el termini \u00e9s de <strong>24.00 h<\/strong> a partir de la formalitzaci\u00f3 de la matr\u00edcula.<\/p>\n\n\n\n<p>L\u2019alumne que no es matriculi dins d\u2019aquest per\u00edode de matr\u00edcula del mes de juliol perdr\u00e0 la seva prioritat de dia i d\u2019horari respecte als que ja ho hagin fet. Qualsevol incid\u00e8ncia relacionada amb la matr\u00edcula, l\u2019alumne l\u2019haur\u00e0 de resoldre els dies <strong>8 i 9 de juliol<\/strong> presencialment a l\u2019escola.<\/p>\n\n\n\n<p>Els alumnes que es matriculin al mes de juliol <strong>no<\/strong> podran preinscriure\u2019s el mes de setembre de la mateixa llengua i curs en una altra escola amb la intenci\u00f3 de traslladar-hi la matr\u00edcula feta. El trasllat de matr\u00edcula d\u2019una escola a una altra es fa, de manera ordin\u00e0ria, durant el curs i en el cas que l\u2019escola a la qual es vulgui traslladar la matr\u00edcula disposi de places.<\/p>\n\n\n\n<p>De manera extraordin\u00e0ria i dins el per\u00edode no lectiu, els alumnes oficials, un cop hagin formalitzat la matr\u00edcula al seu centre d\u2019origen, poden sol\u00b7licitar un trasllat de matr\u00edcula a una altra escola els dies <strong>10 i 11<\/strong> <strong>de juliol.<\/strong> La sol\u00b7licitud es far\u00e0 presencialment a l\u2019escola de destinaci\u00f3, i quedar\u00e0 condicionada a la disponibilitat de places. L\u2019escola de destinaci\u00f3 es posar\u00e0 en contacte amb els alumnes, a trav\u00e9s dels mitjans que estableixi, per notificar&nbsp; l\u2019acceptaci\u00f3 o la denegaci\u00f3 del trasllat. En cas d\u2019acceptaci\u00f3, el proc\u00e9s de trasllat ha d\u2019haver acabat com a molt tard el <strong>17 de juliol<\/strong>.&nbsp; La documentaci\u00f3 que caldr\u00e0 aportar en el moment de sol\u00b7licitar el trasllat ser\u00e0 el full de pagament de la matr\u00edcula. En cas que s\u2019accepti, caldr\u00e0 tramitar el trasllat d\u2019expedient a l\u2019escola d\u2019origen.<\/p>\n\n\n\n<p><span style=\"border-radius: 2px; text-indent: 20px; width: auto; padding: 0px 4px 0px 0px; text-align: center; font: bold 11px\/20px 'Helvetica Neue',Helvetica,sans-serif; color: #ffffff; background: #bd081c none no-repeat scroll 3px 50% \/ 14px 14px; position: absolute; opacity: 1; z-index: 8675309; display: none; cursor: pointer;\">Save<\/span><\/p>\n\n\n\n<p><span style=\"border-radius: 2px; text-indent: 20px; width: auto; padding: 0px 4px 0px 0px; text-align: center; font: bold 11px\/20px 'Helvetica Neue',Helvetica,sans-serif; color: #ffffff; background: #bd081c none no-repeat scroll 3px 50% \/ 14px 14px; position: absolute; opacity: 1; z-index: 8675309; display: none; cursor: pointer;\">Save<\/span><\/p>\n\n\n\n<p><span style=\"border-radius: 2px; text-indent: 20px; width: auto; padding: 0px 4px 0px 0px; text-align: center; font: bold 11px\/20px 'Helvetica Neue',Helvetica,sans-serif; color: #ffffff; background: #bd081c none no-repeat scroll 3px 50% \/ 14px 14px; position: absolute; opacity: 1; z-index: 8675309; display: none; cursor: pointer;\">Save<\/span><\/p>\n\n\n\n<p><span style=\"border-radius: 2px; text-indent: 20px; width: auto; padding: 0px 4px 0px 0px; text-align: center; font: bold 11px\/20px 'Helvetica Neue',Helvetica,sans-serif; color: #ffffff; background: #bd081c none no-repeat scroll 3px 50% \/ 14px 14px; position: absolute; opacity: 1; z-index: 8675309; display: none; cursor: pointer;\">Save<\/span><\/p>\n\n\n\n<p><span style=\"border-radius: 2px; text-indent: 20px; width: auto; padding: 0px 4px 0px 0px; text-align: center; font: bold 11px\/20px 'Helvetica Neue',Helvetica,sans-serif; color: #ffffff; background: #bd081c none no-repeat scroll 3px 50% \/ 14px 14px; position: absolute; opacity: 1; z-index: 8675309; display: none; cursor: pointer;\">Save<\/span><\/p>\n\n\n\n<p><span style=\"border-radius: 2px; text-indent: 20px; width: auto; padding: 0px 4px 0px 0px; text-align: center; font: bold 11px\/20px 'Helvetica Neue',Helvetica,sans-serif; color: #ffffff; background: #bd081c none no-repeat scroll 3px 50% \/ 14px 14px; position: absolute; opacity: 1; z-index: 8675309; display: none; cursor: pointer;\">Save<\/span><\/p>\n\n\n\n<p><span style=\"border-radius: 2px; text-indent: 20px; width: auto; padding: 0px 4px 0px 0px; text-align: center; font: bold 11px\/20px 'Helvetica Neue',Helvetica,sans-serif; color: #ffffff; background: #bd081c none no-repeat scroll 3px 50% \/ 14px 14px; position: absolute; opacity: 1; z-index: 8675309; display: none; cursor: pointer;\">Save<\/span><\/p>\n\n\n\n<p><span style=\"border-radius: 2px; text-indent: 20px; width: auto; padding: 0px 4px 0px 0px; text-align: center; font: bold 11px\/20px 'Helvetica Neue',Helvetica,sans-serif; color: #ffffff; background: #bd081c none no-repeat scroll 3px 50% \/ 14px 14px; position: absolute; opacity: 1; z-index: 8675309; display: none; cursor: pointer;\">Save<\/span><\/p>\n\n\n\n<p><span style=\"border-radius: 2px; text-indent: 20px; width: auto; padding: 0px 4px 0px 0px; text-align: center; font: bold 11px\/20px 'Helvetica Neue',Helvetica,sans-serif; color: #ffffff; background: #bd081c none no-repeat scroll 3px 50% \/ 14px 14px; position: absolute; opacity: 1; z-index: 8675309; display: none; cursor: pointer;\">Save<\/span><\/p>\n\n\n\n<p><span style=\"border-radius: 2px; text-indent: 20px; width: auto; padding: 0px 4px 0px 0px; text-align: center; font: bold 11px\/20px 'Helvetica Neue',Helvetica,sans-serif; color: #ffffff; background: #bd081c none no-repeat scroll 3px 50% \/ 14px 14px; position: absolute; opacity: 1; z-index: 8675309; display: none; cursor: pointer;\">Save<\/span><\/p>\n\n\n\n<p><span style=\"border-radius: 2px; text-indent: 20px; width: auto; padding: 0px 4px 0px 0px; text-align: center; font: bold 11px\/20px 'Helvetica Neue',Helvetica,sans-serif; color: #ffffff; background: #bd081c none no-repeat scroll 3px 50% \/ 14px 14px; position: absolute; opacity: 1; z-index: 8675309; display: none; cursor: pointer;\">Save<\/span><\/p>\n\n\n\n<p><span style=\"border-radius: 2px; text-indent: 20px; width: auto; padding: 0px 4px 0px 0px; text-align: center; font: bold 11px\/20px 'Helvetica Neue',Helvetica,sans-serif; color: #ffffff; background: #bd081c none no-repeat scroll 3px 50% \/ 14px 14px; position: absolute; opacity: 1; z-index: 8675309; display: none; cursor: pointer;\">Save<\/span><\/p>\n\n\n\n<p><span style=\"border-radius: 2px; text-indent: 20px; width: auto; padding: 0px 4px 0px 0px; text-align: center; font: bold 11px\/20px 'Helvetica Neue',Helvetica,sans-serif; color: #ffffff; background: #bd081c none no-repeat scroll 3px 50% \/ 14px 14px; position: absolute; opacity: 1; z-index: 8675309; display: none; cursor: pointer;\">Save<\/span><\/p>\n\n\n\n<p><span style=\"border-radius: 2px; text-indent: 20px; width: auto; padding: 0px 4px 0px 0px; text-align: center; font: bold 11px\/20px 'Helvetica Neue',Helvetica,sans-serif; color: #ffffff; background: #bd081c no-repeat scroll 3px 50% \/ 14px 14px; position: absolute; opacity: 1; z-index: 8675309; display: none; cursor: pointer;\">Save<\/span><\/p>\n\n\n\n<p><span style=\"border-radius: 2px; text-indent: 20px; width: auto; padding: 0px 4px 0px 0px; text-align: center; font: bold 11px\/20px 'Helvetica Neue',Helvetica,sans-serif; color: #ffffff; background: #bd081c no-repeat scroll 3px 50% \/ 14px 14px; position: absolute; opacity: 1; z-index: 8675309; display: none; cursor: pointer;\">Save<\/span><\/p>\n\n\n\n<p><span style=\"border-radius: 2px; text-indent: 20px; width: auto; padding: 0px 4px 0px 0px; text-align: center; font: bold 11px\/20px 'Helvetica Neue',Helvetica,sans-serif; color: #ffffff; background: #bd081c no-repeat scroll 3px 50% \/ 14px 14px; position: absolute; opacity: 1; z-index: 8675309; display: none; cursor: pointer;\">Save<\/span><\/p>\n\n\n\n<p><span style=\"border-radius: 2px; text-indent: 20px; width: auto; padding: 0px 4px 0px 0px; text-align: center; font: bold 11px\/20px 'Helvetica Neue',Helvetica,sans-serif; color: #ffffff; background: #bd081c no-repeat scroll 3px 50% \/ 14px 14px; position: absolute; opacity: 1; z-index: 8675309; display: none; cursor: pointer;\">Save<\/span><\/p>\n\n\n\n<p><span style=\"border-radius: 2px; text-indent: 20px; width: auto; padding: 0px 4px 0px 0px; text-align: center; font: bold 11px\/20px 'Helvetica Neue',Helvetica,sans-serif; color: #ffffff; background: #bd081c no-repeat scroll 3px 50% \/ 14px 14px; position: absolute; opacity: 1; z-index: 8675309; display: none; cursor: pointer;\">Save<\/span><\/p>\n\n\n\n<p><span style=\"border-radius: 2px; text-indent: 20px; width: auto; padding: 0px 4px 0px 0px; text-align: center; font: bold 11px\/20px 'Helvetica Neue',Helvetica,sans-serif; color: #ffffff; background: #bd081c no-repeat scroll 3px 50% \/ 14px 14px; position: absolute; opacity: 1; z-index: 8675309; display: none; cursor: pointer;\">Save<\/span><\/p>\n\n\n\n<p><span style=\"border-radius: 2px; text-indent: 20px; width: auto; padding: 0px 4px 0px 0px; text-align: center; font: bold 11px\/20px 'Helvetica Neue',Helvetica,sans-serif; color: #ffffff; background: #bd081c no-repeat scroll 3px 50% \/ 14px 14px; position: absolute; opacity: 1; z-index: 8675309; display: none; cursor: pointer;\">Save<\/span><\/p>\n\n\n\n<p><span style=\"border-radius: 2px; text-indent: 20px; width: auto; padding: 0px 4px 0px 0px; text-align: center; font: bold 11px\/20px 'Helvetica Neue',Helvetica,sans-serif; color: #ffffff; background: #bd081c no-repeat scroll 3px 50% \/ 14px 14px; position: absolute; opacity: 1; z-index: 8675309; display: none; cursor: pointer;\">Save<\/span><\/p>\n\n\n\n<p><span style=\"border-radius: 2px; text-indent: 20px; width: auto; padding: 0px 4px 0px 0px; text-align: center; font: bold 11px\/20px 'Helvetica Neue',Helvetica,sans-serif; color: #ffffff; background: #bd081c no-repeat scroll 3px 50% \/ 14px 14px; position: absolute; opacity: 1; z-index: 8675309; display: none; cursor: pointer;\">Save<\/span><\/p>\n\n\n\n<p><\/p>\n","protected":false},"excerpt":{"rendered":"<p>Aquesta matr\u00edcula correspon \u00fanicament als alumnes oficials del curs 2024-2025. Els alumnes que hagin estat oficials en cursos anteriors o que vulguin incorporar-se per primera vegada a l&#8217;escola o a un nou idioma, han de consultar aquesta p\u00e0gina. La modalitat de l\u2019ensenyament i els horaris publicats es poden veure afectats i modificats segons les instruccions [&hellip;]<\/p>\n","protected":false},"author":3,"featured_media":0,"parent":9151,"menu_order":10,"comment_status":"closed","ping_status":"closed","template":"","meta":{"_bbp_topic_count":0,"_bbp_reply_count":0,"_bbp_total_topic_count":0,"_bbp_total_reply_count":0,"_bbp_voice_count":0,"_bbp_anonymous_reply_count":0,"_bbp_topic_count_hidden":0,"_bbp_reply_count_hidden":0,"_bbp_forum_subforum_count":0,"site-sidebar-layout":"default","site-content-layout":"","ast-site-content-layout":"default","site-content-style":"default","site-sidebar-style":"default","ast-global-header-display":"","ast-banner-title-visibility":"","ast-main-header-display":"","ast-hfb-above-header-display":"","ast-hfb-below-header-display":"","ast-hfb-mobile-header-display":"","site-post-title":"","ast-breadcrumbs-content":"","ast-featured-img":"","footer-sml-layout":"","theme-transparent-header-meta":"","adv-header-id-meta":"","stick-header-meta":"","header-above-stick-meta":"","header-main-stick-meta":"","header-below-stick-meta":"","astra-migrate-meta-layouts":"set","ast-page-background-enabled":"default","ast-page-background-meta":{"desktop":{"background-color":"var(--ast-global-color-4)","background-image":"","background-repeat":"repeat","background-position":"center center","background-size":"auto","background-attachment":"scroll","background-type":"","background-media":"","overlay-type":"","overlay-color":"","overlay-opacity":"","overlay-gradient":""},"tablet":{"background-color":"","background-image":"","background-repeat":"repeat","background-position":"center center","background-size":"auto","background-attachment":"scroll","background-type":"","background-media":"","overlay-type":"","overlay-color":"","overlay-opacity":"","overlay-gradient":""},"mobile":{"background-color":"","background-image":"","background-repeat":"repeat","background-position":"center center","background-size":"auto","background-attachment":"scroll","background-type":"","background-media":"","overlay-type":"","overlay-color":"","overlay-opacity":"","overlay-gradient":""}},"ast-content-background-meta":{"desktop":{"background-color":"var(--ast-global-color-5)","background-image":"","background-repeat":"repeat","background-position":"center center","background-size":"auto","background-attachment":"scroll","background-type":"","background-media":"","overlay-type":"","overlay-color":"","overlay-opacity":"","overlay-gradient":""},"tablet":{"background-color":"var(--ast-global-color-5)","background-image":"","background-repeat":"repeat","background-position":"center center","background-size":"auto","background-attachment":"scroll","background-type":"","background-media":"","overlay-type":"","overlay-color":"","overlay-opacity":"","overlay-gradient":""},"mobile":{"background-color":"var(--ast-global-color-5)","background-image":"","background-repeat":"repeat","background-position":"center center","background-size":"auto","background-attachment":"scroll","background-type":"","background-media":"","overlay-type":"","overlay-color":"","overlay-opacity":"","overlay-gradient":""}},"footnotes":""},"class_list":["post-9184","page","type-page","status-publish","hentry"],"post_mailing_queue_ids":[],"_links":{"self":[{"href":"https:\/\/agora-eoi.xtec.cat\/eoitarragona\/wp-json\/wp\/v2\/pages\/9184","targetHints":{"allow":["GET"]}}],"collection":[{"href":"https:\/\/agora-eoi.xtec.cat\/eoitarragona\/wp-json\/wp\/v2\/pages"}],"about":[{"href":"https:\/\/agora-eoi.xtec.cat\/eoitarragona\/wp-json\/wp\/v2\/types\/page"}],"author":[{"embeddable":true,"href":"https:\/\/agora-eoi.xtec.cat\/eoitarragona\/wp-json\/wp\/v2\/users\/3"}],"replies":[{"embeddable":true,"href":"https:\/\/agora-eoi.xtec.cat\/eoitarragona\/wp-json\/wp\/v2\/comments?post=9184"}],"version-history":[{"count":6,"href":"https:\/\/agora-eoi.xtec.cat\/eoitarragona\/wp-json\/wp\/v2\/pages\/9184\/revisions"}],"predecessor-version":[{"id":17459,"href":"https:\/\/agora-eoi.xtec.cat\/eoitarragona\/wp-json\/wp\/v2\/pages\/9184\/revisions\/17459"}],"up":[{"embeddable":true,"href":"https:\/\/agora-eoi.xtec.cat\/eoitarragona\/wp-json\/wp\/v2\/pages\/9151"}],"wp:attachment":[{"href":"https:\/\/agora-eoi.xtec.cat\/eoitarragona\/wp-json\/wp\/v2\/media?parent=9184"}],"curies":[{"name":"wp","href":"https:\/\/api.w.org\/{rel}","templated":true}]}}