{"id":9180,"date":"2018-07-11T17:21:13","date_gmt":"2018-07-11T15:21:13","guid":{"rendered":"http:\/\/agora-eoi.xtec.cat\/eoitarragona\/?page_id=9180"},"modified":"2025-07-15T16:59:37","modified_gmt":"2025-07-15T14:59:37","slug":"documentacio","status":"publish","type":"page","link":"https:\/\/agora-eoi.xtec.cat\/eoitarragona\/secretaria\/documentacio\/","title":{"rendered":"Documentaci\u00f3"},"content":{"rendered":"\n<h5 class=\"wp-block-heading\"><strong>DOCUMENTACI\u00d3<\/strong><strong> NECESS\u00c0RIA PER MATRICULAR-SE FORA DEL PER\u00cdODE ORDINARI.<\/strong><\/h5>\n\n\n\n<p style=\"font-size:12px\"><span style=\"font-size: 10pt;\">&#8211; C\u00f2pia DNI \/ NIE \/ Passaport<\/span><\/p>\n\n\n\n<p style=\"font-size:12px\"><span style=\"font-size: 10pt;\"><strong>&#8211; Si \u00e9s el cas, <\/strong>Certificat de l&#8217;institut de secund\u00e0ria on consti la primera llengua estrangera estudiada (<strong>menors de 16 anys<\/strong>)<strong><br><\/strong><\/span><\/p>\n\n\n\n<p style=\"font-size:12px\"><span style=\"font-size: 10pt;\">&#8211; <strong>Si \u00e9s el cas, <\/strong>Document acreditatiu en cas de descompte en el preu de la taxa (<a id=\"taxes\"><\/a><a href=\"https:\/\/agora-eoi.xtec.cat\/eoitarragona\/secretaria\/taxes\/\" target=\"_blank\" rel=\"noopener\">consultar taxes<\/a>).<\/span><\/p>\n\n\n\n<p style=\"font-size:12px\"><span style=\"font-size: 10pt;\">&#8211; Si l&#8217;acc\u00e9s \u00e9s per Certificat, ha d&#8217;enviar la documentaci\u00f3 que ha indicat en l&#8217;aplicaci\u00f3 de preinscripci\u00f3.<\/span><\/p>\n\n\n\n<p style=\"font-size:12px\"><span style=\"font-size: 10pt;\"><strong>LA DOCUMENTACI\u00d3 ES POT PRESENTAR PRESENCIALMENT A LA SECRETARIA DE L&#8217;EOI O ESCANEJAT A AQUEST MAIL : eoitarragona@xtec.cat.<\/strong><\/span><\/p>\n\n\n\n<p><\/p>\n","protected":false},"excerpt":{"rendered":"<p>DOCUMENTACI\u00d3 NECESS\u00c0RIA PER MATRICULAR-SE FORA DEL PER\u00cdODE ORDINARI. &#8211; C\u00f2pia DNI \/ NIE \/ Passaport &#8211; Si \u00e9s el cas, Certificat de l&#8217;institut de secund\u00e0ria on consti la primera llengua estrangera estudiada (menors de 16 anys) &#8211; Si \u00e9s el cas, Document acreditatiu en cas de descompte en el preu de la taxa (consultar taxes). [&hellip;]<\/p>\n","protected":false},"author":3,"featured_media":0,"parent":8358,"menu_order":40,"comment_status":"closed","ping_status":"closed","template":"","meta":{"_bbp_topic_count":0,"_bbp_reply_count":0,"_bbp_total_topic_count":0,"_bbp_total_reply_count":0,"_bbp_voice_count":0,"_bbp_anonymous_reply_count":0,"_bbp_topic_count_hidden":0,"_bbp_reply_count_hidden":0,"_bbp_forum_subforum_count":0,"site-sidebar-layout":"default","site-content-layout":"","ast-site-content-layout":"default","site-content-style":"default","site-sidebar-style":"default","ast-global-header-display":"","ast-banner-title-visibility":"","ast-main-header-display":"","ast-hfb-above-header-display":"","ast-hfb-below-header-display":"","ast-hfb-mobile-header-display":"","site-post-title":"","ast-breadcrumbs-content":"","ast-featured-img":"","footer-sml-layout":"","theme-transparent-header-meta":"","adv-header-id-meta":"","stick-header-meta":"","header-above-stick-meta":"","header-main-stick-meta":"","header-below-stick-meta":"","astra-migrate-meta-layouts":"set","ast-page-background-enabled":"default","ast-page-background-meta":{"desktop":{"background-color":"var(--ast-global-color-4)","background-image":"","background-repeat":"repeat","background-position":"center center","background-size":"auto","background-attachment":"scroll","background-type":"","background-media":"","overlay-type":"","overlay-color":"","overlay-opacity":"","overlay-gradient":""},"tablet":{"background-color":"","background-image":"","background-repeat":"repeat","background-position":"center center","background-size":"auto","background-attachment":"scroll","background-type":"","background-media":"","overlay-type":"","overlay-color":"","overlay-opacity":"","overlay-gradient":""},"mobile":{"background-color":"","background-image":"","background-repeat":"repeat","background-position":"center center","background-size":"auto","background-attachment":"scroll","background-type":"","background-media":"","overlay-type":"","overlay-color":"","overlay-opacity":"","overlay-gradient":""}},"ast-content-background-meta":{"desktop":{"background-color":"var(--ast-global-color-5)","background-image":"","background-repeat":"repeat","background-position":"center center","background-size":"auto","background-attachment":"scroll","background-type":"","background-media":"","overlay-type":"","overlay-color":"","overlay-opacity":"","overlay-gradient":""},"tablet":{"background-color":"var(--ast-global-color-5)","background-image":"","background-repeat":"repeat","background-position":"center center","background-size":"auto","background-attachment":"scroll","background-type":"","background-media":"","overlay-type":"","overlay-color":"","overlay-opacity":"","overlay-gradient":""},"mobile":{"background-color":"var(--ast-global-color-5)","background-image":"","background-repeat":"repeat","background-position":"center center","background-size":"auto","background-attachment":"scroll","background-type":"","background-media":"","overlay-type":"","overlay-color":"","overlay-opacity":"","overlay-gradient":""}},"footnotes":""},"class_list":["post-9180","page","type-page","status-publish","hentry"],"post_mailing_queue_ids":[],"_links":{"self":[{"href":"https:\/\/agora-eoi.xtec.cat\/eoitarragona\/wp-json\/wp\/v2\/pages\/9180","targetHints":{"allow":["GET"]}}],"collection":[{"href":"https:\/\/agora-eoi.xtec.cat\/eoitarragona\/wp-json\/wp\/v2\/pages"}],"about":[{"href":"https:\/\/agora-eoi.xtec.cat\/eoitarragona\/wp-json\/wp\/v2\/types\/page"}],"author":[{"embeddable":true,"href":"https:\/\/agora-eoi.xtec.cat\/eoitarragona\/wp-json\/wp\/v2\/users\/3"}],"replies":[{"embeddable":true,"href":"https:\/\/agora-eoi.xtec.cat\/eoitarragona\/wp-json\/wp\/v2\/comments?post=9180"}],"version-history":[{"count":6,"href":"https:\/\/agora-eoi.xtec.cat\/eoitarragona\/wp-json\/wp\/v2\/pages\/9180\/revisions"}],"predecessor-version":[{"id":17524,"href":"https:\/\/agora-eoi.xtec.cat\/eoitarragona\/wp-json\/wp\/v2\/pages\/9180\/revisions\/17524"}],"up":[{"embeddable":true,"href":"https:\/\/agora-eoi.xtec.cat\/eoitarragona\/wp-json\/wp\/v2\/pages\/8358"}],"wp:attachment":[{"href":"https:\/\/agora-eoi.xtec.cat\/eoitarragona\/wp-json\/wp\/v2\/media?parent=9180"}],"curies":[{"name":"wp","href":"https:\/\/api.w.org\/{rel}","templated":true}]}}