{"id":9073,"date":"2016-09-25T19:23:23","date_gmt":"2016-09-25T17:23:23","guid":{"rendered":"http:\/\/agora-eoi.xtec.cat\/eoitarragona\/?page_id=9073"},"modified":"2025-09-22T09:22:08","modified_gmt":"2025-09-22T07:22:08","slug":"intercanvi-de-materials","status":"publish","type":"page","link":"https:\/\/agora-eoi.xtec.cat\/eoitarragona\/serveis\/intercanvi-de-materials\/","title":{"rendered":"Intercanvi de materials"},"content":{"rendered":"\n<figure class=\"wp-block-image alignleft\"><a href=\"http:\/\/agora-eoi.xtec.cat\/eoitarragona\/wp-content\/uploads\/usu2261\/2016\/09\/segona_ma.jpg\"><img loading=\"lazy\" decoding=\"async\" width=\"212\" height=\"277\" src=\"http:\/\/agora-eoi.xtec.cat\/eoitarragona\/wp-content\/uploads\/usu2261\/2016\/09\/segona_ma.jpg\" alt=\"segona_ma\" class=\"wp-image-9074\"\/><\/a><\/figure>\n\n\n\n<p><span lang=\"ES\">L&#8217;EOI de Tarragona posa a disposici\u00f3 de l&#8217;alumnat aquesta base de dades per tal que pugueu comprar\/intercanviar\/vendre\/donar material relacionat amb les lleng\u00fces. <\/span>Deixeu les vostres dades de contacte i un cop dut a terme l&#8217;intercanvi, esborreu la vostra oferta.<\/p>\n\n\n\n<p><span lang=\"ES\">L&#8217;EOI posa a disposici\u00f3 del p\u00fablic la plantilla d&#8217;aquest document per\u00f2 no se&#8217;n fa responsable en cap cas del contingut, tot i que es reserva el dret d&#8217;esborrar all\u00f2 que cregui no pertinent.<\/span><\/p>\n\n\n\n<p><a href=\"https:\/\/docs.google.com\/spreadsheets\/d\/1q6AfxHriq1XFFOO-aedEV0X_4r0jiyPqA2Z0o_oPoJQ\/edit?usp=sharing\" data-type=\"link\" data-id=\"https:\/\/docs.google.com\/spreadsheets\/d\/1q6AfxHriq1XFFOO-aedEV0X_4r0jiyPqA2Z0o_oPoJQ\/edit?usp=sharing\" target=\"_blank\" rel=\"noreferrer noopener\">BASE DE DADES<\/a> amb el material ofert.<\/p>\n","protected":false},"excerpt":{"rendered":"<p>L&#8217;EOI de Tarragona posa a disposici\u00f3 de l&#8217;alumnat aquesta base de dades per tal que pugueu comprar\/intercanviar\/vendre\/donar material relacionat amb les lleng\u00fces. Deixeu les vostres dades de contacte i un cop dut a terme l&#8217;intercanvi, esborreu la vostra oferta. L&#8217;EOI posa a disposici\u00f3 del p\u00fablic la plantilla d&#8217;aquest document per\u00f2 no se&#8217;n fa responsable en [&hellip;]<\/p>\n","protected":false},"author":3,"featured_media":0,"parent":8411,"menu_order":70,"comment_status":"closed","ping_status":"closed","template":"","meta":{"_bbp_topic_count":0,"_bbp_reply_count":0,"_bbp_total_topic_count":0,"_bbp_total_reply_count":0,"_bbp_voice_count":0,"_bbp_anonymous_reply_count":0,"_bbp_topic_count_hidden":0,"_bbp_reply_count_hidden":0,"_bbp_forum_subforum_count":0,"site-sidebar-layout":"default","site-content-layout":"","ast-site-content-layout":"default","site-content-style":"default","site-sidebar-style":"default","ast-global-header-display":"","ast-banner-title-visibility":"","ast-main-header-display":"","ast-hfb-above-header-display":"","ast-hfb-below-header-display":"","ast-hfb-mobile-header-display":"","site-post-title":"","ast-breadcrumbs-content":"","ast-featured-img":"","footer-sml-layout":"","theme-transparent-header-meta":"","adv-header-id-meta":"","stick-header-meta":"","header-above-stick-meta":"","header-main-stick-meta":"","header-below-stick-meta":"","astra-migrate-meta-layouts":"set","ast-page-background-enabled":"default","ast-page-background-meta":{"desktop":{"background-color":"var(--ast-global-color-4)","background-image":"","background-repeat":"repeat","background-position":"center center","background-size":"auto","background-attachment":"scroll","background-type":"","background-media":"","overlay-type":"","overlay-color":"","overlay-opacity":"","overlay-gradient":""},"tablet":{"background-color":"","background-image":"","background-repeat":"repeat","background-position":"center center","background-size":"auto","background-attachment":"scroll","background-type":"","background-media":"","overlay-type":"","overlay-color":"","overlay-opacity":"","overlay-gradient":""},"mobile":{"background-color":"","background-image":"","background-repeat":"repeat","background-position":"center center","background-size":"auto","background-attachment":"scroll","background-type":"","background-media":"","overlay-type":"","overlay-color":"","overlay-opacity":"","overlay-gradient":""}},"ast-content-background-meta":{"desktop":{"background-color":"var(--ast-global-color-5)","background-image":"","background-repeat":"repeat","background-position":"center center","background-size":"auto","background-attachment":"scroll","background-type":"","background-media":"","overlay-type":"","overlay-color":"","overlay-opacity":"","overlay-gradient":""},"tablet":{"background-color":"var(--ast-global-color-5)","background-image":"","background-repeat":"repeat","background-position":"center center","background-size":"auto","background-attachment":"scroll","background-type":"","background-media":"","overlay-type":"","overlay-color":"","overlay-opacity":"","overlay-gradient":""},"mobile":{"background-color":"var(--ast-global-color-5)","background-image":"","background-repeat":"repeat","background-position":"center center","background-size":"auto","background-attachment":"scroll","background-type":"","background-media":"","overlay-type":"","overlay-color":"","overlay-opacity":"","overlay-gradient":""}},"footnotes":""},"class_list":["post-9073","page","type-page","status-publish","hentry"],"post_mailing_queue_ids":[],"_links":{"self":[{"href":"https:\/\/agora-eoi.xtec.cat\/eoitarragona\/wp-json\/wp\/v2\/pages\/9073","targetHints":{"allow":["GET"]}}],"collection":[{"href":"https:\/\/agora-eoi.xtec.cat\/eoitarragona\/wp-json\/wp\/v2\/pages"}],"about":[{"href":"https:\/\/agora-eoi.xtec.cat\/eoitarragona\/wp-json\/wp\/v2\/types\/page"}],"author":[{"embeddable":true,"href":"https:\/\/agora-eoi.xtec.cat\/eoitarragona\/wp-json\/wp\/v2\/users\/3"}],"replies":[{"embeddable":true,"href":"https:\/\/agora-eoi.xtec.cat\/eoitarragona\/wp-json\/wp\/v2\/comments?post=9073"}],"version-history":[{"count":3,"href":"https:\/\/agora-eoi.xtec.cat\/eoitarragona\/wp-json\/wp\/v2\/pages\/9073\/revisions"}],"predecessor-version":[{"id":17753,"href":"https:\/\/agora-eoi.xtec.cat\/eoitarragona\/wp-json\/wp\/v2\/pages\/9073\/revisions\/17753"}],"up":[{"embeddable":true,"href":"https:\/\/agora-eoi.xtec.cat\/eoitarragona\/wp-json\/wp\/v2\/pages\/8411"}],"wp:attachment":[{"href":"https:\/\/agora-eoi.xtec.cat\/eoitarragona\/wp-json\/wp\/v2\/media?parent=9073"}],"curies":[{"name":"wp","href":"https:\/\/api.w.org\/{rel}","templated":true}]}}