{"id":9028,"date":"2022-06-10T10:00:47","date_gmt":"2022-06-10T08:00:47","guid":{"rendered":"http:\/\/agora-eoi.xtec.cat\/eoitarragona\/?page_id=9028"},"modified":"2025-07-14T13:02:18","modified_gmt":"2025-07-14T11:02:18","slug":"trasllats-dexpedient","status":"publish","type":"page","link":"https:\/\/agora-eoi.xtec.cat\/eoitarragona\/tramits-administratius\/trasllats-dexpedient\/","title":{"rendered":"Trasllats d&#8217;expedient"},"content":{"rendered":"\n<div>\n<p><strong>TRASLLAT D\u2019EXPEDIENT<\/strong><\/p>\n<p>La finalitat del Trasllat d\u2019Expedient (TE) \u00e9s que l\u2019alumne tingui tot l\u2019historial del idioma en estudi en una \u00fanica Escola.<\/p>\n<p>Els expedients es poden traslladar d\u2019una EOI a altra per petici\u00f3 de l\u2019interessat o d\u2019ofici ( ho demana l\u2019EOI de dest\u00ed).<\/p>\n<p>El trasllat d\u2019expedient (TE) no garanteix la pla\u00e7a a l\u2019EOI de dest\u00ed. Per obtenir pla\u00e7a en una Escola cal seguir el procediment de preinscripci\u00f3 i matr\u00edcula que marca la normativa de cada centre.<\/p>\n<p><strong>TERMINI:<\/strong><\/p>\n<p>Tot el curs escolar.<\/p>\n<p><strong>IMPRESOS:<\/strong><\/p>\n<p>Impr\u00e8s de sol\u00b7licitud. <a href=\"https:\/\/drive.google.com\/file\/d\/0B-dRgE6PBbHham5jZnU2YllKejg\/view\" target=\"_blank\" rel=\"noopener noreferrer\"><strong>Cliqueu aqu\u00ed<\/strong><\/a><\/p>\n<p><strong>TRASLLAT DE MATR\u00cdCULA VIVA<\/strong><\/p>\n<p>Una vegada comen\u00e7at el curs l\u2019alumne matriculat en un centre, que per diferents motius ha de canviar d\u2019EOI, pot sol\u00b7licitar el Trasllat de Matr\u00edcula (MV) d\u2019una escola a altra.<\/p>\n<p>El trasllat de MV es concedeix sempre i quan l\u2019EOI de dest\u00ed tingui pla\u00e7a pel idioma\/nivell sol\u00b7licitat.<\/p>\n<p>Dins la mateixa CCAA (Comunitat Aut\u00f2noma), es respecta el pagament de taxa abonat en concepte de matr\u00edcula a l\u2019EOI d\u2019origen, per\u00f2 quan es canvia de CCAA s\u2019ha de tornar a pagar la taxa de matr\u00edcula.<\/p>\n<p><strong>TERMINI:<\/strong><\/p>\n<p>30 abril pels cursos extensius.<\/p>\n<p>30 de novembre pels cursos intesius del 1r quadrimestre (1Q)<\/p>\n<p>31 de mar\u00e7 pels cursos intensius del 2n quadrimestre (2Q)<\/p>\n<p>\u00a0<\/p>\n<p><strong>TRASLLAT DE MATR\u00cdCULA VIVA EN PER\u00cdODE NO LECTIU<br \/><\/strong><\/p>\n<p><strong>Durant el per\u00edode de matriculaci\u00f3 d\u2019alumnes oficials al mes de juliol, els alumnes que per qualsevol motiu han de canviar de domicili, poden sol\u00b7licitar el trasllat a l\u2019EOI de dest\u00ed\u00a0 (dins la mateixa CCAA). En primer lloc s&#8217;han de matricular a la mateixa escola i seguidament han de sol\u00b7licitar el trasllat a la nova escola.<br \/><\/strong><br \/>Per mes informaci\u00f3 contacteu amb secretaria.<\/p>\n<p><strong>TERMINIS:<\/strong><\/p>\n<ol>\n<li>Matriculaci\u00f3: del 30 de juny al 5 de juliol, online.<\/li>\n<li>Presentaci\u00f3 de sol\u00b7licituds: 11 i 12 de juliol.<\/li>\n<li>Notificaci\u00f3 EOI de dest\u00ed: fins el 19 de juliol.<\/li>\n<\/ol>\n<p><strong>IMPRESOS:<\/strong><\/p>\n<p>Impr\u00e8s de sol\u00b7licitud. <a href=\"https:\/\/drive.google.com\/file\/d\/0B-dRgE6PBbHham5jZnU2YllKejg\/view\" target=\"_blank\" rel=\"noopener noreferrer\"><strong>Cliqueu aqu\u00ed<\/strong><\/a><\/p>\n<\/div>\n","protected":false},"excerpt":{"rendered":"<p>TRASLLAT D\u2019EXPEDIENT La finalitat del Trasllat d\u2019Expedient (TE) \u00e9s que l\u2019alumne tingui tot l\u2019historial del idioma en estudi en una \u00fanica Escola. Els expedients es poden traslladar d\u2019una EOI a altra per petici\u00f3 de l\u2019interessat o d\u2019ofici ( ho demana l\u2019EOI de dest\u00ed). El trasllat d\u2019expedient (TE) no garanteix la pla\u00e7a a l\u2019EOI de dest\u00ed. [&hellip;]<\/p>\n","protected":false},"author":3,"featured_media":0,"parent":9011,"menu_order":80,"comment_status":"closed","ping_status":"closed","template":"","meta":{"_bbp_topic_count":0,"_bbp_reply_count":0,"_bbp_total_topic_count":0,"_bbp_total_reply_count":0,"_bbp_voice_count":0,"_bbp_anonymous_reply_count":0,"_bbp_topic_count_hidden":0,"_bbp_reply_count_hidden":0,"_bbp_forum_subforum_count":0,"site-sidebar-layout":"default","site-content-layout":"","ast-site-content-layout":"default","site-content-style":"default","site-sidebar-style":"default","ast-global-header-display":"","ast-banner-title-visibility":"","ast-main-header-display":"","ast-hfb-above-header-display":"","ast-hfb-below-header-display":"","ast-hfb-mobile-header-display":"","site-post-title":"","ast-breadcrumbs-content":"","ast-featured-img":"","footer-sml-layout":"","theme-transparent-header-meta":"","adv-header-id-meta":"","stick-header-meta":"","header-above-stick-meta":"","header-main-stick-meta":"","header-below-stick-meta":"","astra-migrate-meta-layouts":"set","ast-page-background-enabled":"default","ast-page-background-meta":{"desktop":{"background-color":"var(--ast-global-color-4)","background-image":"","background-repeat":"repeat","background-position":"center center","background-size":"auto","background-attachment":"scroll","background-type":"","background-media":"","overlay-type":"","overlay-color":"","overlay-opacity":"","overlay-gradient":""},"tablet":{"background-color":"","background-image":"","background-repeat":"repeat","background-position":"center center","background-size":"auto","background-attachment":"scroll","background-type":"","background-media":"","overlay-type":"","overlay-color":"","overlay-opacity":"","overlay-gradient":""},"mobile":{"background-color":"","background-image":"","background-repeat":"repeat","background-position":"center center","background-size":"auto","background-attachment":"scroll","background-type":"","background-media":"","overlay-type":"","overlay-color":"","overlay-opacity":"","overlay-gradient":""}},"ast-content-background-meta":{"desktop":{"background-color":"var(--ast-global-color-5)","background-image":"","background-repeat":"repeat","background-position":"center center","background-size":"auto","background-attachment":"scroll","background-type":"","background-media":"","overlay-type":"","overlay-color":"","overlay-opacity":"","overlay-gradient":""},"tablet":{"background-color":"var(--ast-global-color-5)","background-image":"","background-repeat":"repeat","background-position":"center center","background-size":"auto","background-attachment":"scroll","background-type":"","background-media":"","overlay-type":"","overlay-color":"","overlay-opacity":"","overlay-gradient":""},"mobile":{"background-color":"var(--ast-global-color-5)","background-image":"","background-repeat":"repeat","background-position":"center center","background-size":"auto","background-attachment":"scroll","background-type":"","background-media":"","overlay-type":"","overlay-color":"","overlay-opacity":"","overlay-gradient":""}},"footnotes":""},"class_list":["post-9028","page","type-page","status-publish","hentry"],"post_mailing_queue_ids":[],"_links":{"self":[{"href":"https:\/\/agora-eoi.xtec.cat\/eoitarragona\/wp-json\/wp\/v2\/pages\/9028","targetHints":{"allow":["GET"]}}],"collection":[{"href":"https:\/\/agora-eoi.xtec.cat\/eoitarragona\/wp-json\/wp\/v2\/pages"}],"about":[{"href":"https:\/\/agora-eoi.xtec.cat\/eoitarragona\/wp-json\/wp\/v2\/types\/page"}],"author":[{"embeddable":true,"href":"https:\/\/agora-eoi.xtec.cat\/eoitarragona\/wp-json\/wp\/v2\/users\/3"}],"replies":[{"embeddable":true,"href":"https:\/\/agora-eoi.xtec.cat\/eoitarragona\/wp-json\/wp\/v2\/comments?post=9028"}],"version-history":[{"count":4,"href":"https:\/\/agora-eoi.xtec.cat\/eoitarragona\/wp-json\/wp\/v2\/pages\/9028\/revisions"}],"predecessor-version":[{"id":17478,"href":"https:\/\/agora-eoi.xtec.cat\/eoitarragona\/wp-json\/wp\/v2\/pages\/9028\/revisions\/17478"}],"up":[{"embeddable":true,"href":"https:\/\/agora-eoi.xtec.cat\/eoitarragona\/wp-json\/wp\/v2\/pages\/9011"}],"wp:attachment":[{"href":"https:\/\/agora-eoi.xtec.cat\/eoitarragona\/wp-json\/wp\/v2\/media?parent=9028"}],"curies":[{"name":"wp","href":"https:\/\/api.w.org\/{rel}","templated":true}]}}